{"id":10054,"date":"2016-05-02T11:06:41","date_gmt":"2016-05-02T10:06:41","guid":{"rendered":"https:\/\/websjop.bwhontwerpers.nl\/?post_type=product&#038;p=10054"},"modified":"2020-11-13T09:33:06","modified_gmt":"2020-11-13T08:33:06","slug":"fryslan-lan-fan-talen","status":"publish","type":"product","link":"https:\/\/websjop.afuk.frl\/nl\/winkel\/fryslan-lan-fan-talen\/","title":{"rendered":"Frysl\u00e2n l\u00e2n fan talen"},"content":{"rendered":"<p><strong>In skiednis<\/strong><\/p>\n<p><em>Frysl\u00e2n l\u00e2n fan tale<\/em>n fertelt oer de skiednis fan it Frysk: w\u00ear&#8217;t it weikomt, hoe \u00e2ld at it is, dat it yn de rin fan de iuwen aardich wat feroare is en noch feroaret, hoe&#8217;t it plak yn de maatskippij net altyd itselde wie en wat syn posysje yn de l\u00easte iuw wurden is. It ferhaal fan dy taal stiet net op himsels, want fan it begjin fan \u00fas jiertelling \u00f4f hat it yn kontakt stien mei oare talen lykas it Latyn, it Frankysk, it Middelnederl\u00e2nsk, it Stedsk, it Nederl\u00e2nsk en de l\u00easte tiid hieltyd mear it Ingelsk.<\/p>\n<p>Mei rychjes foarbylden fan oernommen wurden wurdt in yndruk j\u00fbn fan de ynfloed fan oare talen op it Frysk. Kaartsjes meitsje d\u00fadlik hoe&#8217;t de talen geografysk tusken de oare talen yn steane en hoe&#8217;t der ferpleatsings west ha. Ek g\u00e2ns oare yllustraasjes litte sjen dat it ferhaal fan de Fryske taal in soad nijsgjirrige haadstikken hat.<\/p>\n","protected":false},"excerpt":{"rendered":"<p>Frysl\u00e2n l\u00e2n fan talen<br \/>\nin skiednis<br \/>\nReitsze J. Jonkman &amp; Arjen P. Versloot<\/p>\n","protected":false},"featured_media":10055,"comment_status":"closed","ping_status":"closed","template":"","meta":{"_acf_changed":false},"product_brand":[],"product_cat":[1209,1043,535,544,539,536],"product_tag":[5232,6633,6105],"class_list":{"0":"post-10054","1":"product","2":"type-product","3":"status-publish","4":"has-post-thumbnail","6":"product_cat-41-it-frysk","7":"product_cat-edukatyf","8":"product_cat-fryske-boeken","9":"product_cat-keunst-en-kultuer","10":"product_cat-skiednis","11":"product_cat-taal-en-studzjeboeken","12":"product_tag-fryslan","13":"product_tag-lan-fan-talen","14":"product_tag-skiednis","15":"product_shipping_class-brievenbus-verzending","16":"pa_auteur-reitze-j-jonkman-arjen-p-versloot","17":"pa_isbn-6632","18":"pa_taal-frysk","19":"pa_uitgever-afuk","21":"first","22":"instock","23":"taxable","24":"shipping-taxable","25":"purchasable","26":"product-type-simple"},"acf":[],"yoast_head":"<!-- This site is optimized with the Yoast SEO plugin v27.3 - https:\/\/yoast.com\/product\/yoast-seo-wordpress\/ -->\n<title>Frysl\u00e2n l\u00e2n fan talen &#8211; Af\u00fbk Websjop<\/title>\n<meta name=\"description\" content=\"Frysl\u00e2n l\u00e2n fan talen fertelt oer de skiednis fan it Frysk: w\u00ear&#039;t it weikomt, hoe \u00e2ld at it is, dat it yn de rin fan de iuwen aardich wat feroare is.\" \/>\n<meta name=\"robots\" content=\"index, follow, max-snippet:-1, max-image-preview:large, max-video-preview:-1\" \/>\n<link rel=\"canonical\" href=\"https:\/\/websjop.afuk.frl\/nl\/winkel\/fryslan-lan-fan-talen\/\" \/>\n<meta property=\"og:locale\" content=\"nl_NL\" \/>\n<meta property=\"og:type\" content=\"article\" \/>\n<meta property=\"og:title\" content=\"Frysl\u00e2n l\u00e2n fan talen &#8211; Af\u00fbk Websjop\" \/>\n<meta property=\"og:description\" content=\"Frysl\u00e2n l\u00e2n fan talen fertelt oer de skiednis fan it Frysk: w\u00ear&#039;t it weikomt, hoe \u00e2ld at it is, dat it yn de rin fan de iuwen aardich wat feroare is.\" \/>\n<meta property=\"og:url\" content=\"https:\/\/websjop.afuk.frl\/nl\/winkel\/fryslan-lan-fan-talen\/\" \/>\n<meta property=\"og:site_name\" content=\"Af\u00fbk Websjop\" \/>\n<meta property=\"article:modified_time\" content=\"2020-11-13T08:33:06+00:00\" \/>\n<meta property=\"og:image\" content=\"https:\/\/websjop.afuk.frl\/wp-content\/uploads\/2016\/05\/products-lan-fan-talen-web.gif\" \/>\n\t<meta property=\"og:image:width\" content=\"700\" \/>\n\t<meta property=\"og:image:height\" content=\"953\" \/>\n\t<meta property=\"og:image:type\" content=\"image\/jpeg\" \/>\n<meta name=\"twitter:card\" content=\"summary_large_image\" \/>\n<meta name=\"twitter:label1\" content=\"Geschatte leestijd\" \/>\n\t<meta name=\"twitter:data1\" content=\"1 minuut\" \/>\n<script type=\"application\/ld+json\" class=\"yoast-schema-graph\">{\"@context\":\"https:\\\/\\\/schema.org\",\"@graph\":[{\"@type\":\"WebPage\",\"@id\":\"https:\\\/\\\/websjop.afuk.frl\\\/nl\\\/winkel\\\/fryslan-lan-fan-talen\\\/\",\"url\":\"https:\\\/\\\/websjop.afuk.frl\\\/nl\\\/winkel\\\/fryslan-lan-fan-talen\\\/\",\"name\":\"Frysl\u00e2n l\u00e2n fan talen &#8211; Af\u00fbk Websjop\",\"isPartOf\":{\"@id\":\"https:\\\/\\\/websjop.afuk.frl\\\/nl\\\/#website\"},\"primaryImageOfPage\":{\"@id\":\"https:\\\/\\\/websjop.afuk.frl\\\/nl\\\/winkel\\\/fryslan-lan-fan-talen\\\/#primaryimage\"},\"image\":{\"@id\":\"https:\\\/\\\/websjop.afuk.frl\\\/nl\\\/winkel\\\/fryslan-lan-fan-talen\\\/#primaryimage\"},\"thumbnailUrl\":\"https:\\\/\\\/websjop.afuk.frl\\\/wp-content\\\/uploads\\\/2016\\\/05\\\/products-lan-fan-talen-web.gif\",\"datePublished\":\"2016-05-02T10:06:41+00:00\",\"dateModified\":\"2020-11-13T08:33:06+00:00\",\"description\":\"Frysl\u00e2n l\u00e2n fan talen fertelt oer de skiednis fan it Frysk: w\u00ear't it weikomt, hoe \u00e2ld at it is, dat it yn de rin fan de iuwen aardich wat feroare is.\",\"breadcrumb\":{\"@id\":\"https:\\\/\\\/websjop.afuk.frl\\\/nl\\\/winkel\\\/fryslan-lan-fan-talen\\\/#breadcrumb\"},\"inLanguage\":\"nl-NL\",\"potentialAction\":[{\"@type\":\"ReadAction\",\"target\":[\"https:\\\/\\\/websjop.afuk.frl\\\/nl\\\/winkel\\\/fryslan-lan-fan-talen\\\/\"]}]},{\"@type\":\"ImageObject\",\"inLanguage\":\"nl-NL\",\"@id\":\"https:\\\/\\\/websjop.afuk.frl\\\/nl\\\/winkel\\\/fryslan-lan-fan-talen\\\/#primaryimage\",\"url\":\"https:\\\/\\\/websjop.afuk.frl\\\/wp-content\\\/uploads\\\/2016\\\/05\\\/products-lan-fan-talen-web.gif\",\"contentUrl\":\"https:\\\/\\\/websjop.afuk.frl\\\/wp-content\\\/uploads\\\/2016\\\/05\\\/products-lan-fan-talen-web.gif\",\"width\":700,\"height\":953,\"caption\":\"Frysl\u00e2n l\u00e2n fan talen\"},{\"@type\":\"BreadcrumbList\",\"@id\":\"https:\\\/\\\/websjop.afuk.frl\\\/nl\\\/winkel\\\/fryslan-lan-fan-talen\\\/#breadcrumb\",\"itemListElement\":[{\"@type\":\"ListItem\",\"position\":1,\"name\":\"Home\",\"item\":\"https:\\\/\\\/websjop.afuk.frl\\\/nl\\\/\"},{\"@type\":\"ListItem\",\"position\":2,\"name\":\"Winkel\",\"item\":\"https:\\\/\\\/websjop.afuk.frl\\\/nl\\\/winkel\\\/\"},{\"@type\":\"ListItem\",\"position\":3,\"name\":\"Frysl\u00e2n l\u00e2n fan talen\"}]},{\"@type\":\"WebSite\",\"@id\":\"https:\\\/\\\/websjop.afuk.frl\\\/nl\\\/#website\",\"url\":\"https:\\\/\\\/websjop.afuk.frl\\\/nl\\\/\",\"name\":\"Af\u00fbk Websjop\",\"description\":\"\",\"potentialAction\":[{\"@type\":\"SearchAction\",\"target\":{\"@type\":\"EntryPoint\",\"urlTemplate\":\"https:\\\/\\\/websjop.afuk.frl\\\/nl\\\/?s={search_term_string}\"},\"query-input\":{\"@type\":\"PropertyValueSpecification\",\"valueRequired\":true,\"valueName\":\"search_term_string\"}}],\"inLanguage\":\"nl-NL\"}]}<\/script>\n<!-- \/ Yoast SEO plugin. -->","yoast_head_json":{"title":"Frysl\u00e2n l\u00e2n fan talen &#8211; Af\u00fbk Websjop","description":"Frysl\u00e2n l\u00e2n fan talen fertelt oer de skiednis fan it Frysk: w\u00ear't it weikomt, hoe \u00e2ld at it is, dat it yn de rin fan de iuwen aardich wat feroare is.","robots":{"index":"index","follow":"follow","max-snippet":"max-snippet:-1","max-image-preview":"max-image-preview:large","max-video-preview":"max-video-preview:-1"},"canonical":"https:\/\/websjop.afuk.frl\/nl\/winkel\/fryslan-lan-fan-talen\/","og_locale":"nl_NL","og_type":"article","og_title":"Frysl\u00e2n l\u00e2n fan talen &#8211; Af\u00fbk Websjop","og_description":"Frysl\u00e2n l\u00e2n fan talen fertelt oer de skiednis fan it Frysk: w\u00ear't it weikomt, hoe \u00e2ld at it is, dat it yn de rin fan de iuwen aardich wat feroare is.","og_url":"https:\/\/websjop.afuk.frl\/nl\/winkel\/fryslan-lan-fan-talen\/","og_site_name":"Af\u00fbk Websjop","article_modified_time":"2020-11-13T08:33:06+00:00","og_image":[{"width":700,"height":953,"url":"https:\/\/websjop.afuk.frl\/wp-content\/uploads\/2016\/05\/products-lan-fan-talen-web.gif","type":"image\/jpeg"}],"twitter_card":"summary_large_image","twitter_misc":{"Geschatte leestijd":"1 minuut"},"schema":{"@context":"https:\/\/schema.org","@graph":[{"@type":"WebPage","@id":"https:\/\/websjop.afuk.frl\/nl\/winkel\/fryslan-lan-fan-talen\/","url":"https:\/\/websjop.afuk.frl\/nl\/winkel\/fryslan-lan-fan-talen\/","name":"Frysl\u00e2n l\u00e2n fan talen &#8211; Af\u00fbk Websjop","isPartOf":{"@id":"https:\/\/websjop.afuk.frl\/nl\/#website"},"primaryImageOfPage":{"@id":"https:\/\/websjop.afuk.frl\/nl\/winkel\/fryslan-lan-fan-talen\/#primaryimage"},"image":{"@id":"https:\/\/websjop.afuk.frl\/nl\/winkel\/fryslan-lan-fan-talen\/#primaryimage"},"thumbnailUrl":"https:\/\/websjop.afuk.frl\/wp-content\/uploads\/2016\/05\/products-lan-fan-talen-web.gif","datePublished":"2016-05-02T10:06:41+00:00","dateModified":"2020-11-13T08:33:06+00:00","description":"Frysl\u00e2n l\u00e2n fan talen fertelt oer de skiednis fan it Frysk: w\u00ear't it weikomt, hoe \u00e2ld at it is, dat it yn de rin fan de iuwen aardich wat feroare is.","breadcrumb":{"@id":"https:\/\/websjop.afuk.frl\/nl\/winkel\/fryslan-lan-fan-talen\/#breadcrumb"},"inLanguage":"nl-NL","potentialAction":[{"@type":"ReadAction","target":["https:\/\/websjop.afuk.frl\/nl\/winkel\/fryslan-lan-fan-talen\/"]}]},{"@type":"ImageObject","inLanguage":"nl-NL","@id":"https:\/\/websjop.afuk.frl\/nl\/winkel\/fryslan-lan-fan-talen\/#primaryimage","url":"https:\/\/websjop.afuk.frl\/wp-content\/uploads\/2016\/05\/products-lan-fan-talen-web.gif","contentUrl":"https:\/\/websjop.afuk.frl\/wp-content\/uploads\/2016\/05\/products-lan-fan-talen-web.gif","width":700,"height":953,"caption":"Frysl\u00e2n l\u00e2n fan talen"},{"@type":"BreadcrumbList","@id":"https:\/\/websjop.afuk.frl\/nl\/winkel\/fryslan-lan-fan-talen\/#breadcrumb","itemListElement":[{"@type":"ListItem","position":1,"name":"Home","item":"https:\/\/websjop.afuk.frl\/nl\/"},{"@type":"ListItem","position":2,"name":"Winkel","item":"https:\/\/websjop.afuk.frl\/nl\/winkel\/"},{"@type":"ListItem","position":3,"name":"Frysl\u00e2n l\u00e2n fan talen"}]},{"@type":"WebSite","@id":"https:\/\/websjop.afuk.frl\/nl\/#website","url":"https:\/\/websjop.afuk.frl\/nl\/","name":"Af\u00fbk Websjop","description":"","potentialAction":[{"@type":"SearchAction","target":{"@type":"EntryPoint","urlTemplate":"https:\/\/websjop.afuk.frl\/nl\/?s={search_term_string}"},"query-input":{"@type":"PropertyValueSpecification","valueRequired":true,"valueName":"search_term_string"}}],"inLanguage":"nl-NL"}]}},"_links":{"self":[{"href":"https:\/\/websjop.afuk.frl\/nl\/wp-json\/wp\/v2\/product\/10054","targetHints":{"allow":["GET"]}}],"collection":[{"href":"https:\/\/websjop.afuk.frl\/nl\/wp-json\/wp\/v2\/product"}],"about":[{"href":"https:\/\/websjop.afuk.frl\/nl\/wp-json\/wp\/v2\/types\/product"}],"replies":[{"embeddable":true,"href":"https:\/\/websjop.afuk.frl\/nl\/wp-json\/wp\/v2\/comments?post=10054"}],"wp:featuredmedia":[{"embeddable":true,"href":"https:\/\/websjop.afuk.frl\/nl\/wp-json\/wp\/v2\/media\/10055"}],"wp:attachment":[{"href":"https:\/\/websjop.afuk.frl\/nl\/wp-json\/wp\/v2\/media?parent=10054"}],"wp:term":[{"taxonomy":"product_brand","embeddable":true,"href":"https:\/\/websjop.afuk.frl\/nl\/wp-json\/wp\/v2\/product_brand?post=10054"},{"taxonomy":"product_cat","embeddable":true,"href":"https:\/\/websjop.afuk.frl\/nl\/wp-json\/wp\/v2\/product_cat?post=10054"},{"taxonomy":"product_tag","embeddable":true,"href":"https:\/\/websjop.afuk.frl\/nl\/wp-json\/wp\/v2\/product_tag?post=10054"}],"curies":[{"name":"wp","href":"https:\/\/api.w.org\/{rel}","templated":true}]}}