{"id":11984,"date":"2019-01-22T12:37:12","date_gmt":"2019-01-22T11:37:12","guid":{"rendered":"https:\/\/websjop.afuk.frl\/?page_id=11984"},"modified":"2019-01-22T12:37:12","modified_gmt":"2019-01-22T11:37:12","slug":"privacy-policy","status":"publish","type":"page","link":"https:\/\/websjop.afuk.frl\/nl\/privacy-policy\/","title":{"rendered":"Privacy policy"},"content":{"rendered":"<p>De Af\u00fbk respektearret de privacy fan alle br\u00fbkers fan syn site en soarget derfoar dat de persoanlike ynformaasje dy\u2019t wy fan jo krije fertroulik behannele wurdt. Wy br\u00fbke jo gegevens om de bestellings sa flot en maklik mooglik ferrinne te litten. Foar it oare sille wy de gegevens inkeld en allinnich br\u00fbke mei jo tastimming. De Af\u00fbk sil jo persoanlike gegevens net oan tredden ferkeapje en inkeld en allinnich oan tredden jaan dy\u2019t te krijen hawwe mei it \u00fatfieren fan jo bestelling.<\/p>\n<p>De Af\u00fbk br\u00fbkt de gegevens dy\u2019t sammele binne om syn klanten de neikommende tsjinsten oan te bieden:<\/p>\n<p>As jo in bestelling dogge, hawwe wy jo namme, e-mailadres, \u00f4fleveradres en betelgegevens nedich om jo bestelling \u00fat te fieren en jo fan it ferrin d\u00earfan op \u2019e hichte te bringen.<\/p>\n<p>Om it winkeljen by de Af\u00fbk sa noflik mooglik w\u00eaze te litten, slaan wy mei jo tastimming jo persoanlike gegevens en de gegevens yn ferb\u00e2n mei jo bestelling en it gebr\u00fbk fan \u00fas tsjinsten op. Sa kinne wy de website personalisearje en jo titels oanrikkemedearje dy\u2019t jo faaks nijsgjirrich fine.<\/p>\n<p>Mei jo tastimming br\u00fbke wy jo gegevens om jo te ynformearjen oer de \u00fbntwikkeling fan de website en oer spesjale oanbiedings en aksjes. As jo dat net mear wolle, kinne jo \u00fas dat witte litte troch in e-mail te stjoeren nei ynfo@afuk.nl.<\/p>\n<p>As jo by de Af\u00fbk in account oanmeitsje, bewarje wy jo gegevens op in Secure Server. Yn jo Af\u00fbk-account slaan wy ynformaasje op sa as jo namme en adres, telefoann\u00fbmer, e-mailadres en \u00f4flever- en betelgegevens, sadat jo dy net by elke nije bestelling wer ynfolje hoege.<\/p>\n<p>Gegevens oer it gebr\u00fbk fan \u00fas site en de feedback dy\u2019t wy krije fan \u00fas besikers helpe \u00fas om \u00fas site fierder te \u00fbntwikkeljen en te ferbetterjen.<\/p>\n<p>As jo beslute om in resinsje te skriuwen, kinne jo sels kieze oft jo jo namme of oare persoanlike gegevens tafoegje. Wy binne benijd nei de mienings fan \u00fas besikers, mar h\u00e2lde \u00fas it rjocht foar om bydragen dy\u2019t net oan \u00fas sitebetingsten foldogge net te publisearjen.<\/p>\n<p>As jo reagearje op in aksje of priisfraach, freegje wy jo om jo namme, adres en e-mailadres. Dy gegevens br\u00fbke wy om de aksje \u00fat te fieren, de priiswinner(s) bekend te meitsjen en de reaksjes op \u00fas marketingaksjes te mjitten.<\/p>\n<p>De Af\u00fbk sil jo persoanlike gegevens net oan tredden ferkeapje en se inkeld en allinnich oan tredden jaan dy\u2019t dwaande binne mei jo bestelling. Us wurknimmers en troch \u00fas ynskeakele tredden binne ferplichte om de fertroulikheid fan jo gegevens te respektearjen.<\/p>\n<p>Wy wurdearje it fertrouwen dat jo yn \u00fas hawwe en sille d\u00earom o sa soarchf\u00e2ldich mei jo gegevens omgean. As jo in bestelling dogge of jo Af\u00fbk-account rieplachtsje, wurdt gebr\u00fbk makke fan ien fan de modernste techniken. Jo gegevens sille altyd beskerme en fertroulik behannele wurde.<\/p>\n","protected":false},"excerpt":{"rendered":"<p>De Af\u00fbk respektearret de privacy fan alle br\u00fbkers fan syn site en soarget derfoar dat de persoanlike ynformaasje dy\u2019t wy fan jo krije fertroulik behannele wurdt. Wy br\u00fbke jo gegevens om de bestellings sa flot en maklik mooglik ferrinne te litten. Foar it oare sille wy de gegevens inkeld en allinnich br\u00fbke mei jo tastimming. [&hellip;]<\/p>\n","protected":false},"author":1,"featured_media":0,"parent":0,"menu_order":0,"comment_status":"closed","ping_status":"closed","template":"","meta":{"_acf_changed":false,"footnotes":""},"class_list":["post-11984","page","type-page","status-publish","hentry"],"acf":[],"yoast_head":"<!-- This site is optimized with the Yoast SEO plugin v27.3 - https:\/\/yoast.com\/product\/yoast-seo-wordpress\/ -->\n<title>Privacy policy &#8211; Af\u00fbk Websjop<\/title>\n<meta name=\"robots\" content=\"index, follow, max-snippet:-1, max-image-preview:large, max-video-preview:-1\" \/>\n<link rel=\"canonical\" href=\"https:\/\/websjop.afuk.frl\/nl\/privacy-policy\/\" \/>\n<meta property=\"og:locale\" content=\"nl_NL\" \/>\n<meta property=\"og:type\" content=\"article\" \/>\n<meta property=\"og:title\" content=\"Privacy policy &#8211; Af\u00fbk Websjop\" \/>\n<meta property=\"og:description\" content=\"De Af\u00fbk respektearret de privacy fan alle br\u00fbkers fan syn site en soarget derfoar dat de persoanlike ynformaasje dy\u2019t wy fan jo krije fertroulik behannele wurdt. Wy br\u00fbke jo gegevens om de bestellings sa flot en maklik mooglik ferrinne te litten. Foar it oare sille wy de gegevens inkeld en allinnich br\u00fbke mei jo tastimming. [&hellip;]\" \/>\n<meta property=\"og:url\" content=\"https:\/\/websjop.afuk.frl\/nl\/privacy-policy\/\" \/>\n<meta property=\"og:site_name\" content=\"Af\u00fbk Websjop\" \/>\n<meta name=\"twitter:card\" content=\"summary_large_image\" \/>\n<meta name=\"twitter:label1\" content=\"Geschatte leestijd\" \/>\n\t<meta name=\"twitter:data1\" content=\"3 minuten\" \/>\n<script type=\"application\/ld+json\" class=\"yoast-schema-graph\">{\"@context\":\"https:\\\/\\\/schema.org\",\"@graph\":[{\"@type\":\"WebPage\",\"@id\":\"https:\\\/\\\/websjop.afuk.frl\\\/nl\\\/privacy-policy\\\/\",\"url\":\"https:\\\/\\\/websjop.afuk.frl\\\/nl\\\/privacy-policy\\\/\",\"name\":\"Privacy policy &#8211; Af\u00fbk Websjop\",\"isPartOf\":{\"@id\":\"https:\\\/\\\/websjop.afuk.frl\\\/nl\\\/#website\"},\"datePublished\":\"2019-01-22T11:37:12+00:00\",\"breadcrumb\":{\"@id\":\"https:\\\/\\\/websjop.afuk.frl\\\/nl\\\/privacy-policy\\\/#breadcrumb\"},\"inLanguage\":\"nl-NL\",\"potentialAction\":[{\"@type\":\"ReadAction\",\"target\":[\"https:\\\/\\\/websjop.afuk.frl\\\/nl\\\/privacy-policy\\\/\"]}]},{\"@type\":\"BreadcrumbList\",\"@id\":\"https:\\\/\\\/websjop.afuk.frl\\\/nl\\\/privacy-policy\\\/#breadcrumb\",\"itemListElement\":[{\"@type\":\"ListItem\",\"position\":1,\"name\":\"Home\",\"item\":\"https:\\\/\\\/websjop.afuk.frl\\\/nl\\\/\"},{\"@type\":\"ListItem\",\"position\":2,\"name\":\"Privacy policy\"}]},{\"@type\":\"WebSite\",\"@id\":\"https:\\\/\\\/websjop.afuk.frl\\\/nl\\\/#website\",\"url\":\"https:\\\/\\\/websjop.afuk.frl\\\/nl\\\/\",\"name\":\"Af\u00fbk Websjop\",\"description\":\"\",\"potentialAction\":[{\"@type\":\"SearchAction\",\"target\":{\"@type\":\"EntryPoint\",\"urlTemplate\":\"https:\\\/\\\/websjop.afuk.frl\\\/nl\\\/?s={search_term_string}\"},\"query-input\":{\"@type\":\"PropertyValueSpecification\",\"valueRequired\":true,\"valueName\":\"search_term_string\"}}],\"inLanguage\":\"nl-NL\"}]}<\/script>\n<!-- \/ Yoast SEO plugin. -->","yoast_head_json":{"title":"Privacy policy &#8211; Af\u00fbk Websjop","robots":{"index":"index","follow":"follow","max-snippet":"max-snippet:-1","max-image-preview":"max-image-preview:large","max-video-preview":"max-video-preview:-1"},"canonical":"https:\/\/websjop.afuk.frl\/nl\/privacy-policy\/","og_locale":"nl_NL","og_type":"article","og_title":"Privacy policy &#8211; Af\u00fbk Websjop","og_description":"De Af\u00fbk respektearret de privacy fan alle br\u00fbkers fan syn site en soarget derfoar dat de persoanlike ynformaasje dy\u2019t wy fan jo krije fertroulik behannele wurdt. Wy br\u00fbke jo gegevens om de bestellings sa flot en maklik mooglik ferrinne te litten. Foar it oare sille wy de gegevens inkeld en allinnich br\u00fbke mei jo tastimming. [&hellip;]","og_url":"https:\/\/websjop.afuk.frl\/nl\/privacy-policy\/","og_site_name":"Af\u00fbk Websjop","twitter_card":"summary_large_image","twitter_misc":{"Geschatte leestijd":"3 minuten"},"schema":{"@context":"https:\/\/schema.org","@graph":[{"@type":"WebPage","@id":"https:\/\/websjop.afuk.frl\/nl\/privacy-policy\/","url":"https:\/\/websjop.afuk.frl\/nl\/privacy-policy\/","name":"Privacy policy &#8211; Af\u00fbk Websjop","isPartOf":{"@id":"https:\/\/websjop.afuk.frl\/nl\/#website"},"datePublished":"2019-01-22T11:37:12+00:00","breadcrumb":{"@id":"https:\/\/websjop.afuk.frl\/nl\/privacy-policy\/#breadcrumb"},"inLanguage":"nl-NL","potentialAction":[{"@type":"ReadAction","target":["https:\/\/websjop.afuk.frl\/nl\/privacy-policy\/"]}]},{"@type":"BreadcrumbList","@id":"https:\/\/websjop.afuk.frl\/nl\/privacy-policy\/#breadcrumb","itemListElement":[{"@type":"ListItem","position":1,"name":"Home","item":"https:\/\/websjop.afuk.frl\/nl\/"},{"@type":"ListItem","position":2,"name":"Privacy policy"}]},{"@type":"WebSite","@id":"https:\/\/websjop.afuk.frl\/nl\/#website","url":"https:\/\/websjop.afuk.frl\/nl\/","name":"Af\u00fbk Websjop","description":"","potentialAction":[{"@type":"SearchAction","target":{"@type":"EntryPoint","urlTemplate":"https:\/\/websjop.afuk.frl\/nl\/?s={search_term_string}"},"query-input":{"@type":"PropertyValueSpecification","valueRequired":true,"valueName":"search_term_string"}}],"inLanguage":"nl-NL"}]}},"_links":{"self":[{"href":"https:\/\/websjop.afuk.frl\/nl\/wp-json\/wp\/v2\/pages\/11984","targetHints":{"allow":["GET"]}}],"collection":[{"href":"https:\/\/websjop.afuk.frl\/nl\/wp-json\/wp\/v2\/pages"}],"about":[{"href":"https:\/\/websjop.afuk.frl\/nl\/wp-json\/wp\/v2\/types\/page"}],"author":[{"embeddable":true,"href":"https:\/\/websjop.afuk.frl\/nl\/wp-json\/wp\/v2\/users\/1"}],"replies":[{"embeddable":true,"href":"https:\/\/websjop.afuk.frl\/nl\/wp-json\/wp\/v2\/comments?post=11984"}],"version-history":[{"count":1,"href":"https:\/\/websjop.afuk.frl\/nl\/wp-json\/wp\/v2\/pages\/11984\/revisions"}],"predecessor-version":[{"id":11985,"href":"https:\/\/websjop.afuk.frl\/nl\/wp-json\/wp\/v2\/pages\/11984\/revisions\/11985"}],"wp:attachment":[{"href":"https:\/\/websjop.afuk.frl\/nl\/wp-json\/wp\/v2\/media?parent=11984"}],"curies":[{"name":"wp","href":"https:\/\/api.w.org\/{rel}","templated":true}]}}