{"id":11676,"date":"2018-12-13T16:04:32","date_gmt":"2018-12-13T15:04:32","guid":{"rendered":"https:\/\/websjop.bwhontwerpers.nl\/oer-us\/"},"modified":"2026-03-25T12:00:27","modified_gmt":"2026-03-25T11:00:27","slug":"over-ons","status":"publish","type":"page","link":"https:\/\/websjop.afuk.frl\/nl\/over-ons\/","title":{"rendered":"Over ons"},"content":{"rendered":"<h2>De missie van de Af\u00fbk: <em>Mear mei it Frysk<\/em><\/h2>\n<p>Bij de Af\u00fbk draait alles om taal, de Friese taal in het bijzonder. Al bijna 100 jaar geeft de Friese taal en cultuur ons bestaansrecht waarbij de diversiteit aan werkzaamheden door de jaren heen alleen maar is toegenomen. Wij hebben de winkel, de uitgeverij, de cursussen en de onderwijsmethoden, maar daarnaast werken we ook aan heel veel verschillende en wisselende (deel)projecten en campagnes in binnen- en buitenland.<\/p>\n<p><strong>Af\u00fbk\u00a0 \u2013 Op naar de 100<br \/>\n<\/strong>De Af\u00fbk is in 1928 opgericht in een tijd dat er een roep was om de Friese taal te beschermen en ook om ervoor te strijden dat het Fries een grotere plek in de maatschappij zou krijgen, in alle hoeken van de samenleving. Sinds die tijd is er veel veranderd. Het Fries heeft zijn positie gekregen in de Nederlandse en Europese wetten en regelingen: dat was nodig en het helpt de taal vooruit. Daarom draait het nu minder om de bescherming van de taal zelf, maar meer om wat mensen met de taal doen.<\/p>\n<p>Het Fries is een levende taal. Tegenwoordig gebruiken ongeveer een half miljoen mensen de taal iedere dag, binnen en buiten de provincie Frysl\u00e2n. Al die mensen gebruiken het Fries als moedertaal, omdat het voor hen de taal van het hart is. In 2028 bestaat de Af\u00fbk 100 jaar en in ons beleidsplan laten wij zien hoe wij bij de Af\u00fbk de komende vier jaar inzetten op wat er nog meer met het Fries kan.<\/p>\n<p><strong>De Af\u00fbk is een ANBI<br \/>\n<\/strong>De Af\u00fbk heeft een ANBI-status (RSIN\/fiscaal nummer ANBI 3304334). Een ANBI is een Algemeen Nut Beogende Instelling. Op basis daarvan kunt u een schenking doen of een legaat nalaten aan onze organisatie. Voor algemene informatie daarover verwijzen wij u graag naar <a href=\"https:\/\/www.belastingdienst.nl\/wps\/wcm\/connect\/bldcontentnl\/belastingdienst\/zakelijk\/bijzondere_regelingen\/goede_doelen\/algemeen_nut_beogende_instellingen\/welke_belastingvoordelen_heeft_een_anbi\" target=\"_blank\" rel=\"noopener\">www.belastingdienst.nl<\/a>.<\/p>\n","protected":false},"excerpt":{"rendered":"<p>De missie van de Af\u00fbk: Mear mei it Frysk Bij de Af\u00fbk draait alles om taal, de Friese taal in het bijzonder. Al bijna 100 jaar geeft de Friese taal en cultuur ons bestaansrecht waarbij de diversiteit aan werkzaamheden door de jaren heen alleen maar is toegenomen. Wij hebben de winkel, de uitgeverij, de cursussen [&hellip;]<\/p>\n","protected":false},"author":1,"featured_media":0,"parent":0,"menu_order":0,"comment_status":"closed","ping_status":"closed","template":"","meta":{"_acf_changed":false,"footnotes":""},"class_list":["post-11676","page","type-page","status-publish","hentry"],"acf":[],"yoast_head":"<!-- This site is optimized with the Yoast SEO plugin v27.3 - https:\/\/yoast.com\/product\/yoast-seo-wordpress\/ -->\n<title>Over ons &#8211; Af\u00fbk Websjop<\/title>\n<meta name=\"robots\" content=\"index, follow, max-snippet:-1, max-image-preview:large, max-video-preview:-1\" \/>\n<link rel=\"canonical\" href=\"https:\/\/websjop.afuk.frl\/nl\/over-ons\/\" \/>\n<meta property=\"og:locale\" content=\"nl_NL\" \/>\n<meta property=\"og:type\" content=\"article\" \/>\n<meta property=\"og:title\" content=\"Over ons &#8211; Af\u00fbk Websjop\" \/>\n<meta property=\"og:description\" content=\"De missie van de Af\u00fbk: Mear mei it Frysk Bij de Af\u00fbk draait alles om taal, de Friese taal in het bijzonder. Al bijna 100 jaar geeft de Friese taal en cultuur ons bestaansrecht waarbij de diversiteit aan werkzaamheden door de jaren heen alleen maar is toegenomen. Wij hebben de winkel, de uitgeverij, de cursussen [&hellip;]\" \/>\n<meta property=\"og:url\" content=\"https:\/\/websjop.afuk.frl\/nl\/over-ons\/\" \/>\n<meta property=\"og:site_name\" content=\"Af\u00fbk Websjop\" \/>\n<meta property=\"article:modified_time\" content=\"2026-03-25T11:00:27+00:00\" \/>\n<meta name=\"twitter:card\" content=\"summary_large_image\" \/>\n<meta name=\"twitter:label1\" content=\"Geschatte leestijd\" \/>\n\t<meta name=\"twitter:data1\" content=\"2 minuten\" \/>\n<script type=\"application\/ld+json\" class=\"yoast-schema-graph\">{\"@context\":\"https:\\\/\\\/schema.org\",\"@graph\":[{\"@type\":\"WebPage\",\"@id\":\"https:\\\/\\\/websjop.afuk.frl\\\/nl\\\/over-ons\\\/\",\"url\":\"https:\\\/\\\/websjop.afuk.frl\\\/nl\\\/over-ons\\\/\",\"name\":\"Over ons &#8211; Af\u00fbk Websjop\",\"isPartOf\":{\"@id\":\"https:\\\/\\\/websjop.afuk.frl\\\/nl\\\/#website\"},\"datePublished\":\"2018-12-13T15:04:32+00:00\",\"dateModified\":\"2026-03-25T11:00:27+00:00\",\"breadcrumb\":{\"@id\":\"https:\\\/\\\/websjop.afuk.frl\\\/nl\\\/over-ons\\\/#breadcrumb\"},\"inLanguage\":\"nl-NL\",\"potentialAction\":[{\"@type\":\"ReadAction\",\"target\":[\"https:\\\/\\\/websjop.afuk.frl\\\/nl\\\/over-ons\\\/\"]}]},{\"@type\":\"BreadcrumbList\",\"@id\":\"https:\\\/\\\/websjop.afuk.frl\\\/nl\\\/over-ons\\\/#breadcrumb\",\"itemListElement\":[{\"@type\":\"ListItem\",\"position\":1,\"name\":\"Home\",\"item\":\"https:\\\/\\\/websjop.afuk.frl\\\/nl\\\/\"},{\"@type\":\"ListItem\",\"position\":2,\"name\":\"Over ons\"}]},{\"@type\":\"WebSite\",\"@id\":\"https:\\\/\\\/websjop.afuk.frl\\\/nl\\\/#website\",\"url\":\"https:\\\/\\\/websjop.afuk.frl\\\/nl\\\/\",\"name\":\"Af\u00fbk Websjop\",\"description\":\"\",\"potentialAction\":[{\"@type\":\"SearchAction\",\"target\":{\"@type\":\"EntryPoint\",\"urlTemplate\":\"https:\\\/\\\/websjop.afuk.frl\\\/nl\\\/?s={search_term_string}\"},\"query-input\":{\"@type\":\"PropertyValueSpecification\",\"valueRequired\":true,\"valueName\":\"search_term_string\"}}],\"inLanguage\":\"nl-NL\"}]}<\/script>\n<!-- \/ Yoast SEO plugin. -->","yoast_head_json":{"title":"Over ons &#8211; Af\u00fbk Websjop","robots":{"index":"index","follow":"follow","max-snippet":"max-snippet:-1","max-image-preview":"max-image-preview:large","max-video-preview":"max-video-preview:-1"},"canonical":"https:\/\/websjop.afuk.frl\/nl\/over-ons\/","og_locale":"nl_NL","og_type":"article","og_title":"Over ons &#8211; Af\u00fbk Websjop","og_description":"De missie van de Af\u00fbk: Mear mei it Frysk Bij de Af\u00fbk draait alles om taal, de Friese taal in het bijzonder. Al bijna 100 jaar geeft de Friese taal en cultuur ons bestaansrecht waarbij de diversiteit aan werkzaamheden door de jaren heen alleen maar is toegenomen. Wij hebben de winkel, de uitgeverij, de cursussen [&hellip;]","og_url":"https:\/\/websjop.afuk.frl\/nl\/over-ons\/","og_site_name":"Af\u00fbk Websjop","article_modified_time":"2026-03-25T11:00:27+00:00","twitter_card":"summary_large_image","twitter_misc":{"Geschatte leestijd":"2 minuten"},"schema":{"@context":"https:\/\/schema.org","@graph":[{"@type":"WebPage","@id":"https:\/\/websjop.afuk.frl\/nl\/over-ons\/","url":"https:\/\/websjop.afuk.frl\/nl\/over-ons\/","name":"Over ons &#8211; Af\u00fbk Websjop","isPartOf":{"@id":"https:\/\/websjop.afuk.frl\/nl\/#website"},"datePublished":"2018-12-13T15:04:32+00:00","dateModified":"2026-03-25T11:00:27+00:00","breadcrumb":{"@id":"https:\/\/websjop.afuk.frl\/nl\/over-ons\/#breadcrumb"},"inLanguage":"nl-NL","potentialAction":[{"@type":"ReadAction","target":["https:\/\/websjop.afuk.frl\/nl\/over-ons\/"]}]},{"@type":"BreadcrumbList","@id":"https:\/\/websjop.afuk.frl\/nl\/over-ons\/#breadcrumb","itemListElement":[{"@type":"ListItem","position":1,"name":"Home","item":"https:\/\/websjop.afuk.frl\/nl\/"},{"@type":"ListItem","position":2,"name":"Over ons"}]},{"@type":"WebSite","@id":"https:\/\/websjop.afuk.frl\/nl\/#website","url":"https:\/\/websjop.afuk.frl\/nl\/","name":"Af\u00fbk Websjop","description":"","potentialAction":[{"@type":"SearchAction","target":{"@type":"EntryPoint","urlTemplate":"https:\/\/websjop.afuk.frl\/nl\/?s={search_term_string}"},"query-input":{"@type":"PropertyValueSpecification","valueRequired":true,"valueName":"search_term_string"}}],"inLanguage":"nl-NL"}]}},"_links":{"self":[{"href":"https:\/\/websjop.afuk.frl\/nl\/wp-json\/wp\/v2\/pages\/11676","targetHints":{"allow":["GET"]}}],"collection":[{"href":"https:\/\/websjop.afuk.frl\/nl\/wp-json\/wp\/v2\/pages"}],"about":[{"href":"https:\/\/websjop.afuk.frl\/nl\/wp-json\/wp\/v2\/types\/page"}],"author":[{"embeddable":true,"href":"https:\/\/websjop.afuk.frl\/nl\/wp-json\/wp\/v2\/users\/1"}],"replies":[{"embeddable":true,"href":"https:\/\/websjop.afuk.frl\/nl\/wp-json\/wp\/v2\/comments?post=11676"}],"version-history":[{"count":4,"href":"https:\/\/websjop.afuk.frl\/nl\/wp-json\/wp\/v2\/pages\/11676\/revisions"}],"predecessor-version":[{"id":53314,"href":"https:\/\/websjop.afuk.frl\/nl\/wp-json\/wp\/v2\/pages\/11676\/revisions\/53314"}],"wp:attachment":[{"href":"https:\/\/websjop.afuk.frl\/nl\/wp-json\/wp\/v2\/media?parent=11676"}],"curies":[{"name":"wp","href":"https:\/\/api.w.org\/{rel}","templated":true}]}}