{"id":9960,"date":"2016-01-28T11:26:05","date_gmt":"2016-01-28T10:26:05","guid":{"rendered":"https:\/\/websjop.bwhontwerpers.nl\/?post_type=product&#038;p=9960"},"modified":"2020-01-27T15:12:11","modified_gmt":"2020-01-27T14:12:11","slug":"leech-hert-yn-nij-jek","status":"publish","type":"product","link":"https:\/\/websjop.afuk.frl\/frl\/winkel\/leech-hert-yn-nij-jek\/","title":{"rendered":"Leech hert yn nij jek"},"content":{"rendered":"<p><span style=\"font-size: x-large\"><span style=\"font-size: small\">Geart Tigchelaar (1987) rekkenet yn \u2018Leech hert yn nij jek\u2019 \u00f4f mei it ferline, mar sjocht ek foar\u00fat. In besykjen dat de iene kear better slagget as de oare kear.<br \/>\nDat leveret po\u00ebzy op dy\u2019t skjirret, dy\u2019t echt is, dy\u2019t libbet en stjert as in hert.<br \/>\n<\/span><\/span><\/p>\n<p>Geart Tigchelaar (1987) wint mei dizze deb\u00fatbondel de<strong> Douwe Tammingapriis<\/strong>.<br \/>\nDe sjuery, besteande \u00fat Elske Kampen, Albertina Soepboer en Jacobus Q. Smink, hat it po\u00ebzydeb\u00fat fan Tigchelaar mei miene stimmen keazen. De sjuery beskriuwt &#8216;Leech hert yn nij jek&#8217; as &#8220;in spannende bondel, d\u00ear&#8217;t alles yn br\u00fbkt en ynset wurdt om goede po\u00ebzy te meitsjen en dy&#8217;t der beslist om freget faker as ien kear l\u00eazen te wurden&#8221;.<\/p>\n<p>&nbsp;<\/p>\n<p><em><span style=\"font-size: x-large\"><span style=\"font-size: small\">wy slachten mekoar<br \/>\nsnijden bonken \u00fat<br \/>\nraanden it smoar yn &#8216;e maaitiidssinne<br \/>\nwaarden wei troch de iepen hikke<\/span><\/span><\/em><br \/>\n<span style=\"font-size: x-large\"><span style=\"font-size: small\">(\u00fat: &#8216;slachtfee&#8217;)<\/span><\/span><\/p>\n<p>&nbsp;<\/p>\n<p><span style=\"font-size: x-large\"><span style=\"font-size: small\">\u00a0<\/span><\/span><\/p>\n<p>&nbsp;<\/p>\n<p><span style=\"font-size: x-large\"><span style=\"font-size: small\">\u00a0<\/span><\/span><\/p>\n","protected":false},"excerpt":{"rendered":"<p>Leech hert yn nij jek, po\u00ebzij<\/p>\n","protected":false},"featured_media":9961,"comment_status":"closed","ping_status":"closed","template":"","meta":{"_acf_changed":false},"product_brand":[],"product_cat":[538,535,1215],"product_tag":[5173,9572,5191],"class_list":{"0":"post-9960","1":"product","2":"type-product","3":"status-publish","4":"has-post-thumbnail","6":"product_cat-dichtbondels","7":"product_cat-fryske-boeken","8":"product_cat-romans-en-literatuer","9":"product_tag-frysk","10":"product_tag-geart-tigchelaar","11":"product_tag-gedichten","12":"product_shipping_class-brievenbus-verzending","13":"pa_auteur-geart-tigchelaar-2","14":"pa_isbn-2642","15":"pa_taal-frysk","16":"pa_uitgever-hispel","18":"first","19":"instock","20":"taxable","21":"shipping-taxable","22":"purchasable","23":"product-type-simple"},"acf":[],"yoast_head":"<!-- This site is optimized with the Yoast SEO plugin v27.2 - https:\/\/yoast.com\/product\/yoast-seo-wordpress\/ -->\n<title>Leech hert yn nij jek &#8211; Af\u00fbk Websjop<\/title>\n<meta name=\"robots\" content=\"index, follow, max-snippet:-1, max-image-preview:large, max-video-preview:-1\" \/>\n<link rel=\"canonical\" href=\"https:\/\/websjop.afuk.frl\/frl\/winkel\/leech-hert-yn-nij-jek\/\" \/>\n<meta property=\"og:locale\" content=\"fy_NL\" \/>\n<meta property=\"og:type\" content=\"article\" \/>\n<meta property=\"og:title\" content=\"Leech hert yn nij jek &#8211; Af\u00fbk Websjop\" \/>\n<meta property=\"og:description\" content=\"Leech hert yn nij jek, po\u00ebzij\" \/>\n<meta property=\"og:url\" content=\"https:\/\/websjop.afuk.frl\/frl\/winkel\/leech-hert-yn-nij-jek\/\" \/>\n<meta property=\"og:site_name\" content=\"Af\u00fbk Websjop\" \/>\n<meta property=\"article:modified_time\" content=\"2020-01-27T14:12:11+00:00\" \/>\n<meta property=\"og:image\" content=\"https:\/\/websjop.afuk.frl\/wp-content\/uploads\/2016\/01\/products-leech-hert-yn-nij-jek2.jpg\" \/>\n\t<meta property=\"og:image:width\" content=\"516\" \/>\n\t<meta property=\"og:image:height\" content=\"768\" \/>\n\t<meta property=\"og:image:type\" content=\"image\/jpeg\" \/>\n<meta name=\"twitter:card\" content=\"summary_large_image\" \/>\n<meta name=\"twitter:label1\" content=\"Est. reading time\" \/>\n\t<meta name=\"twitter:data1\" content=\"1 minute\" \/>\n<script type=\"application\/ld+json\" class=\"yoast-schema-graph\">{\"@context\":\"https:\/\/schema.org\",\"@graph\":[{\"@type\":\"WebPage\",\"@id\":\"https:\/\/websjop.afuk.frl\/frl\/winkel\/leech-hert-yn-nij-jek\/\",\"url\":\"https:\/\/websjop.afuk.frl\/frl\/winkel\/leech-hert-yn-nij-jek\/\",\"name\":\"Leech hert yn nij jek &#8211; Af\u00fbk Websjop\",\"isPartOf\":{\"@id\":\"https:\/\/websjop.afuk.frl\/frl\/#website\"},\"primaryImageOfPage\":{\"@id\":\"https:\/\/websjop.afuk.frl\/frl\/winkel\/leech-hert-yn-nij-jek\/#primaryimage\"},\"image\":{\"@id\":\"https:\/\/websjop.afuk.frl\/frl\/winkel\/leech-hert-yn-nij-jek\/#primaryimage\"},\"thumbnailUrl\":\"https:\/\/websjop.afuk.frl\/wp-content\/uploads\/2016\/01\/products-leech-hert-yn-nij-jek2.jpg\",\"datePublished\":\"2016-01-28T10:26:05+00:00\",\"dateModified\":\"2020-01-27T14:12:11+00:00\",\"breadcrumb\":{\"@id\":\"https:\/\/websjop.afuk.frl\/frl\/winkel\/leech-hert-yn-nij-jek\/#breadcrumb\"},\"inLanguage\":\"fy-NL\",\"potentialAction\":[{\"@type\":\"ReadAction\",\"target\":[\"https:\/\/websjop.afuk.frl\/frl\/winkel\/leech-hert-yn-nij-jek\/\"]}]},{\"@type\":\"ImageObject\",\"inLanguage\":\"fy-NL\",\"@id\":\"https:\/\/websjop.afuk.frl\/frl\/winkel\/leech-hert-yn-nij-jek\/#primaryimage\",\"url\":\"https:\/\/websjop.afuk.frl\/wp-content\/uploads\/2016\/01\/products-leech-hert-yn-nij-jek2.jpg\",\"contentUrl\":\"https:\/\/websjop.afuk.frl\/wp-content\/uploads\/2016\/01\/products-leech-hert-yn-nij-jek2.jpg\",\"width\":516,\"height\":768},{\"@type\":\"BreadcrumbList\",\"@id\":\"https:\/\/websjop.afuk.frl\/frl\/winkel\/leech-hert-yn-nij-jek\/#breadcrumb\",\"itemListElement\":[{\"@type\":\"ListItem\",\"position\":1,\"name\":\"Home\",\"item\":\"https:\/\/websjop.afuk.frl\/frl\/\"},{\"@type\":\"ListItem\",\"position\":2,\"name\":\"Winkel\",\"item\":\"https:\/\/websjop.afuk.frl\/nl\/winkel\/\"},{\"@type\":\"ListItem\",\"position\":3,\"name\":\"Leech hert yn nij jek\"}]},{\"@type\":\"WebSite\",\"@id\":\"https:\/\/websjop.afuk.frl\/frl\/#website\",\"url\":\"https:\/\/websjop.afuk.frl\/frl\/\",\"name\":\"Af\u00fbk Websjop\",\"description\":\"\",\"potentialAction\":[{\"@type\":\"SearchAction\",\"target\":{\"@type\":\"EntryPoint\",\"urlTemplate\":\"https:\/\/websjop.afuk.frl\/frl\/?s={search_term_string}\"},\"query-input\":{\"@type\":\"PropertyValueSpecification\",\"valueRequired\":true,\"valueName\":\"search_term_string\"}}],\"inLanguage\":\"fy-NL\"}]}<\/script>\n<!-- \/ Yoast SEO plugin. -->","yoast_head_json":{"title":"Leech hert yn nij jek &#8211; Af\u00fbk Websjop","robots":{"index":"index","follow":"follow","max-snippet":"max-snippet:-1","max-image-preview":"max-image-preview:large","max-video-preview":"max-video-preview:-1"},"canonical":"https:\/\/websjop.afuk.frl\/frl\/winkel\/leech-hert-yn-nij-jek\/","og_locale":"fy_NL","og_type":"article","og_title":"Leech hert yn nij jek &#8211; Af\u00fbk Websjop","og_description":"Leech hert yn nij jek, po\u00ebzij","og_url":"https:\/\/websjop.afuk.frl\/frl\/winkel\/leech-hert-yn-nij-jek\/","og_site_name":"Af\u00fbk Websjop","article_modified_time":"2020-01-27T14:12:11+00:00","og_image":[{"width":516,"height":768,"url":"https:\/\/websjop.afuk.frl\/wp-content\/uploads\/2016\/01\/products-leech-hert-yn-nij-jek2.jpg","type":"image\/jpeg"}],"twitter_card":"summary_large_image","twitter_misc":{"Est. reading time":"1 minute"},"schema":{"@context":"https:\/\/schema.org","@graph":[{"@type":"WebPage","@id":"https:\/\/websjop.afuk.frl\/frl\/winkel\/leech-hert-yn-nij-jek\/","url":"https:\/\/websjop.afuk.frl\/frl\/winkel\/leech-hert-yn-nij-jek\/","name":"Leech hert yn nij jek &#8211; Af\u00fbk Websjop","isPartOf":{"@id":"https:\/\/websjop.afuk.frl\/frl\/#website"},"primaryImageOfPage":{"@id":"https:\/\/websjop.afuk.frl\/frl\/winkel\/leech-hert-yn-nij-jek\/#primaryimage"},"image":{"@id":"https:\/\/websjop.afuk.frl\/frl\/winkel\/leech-hert-yn-nij-jek\/#primaryimage"},"thumbnailUrl":"https:\/\/websjop.afuk.frl\/wp-content\/uploads\/2016\/01\/products-leech-hert-yn-nij-jek2.jpg","datePublished":"2016-01-28T10:26:05+00:00","dateModified":"2020-01-27T14:12:11+00:00","breadcrumb":{"@id":"https:\/\/websjop.afuk.frl\/frl\/winkel\/leech-hert-yn-nij-jek\/#breadcrumb"},"inLanguage":"fy-NL","potentialAction":[{"@type":"ReadAction","target":["https:\/\/websjop.afuk.frl\/frl\/winkel\/leech-hert-yn-nij-jek\/"]}]},{"@type":"ImageObject","inLanguage":"fy-NL","@id":"https:\/\/websjop.afuk.frl\/frl\/winkel\/leech-hert-yn-nij-jek\/#primaryimage","url":"https:\/\/websjop.afuk.frl\/wp-content\/uploads\/2016\/01\/products-leech-hert-yn-nij-jek2.jpg","contentUrl":"https:\/\/websjop.afuk.frl\/wp-content\/uploads\/2016\/01\/products-leech-hert-yn-nij-jek2.jpg","width":516,"height":768},{"@type":"BreadcrumbList","@id":"https:\/\/websjop.afuk.frl\/frl\/winkel\/leech-hert-yn-nij-jek\/#breadcrumb","itemListElement":[{"@type":"ListItem","position":1,"name":"Home","item":"https:\/\/websjop.afuk.frl\/frl\/"},{"@type":"ListItem","position":2,"name":"Winkel","item":"https:\/\/websjop.afuk.frl\/nl\/winkel\/"},{"@type":"ListItem","position":3,"name":"Leech hert yn nij jek"}]},{"@type":"WebSite","@id":"https:\/\/websjop.afuk.frl\/frl\/#website","url":"https:\/\/websjop.afuk.frl\/frl\/","name":"Af\u00fbk Websjop","description":"","potentialAction":[{"@type":"SearchAction","target":{"@type":"EntryPoint","urlTemplate":"https:\/\/websjop.afuk.frl\/frl\/?s={search_term_string}"},"query-input":{"@type":"PropertyValueSpecification","valueRequired":true,"valueName":"search_term_string"}}],"inLanguage":"fy-NL"}]}},"_links":{"self":[{"href":"https:\/\/websjop.afuk.frl\/frl\/wp-json\/wp\/v2\/product\/9960","targetHints":{"allow":["GET"]}}],"collection":[{"href":"https:\/\/websjop.afuk.frl\/frl\/wp-json\/wp\/v2\/product"}],"about":[{"href":"https:\/\/websjop.afuk.frl\/frl\/wp-json\/wp\/v2\/types\/product"}],"replies":[{"embeddable":true,"href":"https:\/\/websjop.afuk.frl\/frl\/wp-json\/wp\/v2\/comments?post=9960"}],"wp:featuredmedia":[{"embeddable":true,"href":"https:\/\/websjop.afuk.frl\/frl\/wp-json\/wp\/v2\/media\/9961"}],"wp:attachment":[{"href":"https:\/\/websjop.afuk.frl\/frl\/wp-json\/wp\/v2\/media?parent=9960"}],"wp:term":[{"taxonomy":"product_brand","embeddable":true,"href":"https:\/\/websjop.afuk.frl\/frl\/wp-json\/wp\/v2\/product_brand?post=9960"},{"taxonomy":"product_cat","embeddable":true,"href":"https:\/\/websjop.afuk.frl\/frl\/wp-json\/wp\/v2\/product_cat?post=9960"},{"taxonomy":"product_tag","embeddable":true,"href":"https:\/\/websjop.afuk.frl\/frl\/wp-json\/wp\/v2\/product_tag?post=9960"}],"curies":[{"name":"wp","href":"https:\/\/api.w.org\/{rel}","templated":true}]}}