{"id":9953,"date":"2016-01-21T13:16:01","date_gmt":"2016-01-21T12:16:01","guid":{"rendered":"https:\/\/websjop.bwhontwerpers.nl\/?post_type=product&#038;p=9953"},"modified":"2024-01-18T13:23:32","modified_gmt":"2024-01-18T12:23:32","slug":"fryske-mutse-roze-noarske-styl","status":"publish","type":"product","link":"https:\/\/websjop.afuk.frl\/frl\/winkel\/fryske-mutse-roze-noarske-styl\/","title":{"rendered":"Fryske m\u00fbtse, r\u00f4ze &#8211; Noarske styl"},"content":{"rendered":"<p>Fryske m\u00fbtse, r\u00f4ze &#8211; Noarske styl<\/p>\n","protected":false},"excerpt":{"rendered":"<p>Fryske m\u00fbtse, r\u00f4ze &#8211; Noarske styl<\/p>\n","protected":false},"featured_media":9954,"comment_status":"closed","ping_status":"closed","template":"","meta":{"_acf_changed":false},"product_brand":[],"product_cat":[565,566,569,9316],"product_tag":[],"class_list":{"0":"post-9953","1":"product","2":"type-product","3":"status-publish","4":"has-post-thumbnail","6":"product_cat-friese-producten","7":"product_cat-fryslan-klean","8":"product_cat-folwoeksenen","9":"product_cat-winter","10":"product_shipping_class-pakketpost-verzending","12":"first","13":"instock","14":"taxable","15":"shipping-taxable","16":"purchasable","17":"product-type-simple"},"acf":[],"yoast_head":"<!-- This site is optimized with the Yoast SEO plugin v27.3 - https:\/\/yoast.com\/product\/yoast-seo-wordpress\/ -->\n<title>Fryske m\u00fbtse, r\u00f4ze - Noarske styl &#8211; Af\u00fbk Websjop<\/title>\n<meta name=\"robots\" content=\"index, follow, max-snippet:-1, max-image-preview:large, max-video-preview:-1\" \/>\n<link rel=\"canonical\" href=\"https:\/\/websjop.afuk.frl\/frl\/winkel\/fryske-mutse-roze-noarske-styl\/\" \/>\n<meta property=\"og:locale\" content=\"fy_NL\" \/>\n<meta property=\"og:type\" content=\"article\" \/>\n<meta property=\"og:title\" content=\"Fryske m\u00fbtse, r\u00f4ze - Noarske styl &#8211; Af\u00fbk Websjop\" \/>\n<meta property=\"og:description\" content=\"Fryske m\u00fbtse, r\u00f4ze - Noarske styl\" \/>\n<meta property=\"og:url\" content=\"https:\/\/websjop.afuk.frl\/frl\/winkel\/fryske-mutse-roze-noarske-styl\/\" \/>\n<meta property=\"og:site_name\" content=\"Af\u00fbk Websjop\" \/>\n<meta property=\"article:modified_time\" content=\"2024-01-18T12:23:32+00:00\" \/>\n<meta property=\"og:image\" content=\"https:\/\/websjop.afuk.frl\/wp-content\/uploads\/2016\/01\/products-muts.gif\" \/>\n\t<meta property=\"og:image:width\" content=\"2160\" \/>\n\t<meta property=\"og:image:height\" content=\"2100\" \/>\n\t<meta property=\"og:image:type\" content=\"image\/jpeg\" \/>\n<meta name=\"twitter:card\" content=\"summary_large_image\" \/>\n<script type=\"application\/ld+json\" class=\"yoast-schema-graph\">{\"@context\":\"https:\\\/\\\/schema.org\",\"@graph\":[{\"@type\":\"WebPage\",\"@id\":\"https:\\\/\\\/websjop.afuk.frl\\\/frl\\\/winkel\\\/fryske-mutse-roze-noarske-styl\\\/\",\"url\":\"https:\\\/\\\/websjop.afuk.frl\\\/frl\\\/winkel\\\/fryske-mutse-roze-noarske-styl\\\/\",\"name\":\"Fryske m\u00fbtse, r\u00f4ze - Noarske styl &#8211; Af\u00fbk Websjop\",\"isPartOf\":{\"@id\":\"https:\\\/\\\/websjop.afuk.frl\\\/frl\\\/#website\"},\"primaryImageOfPage\":{\"@id\":\"https:\\\/\\\/websjop.afuk.frl\\\/frl\\\/winkel\\\/fryske-mutse-roze-noarske-styl\\\/#primaryimage\"},\"image\":{\"@id\":\"https:\\\/\\\/websjop.afuk.frl\\\/frl\\\/winkel\\\/fryske-mutse-roze-noarske-styl\\\/#primaryimage\"},\"thumbnailUrl\":\"https:\\\/\\\/websjop.afuk.frl\\\/wp-content\\\/uploads\\\/2016\\\/01\\\/products-muts.gif\",\"datePublished\":\"2016-01-21T12:16:01+00:00\",\"dateModified\":\"2024-01-18T12:23:32+00:00\",\"breadcrumb\":{\"@id\":\"https:\\\/\\\/websjop.afuk.frl\\\/frl\\\/winkel\\\/fryske-mutse-roze-noarske-styl\\\/#breadcrumb\"},\"inLanguage\":\"fy-NL\",\"potentialAction\":[{\"@type\":\"ReadAction\",\"target\":[\"https:\\\/\\\/websjop.afuk.frl\\\/frl\\\/winkel\\\/fryske-mutse-roze-noarske-styl\\\/\"]}]},{\"@type\":\"ImageObject\",\"inLanguage\":\"fy-NL\",\"@id\":\"https:\\\/\\\/websjop.afuk.frl\\\/frl\\\/winkel\\\/fryske-mutse-roze-noarske-styl\\\/#primaryimage\",\"url\":\"https:\\\/\\\/websjop.afuk.frl\\\/wp-content\\\/uploads\\\/2016\\\/01\\\/products-muts.gif\",\"contentUrl\":\"https:\\\/\\\/websjop.afuk.frl\\\/wp-content\\\/uploads\\\/2016\\\/01\\\/products-muts.gif\",\"width\":2160,\"height\":2100},{\"@type\":\"BreadcrumbList\",\"@id\":\"https:\\\/\\\/websjop.afuk.frl\\\/frl\\\/winkel\\\/fryske-mutse-roze-noarske-styl\\\/#breadcrumb\",\"itemListElement\":[{\"@type\":\"ListItem\",\"position\":1,\"name\":\"Home\",\"item\":\"https:\\\/\\\/websjop.afuk.frl\\\/frl\\\/\"},{\"@type\":\"ListItem\",\"position\":2,\"name\":\"Winkel\",\"item\":\"https:\\\/\\\/websjop.afuk.frl\\\/nl\\\/winkel\\\/\"},{\"@type\":\"ListItem\",\"position\":3,\"name\":\"Fryske m\u00fbtse, r\u00f4ze &#8211; Noarske styl\"}]},{\"@type\":\"WebSite\",\"@id\":\"https:\\\/\\\/websjop.afuk.frl\\\/frl\\\/#website\",\"url\":\"https:\\\/\\\/websjop.afuk.frl\\\/frl\\\/\",\"name\":\"Af\u00fbk Websjop\",\"description\":\"\",\"potentialAction\":[{\"@type\":\"SearchAction\",\"target\":{\"@type\":\"EntryPoint\",\"urlTemplate\":\"https:\\\/\\\/websjop.afuk.frl\\\/frl\\\/?s={search_term_string}\"},\"query-input\":{\"@type\":\"PropertyValueSpecification\",\"valueRequired\":true,\"valueName\":\"search_term_string\"}}],\"inLanguage\":\"fy-NL\"}]}<\/script>\n<!-- \/ Yoast SEO plugin. -->","yoast_head_json":{"title":"Fryske m\u00fbtse, r\u00f4ze - Noarske styl &#8211; Af\u00fbk Websjop","robots":{"index":"index","follow":"follow","max-snippet":"max-snippet:-1","max-image-preview":"max-image-preview:large","max-video-preview":"max-video-preview:-1"},"canonical":"https:\/\/websjop.afuk.frl\/frl\/winkel\/fryske-mutse-roze-noarske-styl\/","og_locale":"fy_NL","og_type":"article","og_title":"Fryske m\u00fbtse, r\u00f4ze - Noarske styl &#8211; Af\u00fbk Websjop","og_description":"Fryske m\u00fbtse, r\u00f4ze - Noarske styl","og_url":"https:\/\/websjop.afuk.frl\/frl\/winkel\/fryske-mutse-roze-noarske-styl\/","og_site_name":"Af\u00fbk Websjop","article_modified_time":"2024-01-18T12:23:32+00:00","og_image":[{"width":2160,"height":2100,"url":"https:\/\/websjop.afuk.frl\/wp-content\/uploads\/2016\/01\/products-muts.gif","type":"image\/jpeg"}],"twitter_card":"summary_large_image","schema":{"@context":"https:\/\/schema.org","@graph":[{"@type":"WebPage","@id":"https:\/\/websjop.afuk.frl\/frl\/winkel\/fryske-mutse-roze-noarske-styl\/","url":"https:\/\/websjop.afuk.frl\/frl\/winkel\/fryske-mutse-roze-noarske-styl\/","name":"Fryske m\u00fbtse, r\u00f4ze - Noarske styl &#8211; Af\u00fbk Websjop","isPartOf":{"@id":"https:\/\/websjop.afuk.frl\/frl\/#website"},"primaryImageOfPage":{"@id":"https:\/\/websjop.afuk.frl\/frl\/winkel\/fryske-mutse-roze-noarske-styl\/#primaryimage"},"image":{"@id":"https:\/\/websjop.afuk.frl\/frl\/winkel\/fryske-mutse-roze-noarske-styl\/#primaryimage"},"thumbnailUrl":"https:\/\/websjop.afuk.frl\/wp-content\/uploads\/2016\/01\/products-muts.gif","datePublished":"2016-01-21T12:16:01+00:00","dateModified":"2024-01-18T12:23:32+00:00","breadcrumb":{"@id":"https:\/\/websjop.afuk.frl\/frl\/winkel\/fryske-mutse-roze-noarske-styl\/#breadcrumb"},"inLanguage":"fy-NL","potentialAction":[{"@type":"ReadAction","target":["https:\/\/websjop.afuk.frl\/frl\/winkel\/fryske-mutse-roze-noarske-styl\/"]}]},{"@type":"ImageObject","inLanguage":"fy-NL","@id":"https:\/\/websjop.afuk.frl\/frl\/winkel\/fryske-mutse-roze-noarske-styl\/#primaryimage","url":"https:\/\/websjop.afuk.frl\/wp-content\/uploads\/2016\/01\/products-muts.gif","contentUrl":"https:\/\/websjop.afuk.frl\/wp-content\/uploads\/2016\/01\/products-muts.gif","width":2160,"height":2100},{"@type":"BreadcrumbList","@id":"https:\/\/websjop.afuk.frl\/frl\/winkel\/fryske-mutse-roze-noarske-styl\/#breadcrumb","itemListElement":[{"@type":"ListItem","position":1,"name":"Home","item":"https:\/\/websjop.afuk.frl\/frl\/"},{"@type":"ListItem","position":2,"name":"Winkel","item":"https:\/\/websjop.afuk.frl\/nl\/winkel\/"},{"@type":"ListItem","position":3,"name":"Fryske m\u00fbtse, r\u00f4ze &#8211; Noarske styl"}]},{"@type":"WebSite","@id":"https:\/\/websjop.afuk.frl\/frl\/#website","url":"https:\/\/websjop.afuk.frl\/frl\/","name":"Af\u00fbk Websjop","description":"","potentialAction":[{"@type":"SearchAction","target":{"@type":"EntryPoint","urlTemplate":"https:\/\/websjop.afuk.frl\/frl\/?s={search_term_string}"},"query-input":{"@type":"PropertyValueSpecification","valueRequired":true,"valueName":"search_term_string"}}],"inLanguage":"fy-NL"}]}},"_links":{"self":[{"href":"https:\/\/websjop.afuk.frl\/frl\/wp-json\/wp\/v2\/product\/9953","targetHints":{"allow":["GET"]}}],"collection":[{"href":"https:\/\/websjop.afuk.frl\/frl\/wp-json\/wp\/v2\/product"}],"about":[{"href":"https:\/\/websjop.afuk.frl\/frl\/wp-json\/wp\/v2\/types\/product"}],"replies":[{"embeddable":true,"href":"https:\/\/websjop.afuk.frl\/frl\/wp-json\/wp\/v2\/comments?post=9953"}],"wp:featuredmedia":[{"embeddable":true,"href":"https:\/\/websjop.afuk.frl\/frl\/wp-json\/wp\/v2\/media\/9954"}],"wp:attachment":[{"href":"https:\/\/websjop.afuk.frl\/frl\/wp-json\/wp\/v2\/media?parent=9953"}],"wp:term":[{"taxonomy":"product_brand","embeddable":true,"href":"https:\/\/websjop.afuk.frl\/frl\/wp-json\/wp\/v2\/product_brand?post=9953"},{"taxonomy":"product_cat","embeddable":true,"href":"https:\/\/websjop.afuk.frl\/frl\/wp-json\/wp\/v2\/product_cat?post=9953"},{"taxonomy":"product_tag","embeddable":true,"href":"https:\/\/websjop.afuk.frl\/frl\/wp-json\/wp\/v2\/product_tag?post=9953"}],"curies":[{"name":"wp","href":"https:\/\/api.w.org\/{rel}","templated":true}]}}