{"id":9933,"date":"2016-01-11T14:21:28","date_gmt":"2016-01-11T13:21:28","guid":{"rendered":"https:\/\/websjop.bwhontwerpers.nl\/?post_type=product&#038;p=9933"},"modified":"2025-01-09T15:25:36","modified_gmt":"2025-01-09T14:25:36","slug":"nieuwe-encyclopedie-van-fryslan","status":"publish","type":"product","link":"https:\/\/websjop.afuk.frl\/frl\/winkel\/nieuwe-encyclopedie-van-fryslan\/","title":{"rendered":"Nieuwe Encyclopedie van Frysl\u00e2n"},"content":{"rendered":"<p><span style=\"font-size: large\"><strong>Nieuwe Encyclopedie van Frysl\u00e2n<\/strong><\/span><\/p>\n<p>De <em>Nieuwe Encyclopedie van Frysl\u00e2n<\/em> is in \u00fbnmisbere oanfolling yn de boekekast foar elkenien dy\u2019t gek is fan Frysl\u00e2n en mear witte wol oer dizze provinsje. De fjouwerdielige ensyklopedy hat sa\u2019n 3000 siden, 11.0000 trefwurden en mei in gewicht fan rom 8 kilo. De ensyklopedy stiet fol aktuele kennis oer Frysl\u00e2n.<\/p>\n<p>De <em>Nieuwe Encyclopedie van Frysl\u00e2n<\/em> is ynh\u00e2ldlik hiel aktueel en modern foarmj\u00fbn. Mear as 200 wittenskippers \u2013 de top fan ferskate fakgebieten- ha meiwurke oan de ensyklopedy en \u00fat talrike bronnen aktuele kennis opdjippe. Kennis oer Frysl\u00e2n dy\u2019t yn in soad gefallen net online te finen is.<\/p>\n<p><strong>Fan Asteriks oant Swarte Heap<br \/>\n<\/strong>De <em>Nieuwe Encyclopedie van Frysl\u00e2n<\/em> is in unike momintopname fan de hjoeddeiske steat fan Frysl\u00e2n. De \u00fbnderwerpen dy\u2019t oan bod komme beljochtsje alle tinkbere aspekten fan Frysl\u00e2n: keunst &amp; kultuer, taal en literatuer, polityk en maatskippij, ekonomy en ynfrastruktuer, geografy en wettersteat, argeology en monuminten, skiednis en natoerwittenskippen.<\/p>\n<p><strong>Bekende Friezen<br \/>\n<\/strong>Alles wat op it stuit fan belang is foar Frysl\u00e2n of dat yn it ferline west hat is te finen yn de ensyklopedy. Ek bekende Friezen fan no en \u00fat it ferline komme der yn foar. \u00a0Lykas politikus en earste keamerlid Hendrik ten Hoeve, akteur Rutger Hauer, sjongeres Nynke Laverman, topmodel Doutzen Kroes, arsjitekt Hans Achterbosch of topman Cor Boonstra. Mar ek Fryske sporters lykas Epke Zonderland en sylkampioene Marit Bouwmeester ha in plakje krigen.<\/p>\n<p><strong>It plaatsje kompleet<br \/>\n<\/strong>Tekst en yllustraasje foarmje tegearre it hiele plaatsje. Uteinlik binne der mear as 1100 \u00f4fbyldings selektearre.\u00a0 Njonken de \u00f4fbyldings \u00a0\u00fat de argiven fan Tresoar, de Leeuwarder Courant of materiaal \u00fat it Fries museum en oare musea, binne der ek beropsfotografen ynhierd om foto\u2019s oan te leverjen\u00a0 op it m\u00ead fan bygelyks argeology en biology. Der is foar soarge dat it fotomateriaal fan de doarpen hiel resint is. En faak\u00a0 is der gebr\u00fbk makke fan prachtich byldmateriaal dat oanbean waard troch ynwenners fan Frysl\u00e2n en amateurfotografen.\u00a0 De yllustraasjes ha in ynformative en yllustrative wearde. In protte yllustraasjes yn de foarm fan topografyske kaarten binne oanlevere troch Rintje Hellingwerf fan de provinsje Frysl\u00e2n.<\/p>\n<p>ISBN 978 90 5615 375 5<br \/>\nYnb\u00fbn, 4 dielen<br \/>\nNederl\u00e2nsk<br \/>\n3000 siden<\/p>\n","protected":false},"excerpt":{"rendered":"<p>Alles oer Frysl\u00e2n op 3000 siden, 4 dielen<\/p>\n","protected":false},"featured_media":9934,"comment_status":"closed","ping_status":"closed","template":"","meta":{"_acf_changed":false},"product_brand":[],"product_cat":[1169,575,535,1168,544,1216,574,539,1214],"product_tag":[],"class_list":{"0":"post-9933","1":"product","2":"type-product","3":"status-publish","4":"has-post-thumbnail","6":"product_cat-0-lesmateriaal-en-algemien","7":"product_cat-oanbieding-folwoeksenen","8":"product_cat-fryske-boeken","9":"product_cat-fryske-kanon","10":"product_cat-keunst-en-kultuer","11":"product_cat-natoer-en-toerisme","12":"product_cat-oanbiedingen","13":"product_cat-skiednis","14":"product_cat-sport-en-hobby","15":"product_shipping_class-pakketpost-verzending","16":"pa_auteur-1370","17":"pa_is-een-afuk-product-0-2","18":"pa_sale-label-0-3","20":"first","21":"instock","22":"sale","23":"taxable","24":"shipping-taxable","25":"purchasable","26":"product-type-simple"},"acf":[],"yoast_head":"<!-- This site is optimized with the Yoast SEO plugin v27.3 - https:\/\/yoast.com\/product\/yoast-seo-wordpress\/ -->\n<title>Nieuwe Encyclopedie van Frysl\u00e2n &#8211; Af\u00fbk Websjop<\/title>\n<meta name=\"robots\" content=\"index, follow, max-snippet:-1, max-image-preview:large, max-video-preview:-1\" \/>\n<link rel=\"canonical\" href=\"https:\/\/websjop.afuk.frl\/frl\/winkel\/nieuwe-encyclopedie-van-fryslan\/\" \/>\n<meta property=\"og:locale\" content=\"fy_NL\" \/>\n<meta property=\"og:type\" content=\"article\" \/>\n<meta property=\"og:title\" content=\"Nieuwe Encyclopedie van Frysl\u00e2n &#8211; Af\u00fbk Websjop\" \/>\n<meta property=\"og:description\" content=\"Alles oer Frysl\u00e2n op 3000 siden, 4 dielen\" \/>\n<meta property=\"og:url\" content=\"https:\/\/websjop.afuk.frl\/frl\/winkel\/nieuwe-encyclopedie-van-fryslan\/\" \/>\n<meta property=\"og:site_name\" content=\"Af\u00fbk Websjop\" \/>\n<meta property=\"article:modified_time\" content=\"2025-01-09T14:25:36+00:00\" \/>\n<meta property=\"og:image\" content=\"https:\/\/websjop.afuk.frl\/wp-content\/uploads\/2016\/08\/products-nef-def-4x-staand-web-510x510.jpg\" \/>\n\t<meta property=\"og:image:width\" content=\"510\" \/>\n\t<meta property=\"og:image:height\" content=\"510\" \/>\n\t<meta property=\"og:image:type\" content=\"image\/jpeg\" \/>\n<meta name=\"twitter:card\" content=\"summary_large_image\" \/>\n<meta name=\"twitter:label1\" content=\"Est. reading time\" \/>\n\t<meta name=\"twitter:data1\" content=\"2 minutes\" \/>\n<script type=\"application\/ld+json\" class=\"yoast-schema-graph\">{\"@context\":\"https:\\\/\\\/schema.org\",\"@graph\":[{\"@type\":\"WebPage\",\"@id\":\"https:\\\/\\\/websjop.afuk.frl\\\/frl\\\/winkel\\\/nieuwe-encyclopedie-van-fryslan\\\/\",\"url\":\"https:\\\/\\\/websjop.afuk.frl\\\/frl\\\/winkel\\\/nieuwe-encyclopedie-van-fryslan\\\/\",\"name\":\"Nieuwe Encyclopedie van Frysl\u00e2n &#8211; Af\u00fbk Websjop\",\"isPartOf\":{\"@id\":\"https:\\\/\\\/websjop.afuk.frl\\\/frl\\\/#website\"},\"primaryImageOfPage\":{\"@id\":\"https:\\\/\\\/websjop.afuk.frl\\\/frl\\\/winkel\\\/nieuwe-encyclopedie-van-fryslan\\\/#primaryimage\"},\"image\":{\"@id\":\"https:\\\/\\\/websjop.afuk.frl\\\/frl\\\/winkel\\\/nieuwe-encyclopedie-van-fryslan\\\/#primaryimage\"},\"thumbnailUrl\":\"https:\\\/\\\/websjop.afuk.frl\\\/wp-content\\\/uploads\\\/2016\\\/08\\\/products-nef-def-4x-staand-web-510x510.jpg\",\"datePublished\":\"2016-01-11T13:21:28+00:00\",\"dateModified\":\"2025-01-09T14:25:36+00:00\",\"breadcrumb\":{\"@id\":\"https:\\\/\\\/websjop.afuk.frl\\\/frl\\\/winkel\\\/nieuwe-encyclopedie-van-fryslan\\\/#breadcrumb\"},\"inLanguage\":\"fy-NL\",\"potentialAction\":[{\"@type\":\"ReadAction\",\"target\":[\"https:\\\/\\\/websjop.afuk.frl\\\/frl\\\/winkel\\\/nieuwe-encyclopedie-van-fryslan\\\/\"]}]},{\"@type\":\"ImageObject\",\"inLanguage\":\"fy-NL\",\"@id\":\"https:\\\/\\\/websjop.afuk.frl\\\/frl\\\/winkel\\\/nieuwe-encyclopedie-van-fryslan\\\/#primaryimage\",\"url\":\"https:\\\/\\\/websjop.afuk.frl\\\/wp-content\\\/uploads\\\/2016\\\/08\\\/products-nef-def-4x-staand-web-510x510.jpg\",\"contentUrl\":\"https:\\\/\\\/websjop.afuk.frl\\\/wp-content\\\/uploads\\\/2016\\\/08\\\/products-nef-def-4x-staand-web-510x510.jpg\",\"width\":510,\"height\":510},{\"@type\":\"BreadcrumbList\",\"@id\":\"https:\\\/\\\/websjop.afuk.frl\\\/frl\\\/winkel\\\/nieuwe-encyclopedie-van-fryslan\\\/#breadcrumb\",\"itemListElement\":[{\"@type\":\"ListItem\",\"position\":1,\"name\":\"Home\",\"item\":\"https:\\\/\\\/websjop.afuk.frl\\\/frl\\\/\"},{\"@type\":\"ListItem\",\"position\":2,\"name\":\"Winkel\",\"item\":\"https:\\\/\\\/websjop.afuk.frl\\\/nl\\\/winkel\\\/\"},{\"@type\":\"ListItem\",\"position\":3,\"name\":\"Nieuwe Encyclopedie van Frysl\u00e2n\"}]},{\"@type\":\"WebSite\",\"@id\":\"https:\\\/\\\/websjop.afuk.frl\\\/frl\\\/#website\",\"url\":\"https:\\\/\\\/websjop.afuk.frl\\\/frl\\\/\",\"name\":\"Af\u00fbk Websjop\",\"description\":\"\",\"potentialAction\":[{\"@type\":\"SearchAction\",\"target\":{\"@type\":\"EntryPoint\",\"urlTemplate\":\"https:\\\/\\\/websjop.afuk.frl\\\/frl\\\/?s={search_term_string}\"},\"query-input\":{\"@type\":\"PropertyValueSpecification\",\"valueRequired\":true,\"valueName\":\"search_term_string\"}}],\"inLanguage\":\"fy-NL\"}]}<\/script>\n<!-- \/ Yoast SEO plugin. -->","yoast_head_json":{"title":"Nieuwe Encyclopedie van Frysl\u00e2n &#8211; Af\u00fbk Websjop","robots":{"index":"index","follow":"follow","max-snippet":"max-snippet:-1","max-image-preview":"max-image-preview:large","max-video-preview":"max-video-preview:-1"},"canonical":"https:\/\/websjop.afuk.frl\/frl\/winkel\/nieuwe-encyclopedie-van-fryslan\/","og_locale":"fy_NL","og_type":"article","og_title":"Nieuwe Encyclopedie van Frysl\u00e2n &#8211; Af\u00fbk Websjop","og_description":"Alles oer Frysl\u00e2n op 3000 siden, 4 dielen","og_url":"https:\/\/websjop.afuk.frl\/frl\/winkel\/nieuwe-encyclopedie-van-fryslan\/","og_site_name":"Af\u00fbk Websjop","article_modified_time":"2025-01-09T14:25:36+00:00","og_image":[{"width":510,"height":510,"url":"https:\/\/websjop.afuk.frl\/wp-content\/uploads\/2016\/08\/products-nef-def-4x-staand-web-510x510.jpg","type":"image\/jpeg"}],"twitter_card":"summary_large_image","twitter_misc":{"Est. reading time":"2 minutes"},"schema":{"@context":"https:\/\/schema.org","@graph":[{"@type":"WebPage","@id":"https:\/\/websjop.afuk.frl\/frl\/winkel\/nieuwe-encyclopedie-van-fryslan\/","url":"https:\/\/websjop.afuk.frl\/frl\/winkel\/nieuwe-encyclopedie-van-fryslan\/","name":"Nieuwe Encyclopedie van Frysl\u00e2n &#8211; Af\u00fbk Websjop","isPartOf":{"@id":"https:\/\/websjop.afuk.frl\/frl\/#website"},"primaryImageOfPage":{"@id":"https:\/\/websjop.afuk.frl\/frl\/winkel\/nieuwe-encyclopedie-van-fryslan\/#primaryimage"},"image":{"@id":"https:\/\/websjop.afuk.frl\/frl\/winkel\/nieuwe-encyclopedie-van-fryslan\/#primaryimage"},"thumbnailUrl":"https:\/\/websjop.afuk.frl\/wp-content\/uploads\/2016\/08\/products-nef-def-4x-staand-web-510x510.jpg","datePublished":"2016-01-11T13:21:28+00:00","dateModified":"2025-01-09T14:25:36+00:00","breadcrumb":{"@id":"https:\/\/websjop.afuk.frl\/frl\/winkel\/nieuwe-encyclopedie-van-fryslan\/#breadcrumb"},"inLanguage":"fy-NL","potentialAction":[{"@type":"ReadAction","target":["https:\/\/websjop.afuk.frl\/frl\/winkel\/nieuwe-encyclopedie-van-fryslan\/"]}]},{"@type":"ImageObject","inLanguage":"fy-NL","@id":"https:\/\/websjop.afuk.frl\/frl\/winkel\/nieuwe-encyclopedie-van-fryslan\/#primaryimage","url":"https:\/\/websjop.afuk.frl\/wp-content\/uploads\/2016\/08\/products-nef-def-4x-staand-web-510x510.jpg","contentUrl":"https:\/\/websjop.afuk.frl\/wp-content\/uploads\/2016\/08\/products-nef-def-4x-staand-web-510x510.jpg","width":510,"height":510},{"@type":"BreadcrumbList","@id":"https:\/\/websjop.afuk.frl\/frl\/winkel\/nieuwe-encyclopedie-van-fryslan\/#breadcrumb","itemListElement":[{"@type":"ListItem","position":1,"name":"Home","item":"https:\/\/websjop.afuk.frl\/frl\/"},{"@type":"ListItem","position":2,"name":"Winkel","item":"https:\/\/websjop.afuk.frl\/nl\/winkel\/"},{"@type":"ListItem","position":3,"name":"Nieuwe Encyclopedie van Frysl\u00e2n"}]},{"@type":"WebSite","@id":"https:\/\/websjop.afuk.frl\/frl\/#website","url":"https:\/\/websjop.afuk.frl\/frl\/","name":"Af\u00fbk Websjop","description":"","potentialAction":[{"@type":"SearchAction","target":{"@type":"EntryPoint","urlTemplate":"https:\/\/websjop.afuk.frl\/frl\/?s={search_term_string}"},"query-input":{"@type":"PropertyValueSpecification","valueRequired":true,"valueName":"search_term_string"}}],"inLanguage":"fy-NL"}]}},"_links":{"self":[{"href":"https:\/\/websjop.afuk.frl\/frl\/wp-json\/wp\/v2\/product\/9933","targetHints":{"allow":["GET"]}}],"collection":[{"href":"https:\/\/websjop.afuk.frl\/frl\/wp-json\/wp\/v2\/product"}],"about":[{"href":"https:\/\/websjop.afuk.frl\/frl\/wp-json\/wp\/v2\/types\/product"}],"replies":[{"embeddable":true,"href":"https:\/\/websjop.afuk.frl\/frl\/wp-json\/wp\/v2\/comments?post=9933"}],"wp:featuredmedia":[{"embeddable":true,"href":"https:\/\/websjop.afuk.frl\/frl\/wp-json\/wp\/v2\/media\/9934"}],"wp:attachment":[{"href":"https:\/\/websjop.afuk.frl\/frl\/wp-json\/wp\/v2\/media?parent=9933"}],"wp:term":[{"taxonomy":"product_brand","embeddable":true,"href":"https:\/\/websjop.afuk.frl\/frl\/wp-json\/wp\/v2\/product_brand?post=9933"},{"taxonomy":"product_cat","embeddable":true,"href":"https:\/\/websjop.afuk.frl\/frl\/wp-json\/wp\/v2\/product_cat?post=9933"},{"taxonomy":"product_tag","embeddable":true,"href":"https:\/\/websjop.afuk.frl\/frl\/wp-json\/wp\/v2\/product_tag?post=9933"}],"curies":[{"name":"wp","href":"https:\/\/api.w.org\/{rel}","templated":true}]}}