{"id":9364,"date":"2015-04-21T11:31:00","date_gmt":"2015-04-21T10:31:00","guid":{"rendered":"https:\/\/websjop.bwhontwerpers.nl\/?post_type=product&#038;p=9364"},"modified":"2026-02-11T12:50:53","modified_gmt":"2026-02-11T11:50:53","slug":"tomke-utfanhus","status":"publish","type":"product","link":"https:\/\/websjop.afuk.frl\/frl\/winkel\/tomke-utfanhus\/","title":{"rendered":"Tomke \u00fatfanh\u00fbs"},"content":{"rendered":"<p>Tomke sil by Yana Yu \u00fatfanh\u00fbs. Hy nimt al syn koesers yn syn kofferke mei. As se op b\u00ead sille, fynt Tomke it dochs wol wat spannend! Yana Yu helpt him om al syn koesers \u00fat te pakken en mei syn allen falle se d\u00earnei lekker yn \u2019e sliep.<\/p>\n<p>Tomke rigeboekje, ynb\u00fbn, 26 siden, Riemkje Pitstra &amp; Luuk Klazenga<br \/>\nleeftyd 2+<\/p>\n<p>&nbsp;<\/p>\n","protected":false},"excerpt":{"rendered":"<p>Tomke \u00fatfanh\u00fbs<\/p>\n<p>Tomke rigeboekje fan Riemkje Pitstra &amp; Luuk klazenga<\/p>\n","protected":false},"featured_media":9365,"comment_status":"closed","ping_status":"closed","template":"","meta":{"_acf_changed":false},"product_brand":[],"product_cat":[24598],"product_tag":[18890,5245,5638],"class_list":{"0":"post-9364","1":"product","2":"type-product","3":"status-publish","4":"has-post-thumbnail","6":"product_cat-net-mear-leverber","7":"product_tag-logeren","8":"product_tag-tomke","9":"product_tag-utfanhus","10":"product_shipping_class-brievenbus-verzending","11":"pa_auteur-riemkje-pitstra-2","12":"pa_isbn-2536","13":"pa_taal-frysk","14":"pa_uitgever-afuk","16":"first","17":"outofstock","18":"taxable","19":"shipping-taxable","20":"purchasable","21":"product-type-simple"},"acf":[],"yoast_head":"<!-- This site is optimized with the Yoast SEO plugin v27.3 - https:\/\/yoast.com\/product\/yoast-seo-wordpress\/ -->\n<title>Tomke \u00fatfanh\u00fbs &#8211; Af\u00fbk Websjop<\/title>\n<meta name=\"description\" content=\"Tomke sil by Yana Yu \u00fatfanh\u00fbs. Hy nimt al syn koesers yn syn kofferke mei. As se op b\u00ead sille, fynt Tomke it dochs wol wat spannend!\" \/>\n<meta name=\"robots\" content=\"index, follow, max-snippet:-1, max-image-preview:large, max-video-preview:-1\" \/>\n<link rel=\"canonical\" href=\"https:\/\/websjop.afuk.frl\/frl\/winkel\/tomke-utfanhus\/\" \/>\n<meta property=\"og:locale\" content=\"fy_NL\" \/>\n<meta property=\"og:type\" content=\"article\" \/>\n<meta property=\"og:title\" content=\"Tomke \u00fatfanh\u00fbs &#8211; Af\u00fbk Websjop\" \/>\n<meta property=\"og:description\" content=\"Tomke sil by Yana Yu \u00fatfanh\u00fbs. Hy nimt al syn koesers yn syn kofferke mei. As se op b\u00ead sille, fynt Tomke it dochs wol wat spannend!\" \/>\n<meta property=\"og:url\" content=\"https:\/\/websjop.afuk.frl\/frl\/winkel\/tomke-utfanhus\/\" \/>\n<meta property=\"og:site_name\" content=\"Af\u00fbk Websjop\" \/>\n<meta property=\"article:modified_time\" content=\"2026-02-11T11:50:53+00:00\" \/>\n<meta property=\"og:image\" content=\"https:\/\/websjop.afuk.frl\/wp-content\/uploads\/2015\/04\/products-tomke-utfanhus-web.jpg\" \/>\n\t<meta property=\"og:image:width\" content=\"700\" \/>\n\t<meta property=\"og:image:height\" content=\"776\" \/>\n\t<meta property=\"og:image:type\" content=\"image\/jpeg\" \/>\n<meta name=\"twitter:card\" content=\"summary_large_image\" \/>\n<meta name=\"twitter:label1\" content=\"Est. reading time\" \/>\n\t<meta name=\"twitter:data1\" content=\"1 minute\" \/>\n<script type=\"application\/ld+json\" class=\"yoast-schema-graph\">{\"@context\":\"https:\\\/\\\/schema.org\",\"@graph\":[{\"@type\":\"WebPage\",\"@id\":\"https:\\\/\\\/websjop.afuk.frl\\\/frl\\\/winkel\\\/tomke-utfanhus\\\/\",\"url\":\"https:\\\/\\\/websjop.afuk.frl\\\/frl\\\/winkel\\\/tomke-utfanhus\\\/\",\"name\":\"Tomke \u00fatfanh\u00fbs &#8211; Af\u00fbk Websjop\",\"isPartOf\":{\"@id\":\"https:\\\/\\\/websjop.afuk.frl\\\/frl\\\/#website\"},\"primaryImageOfPage\":{\"@id\":\"https:\\\/\\\/websjop.afuk.frl\\\/frl\\\/winkel\\\/tomke-utfanhus\\\/#primaryimage\"},\"image\":{\"@id\":\"https:\\\/\\\/websjop.afuk.frl\\\/frl\\\/winkel\\\/tomke-utfanhus\\\/#primaryimage\"},\"thumbnailUrl\":\"https:\\\/\\\/websjop.afuk.frl\\\/wp-content\\\/uploads\\\/2015\\\/04\\\/products-tomke-utfanhus-web.jpg\",\"datePublished\":\"2015-04-21T10:31:00+00:00\",\"dateModified\":\"2026-02-11T11:50:53+00:00\",\"description\":\"Tomke sil by Yana Yu \u00fatfanh\u00fbs. Hy nimt al syn koesers yn syn kofferke mei. As se op b\u00ead sille, fynt Tomke it dochs wol wat spannend!\",\"breadcrumb\":{\"@id\":\"https:\\\/\\\/websjop.afuk.frl\\\/frl\\\/winkel\\\/tomke-utfanhus\\\/#breadcrumb\"},\"inLanguage\":\"fy-NL\",\"potentialAction\":[{\"@type\":\"ReadAction\",\"target\":[\"https:\\\/\\\/websjop.afuk.frl\\\/frl\\\/winkel\\\/tomke-utfanhus\\\/\"]}]},{\"@type\":\"ImageObject\",\"inLanguage\":\"fy-NL\",\"@id\":\"https:\\\/\\\/websjop.afuk.frl\\\/frl\\\/winkel\\\/tomke-utfanhus\\\/#primaryimage\",\"url\":\"https:\\\/\\\/websjop.afuk.frl\\\/wp-content\\\/uploads\\\/2015\\\/04\\\/products-tomke-utfanhus-web.jpg\",\"contentUrl\":\"https:\\\/\\\/websjop.afuk.frl\\\/wp-content\\\/uploads\\\/2015\\\/04\\\/products-tomke-utfanhus-web.jpg\",\"width\":700,\"height\":776,\"caption\":\"Tomke \u00fatfanh\u00fbs\"},{\"@type\":\"BreadcrumbList\",\"@id\":\"https:\\\/\\\/websjop.afuk.frl\\\/frl\\\/winkel\\\/tomke-utfanhus\\\/#breadcrumb\",\"itemListElement\":[{\"@type\":\"ListItem\",\"position\":1,\"name\":\"Home\",\"item\":\"https:\\\/\\\/websjop.afuk.frl\\\/frl\\\/\"},{\"@type\":\"ListItem\",\"position\":2,\"name\":\"Winkel\",\"item\":\"https:\\\/\\\/websjop.afuk.frl\\\/nl\\\/winkel\\\/\"},{\"@type\":\"ListItem\",\"position\":3,\"name\":\"Tomke \u00fatfanh\u00fbs\"}]},{\"@type\":\"WebSite\",\"@id\":\"https:\\\/\\\/websjop.afuk.frl\\\/frl\\\/#website\",\"url\":\"https:\\\/\\\/websjop.afuk.frl\\\/frl\\\/\",\"name\":\"Af\u00fbk Websjop\",\"description\":\"\",\"potentialAction\":[{\"@type\":\"SearchAction\",\"target\":{\"@type\":\"EntryPoint\",\"urlTemplate\":\"https:\\\/\\\/websjop.afuk.frl\\\/frl\\\/?s={search_term_string}\"},\"query-input\":{\"@type\":\"PropertyValueSpecification\",\"valueRequired\":true,\"valueName\":\"search_term_string\"}}],\"inLanguage\":\"fy-NL\"}]}<\/script>\n<!-- \/ Yoast SEO plugin. -->","yoast_head_json":{"title":"Tomke \u00fatfanh\u00fbs &#8211; Af\u00fbk Websjop","description":"Tomke sil by Yana Yu \u00fatfanh\u00fbs. Hy nimt al syn koesers yn syn kofferke mei. As se op b\u00ead sille, fynt Tomke it dochs wol wat spannend!","robots":{"index":"index","follow":"follow","max-snippet":"max-snippet:-1","max-image-preview":"max-image-preview:large","max-video-preview":"max-video-preview:-1"},"canonical":"https:\/\/websjop.afuk.frl\/frl\/winkel\/tomke-utfanhus\/","og_locale":"fy_NL","og_type":"article","og_title":"Tomke \u00fatfanh\u00fbs &#8211; Af\u00fbk Websjop","og_description":"Tomke sil by Yana Yu \u00fatfanh\u00fbs. Hy nimt al syn koesers yn syn kofferke mei. As se op b\u00ead sille, fynt Tomke it dochs wol wat spannend!","og_url":"https:\/\/websjop.afuk.frl\/frl\/winkel\/tomke-utfanhus\/","og_site_name":"Af\u00fbk Websjop","article_modified_time":"2026-02-11T11:50:53+00:00","og_image":[{"width":700,"height":776,"url":"https:\/\/websjop.afuk.frl\/wp-content\/uploads\/2015\/04\/products-tomke-utfanhus-web.jpg","type":"image\/jpeg"}],"twitter_card":"summary_large_image","twitter_misc":{"Est. reading time":"1 minute"},"schema":{"@context":"https:\/\/schema.org","@graph":[{"@type":"WebPage","@id":"https:\/\/websjop.afuk.frl\/frl\/winkel\/tomke-utfanhus\/","url":"https:\/\/websjop.afuk.frl\/frl\/winkel\/tomke-utfanhus\/","name":"Tomke \u00fatfanh\u00fbs &#8211; Af\u00fbk Websjop","isPartOf":{"@id":"https:\/\/websjop.afuk.frl\/frl\/#website"},"primaryImageOfPage":{"@id":"https:\/\/websjop.afuk.frl\/frl\/winkel\/tomke-utfanhus\/#primaryimage"},"image":{"@id":"https:\/\/websjop.afuk.frl\/frl\/winkel\/tomke-utfanhus\/#primaryimage"},"thumbnailUrl":"https:\/\/websjop.afuk.frl\/wp-content\/uploads\/2015\/04\/products-tomke-utfanhus-web.jpg","datePublished":"2015-04-21T10:31:00+00:00","dateModified":"2026-02-11T11:50:53+00:00","description":"Tomke sil by Yana Yu \u00fatfanh\u00fbs. Hy nimt al syn koesers yn syn kofferke mei. As se op b\u00ead sille, fynt Tomke it dochs wol wat spannend!","breadcrumb":{"@id":"https:\/\/websjop.afuk.frl\/frl\/winkel\/tomke-utfanhus\/#breadcrumb"},"inLanguage":"fy-NL","potentialAction":[{"@type":"ReadAction","target":["https:\/\/websjop.afuk.frl\/frl\/winkel\/tomke-utfanhus\/"]}]},{"@type":"ImageObject","inLanguage":"fy-NL","@id":"https:\/\/websjop.afuk.frl\/frl\/winkel\/tomke-utfanhus\/#primaryimage","url":"https:\/\/websjop.afuk.frl\/wp-content\/uploads\/2015\/04\/products-tomke-utfanhus-web.jpg","contentUrl":"https:\/\/websjop.afuk.frl\/wp-content\/uploads\/2015\/04\/products-tomke-utfanhus-web.jpg","width":700,"height":776,"caption":"Tomke \u00fatfanh\u00fbs"},{"@type":"BreadcrumbList","@id":"https:\/\/websjop.afuk.frl\/frl\/winkel\/tomke-utfanhus\/#breadcrumb","itemListElement":[{"@type":"ListItem","position":1,"name":"Home","item":"https:\/\/websjop.afuk.frl\/frl\/"},{"@type":"ListItem","position":2,"name":"Winkel","item":"https:\/\/websjop.afuk.frl\/nl\/winkel\/"},{"@type":"ListItem","position":3,"name":"Tomke \u00fatfanh\u00fbs"}]},{"@type":"WebSite","@id":"https:\/\/websjop.afuk.frl\/frl\/#website","url":"https:\/\/websjop.afuk.frl\/frl\/","name":"Af\u00fbk Websjop","description":"","potentialAction":[{"@type":"SearchAction","target":{"@type":"EntryPoint","urlTemplate":"https:\/\/websjop.afuk.frl\/frl\/?s={search_term_string}"},"query-input":{"@type":"PropertyValueSpecification","valueRequired":true,"valueName":"search_term_string"}}],"inLanguage":"fy-NL"}]}},"_links":{"self":[{"href":"https:\/\/websjop.afuk.frl\/frl\/wp-json\/wp\/v2\/product\/9364","targetHints":{"allow":["GET"]}}],"collection":[{"href":"https:\/\/websjop.afuk.frl\/frl\/wp-json\/wp\/v2\/product"}],"about":[{"href":"https:\/\/websjop.afuk.frl\/frl\/wp-json\/wp\/v2\/types\/product"}],"replies":[{"embeddable":true,"href":"https:\/\/websjop.afuk.frl\/frl\/wp-json\/wp\/v2\/comments?post=9364"}],"wp:featuredmedia":[{"embeddable":true,"href":"https:\/\/websjop.afuk.frl\/frl\/wp-json\/wp\/v2\/media\/9365"}],"wp:attachment":[{"href":"https:\/\/websjop.afuk.frl\/frl\/wp-json\/wp\/v2\/media?parent=9364"}],"wp:term":[{"taxonomy":"product_brand","embeddable":true,"href":"https:\/\/websjop.afuk.frl\/frl\/wp-json\/wp\/v2\/product_brand?post=9364"},{"taxonomy":"product_cat","embeddable":true,"href":"https:\/\/websjop.afuk.frl\/frl\/wp-json\/wp\/v2\/product_cat?post=9364"},{"taxonomy":"product_tag","embeddable":true,"href":"https:\/\/websjop.afuk.frl\/frl\/wp-json\/wp\/v2\/product_tag?post=9364"}],"curies":[{"name":"wp","href":"https:\/\/api.w.org\/{rel}","templated":true}]}}