{"id":9172,"date":"2014-12-03T15:34:16","date_gmt":"2014-12-03T14:34:16","guid":{"rendered":"https:\/\/websjop.bwhontwerpers.nl\/?post_type=product&#038;p=9172"},"modified":"2019-11-05T16:00:27","modified_gmt":"2019-11-05T15:00:27","slug":"oranjekoek-2","status":"publish","type":"product","link":"https:\/\/websjop.afuk.frl\/frl\/winkel\/oranjekoek-2\/","title":{"rendered":"Oranjekoek"},"content":{"rendered":"<p>Safolle bakkers, safolle oranjekoeken. In Frysk feest is net kompleet s&ucirc;nder oranjekoeke.&nbsp;It swiete banket hat in lange histoarje en is &uacute;tgroeid ta in feestlik symboal. Mar sa as &lsquo;d&egrave; Fries&rsquo; net bestiet, hat ek d&egrave; oranjekoeke in soad ferskiningsfoarmen. Yn in ta fotostudio omboud buske gie keunstner Tryntsje Nauta op besite by alle trijeennjoggentich bakkers om harren oranjekoeke te fotografearjen.<\/p>\n<p><\/p>\n<p><em>Oranjekoek, 3-talich: Frysk, Neder&acirc;nsk en Ingelsk, 30&#215;30 sm., ynb&ucirc;n<\/em><\/p>\n","protected":false},"excerpt":{"rendered":"<p>&#8216;Oranjekoek&#8217; is in fotoboek fan Tryntsje Nauta mei alle oranjekoeken fan de bakkers \u00fat Frysl\u00e2n, l\u00fakse grutte edysje.<\/p>\n","protected":false},"featured_media":9173,"comment_status":"open","ping_status":"open","template":"","meta":{"_acf_changed":false},"product_brand":[],"product_cat":[545,535,1054,544,1214],"product_tag":[],"class_list":{"0":"post-9172","1":"product","2":"type-product","3":"status-publish","4":"has-post-thumbnail","6":"product_cat-fotoboeken","7":"product_cat-fryske-boeken","8":"product_cat-itensiede","9":"product_cat-keunst-en-kultuer","10":"product_cat-sport-en-hobby","11":"product_shipping_class-pakketpost-verzending","12":"pa_auteur-tryntsje-nauta","13":"pa_is-een-afuk-product-0-2","14":"pa_sale-label-0-3","16":"first","17":"instock","18":"taxable","19":"shipping-taxable","20":"purchasable","21":"product-type-simple"},"acf":[],"yoast_head":"<!-- This site is optimized with the Yoast SEO plugin v27.3 - https:\/\/yoast.com\/product\/yoast-seo-wordpress\/ -->\n<title>Oranjekoek &#8211; Af\u00fbk Websjop<\/title>\n<meta name=\"robots\" content=\"index, follow, max-snippet:-1, max-image-preview:large, max-video-preview:-1\" \/>\n<link rel=\"canonical\" href=\"https:\/\/websjop.afuk.frl\/frl\/winkel\/oranjekoek-2\/\" \/>\n<meta property=\"og:locale\" content=\"fy_NL\" \/>\n<meta property=\"og:type\" content=\"article\" \/>\n<meta property=\"og:title\" content=\"Oranjekoek &#8211; Af\u00fbk Websjop\" \/>\n<meta property=\"og:description\" content=\"&#039;Oranjekoek&#039; is in fotoboek fan Tryntsje Nauta mei alle oranjekoeken fan de bakkers \u00fat Frysl\u00e2n, l\u00fakse grutte edysje.\" \/>\n<meta property=\"og:url\" content=\"https:\/\/websjop.afuk.frl\/frl\/winkel\/oranjekoek-2\/\" \/>\n<meta property=\"og:site_name\" content=\"Af\u00fbk Websjop\" \/>\n<meta property=\"article:modified_time\" content=\"2019-11-05T15:00:27+00:00\" \/>\n<meta property=\"og:image\" content=\"https:\/\/websjop.afuk.frl\/wp-content\/uploads\/2014\/12\/products-oranjekoek_1_1.jpg\" \/>\n\t<meta property=\"og:image:width\" content=\"572\" \/>\n\t<meta property=\"og:image:height\" content=\"580\" \/>\n\t<meta property=\"og:image:type\" content=\"image\/jpeg\" \/>\n<meta name=\"twitter:card\" content=\"summary_large_image\" \/>\n<script type=\"application\/ld+json\" class=\"yoast-schema-graph\">{\"@context\":\"https:\\\/\\\/schema.org\",\"@graph\":[{\"@type\":\"WebPage\",\"@id\":\"https:\\\/\\\/websjop.afuk.frl\\\/frl\\\/winkel\\\/oranjekoek-2\\\/\",\"url\":\"https:\\\/\\\/websjop.afuk.frl\\\/frl\\\/winkel\\\/oranjekoek-2\\\/\",\"name\":\"Oranjekoek &#8211; Af\u00fbk Websjop\",\"isPartOf\":{\"@id\":\"https:\\\/\\\/websjop.afuk.frl\\\/frl\\\/#website\"},\"primaryImageOfPage\":{\"@id\":\"https:\\\/\\\/websjop.afuk.frl\\\/frl\\\/winkel\\\/oranjekoek-2\\\/#primaryimage\"},\"image\":{\"@id\":\"https:\\\/\\\/websjop.afuk.frl\\\/frl\\\/winkel\\\/oranjekoek-2\\\/#primaryimage\"},\"thumbnailUrl\":\"https:\\\/\\\/websjop.afuk.frl\\\/wp-content\\\/uploads\\\/2014\\\/12\\\/products-oranjekoek_1_1.jpg\",\"datePublished\":\"2014-12-03T14:34:16+00:00\",\"dateModified\":\"2019-11-05T15:00:27+00:00\",\"breadcrumb\":{\"@id\":\"https:\\\/\\\/websjop.afuk.frl\\\/frl\\\/winkel\\\/oranjekoek-2\\\/#breadcrumb\"},\"inLanguage\":\"fy-NL\",\"potentialAction\":[{\"@type\":\"ReadAction\",\"target\":[\"https:\\\/\\\/websjop.afuk.frl\\\/frl\\\/winkel\\\/oranjekoek-2\\\/\"]}]},{\"@type\":\"ImageObject\",\"inLanguage\":\"fy-NL\",\"@id\":\"https:\\\/\\\/websjop.afuk.frl\\\/frl\\\/winkel\\\/oranjekoek-2\\\/#primaryimage\",\"url\":\"https:\\\/\\\/websjop.afuk.frl\\\/wp-content\\\/uploads\\\/2014\\\/12\\\/products-oranjekoek_1_1.jpg\",\"contentUrl\":\"https:\\\/\\\/websjop.afuk.frl\\\/wp-content\\\/uploads\\\/2014\\\/12\\\/products-oranjekoek_1_1.jpg\",\"width\":572,\"height\":580},{\"@type\":\"BreadcrumbList\",\"@id\":\"https:\\\/\\\/websjop.afuk.frl\\\/frl\\\/winkel\\\/oranjekoek-2\\\/#breadcrumb\",\"itemListElement\":[{\"@type\":\"ListItem\",\"position\":1,\"name\":\"Home\",\"item\":\"https:\\\/\\\/websjop.afuk.frl\\\/frl\\\/\"},{\"@type\":\"ListItem\",\"position\":2,\"name\":\"Winkel\",\"item\":\"https:\\\/\\\/websjop.afuk.frl\\\/nl\\\/winkel\\\/\"},{\"@type\":\"ListItem\",\"position\":3,\"name\":\"Oranjekoek\"}]},{\"@type\":\"WebSite\",\"@id\":\"https:\\\/\\\/websjop.afuk.frl\\\/frl\\\/#website\",\"url\":\"https:\\\/\\\/websjop.afuk.frl\\\/frl\\\/\",\"name\":\"Af\u00fbk Websjop\",\"description\":\"\",\"potentialAction\":[{\"@type\":\"SearchAction\",\"target\":{\"@type\":\"EntryPoint\",\"urlTemplate\":\"https:\\\/\\\/websjop.afuk.frl\\\/frl\\\/?s={search_term_string}\"},\"query-input\":{\"@type\":\"PropertyValueSpecification\",\"valueRequired\":true,\"valueName\":\"search_term_string\"}}],\"inLanguage\":\"fy-NL\"}]}<\/script>\n<!-- \/ Yoast SEO plugin. -->","yoast_head_json":{"title":"Oranjekoek &#8211; Af\u00fbk Websjop","robots":{"index":"index","follow":"follow","max-snippet":"max-snippet:-1","max-image-preview":"max-image-preview:large","max-video-preview":"max-video-preview:-1"},"canonical":"https:\/\/websjop.afuk.frl\/frl\/winkel\/oranjekoek-2\/","og_locale":"fy_NL","og_type":"article","og_title":"Oranjekoek &#8211; Af\u00fbk Websjop","og_description":"'Oranjekoek' is in fotoboek fan Tryntsje Nauta mei alle oranjekoeken fan de bakkers \u00fat Frysl\u00e2n, l\u00fakse grutte edysje.","og_url":"https:\/\/websjop.afuk.frl\/frl\/winkel\/oranjekoek-2\/","og_site_name":"Af\u00fbk Websjop","article_modified_time":"2019-11-05T15:00:27+00:00","og_image":[{"width":572,"height":580,"url":"https:\/\/websjop.afuk.frl\/wp-content\/uploads\/2014\/12\/products-oranjekoek_1_1.jpg","type":"image\/jpeg"}],"twitter_card":"summary_large_image","schema":{"@context":"https:\/\/schema.org","@graph":[{"@type":"WebPage","@id":"https:\/\/websjop.afuk.frl\/frl\/winkel\/oranjekoek-2\/","url":"https:\/\/websjop.afuk.frl\/frl\/winkel\/oranjekoek-2\/","name":"Oranjekoek &#8211; Af\u00fbk Websjop","isPartOf":{"@id":"https:\/\/websjop.afuk.frl\/frl\/#website"},"primaryImageOfPage":{"@id":"https:\/\/websjop.afuk.frl\/frl\/winkel\/oranjekoek-2\/#primaryimage"},"image":{"@id":"https:\/\/websjop.afuk.frl\/frl\/winkel\/oranjekoek-2\/#primaryimage"},"thumbnailUrl":"https:\/\/websjop.afuk.frl\/wp-content\/uploads\/2014\/12\/products-oranjekoek_1_1.jpg","datePublished":"2014-12-03T14:34:16+00:00","dateModified":"2019-11-05T15:00:27+00:00","breadcrumb":{"@id":"https:\/\/websjop.afuk.frl\/frl\/winkel\/oranjekoek-2\/#breadcrumb"},"inLanguage":"fy-NL","potentialAction":[{"@type":"ReadAction","target":["https:\/\/websjop.afuk.frl\/frl\/winkel\/oranjekoek-2\/"]}]},{"@type":"ImageObject","inLanguage":"fy-NL","@id":"https:\/\/websjop.afuk.frl\/frl\/winkel\/oranjekoek-2\/#primaryimage","url":"https:\/\/websjop.afuk.frl\/wp-content\/uploads\/2014\/12\/products-oranjekoek_1_1.jpg","contentUrl":"https:\/\/websjop.afuk.frl\/wp-content\/uploads\/2014\/12\/products-oranjekoek_1_1.jpg","width":572,"height":580},{"@type":"BreadcrumbList","@id":"https:\/\/websjop.afuk.frl\/frl\/winkel\/oranjekoek-2\/#breadcrumb","itemListElement":[{"@type":"ListItem","position":1,"name":"Home","item":"https:\/\/websjop.afuk.frl\/frl\/"},{"@type":"ListItem","position":2,"name":"Winkel","item":"https:\/\/websjop.afuk.frl\/nl\/winkel\/"},{"@type":"ListItem","position":3,"name":"Oranjekoek"}]},{"@type":"WebSite","@id":"https:\/\/websjop.afuk.frl\/frl\/#website","url":"https:\/\/websjop.afuk.frl\/frl\/","name":"Af\u00fbk Websjop","description":"","potentialAction":[{"@type":"SearchAction","target":{"@type":"EntryPoint","urlTemplate":"https:\/\/websjop.afuk.frl\/frl\/?s={search_term_string}"},"query-input":{"@type":"PropertyValueSpecification","valueRequired":true,"valueName":"search_term_string"}}],"inLanguage":"fy-NL"}]}},"_links":{"self":[{"href":"https:\/\/websjop.afuk.frl\/frl\/wp-json\/wp\/v2\/product\/9172","targetHints":{"allow":["GET"]}}],"collection":[{"href":"https:\/\/websjop.afuk.frl\/frl\/wp-json\/wp\/v2\/product"}],"about":[{"href":"https:\/\/websjop.afuk.frl\/frl\/wp-json\/wp\/v2\/types\/product"}],"replies":[{"embeddable":true,"href":"https:\/\/websjop.afuk.frl\/frl\/wp-json\/wp\/v2\/comments?post=9172"}],"wp:featuredmedia":[{"embeddable":true,"href":"https:\/\/websjop.afuk.frl\/frl\/wp-json\/wp\/v2\/media\/9173"}],"wp:attachment":[{"href":"https:\/\/websjop.afuk.frl\/frl\/wp-json\/wp\/v2\/media?parent=9172"}],"wp:term":[{"taxonomy":"product_brand","embeddable":true,"href":"https:\/\/websjop.afuk.frl\/frl\/wp-json\/wp\/v2\/product_brand?post=9172"},{"taxonomy":"product_cat","embeddable":true,"href":"https:\/\/websjop.afuk.frl\/frl\/wp-json\/wp\/v2\/product_cat?post=9172"},{"taxonomy":"product_tag","embeddable":true,"href":"https:\/\/websjop.afuk.frl\/frl\/wp-json\/wp\/v2\/product_tag?post=9172"}],"curies":[{"name":"wp","href":"https:\/\/api.w.org\/{rel}","templated":true}]}}