{"id":9106,"date":"2014-11-17T14:26:05","date_gmt":"2014-11-17T13:26:05","guid":{"rendered":"https:\/\/websjop.bwhontwerpers.nl\/?post_type=product&#038;p=9106"},"modified":"2022-03-03T10:55:55","modified_gmt":"2022-03-03T09:55:55","slug":"losse-hannen","status":"publish","type":"product","link":"https:\/\/websjop.afuk.frl\/frl\/winkel\/losse-hannen\/","title":{"rendered":"Losse hannen"},"content":{"rendered":"<p>Tessa is fjirtjin jier. Op skoalle en ek th\u00fas heart se der net echt by. Har \u00e2ldere broer is jaloersk op syn kreas suske en mem h\u00e2ldt him de h\u00e2n boppe de holle. Tessa komt graach oer de flier by Sjerda, dy\u2019t troch in hormoansykte bedutsen is mei in tin laachje hier. Sjerda is widdofrou en wennet in ein b\u00fbten\u00fat. Se fielt har sterk en \u00fbn\u00f4fhinklik en hat mei net folle lju gedoente. Jeroen, tritich jier, in troude filosofystudint, docht boadskippen foar har. Hy is ferlyfd op Tessa en kin syn hannen net th\u00fash\u00e2lde. As Tessa him ien kear gewurde lit komt se yn \u2019e problemen, mar se wit har steande te h\u00e2lden mei help fan Sjerda.<\/p>\n<p><em>Losse hannen<\/em> wie yn 2000 Saakje Huisman har romandeb\u00fat.<\/p>\n<p>It ferhaal hat my fan it begjin oan \u2019e ein yn \u2019e besnijing h\u00e2n en ik bin der fan oertsj\u00fbge dat soks foar de measte l\u00eazers jilde sil.<br \/>\n<em>Henk van der Veer yn it Sneeker Nieuwsblad<\/em><\/p>\n<p>Huisman toant har op har b\u00east yn \u2019e dialogen, dy binne libben en bytiden feninich.<br \/>\n<em>Sjoerd Bottema yn Trotwaer<\/em><\/p>\n","protected":false},"excerpt":{"rendered":"<p>Fjirtjinjierrich famke dat der net echt by heart besiket har steande te h\u00e2lden<\/p>\n","protected":false},"featured_media":9107,"comment_status":"closed","ping_status":"closed","template":"","meta":{"_acf_changed":false},"product_brand":[],"product_cat":[535,552,537,1215],"product_tag":[6494],"class_list":{"0":"post-9106","1":"product","2":"type-product","3":"status-publish","4":"has-post-thumbnail","6":"product_cat-fryske-boeken","7":"product_cat-jeugdboeken","8":"product_cat-romans","9":"product_cat-romans-en-literatuer","10":"product_tag-losse-hannen","11":"product_shipping_class-brievenbus-verzending","12":"pa_auteur-saakje-huisman-venema-2","13":"pa_isbn-6492","14":"pa_taal-frysk","15":"pa_uitgever-elikser","17":"first","18":"instock","19":"taxable","20":"shipping-taxable","21":"purchasable","22":"product-type-simple"},"acf":[],"yoast_head":"<!-- This site is optimized with the Yoast SEO plugin v27.2 - https:\/\/yoast.com\/product\/yoast-seo-wordpress\/ -->\n<title>Losse hannen &#8211; Af\u00fbk Websjop<\/title>\n<meta name=\"robots\" content=\"index, follow, max-snippet:-1, max-image-preview:large, max-video-preview:-1\" \/>\n<link rel=\"canonical\" href=\"https:\/\/websjop.afuk.frl\/frl\/winkel\/losse-hannen\/\" \/>\n<meta property=\"og:locale\" content=\"fy_NL\" \/>\n<meta property=\"og:type\" content=\"article\" \/>\n<meta property=\"og:title\" content=\"Losse hannen &#8211; Af\u00fbk Websjop\" \/>\n<meta property=\"og:description\" content=\"Fjirtjinjierrich famke dat der net echt by heart besiket har steande te h\u00e2lden\" \/>\n<meta property=\"og:url\" content=\"https:\/\/websjop.afuk.frl\/frl\/winkel\/losse-hannen\/\" \/>\n<meta property=\"og:site_name\" content=\"Af\u00fbk Websjop\" \/>\n<meta property=\"article:modified_time\" content=\"2022-03-03T09:55:55+00:00\" \/>\n<meta property=\"og:image\" content=\"https:\/\/websjop.afuk.frl\/wp-content\/uploads\/2014\/11\/products-losse-hannen.jpg\" \/>\n\t<meta property=\"og:image:width\" content=\"521\" \/>\n\t<meta property=\"og:image:height\" content=\"800\" \/>\n\t<meta property=\"og:image:type\" content=\"image\/jpeg\" \/>\n<meta name=\"twitter:card\" content=\"summary_large_image\" \/>\n<meta name=\"twitter:label1\" content=\"Est. reading time\" \/>\n\t<meta name=\"twitter:data1\" content=\"1 minute\" \/>\n<script type=\"application\/ld+json\" class=\"yoast-schema-graph\">{\"@context\":\"https:\/\/schema.org\",\"@graph\":[{\"@type\":\"WebPage\",\"@id\":\"https:\/\/websjop.afuk.frl\/frl\/winkel\/losse-hannen\/\",\"url\":\"https:\/\/websjop.afuk.frl\/frl\/winkel\/losse-hannen\/\",\"name\":\"Losse hannen &#8211; Af\u00fbk Websjop\",\"isPartOf\":{\"@id\":\"https:\/\/websjop.afuk.frl\/frl\/#website\"},\"primaryImageOfPage\":{\"@id\":\"https:\/\/websjop.afuk.frl\/frl\/winkel\/losse-hannen\/#primaryimage\"},\"image\":{\"@id\":\"https:\/\/websjop.afuk.frl\/frl\/winkel\/losse-hannen\/#primaryimage\"},\"thumbnailUrl\":\"https:\/\/websjop.afuk.frl\/wp-content\/uploads\/2014\/11\/products-losse-hannen.jpg\",\"datePublished\":\"2014-11-17T13:26:05+00:00\",\"dateModified\":\"2022-03-03T09:55:55+00:00\",\"breadcrumb\":{\"@id\":\"https:\/\/websjop.afuk.frl\/frl\/winkel\/losse-hannen\/#breadcrumb\"},\"inLanguage\":\"fy-NL\",\"potentialAction\":[{\"@type\":\"ReadAction\",\"target\":[\"https:\/\/websjop.afuk.frl\/frl\/winkel\/losse-hannen\/\"]}]},{\"@type\":\"ImageObject\",\"inLanguage\":\"fy-NL\",\"@id\":\"https:\/\/websjop.afuk.frl\/frl\/winkel\/losse-hannen\/#primaryimage\",\"url\":\"https:\/\/websjop.afuk.frl\/wp-content\/uploads\/2014\/11\/products-losse-hannen.jpg\",\"contentUrl\":\"https:\/\/websjop.afuk.frl\/wp-content\/uploads\/2014\/11\/products-losse-hannen.jpg\",\"width\":521,\"height\":800,\"caption\":\"Losse hannen\"},{\"@type\":\"BreadcrumbList\",\"@id\":\"https:\/\/websjop.afuk.frl\/frl\/winkel\/losse-hannen\/#breadcrumb\",\"itemListElement\":[{\"@type\":\"ListItem\",\"position\":1,\"name\":\"Home\",\"item\":\"https:\/\/websjop.afuk.frl\/frl\/\"},{\"@type\":\"ListItem\",\"position\":2,\"name\":\"Winkel\",\"item\":\"https:\/\/websjop.afuk.frl\/nl\/winkel\/\"},{\"@type\":\"ListItem\",\"position\":3,\"name\":\"Losse hannen\"}]},{\"@type\":\"WebSite\",\"@id\":\"https:\/\/websjop.afuk.frl\/frl\/#website\",\"url\":\"https:\/\/websjop.afuk.frl\/frl\/\",\"name\":\"Af\u00fbk Websjop\",\"description\":\"\",\"potentialAction\":[{\"@type\":\"SearchAction\",\"target\":{\"@type\":\"EntryPoint\",\"urlTemplate\":\"https:\/\/websjop.afuk.frl\/frl\/?s={search_term_string}\"},\"query-input\":{\"@type\":\"PropertyValueSpecification\",\"valueRequired\":true,\"valueName\":\"search_term_string\"}}],\"inLanguage\":\"fy-NL\"}]}<\/script>\n<!-- \/ Yoast SEO plugin. -->","yoast_head_json":{"title":"Losse hannen &#8211; Af\u00fbk Websjop","robots":{"index":"index","follow":"follow","max-snippet":"max-snippet:-1","max-image-preview":"max-image-preview:large","max-video-preview":"max-video-preview:-1"},"canonical":"https:\/\/websjop.afuk.frl\/frl\/winkel\/losse-hannen\/","og_locale":"fy_NL","og_type":"article","og_title":"Losse hannen &#8211; Af\u00fbk Websjop","og_description":"Fjirtjinjierrich famke dat der net echt by heart besiket har steande te h\u00e2lden","og_url":"https:\/\/websjop.afuk.frl\/frl\/winkel\/losse-hannen\/","og_site_name":"Af\u00fbk Websjop","article_modified_time":"2022-03-03T09:55:55+00:00","og_image":[{"width":521,"height":800,"url":"https:\/\/websjop.afuk.frl\/wp-content\/uploads\/2014\/11\/products-losse-hannen.jpg","type":"image\/jpeg"}],"twitter_card":"summary_large_image","twitter_misc":{"Est. reading time":"1 minute"},"schema":{"@context":"https:\/\/schema.org","@graph":[{"@type":"WebPage","@id":"https:\/\/websjop.afuk.frl\/frl\/winkel\/losse-hannen\/","url":"https:\/\/websjop.afuk.frl\/frl\/winkel\/losse-hannen\/","name":"Losse hannen &#8211; Af\u00fbk Websjop","isPartOf":{"@id":"https:\/\/websjop.afuk.frl\/frl\/#website"},"primaryImageOfPage":{"@id":"https:\/\/websjop.afuk.frl\/frl\/winkel\/losse-hannen\/#primaryimage"},"image":{"@id":"https:\/\/websjop.afuk.frl\/frl\/winkel\/losse-hannen\/#primaryimage"},"thumbnailUrl":"https:\/\/websjop.afuk.frl\/wp-content\/uploads\/2014\/11\/products-losse-hannen.jpg","datePublished":"2014-11-17T13:26:05+00:00","dateModified":"2022-03-03T09:55:55+00:00","breadcrumb":{"@id":"https:\/\/websjop.afuk.frl\/frl\/winkel\/losse-hannen\/#breadcrumb"},"inLanguage":"fy-NL","potentialAction":[{"@type":"ReadAction","target":["https:\/\/websjop.afuk.frl\/frl\/winkel\/losse-hannen\/"]}]},{"@type":"ImageObject","inLanguage":"fy-NL","@id":"https:\/\/websjop.afuk.frl\/frl\/winkel\/losse-hannen\/#primaryimage","url":"https:\/\/websjop.afuk.frl\/wp-content\/uploads\/2014\/11\/products-losse-hannen.jpg","contentUrl":"https:\/\/websjop.afuk.frl\/wp-content\/uploads\/2014\/11\/products-losse-hannen.jpg","width":521,"height":800,"caption":"Losse hannen"},{"@type":"BreadcrumbList","@id":"https:\/\/websjop.afuk.frl\/frl\/winkel\/losse-hannen\/#breadcrumb","itemListElement":[{"@type":"ListItem","position":1,"name":"Home","item":"https:\/\/websjop.afuk.frl\/frl\/"},{"@type":"ListItem","position":2,"name":"Winkel","item":"https:\/\/websjop.afuk.frl\/nl\/winkel\/"},{"@type":"ListItem","position":3,"name":"Losse hannen"}]},{"@type":"WebSite","@id":"https:\/\/websjop.afuk.frl\/frl\/#website","url":"https:\/\/websjop.afuk.frl\/frl\/","name":"Af\u00fbk Websjop","description":"","potentialAction":[{"@type":"SearchAction","target":{"@type":"EntryPoint","urlTemplate":"https:\/\/websjop.afuk.frl\/frl\/?s={search_term_string}"},"query-input":{"@type":"PropertyValueSpecification","valueRequired":true,"valueName":"search_term_string"}}],"inLanguage":"fy-NL"}]}},"_links":{"self":[{"href":"https:\/\/websjop.afuk.frl\/frl\/wp-json\/wp\/v2\/product\/9106","targetHints":{"allow":["GET"]}}],"collection":[{"href":"https:\/\/websjop.afuk.frl\/frl\/wp-json\/wp\/v2\/product"}],"about":[{"href":"https:\/\/websjop.afuk.frl\/frl\/wp-json\/wp\/v2\/types\/product"}],"replies":[{"embeddable":true,"href":"https:\/\/websjop.afuk.frl\/frl\/wp-json\/wp\/v2\/comments?post=9106"}],"wp:featuredmedia":[{"embeddable":true,"href":"https:\/\/websjop.afuk.frl\/frl\/wp-json\/wp\/v2\/media\/9107"}],"wp:attachment":[{"href":"https:\/\/websjop.afuk.frl\/frl\/wp-json\/wp\/v2\/media?parent=9106"}],"wp:term":[{"taxonomy":"product_brand","embeddable":true,"href":"https:\/\/websjop.afuk.frl\/frl\/wp-json\/wp\/v2\/product_brand?post=9106"},{"taxonomy":"product_cat","embeddable":true,"href":"https:\/\/websjop.afuk.frl\/frl\/wp-json\/wp\/v2\/product_cat?post=9106"},{"taxonomy":"product_tag","embeddable":true,"href":"https:\/\/websjop.afuk.frl\/frl\/wp-json\/wp\/v2\/product_tag?post=9106"}],"curies":[{"name":"wp","href":"https:\/\/api.w.org\/{rel}","templated":true}]}}