{"id":9051,"date":"2014-11-12T10:09:59","date_gmt":"2014-11-12T09:09:59","guid":{"rendered":"https:\/\/websjop.bwhontwerpers.nl\/?post_type=product&#038;p=9051"},"modified":"2024-11-20T15:16:41","modified_gmt":"2024-11-20T14:16:41","slug":"de-ridder-fan-oei","status":"publish","type":"product","link":"https:\/\/websjop.afuk.frl\/frl\/winkel\/de-ridder-fan-oei\/","title":{"rendered":"De ridder fan Oei!"},"content":{"rendered":"<p>Yn dit boek betinke fjouwer bern in prachtige stunt om de juf fan har klasse oan in d\u00fbnsmaat te helpen. It is doarpsfeest en dan is der fan alles te dwaan yn de feesttinte. Foar de bern h\u00e2lde se in pyamabal. Dat betsjut dat alle bern yn \u2018e pyama komme kinne om dan meielkoar te d\u00fbnsjen. De j\u00fbns is der in d\u00fbnsfeest foar de grutte minsken, mar dan yn gewoane klean.<br \/>\nFjouwer bern, Brit, Hiske, Jort en Ben wolle har juf nei it feest ta hawwe. Der is ien probleem, juf hat net in man. Se freegje wat juf har dreamman is. Juf mei graach nei de film gean en lit de bern in poster sjen fan in spannende film en seit dat har dreamman \u2018De ridder fan Oei\u2019 is. De bern besjogge de poster hiel goed, mar hoe sille se dat oanpakke, want op it printsje sjogge de bern in ridder yn in harnas mei in aap op \u2019e nekke. En hy rydt op in grien hynder. Watfoar plan betinke Brit, Jort, Hiske en Ben om \u2018de ridder fan Oei\u2019 te finen? En wol juf wol d\u00fbnsje mei dy bys\u00fbndere ridder? Dat kinne jimme l\u00eaze yn dit spannende boek.<\/p>\n<p>L\u00easboekje by Studio F metoade, AVI E4M5.<\/p>\n","protected":false},"excerpt":{"rendered":"<p>L\u00easboekje Studio F, tema keunst<\/p>\n","protected":false},"featured_media":9052,"comment_status":"closed","ping_status":"closed","template":"","meta":{"_acf_changed":false},"product_brand":[],"product_cat":[1213,550,551,1043,1217,535,23236],"product_tag":[15021,15023,6041,15022],"class_list":{"0":"post-9051","1":"product","2":"type-product","3":"status-publish","4":"has-post-thumbnail","6":"product_cat-berne-en-jeugdboeken","7":"product_cat-berneboeken-4-8","8":"product_cat-berneboeken-8-12","9":"product_cat-edukatyf","10":"product_cat-foar-bern","11":"product_cat-fryske-boeken","12":"product_cat-tema-sels-leze-nl","13":"product_tag-de-ridder-fan-oei","14":"product_tag-lesboekje-avi","15":"product_tag-lida-dijkstra","16":"product_tag-studio-f","17":"product_shipping_class-brievenbus-verzending","18":"pa_auteur-lida-dykstra-2","19":"pa_isbn-15020","20":"pa_taal-frysk","21":"pa_uitgever-afuk","23":"first","24":"instock","25":"taxable","26":"shipping-taxable","27":"purchasable","28":"product-type-simple"},"acf":[],"yoast_head":"<!-- This site is optimized with the Yoast SEO plugin v27.2 - https:\/\/yoast.com\/product\/yoast-seo-wordpress\/ -->\n<title>De ridder fan Oei! &#8211; Af\u00fbk Websjop<\/title>\n<meta name=\"description\" content=\"Yn De ridder fan Oei fan Lida Dijkstra betinke fjouwer bern in prachtige stunt om de juf fan har klasse oan in d\u00fbnsmaat te helpen. Spannend ferhaal!\" \/>\n<meta name=\"robots\" content=\"index, follow, max-snippet:-1, max-image-preview:large, max-video-preview:-1\" \/>\n<link rel=\"canonical\" href=\"https:\/\/websjop.afuk.frl\/frl\/winkel\/de-ridder-fan-oei\/\" \/>\n<meta property=\"og:locale\" content=\"fy_NL\" \/>\n<meta property=\"og:type\" content=\"article\" \/>\n<meta property=\"og:title\" content=\"De ridder fan Oei! &#8211; Af\u00fbk Websjop\" \/>\n<meta property=\"og:description\" content=\"Yn De ridder fan Oei fan Lida Dijkstra betinke fjouwer bern in prachtige stunt om de juf fan har klasse oan in d\u00fbnsmaat te helpen. Spannend ferhaal!\" \/>\n<meta property=\"og:url\" content=\"https:\/\/websjop.afuk.frl\/frl\/winkel\/de-ridder-fan-oei\/\" \/>\n<meta property=\"og:site_name\" content=\"Af\u00fbk Websjop\" \/>\n<meta property=\"article:modified_time\" content=\"2024-11-20T14:16:41+00:00\" \/>\n<meta property=\"og:image\" content=\"https:\/\/websjop.afuk.frl\/wp-content\/uploads\/2014\/11\/products-studio-f-de-ridder-fan-oei-web.jpg\" \/>\n\t<meta property=\"og:image:width\" content=\"700\" \/>\n\t<meta property=\"og:image:height\" content=\"994\" \/>\n\t<meta property=\"og:image:type\" content=\"image\/jpeg\" \/>\n<meta name=\"twitter:card\" content=\"summary_large_image\" \/>\n<meta name=\"twitter:label1\" content=\"Est. reading time\" \/>\n\t<meta name=\"twitter:data1\" content=\"1 minute\" \/>\n<script type=\"application\/ld+json\" class=\"yoast-schema-graph\">{\"@context\":\"https:\/\/schema.org\",\"@graph\":[{\"@type\":\"WebPage\",\"@id\":\"https:\/\/websjop.afuk.frl\/frl\/winkel\/de-ridder-fan-oei\/\",\"url\":\"https:\/\/websjop.afuk.frl\/frl\/winkel\/de-ridder-fan-oei\/\",\"name\":\"De ridder fan Oei! &#8211; Af\u00fbk Websjop\",\"isPartOf\":{\"@id\":\"https:\/\/websjop.afuk.frl\/frl\/#website\"},\"primaryImageOfPage\":{\"@id\":\"https:\/\/websjop.afuk.frl\/frl\/winkel\/de-ridder-fan-oei\/#primaryimage\"},\"image\":{\"@id\":\"https:\/\/websjop.afuk.frl\/frl\/winkel\/de-ridder-fan-oei\/#primaryimage\"},\"thumbnailUrl\":\"https:\/\/websjop.afuk.frl\/wp-content\/uploads\/2014\/11\/products-studio-f-de-ridder-fan-oei-web.jpg\",\"datePublished\":\"2014-11-12T09:09:59+00:00\",\"dateModified\":\"2024-11-20T14:16:41+00:00\",\"description\":\"Yn De ridder fan Oei fan Lida Dijkstra betinke fjouwer bern in prachtige stunt om de juf fan har klasse oan in d\u00fbnsmaat te helpen. Spannend ferhaal!\",\"breadcrumb\":{\"@id\":\"https:\/\/websjop.afuk.frl\/frl\/winkel\/de-ridder-fan-oei\/#breadcrumb\"},\"inLanguage\":\"fy-NL\",\"potentialAction\":[{\"@type\":\"ReadAction\",\"target\":[\"https:\/\/websjop.afuk.frl\/frl\/winkel\/de-ridder-fan-oei\/\"]}]},{\"@type\":\"ImageObject\",\"inLanguage\":\"fy-NL\",\"@id\":\"https:\/\/websjop.afuk.frl\/frl\/winkel\/de-ridder-fan-oei\/#primaryimage\",\"url\":\"https:\/\/websjop.afuk.frl\/wp-content\/uploads\/2014\/11\/products-studio-f-de-ridder-fan-oei-web.jpg\",\"contentUrl\":\"https:\/\/websjop.afuk.frl\/wp-content\/uploads\/2014\/11\/products-studio-f-de-ridder-fan-oei-web.jpg\",\"width\":700,\"height\":994},{\"@type\":\"BreadcrumbList\",\"@id\":\"https:\/\/websjop.afuk.frl\/frl\/winkel\/de-ridder-fan-oei\/#breadcrumb\",\"itemListElement\":[{\"@type\":\"ListItem\",\"position\":1,\"name\":\"Home\",\"item\":\"https:\/\/websjop.afuk.frl\/frl\/\"},{\"@type\":\"ListItem\",\"position\":2,\"name\":\"Winkel\",\"item\":\"https:\/\/websjop.afuk.frl\/nl\/winkel\/\"},{\"@type\":\"ListItem\",\"position\":3,\"name\":\"De ridder fan Oei!\"}]},{\"@type\":\"WebSite\",\"@id\":\"https:\/\/websjop.afuk.frl\/frl\/#website\",\"url\":\"https:\/\/websjop.afuk.frl\/frl\/\",\"name\":\"Af\u00fbk Websjop\",\"description\":\"\",\"potentialAction\":[{\"@type\":\"SearchAction\",\"target\":{\"@type\":\"EntryPoint\",\"urlTemplate\":\"https:\/\/websjop.afuk.frl\/frl\/?s={search_term_string}\"},\"query-input\":{\"@type\":\"PropertyValueSpecification\",\"valueRequired\":true,\"valueName\":\"search_term_string\"}}],\"inLanguage\":\"fy-NL\"}]}<\/script>\n<!-- \/ Yoast SEO plugin. -->","yoast_head_json":{"title":"De ridder fan Oei! &#8211; Af\u00fbk Websjop","description":"Yn De ridder fan Oei fan Lida Dijkstra betinke fjouwer bern in prachtige stunt om de juf fan har klasse oan in d\u00fbnsmaat te helpen. Spannend ferhaal!","robots":{"index":"index","follow":"follow","max-snippet":"max-snippet:-1","max-image-preview":"max-image-preview:large","max-video-preview":"max-video-preview:-1"},"canonical":"https:\/\/websjop.afuk.frl\/frl\/winkel\/de-ridder-fan-oei\/","og_locale":"fy_NL","og_type":"article","og_title":"De ridder fan Oei! &#8211; Af\u00fbk Websjop","og_description":"Yn De ridder fan Oei fan Lida Dijkstra betinke fjouwer bern in prachtige stunt om de juf fan har klasse oan in d\u00fbnsmaat te helpen. Spannend ferhaal!","og_url":"https:\/\/websjop.afuk.frl\/frl\/winkel\/de-ridder-fan-oei\/","og_site_name":"Af\u00fbk Websjop","article_modified_time":"2024-11-20T14:16:41+00:00","og_image":[{"width":700,"height":994,"url":"https:\/\/websjop.afuk.frl\/wp-content\/uploads\/2014\/11\/products-studio-f-de-ridder-fan-oei-web.jpg","type":"image\/jpeg"}],"twitter_card":"summary_large_image","twitter_misc":{"Est. reading time":"1 minute"},"schema":{"@context":"https:\/\/schema.org","@graph":[{"@type":"WebPage","@id":"https:\/\/websjop.afuk.frl\/frl\/winkel\/de-ridder-fan-oei\/","url":"https:\/\/websjop.afuk.frl\/frl\/winkel\/de-ridder-fan-oei\/","name":"De ridder fan Oei! &#8211; Af\u00fbk Websjop","isPartOf":{"@id":"https:\/\/websjop.afuk.frl\/frl\/#website"},"primaryImageOfPage":{"@id":"https:\/\/websjop.afuk.frl\/frl\/winkel\/de-ridder-fan-oei\/#primaryimage"},"image":{"@id":"https:\/\/websjop.afuk.frl\/frl\/winkel\/de-ridder-fan-oei\/#primaryimage"},"thumbnailUrl":"https:\/\/websjop.afuk.frl\/wp-content\/uploads\/2014\/11\/products-studio-f-de-ridder-fan-oei-web.jpg","datePublished":"2014-11-12T09:09:59+00:00","dateModified":"2024-11-20T14:16:41+00:00","description":"Yn De ridder fan Oei fan Lida Dijkstra betinke fjouwer bern in prachtige stunt om de juf fan har klasse oan in d\u00fbnsmaat te helpen. Spannend ferhaal!","breadcrumb":{"@id":"https:\/\/websjop.afuk.frl\/frl\/winkel\/de-ridder-fan-oei\/#breadcrumb"},"inLanguage":"fy-NL","potentialAction":[{"@type":"ReadAction","target":["https:\/\/websjop.afuk.frl\/frl\/winkel\/de-ridder-fan-oei\/"]}]},{"@type":"ImageObject","inLanguage":"fy-NL","@id":"https:\/\/websjop.afuk.frl\/frl\/winkel\/de-ridder-fan-oei\/#primaryimage","url":"https:\/\/websjop.afuk.frl\/wp-content\/uploads\/2014\/11\/products-studio-f-de-ridder-fan-oei-web.jpg","contentUrl":"https:\/\/websjop.afuk.frl\/wp-content\/uploads\/2014\/11\/products-studio-f-de-ridder-fan-oei-web.jpg","width":700,"height":994},{"@type":"BreadcrumbList","@id":"https:\/\/websjop.afuk.frl\/frl\/winkel\/de-ridder-fan-oei\/#breadcrumb","itemListElement":[{"@type":"ListItem","position":1,"name":"Home","item":"https:\/\/websjop.afuk.frl\/frl\/"},{"@type":"ListItem","position":2,"name":"Winkel","item":"https:\/\/websjop.afuk.frl\/nl\/winkel\/"},{"@type":"ListItem","position":3,"name":"De ridder fan Oei!"}]},{"@type":"WebSite","@id":"https:\/\/websjop.afuk.frl\/frl\/#website","url":"https:\/\/websjop.afuk.frl\/frl\/","name":"Af\u00fbk Websjop","description":"","potentialAction":[{"@type":"SearchAction","target":{"@type":"EntryPoint","urlTemplate":"https:\/\/websjop.afuk.frl\/frl\/?s={search_term_string}"},"query-input":{"@type":"PropertyValueSpecification","valueRequired":true,"valueName":"search_term_string"}}],"inLanguage":"fy-NL"}]}},"_links":{"self":[{"href":"https:\/\/websjop.afuk.frl\/frl\/wp-json\/wp\/v2\/product\/9051","targetHints":{"allow":["GET"]}}],"collection":[{"href":"https:\/\/websjop.afuk.frl\/frl\/wp-json\/wp\/v2\/product"}],"about":[{"href":"https:\/\/websjop.afuk.frl\/frl\/wp-json\/wp\/v2\/types\/product"}],"replies":[{"embeddable":true,"href":"https:\/\/websjop.afuk.frl\/frl\/wp-json\/wp\/v2\/comments?post=9051"}],"wp:featuredmedia":[{"embeddable":true,"href":"https:\/\/websjop.afuk.frl\/frl\/wp-json\/wp\/v2\/media\/9052"}],"wp:attachment":[{"href":"https:\/\/websjop.afuk.frl\/frl\/wp-json\/wp\/v2\/media?parent=9051"}],"wp:term":[{"taxonomy":"product_brand","embeddable":true,"href":"https:\/\/websjop.afuk.frl\/frl\/wp-json\/wp\/v2\/product_brand?post=9051"},{"taxonomy":"product_cat","embeddable":true,"href":"https:\/\/websjop.afuk.frl\/frl\/wp-json\/wp\/v2\/product_cat?post=9051"},{"taxonomy":"product_tag","embeddable":true,"href":"https:\/\/websjop.afuk.frl\/frl\/wp-json\/wp\/v2\/product_tag?post=9051"}],"curies":[{"name":"wp","href":"https:\/\/api.w.org\/{rel}","templated":true}]}}