{"id":8941,"date":"2014-09-29T04:33:02","date_gmt":"2014-09-29T03:33:02","guid":{"rendered":"https:\/\/websjop.bwhontwerpers.nl\/?post_type=product&#038;p=8941"},"modified":"2022-03-04T10:33:33","modified_gmt":"2022-03-04T09:33:33","slug":"blomlezing-ut-e-spaanske-poezij","status":"publish","type":"product","link":"https:\/\/websjop.afuk.frl\/frl\/winkel\/blomlezing-ut-e-spaanske-poezij\/","title":{"rendered":"Bloml\u00eazing \u00fat &#8216;e Spaanske po\u00ebzij"},"content":{"rendered":"<p>Mar in hantsjefol oersettings besteane der yn it Frysk fan Spaansktalige po\u00ebzij. Dizze bondel foeget d\u00ear g\u00e2ns in tal fersen oan ta.<br \/>\nKlaas Bruinsma lit de l\u00eazer yn \u00fas eigen memmetaal genietsje fan al it prachtige dat Spaanse dichters troch de ieuwen hinne skreaun hawwe, yn kr\u00eaftige, linige fersrigels. De earste gedichten binne al \u00fat it iere begjin fan de sechstjinde ieu, en geande troch de tiid hinne einiget de oersetter mei in noch libbene dichter \u00fat Nicaragua, dy&#8217;t yn syn eigen l\u00e2n sjoen wurdt as de belangrykste dichter op dit stuit yn Latynsk-Amerika.<br \/>\nDe treflike, wieldrige Spaanse gedichten binne in genot om te l\u00eazen en de skientme fan de Fryske fertalingen foeget der in diminsje fan eigenens oan ta.<\/p>\n<p>Klaas Bruinsma hat in grut tal Fryske oersettings op syn namme stean, \u00fb.o. \u00fat it Latyn, Gryks, Ingels, D\u00fats, Middelnederl\u00e2ns.<\/p>\n","protected":false},"excerpt":{"rendered":"<p>Gedichten<\/p>\n","protected":false},"featured_media":8942,"comment_status":"closed","ping_status":"closed","template":"","meta":{"_acf_changed":false},"product_brand":[],"product_cat":[538,535,1215],"product_tag":[],"class_list":{"0":"post-8941","1":"product","2":"type-product","3":"status-publish","4":"has-post-thumbnail","6":"product_cat-dichtbondels","7":"product_cat-fryske-boeken","8":"product_cat-romans-en-literatuer","9":"product_shipping_class-brievenbus-verzending","10":"pa_auteur-klaas-bruinsma-2","11":"pa_taal-frysk","12":"pa_vertaler-klaas-bruinsma","14":"first","15":"instock","16":"taxable","17":"shipping-taxable","18":"purchasable","19":"product-type-simple"},"acf":[],"yoast_head":"<!-- This site is optimized with the Yoast SEO plugin v27.3 - https:\/\/yoast.com\/product\/yoast-seo-wordpress\/ -->\n<title>Bloml\u00eazing \u00fat &#039;e Spaanske po\u00ebzij<\/title>\n<meta name=\"description\" content=\"Bloml\u00eazing \u00fat &#039;e Spaanske po\u00ebzij\" \/>\n<meta name=\"robots\" content=\"index, follow, max-snippet:-1, max-image-preview:large, max-video-preview:-1\" \/>\n<link rel=\"canonical\" href=\"https:\/\/websjop.afuk.frl\/frl\/winkel\/blomlezing-ut-e-spaanske-poezij\/\" \/>\n<meta property=\"og:locale\" content=\"fy_NL\" \/>\n<meta property=\"og:type\" content=\"article\" \/>\n<meta property=\"og:title\" content=\"Bloml\u00eazing \u00fat &#039;e Spaanske po\u00ebzij\" \/>\n<meta property=\"og:description\" content=\"Bloml\u00eazing \u00fat &#039;e Spaanske po\u00ebzij\" \/>\n<meta property=\"og:url\" content=\"https:\/\/websjop.afuk.frl\/frl\/winkel\/blomlezing-ut-e-spaanske-poezij\/\" \/>\n<meta property=\"og:site_name\" content=\"Af\u00fbk Websjop\" \/>\n<meta property=\"article:modified_time\" content=\"2022-03-04T09:33:33+00:00\" \/>\n<meta property=\"og:image\" content=\"https:\/\/websjop.afuk.frl\/wp-content\/uploads\/2014\/09\/products-product_4917_0.jpg\" \/>\n\t<meta property=\"og:image:width\" content=\"700\" \/>\n\t<meta property=\"og:image:height\" content=\"1019\" \/>\n\t<meta property=\"og:image:type\" content=\"image\/jpeg\" \/>\n<meta name=\"twitter:card\" content=\"summary_large_image\" \/>\n<meta name=\"twitter:label1\" content=\"Est. reading time\" \/>\n\t<meta name=\"twitter:data1\" content=\"1 minute\" \/>\n<script type=\"application\/ld+json\" class=\"yoast-schema-graph\">{\"@context\":\"https:\\\/\\\/schema.org\",\"@graph\":[{\"@type\":\"WebPage\",\"@id\":\"https:\\\/\\\/websjop.afuk.frl\\\/frl\\\/winkel\\\/blomlezing-ut-e-spaanske-poezij\\\/\",\"url\":\"https:\\\/\\\/websjop.afuk.frl\\\/frl\\\/winkel\\\/blomlezing-ut-e-spaanske-poezij\\\/\",\"name\":\"Bloml\u00eazing \u00fat 'e Spaanske po\u00ebzij\",\"isPartOf\":{\"@id\":\"https:\\\/\\\/websjop.afuk.frl\\\/frl\\\/#website\"},\"primaryImageOfPage\":{\"@id\":\"https:\\\/\\\/websjop.afuk.frl\\\/frl\\\/winkel\\\/blomlezing-ut-e-spaanske-poezij\\\/#primaryimage\"},\"image\":{\"@id\":\"https:\\\/\\\/websjop.afuk.frl\\\/frl\\\/winkel\\\/blomlezing-ut-e-spaanske-poezij\\\/#primaryimage\"},\"thumbnailUrl\":\"https:\\\/\\\/websjop.afuk.frl\\\/wp-content\\\/uploads\\\/2014\\\/09\\\/products-product_4917_0.jpg\",\"datePublished\":\"2014-09-29T03:33:02+00:00\",\"dateModified\":\"2022-03-04T09:33:33+00:00\",\"description\":\"Bloml\u00eazing \u00fat 'e Spaanske po\u00ebzij\",\"breadcrumb\":{\"@id\":\"https:\\\/\\\/websjop.afuk.frl\\\/frl\\\/winkel\\\/blomlezing-ut-e-spaanske-poezij\\\/#breadcrumb\"},\"inLanguage\":\"fy-NL\",\"potentialAction\":[{\"@type\":\"ReadAction\",\"target\":[\"https:\\\/\\\/websjop.afuk.frl\\\/frl\\\/winkel\\\/blomlezing-ut-e-spaanske-poezij\\\/\"]}]},{\"@type\":\"ImageObject\",\"inLanguage\":\"fy-NL\",\"@id\":\"https:\\\/\\\/websjop.afuk.frl\\\/frl\\\/winkel\\\/blomlezing-ut-e-spaanske-poezij\\\/#primaryimage\",\"url\":\"https:\\\/\\\/websjop.afuk.frl\\\/wp-content\\\/uploads\\\/2014\\\/09\\\/products-product_4917_0.jpg\",\"contentUrl\":\"https:\\\/\\\/websjop.afuk.frl\\\/wp-content\\\/uploads\\\/2014\\\/09\\\/products-product_4917_0.jpg\",\"width\":700,\"height\":1019,\"caption\":\"Bloml\u00eazing \u00fat 'e Spaanske po\u00ebzij\"},{\"@type\":\"BreadcrumbList\",\"@id\":\"https:\\\/\\\/websjop.afuk.frl\\\/frl\\\/winkel\\\/blomlezing-ut-e-spaanske-poezij\\\/#breadcrumb\",\"itemListElement\":[{\"@type\":\"ListItem\",\"position\":1,\"name\":\"Home\",\"item\":\"https:\\\/\\\/websjop.afuk.frl\\\/frl\\\/\"},{\"@type\":\"ListItem\",\"position\":2,\"name\":\"Winkel\",\"item\":\"https:\\\/\\\/websjop.afuk.frl\\\/nl\\\/winkel\\\/\"},{\"@type\":\"ListItem\",\"position\":3,\"name\":\"Bloml\u00eazing \u00fat &#8216;e Spaanske po\u00ebzij\"}]},{\"@type\":\"WebSite\",\"@id\":\"https:\\\/\\\/websjop.afuk.frl\\\/frl\\\/#website\",\"url\":\"https:\\\/\\\/websjop.afuk.frl\\\/frl\\\/\",\"name\":\"Af\u00fbk Websjop\",\"description\":\"\",\"potentialAction\":[{\"@type\":\"SearchAction\",\"target\":{\"@type\":\"EntryPoint\",\"urlTemplate\":\"https:\\\/\\\/websjop.afuk.frl\\\/frl\\\/?s={search_term_string}\"},\"query-input\":{\"@type\":\"PropertyValueSpecification\",\"valueRequired\":true,\"valueName\":\"search_term_string\"}}],\"inLanguage\":\"fy-NL\"}]}<\/script>\n<!-- \/ Yoast SEO plugin. -->","yoast_head_json":{"title":"Bloml\u00eazing \u00fat 'e Spaanske po\u00ebzij","description":"Bloml\u00eazing \u00fat 'e Spaanske po\u00ebzij","robots":{"index":"index","follow":"follow","max-snippet":"max-snippet:-1","max-image-preview":"max-image-preview:large","max-video-preview":"max-video-preview:-1"},"canonical":"https:\/\/websjop.afuk.frl\/frl\/winkel\/blomlezing-ut-e-spaanske-poezij\/","og_locale":"fy_NL","og_type":"article","og_title":"Bloml\u00eazing \u00fat 'e Spaanske po\u00ebzij","og_description":"Bloml\u00eazing \u00fat 'e Spaanske po\u00ebzij","og_url":"https:\/\/websjop.afuk.frl\/frl\/winkel\/blomlezing-ut-e-spaanske-poezij\/","og_site_name":"Af\u00fbk Websjop","article_modified_time":"2022-03-04T09:33:33+00:00","og_image":[{"width":700,"height":1019,"url":"https:\/\/websjop.afuk.frl\/wp-content\/uploads\/2014\/09\/products-product_4917_0.jpg","type":"image\/jpeg"}],"twitter_card":"summary_large_image","twitter_misc":{"Est. reading time":"1 minute"},"schema":{"@context":"https:\/\/schema.org","@graph":[{"@type":"WebPage","@id":"https:\/\/websjop.afuk.frl\/frl\/winkel\/blomlezing-ut-e-spaanske-poezij\/","url":"https:\/\/websjop.afuk.frl\/frl\/winkel\/blomlezing-ut-e-spaanske-poezij\/","name":"Bloml\u00eazing \u00fat 'e Spaanske po\u00ebzij","isPartOf":{"@id":"https:\/\/websjop.afuk.frl\/frl\/#website"},"primaryImageOfPage":{"@id":"https:\/\/websjop.afuk.frl\/frl\/winkel\/blomlezing-ut-e-spaanske-poezij\/#primaryimage"},"image":{"@id":"https:\/\/websjop.afuk.frl\/frl\/winkel\/blomlezing-ut-e-spaanske-poezij\/#primaryimage"},"thumbnailUrl":"https:\/\/websjop.afuk.frl\/wp-content\/uploads\/2014\/09\/products-product_4917_0.jpg","datePublished":"2014-09-29T03:33:02+00:00","dateModified":"2022-03-04T09:33:33+00:00","description":"Bloml\u00eazing \u00fat 'e Spaanske po\u00ebzij","breadcrumb":{"@id":"https:\/\/websjop.afuk.frl\/frl\/winkel\/blomlezing-ut-e-spaanske-poezij\/#breadcrumb"},"inLanguage":"fy-NL","potentialAction":[{"@type":"ReadAction","target":["https:\/\/websjop.afuk.frl\/frl\/winkel\/blomlezing-ut-e-spaanske-poezij\/"]}]},{"@type":"ImageObject","inLanguage":"fy-NL","@id":"https:\/\/websjop.afuk.frl\/frl\/winkel\/blomlezing-ut-e-spaanske-poezij\/#primaryimage","url":"https:\/\/websjop.afuk.frl\/wp-content\/uploads\/2014\/09\/products-product_4917_0.jpg","contentUrl":"https:\/\/websjop.afuk.frl\/wp-content\/uploads\/2014\/09\/products-product_4917_0.jpg","width":700,"height":1019,"caption":"Bloml\u00eazing \u00fat 'e Spaanske po\u00ebzij"},{"@type":"BreadcrumbList","@id":"https:\/\/websjop.afuk.frl\/frl\/winkel\/blomlezing-ut-e-spaanske-poezij\/#breadcrumb","itemListElement":[{"@type":"ListItem","position":1,"name":"Home","item":"https:\/\/websjop.afuk.frl\/frl\/"},{"@type":"ListItem","position":2,"name":"Winkel","item":"https:\/\/websjop.afuk.frl\/nl\/winkel\/"},{"@type":"ListItem","position":3,"name":"Bloml\u00eazing \u00fat &#8216;e Spaanske po\u00ebzij"}]},{"@type":"WebSite","@id":"https:\/\/websjop.afuk.frl\/frl\/#website","url":"https:\/\/websjop.afuk.frl\/frl\/","name":"Af\u00fbk Websjop","description":"","potentialAction":[{"@type":"SearchAction","target":{"@type":"EntryPoint","urlTemplate":"https:\/\/websjop.afuk.frl\/frl\/?s={search_term_string}"},"query-input":{"@type":"PropertyValueSpecification","valueRequired":true,"valueName":"search_term_string"}}],"inLanguage":"fy-NL"}]}},"_links":{"self":[{"href":"https:\/\/websjop.afuk.frl\/frl\/wp-json\/wp\/v2\/product\/8941","targetHints":{"allow":["GET"]}}],"collection":[{"href":"https:\/\/websjop.afuk.frl\/frl\/wp-json\/wp\/v2\/product"}],"about":[{"href":"https:\/\/websjop.afuk.frl\/frl\/wp-json\/wp\/v2\/types\/product"}],"replies":[{"embeddable":true,"href":"https:\/\/websjop.afuk.frl\/frl\/wp-json\/wp\/v2\/comments?post=8941"}],"wp:featuredmedia":[{"embeddable":true,"href":"https:\/\/websjop.afuk.frl\/frl\/wp-json\/wp\/v2\/media\/8942"}],"wp:attachment":[{"href":"https:\/\/websjop.afuk.frl\/frl\/wp-json\/wp\/v2\/media?parent=8941"}],"wp:term":[{"taxonomy":"product_brand","embeddable":true,"href":"https:\/\/websjop.afuk.frl\/frl\/wp-json\/wp\/v2\/product_brand?post=8941"},{"taxonomy":"product_cat","embeddable":true,"href":"https:\/\/websjop.afuk.frl\/frl\/wp-json\/wp\/v2\/product_cat?post=8941"},{"taxonomy":"product_tag","embeddable":true,"href":"https:\/\/websjop.afuk.frl\/frl\/wp-json\/wp\/v2\/product_tag?post=8941"}],"curies":[{"name":"wp","href":"https:\/\/api.w.org\/{rel}","templated":true}]}}