{"id":8750,"date":"2014-09-10T04:31:36","date_gmt":"2014-09-10T03:31:36","guid":{"rendered":"https:\/\/websjop.bwhontwerpers.nl\/?post_type=product&#038;p=8750"},"modified":"2026-02-18T14:10:06","modified_gmt":"2026-02-18T13:10:06","slug":"de-kristlik-fryske-beweging-yn-de-tweintichste-ieu","status":"publish","type":"product","link":"https:\/\/websjop.afuk.frl\/frl\/winkel\/de-kristlik-fryske-beweging-yn-de-tweintichste-ieu\/","title":{"rendered":"De Kristlik-Fryske beweging yn de tweintichste ieu"},"content":{"rendered":"<p>By it begjin fan de 20ste ieu wie it br\u00fbken fan Frysk yn it godstsjinstige sokssawat as flokke yn \u2019e tsjerke. De oprjochting fan it Kristlik Frysk Selskip yn 1908 brocht d\u00ear feroaring yn: de eigen taal rekket it hert ommers folle mear. Dochs hat der yn \u2019e tsjerken in soad wjerst\u00e2n west. Pas nei de Twadde Wr\u00e2ldoarloch krige Frysk yn tsjerke in erkend plak(je).<\/p>\n<p>&nbsp;<\/p>\n<p>Yn dit boek giet de skriuwer de skiednis nei fan it Kristlik Frysk Selskip (1908-2012), it Roomsk Frysk Boun (1917-1997), it Grifformeard Frysk Selskip (1930-1945) en de Kristlike Fryske Mienskip op frijsinnige grounslach (1937-1963), mei omtinken foar foaral harren doelstellings en resultaten en hoe\u2019t de tsjerken d\u00earop reagearre hawwe. Nei goed h\u00fbndert jier is Frysk yn tsjerke wol gewoan, mar noch altiten net fanselssprekkend. En d\u00earom hat in kristlik-Fryske beweging noch hieltyd reden fan bestean.<\/p>\n<p>&nbsp;<\/p>\n<p>Jan Popkema (1942) is frisist en neerlandikus. Hy wurke \u00fbnder oaren as leksikograaf by de Fryske Akademy en as learare-oplieder by de Noardlike Hegeskoalle te Ljouwert. Eardere publikaasjes fan him binne \u00fb.o. Psalmbewurkingen yn it Frysk (1983), Basisgrammatica Fries (2006), Grammatica Fries (2006) en Mei it wiffe skip. Nei h\u00fbndert jier Kiristlik Frysk Selskip (2008).<\/p>\n","protected":false},"excerpt":{"rendered":"<p>Yn dit boek giet de skriuwer de skiednis nei fan it Kristlik Frysk Selskip (1908-2012), it Roomsk Frysk Boun (1917-1997), it Grifformeard Frysk Selskip (1930-1945) en de Kristlike Fryske Mienskip op frijsinnige grounslach (1937-1963), mei omtinken foar foaral harren doelstellings en resultaten en hoe\u2019t de tsjerken d\u00earop reagearre hawwe.<\/p>\n","protected":false},"featured_media":8751,"comment_status":"closed","ping_status":"closed","template":"","meta":{"_acf_changed":false},"product_brand":[],"product_cat":[535,540,539],"product_tag":[],"class_list":{"0":"post-8750","1":"product","2":"type-product","3":"status-publish","4":"has-post-thumbnail","6":"product_cat-fryske-boeken","7":"product_cat-religy","8":"product_cat-skiednis","9":"product_shipping_class-pakketpost-verzending","10":"pa_auteur-jan-popkema","11":"pa_is-een-afuk-product-0-2","12":"pa_sale-label-0-3","14":"first","15":"outofstock","16":"taxable","17":"shipping-taxable","18":"purchasable","19":"product-type-simple"},"acf":[],"yoast_head":"<!-- This site is optimized with the Yoast SEO plugin v27.3 - https:\/\/yoast.com\/product\/yoast-seo-wordpress\/ -->\n<title>De Kristlik-Fryske beweging yn de tweintichste ieu<\/title>\n<meta name=\"description\" content=\"De Kristlik-Fryske beweging yn de tweintichste ieu\" \/>\n<meta name=\"robots\" content=\"index, follow, max-snippet:-1, max-image-preview:large, max-video-preview:-1\" \/>\n<link rel=\"canonical\" href=\"https:\/\/websjop.afuk.frl\/frl\/winkel\/de-kristlik-fryske-beweging-yn-de-tweintichste-ieu\/\" \/>\n<meta property=\"og:locale\" content=\"fy_NL\" \/>\n<meta property=\"og:type\" content=\"article\" \/>\n<meta property=\"og:title\" content=\"De Kristlik-Fryske beweging yn de tweintichste ieu\" \/>\n<meta property=\"og:description\" content=\"De Kristlik-Fryske beweging yn de tweintichste ieu\" \/>\n<meta property=\"og:url\" content=\"https:\/\/websjop.afuk.frl\/frl\/winkel\/de-kristlik-fryske-beweging-yn-de-tweintichste-ieu\/\" \/>\n<meta property=\"og:site_name\" content=\"Af\u00fbk Websjop\" \/>\n<meta property=\"article:modified_time\" content=\"2026-02-18T13:10:06+00:00\" \/>\n<meta property=\"og:image\" content=\"https:\/\/websjop.afuk.frl\/wp-content\/uploads\/2014\/09\/products-9789056153205.jpg\" \/>\n\t<meta property=\"og:image:width\" content=\"327\" \/>\n\t<meta property=\"og:image:height\" content=\"448\" \/>\n\t<meta property=\"og:image:type\" content=\"image\/jpeg\" \/>\n<meta name=\"twitter:card\" content=\"summary_large_image\" \/>\n<meta name=\"twitter:label1\" content=\"Est. reading time\" \/>\n\t<meta name=\"twitter:data1\" content=\"1 minute\" \/>\n<script type=\"application\/ld+json\" class=\"yoast-schema-graph\">{\"@context\":\"https:\\\/\\\/schema.org\",\"@graph\":[{\"@type\":\"WebPage\",\"@id\":\"https:\\\/\\\/websjop.afuk.frl\\\/frl\\\/winkel\\\/de-kristlik-fryske-beweging-yn-de-tweintichste-ieu\\\/\",\"url\":\"https:\\\/\\\/websjop.afuk.frl\\\/frl\\\/winkel\\\/de-kristlik-fryske-beweging-yn-de-tweintichste-ieu\\\/\",\"name\":\"De Kristlik-Fryske beweging yn de tweintichste ieu\",\"isPartOf\":{\"@id\":\"https:\\\/\\\/websjop.afuk.frl\\\/frl\\\/#website\"},\"primaryImageOfPage\":{\"@id\":\"https:\\\/\\\/websjop.afuk.frl\\\/frl\\\/winkel\\\/de-kristlik-fryske-beweging-yn-de-tweintichste-ieu\\\/#primaryimage\"},\"image\":{\"@id\":\"https:\\\/\\\/websjop.afuk.frl\\\/frl\\\/winkel\\\/de-kristlik-fryske-beweging-yn-de-tweintichste-ieu\\\/#primaryimage\"},\"thumbnailUrl\":\"https:\\\/\\\/websjop.afuk.frl\\\/wp-content\\\/uploads\\\/2014\\\/09\\\/products-9789056153205.jpg\",\"datePublished\":\"2014-09-10T03:31:36+00:00\",\"dateModified\":\"2026-02-18T13:10:06+00:00\",\"description\":\"De Kristlik-Fryske beweging yn de tweintichste ieu\",\"breadcrumb\":{\"@id\":\"https:\\\/\\\/websjop.afuk.frl\\\/frl\\\/winkel\\\/de-kristlik-fryske-beweging-yn-de-tweintichste-ieu\\\/#breadcrumb\"},\"inLanguage\":\"fy-NL\",\"potentialAction\":[{\"@type\":\"ReadAction\",\"target\":[\"https:\\\/\\\/websjop.afuk.frl\\\/frl\\\/winkel\\\/de-kristlik-fryske-beweging-yn-de-tweintichste-ieu\\\/\"]}]},{\"@type\":\"ImageObject\",\"inLanguage\":\"fy-NL\",\"@id\":\"https:\\\/\\\/websjop.afuk.frl\\\/frl\\\/winkel\\\/de-kristlik-fryske-beweging-yn-de-tweintichste-ieu\\\/#primaryimage\",\"url\":\"https:\\\/\\\/websjop.afuk.frl\\\/wp-content\\\/uploads\\\/2014\\\/09\\\/products-9789056153205.jpg\",\"contentUrl\":\"https:\\\/\\\/websjop.afuk.frl\\\/wp-content\\\/uploads\\\/2014\\\/09\\\/products-9789056153205.jpg\",\"width\":327,\"height\":448},{\"@type\":\"BreadcrumbList\",\"@id\":\"https:\\\/\\\/websjop.afuk.frl\\\/frl\\\/winkel\\\/de-kristlik-fryske-beweging-yn-de-tweintichste-ieu\\\/#breadcrumb\",\"itemListElement\":[{\"@type\":\"ListItem\",\"position\":1,\"name\":\"Home\",\"item\":\"https:\\\/\\\/websjop.afuk.frl\\\/frl\\\/\"},{\"@type\":\"ListItem\",\"position\":2,\"name\":\"Winkel\",\"item\":\"https:\\\/\\\/websjop.afuk.frl\\\/nl\\\/winkel\\\/\"},{\"@type\":\"ListItem\",\"position\":3,\"name\":\"De Kristlik-Fryske beweging yn de tweintichste ieu\"}]},{\"@type\":\"WebSite\",\"@id\":\"https:\\\/\\\/websjop.afuk.frl\\\/frl\\\/#website\",\"url\":\"https:\\\/\\\/websjop.afuk.frl\\\/frl\\\/\",\"name\":\"Af\u00fbk Websjop\",\"description\":\"\",\"potentialAction\":[{\"@type\":\"SearchAction\",\"target\":{\"@type\":\"EntryPoint\",\"urlTemplate\":\"https:\\\/\\\/websjop.afuk.frl\\\/frl\\\/?s={search_term_string}\"},\"query-input\":{\"@type\":\"PropertyValueSpecification\",\"valueRequired\":true,\"valueName\":\"search_term_string\"}}],\"inLanguage\":\"fy-NL\"}]}<\/script>\n<!-- \/ Yoast SEO plugin. -->","yoast_head_json":{"title":"De Kristlik-Fryske beweging yn de tweintichste ieu","description":"De Kristlik-Fryske beweging yn de tweintichste ieu","robots":{"index":"index","follow":"follow","max-snippet":"max-snippet:-1","max-image-preview":"max-image-preview:large","max-video-preview":"max-video-preview:-1"},"canonical":"https:\/\/websjop.afuk.frl\/frl\/winkel\/de-kristlik-fryske-beweging-yn-de-tweintichste-ieu\/","og_locale":"fy_NL","og_type":"article","og_title":"De Kristlik-Fryske beweging yn de tweintichste ieu","og_description":"De Kristlik-Fryske beweging yn de tweintichste ieu","og_url":"https:\/\/websjop.afuk.frl\/frl\/winkel\/de-kristlik-fryske-beweging-yn-de-tweintichste-ieu\/","og_site_name":"Af\u00fbk Websjop","article_modified_time":"2026-02-18T13:10:06+00:00","og_image":[{"width":327,"height":448,"url":"https:\/\/websjop.afuk.frl\/wp-content\/uploads\/2014\/09\/products-9789056153205.jpg","type":"image\/jpeg"}],"twitter_card":"summary_large_image","twitter_misc":{"Est. reading time":"1 minute"},"schema":{"@context":"https:\/\/schema.org","@graph":[{"@type":"WebPage","@id":"https:\/\/websjop.afuk.frl\/frl\/winkel\/de-kristlik-fryske-beweging-yn-de-tweintichste-ieu\/","url":"https:\/\/websjop.afuk.frl\/frl\/winkel\/de-kristlik-fryske-beweging-yn-de-tweintichste-ieu\/","name":"De Kristlik-Fryske beweging yn de tweintichste ieu","isPartOf":{"@id":"https:\/\/websjop.afuk.frl\/frl\/#website"},"primaryImageOfPage":{"@id":"https:\/\/websjop.afuk.frl\/frl\/winkel\/de-kristlik-fryske-beweging-yn-de-tweintichste-ieu\/#primaryimage"},"image":{"@id":"https:\/\/websjop.afuk.frl\/frl\/winkel\/de-kristlik-fryske-beweging-yn-de-tweintichste-ieu\/#primaryimage"},"thumbnailUrl":"https:\/\/websjop.afuk.frl\/wp-content\/uploads\/2014\/09\/products-9789056153205.jpg","datePublished":"2014-09-10T03:31:36+00:00","dateModified":"2026-02-18T13:10:06+00:00","description":"De Kristlik-Fryske beweging yn de tweintichste ieu","breadcrumb":{"@id":"https:\/\/websjop.afuk.frl\/frl\/winkel\/de-kristlik-fryske-beweging-yn-de-tweintichste-ieu\/#breadcrumb"},"inLanguage":"fy-NL","potentialAction":[{"@type":"ReadAction","target":["https:\/\/websjop.afuk.frl\/frl\/winkel\/de-kristlik-fryske-beweging-yn-de-tweintichste-ieu\/"]}]},{"@type":"ImageObject","inLanguage":"fy-NL","@id":"https:\/\/websjop.afuk.frl\/frl\/winkel\/de-kristlik-fryske-beweging-yn-de-tweintichste-ieu\/#primaryimage","url":"https:\/\/websjop.afuk.frl\/wp-content\/uploads\/2014\/09\/products-9789056153205.jpg","contentUrl":"https:\/\/websjop.afuk.frl\/wp-content\/uploads\/2014\/09\/products-9789056153205.jpg","width":327,"height":448},{"@type":"BreadcrumbList","@id":"https:\/\/websjop.afuk.frl\/frl\/winkel\/de-kristlik-fryske-beweging-yn-de-tweintichste-ieu\/#breadcrumb","itemListElement":[{"@type":"ListItem","position":1,"name":"Home","item":"https:\/\/websjop.afuk.frl\/frl\/"},{"@type":"ListItem","position":2,"name":"Winkel","item":"https:\/\/websjop.afuk.frl\/nl\/winkel\/"},{"@type":"ListItem","position":3,"name":"De Kristlik-Fryske beweging yn de tweintichste ieu"}]},{"@type":"WebSite","@id":"https:\/\/websjop.afuk.frl\/frl\/#website","url":"https:\/\/websjop.afuk.frl\/frl\/","name":"Af\u00fbk Websjop","description":"","potentialAction":[{"@type":"SearchAction","target":{"@type":"EntryPoint","urlTemplate":"https:\/\/websjop.afuk.frl\/frl\/?s={search_term_string}"},"query-input":{"@type":"PropertyValueSpecification","valueRequired":true,"valueName":"search_term_string"}}],"inLanguage":"fy-NL"}]}},"_links":{"self":[{"href":"https:\/\/websjop.afuk.frl\/frl\/wp-json\/wp\/v2\/product\/8750","targetHints":{"allow":["GET"]}}],"collection":[{"href":"https:\/\/websjop.afuk.frl\/frl\/wp-json\/wp\/v2\/product"}],"about":[{"href":"https:\/\/websjop.afuk.frl\/frl\/wp-json\/wp\/v2\/types\/product"}],"replies":[{"embeddable":true,"href":"https:\/\/websjop.afuk.frl\/frl\/wp-json\/wp\/v2\/comments?post=8750"}],"wp:featuredmedia":[{"embeddable":true,"href":"https:\/\/websjop.afuk.frl\/frl\/wp-json\/wp\/v2\/media\/8751"}],"wp:attachment":[{"href":"https:\/\/websjop.afuk.frl\/frl\/wp-json\/wp\/v2\/media?parent=8750"}],"wp:term":[{"taxonomy":"product_brand","embeddable":true,"href":"https:\/\/websjop.afuk.frl\/frl\/wp-json\/wp\/v2\/product_brand?post=8750"},{"taxonomy":"product_cat","embeddable":true,"href":"https:\/\/websjop.afuk.frl\/frl\/wp-json\/wp\/v2\/product_cat?post=8750"},{"taxonomy":"product_tag","embeddable":true,"href":"https:\/\/websjop.afuk.frl\/frl\/wp-json\/wp\/v2\/product_tag?post=8750"}],"curies":[{"name":"wp","href":"https:\/\/api.w.org\/{rel}","templated":true}]}}