{"id":8744,"date":"2014-09-10T04:31:30","date_gmt":"2014-09-10T03:31:30","guid":{"rendered":"https:\/\/websjop.bwhontwerpers.nl\/?post_type=product&#038;p=8744"},"modified":"2025-12-09T12:52:28","modified_gmt":"2025-12-09T11:52:28","slug":"de-skacht-en-de-slinger","status":"publish","type":"product","link":"https:\/\/websjop.afuk.frl\/frl\/winkel\/de-skacht-en-de-slinger\/","title":{"rendered":"De skacht en de slinger"},"content":{"rendered":"<p>De nije Grinzer\/Fryske \u00fatjouwerij Regaad kaam op freed 28 maart mei har earste publikaasje: De skacht en de slinger, in yllustrearre Fryske oersetting fan in novelle fan Edgar Allan Poe. De oersetting is makke troch Anne Tjerk Popkema, dy\u2019t yn 2012 de Fryske provinsjale oersetpriis krige foar syn oersetting fan Tolkiens The Hobbit.<\/p>\n<p>&#8216;Ik wie ynein, deaynein fan &#8216;e lange foltering en doe&#8217;t se my lang om let losmakken en ik sitten gean koe, fielde ik hoe&#8217;t ik de sinnen ferlear. It f\u00fbnis &#8211; it freesde deaf\u00fbnis &#8211; wie it l\u00easte d\u00fadlik \u00fbnderskiedbere dat ik noch hearre koe.&#8217;<\/p>\n<p>Edgar Allan Poe hat it ferhaal &#8216;The Pit and the Pendulum&#8217; foar it earst publisearre yn &#8216;e bondel The Gift: A Christmas and New Year&#8217;s Present for 1843. Ynkwisysje, in ferbliuw yn in tsjustere tsjerker, folterjen&#8230; De horror is yn plakjes te fykjen. Mei oan dit ferhaal hat Poe syn wr\u00e2ldwide rom te tankjen. Mei rjocht. It is seldsume goed.<\/p>\n<p>L\u00eas dit Krystgeskink \u00fat 1842 en huverje&#8230;<\/p>\n<p>&nbsp;<\/p>\n<p>&nbsp;<\/p>\n","protected":false},"excerpt":{"rendered":"<p>Novelle<\/p>\n","protected":false},"featured_media":8745,"comment_status":"closed","ping_status":"closed","template":"","meta":{"_acf_changed":false},"product_brand":[],"product_cat":[1040,535,574,537,1215,539],"product_tag":[9576,5915,5173,9577],"class_list":{"0":"post-8744","1":"product","2":"type-product","3":"status-publish","4":"has-post-thumbnail","6":"product_cat-ferhalebondels","7":"product_cat-fryske-boeken","8":"product_cat-oanbiedingen","9":"product_cat-romans","10":"product_cat-romans-en-literatuer","11":"product_cat-skiednis","12":"product_tag-edgar-allan-poe","13":"product_tag-ferhaal","14":"product_tag-frysk","15":"product_tag-horror","16":"product_shipping_class-brievenbus-verzending","17":"pa_auteur-edgar-allan-poe-2","18":"pa_isbn-2287","19":"pa_taal-frysk","20":"pa_uitgever-regaad","21":"pa_vertaler-anne-tjerk-popkema","23":"first","24":"instock","25":"sale","26":"taxable","27":"shipping-taxable","28":"purchasable","29":"product-type-simple"},"acf":[],"yoast_head":"<!-- This site is optimized with the Yoast SEO plugin v27.3 - https:\/\/yoast.com\/product\/yoast-seo-wordpress\/ -->\n<title>De skacht en de slinger<\/title>\n<meta name=\"description\" content=\"De skacht en de slinger\" \/>\n<meta name=\"robots\" content=\"index, follow, max-snippet:-1, max-image-preview:large, max-video-preview:-1\" \/>\n<link rel=\"canonical\" href=\"https:\/\/websjop.afuk.frl\/frl\/winkel\/de-skacht-en-de-slinger\/\" \/>\n<meta property=\"og:locale\" content=\"fy_NL\" \/>\n<meta property=\"og:type\" content=\"article\" \/>\n<meta property=\"og:title\" content=\"De skacht en de slinger\" \/>\n<meta property=\"og:description\" content=\"De skacht en de slinger\" \/>\n<meta property=\"og:url\" content=\"https:\/\/websjop.afuk.frl\/frl\/winkel\/de-skacht-en-de-slinger\/\" \/>\n<meta property=\"og:site_name\" content=\"Af\u00fbk Websjop\" \/>\n<meta property=\"article:modified_time\" content=\"2025-12-09T11:52:28+00:00\" \/>\n<meta property=\"og:image\" content=\"https:\/\/websjop.afuk.frl\/wp-content\/uploads\/2014\/09\/products-product_4800_0.jpg\" \/>\n\t<meta property=\"og:image:width\" content=\"1780\" \/>\n\t<meta property=\"og:image:height\" content=\"2344\" \/>\n\t<meta property=\"og:image:type\" content=\"image\/jpeg\" \/>\n<meta name=\"twitter:card\" content=\"summary_large_image\" \/>\n<meta name=\"twitter:label1\" content=\"Est. reading time\" \/>\n\t<meta name=\"twitter:data1\" content=\"1 minute\" \/>\n<script type=\"application\/ld+json\" class=\"yoast-schema-graph\">{\"@context\":\"https:\\\/\\\/schema.org\",\"@graph\":[{\"@type\":\"WebPage\",\"@id\":\"https:\\\/\\\/websjop.afuk.frl\\\/frl\\\/winkel\\\/de-skacht-en-de-slinger\\\/\",\"url\":\"https:\\\/\\\/websjop.afuk.frl\\\/frl\\\/winkel\\\/de-skacht-en-de-slinger\\\/\",\"name\":\"De skacht en de slinger\",\"isPartOf\":{\"@id\":\"https:\\\/\\\/websjop.afuk.frl\\\/frl\\\/#website\"},\"primaryImageOfPage\":{\"@id\":\"https:\\\/\\\/websjop.afuk.frl\\\/frl\\\/winkel\\\/de-skacht-en-de-slinger\\\/#primaryimage\"},\"image\":{\"@id\":\"https:\\\/\\\/websjop.afuk.frl\\\/frl\\\/winkel\\\/de-skacht-en-de-slinger\\\/#primaryimage\"},\"thumbnailUrl\":\"https:\\\/\\\/websjop.afuk.frl\\\/wp-content\\\/uploads\\\/2014\\\/09\\\/products-product_4800_0.jpg\",\"datePublished\":\"2014-09-10T03:31:30+00:00\",\"dateModified\":\"2025-12-09T11:52:28+00:00\",\"description\":\"De skacht en de slinger\",\"breadcrumb\":{\"@id\":\"https:\\\/\\\/websjop.afuk.frl\\\/frl\\\/winkel\\\/de-skacht-en-de-slinger\\\/#breadcrumb\"},\"inLanguage\":\"fy-NL\",\"potentialAction\":[{\"@type\":\"ReadAction\",\"target\":[\"https:\\\/\\\/websjop.afuk.frl\\\/frl\\\/winkel\\\/de-skacht-en-de-slinger\\\/\"]}]},{\"@type\":\"ImageObject\",\"inLanguage\":\"fy-NL\",\"@id\":\"https:\\\/\\\/websjop.afuk.frl\\\/frl\\\/winkel\\\/de-skacht-en-de-slinger\\\/#primaryimage\",\"url\":\"https:\\\/\\\/websjop.afuk.frl\\\/wp-content\\\/uploads\\\/2014\\\/09\\\/products-product_4800_0.jpg\",\"contentUrl\":\"https:\\\/\\\/websjop.afuk.frl\\\/wp-content\\\/uploads\\\/2014\\\/09\\\/products-product_4800_0.jpg\",\"width\":1780,\"height\":2344,\"caption\":\"De skacht en de slinger\"},{\"@type\":\"BreadcrumbList\",\"@id\":\"https:\\\/\\\/websjop.afuk.frl\\\/frl\\\/winkel\\\/de-skacht-en-de-slinger\\\/#breadcrumb\",\"itemListElement\":[{\"@type\":\"ListItem\",\"position\":1,\"name\":\"Home\",\"item\":\"https:\\\/\\\/websjop.afuk.frl\\\/frl\\\/\"},{\"@type\":\"ListItem\",\"position\":2,\"name\":\"Winkel\",\"item\":\"https:\\\/\\\/websjop.afuk.frl\\\/nl\\\/winkel\\\/\"},{\"@type\":\"ListItem\",\"position\":3,\"name\":\"De skacht en de slinger\"}]},{\"@type\":\"WebSite\",\"@id\":\"https:\\\/\\\/websjop.afuk.frl\\\/frl\\\/#website\",\"url\":\"https:\\\/\\\/websjop.afuk.frl\\\/frl\\\/\",\"name\":\"Af\u00fbk Websjop\",\"description\":\"\",\"potentialAction\":[{\"@type\":\"SearchAction\",\"target\":{\"@type\":\"EntryPoint\",\"urlTemplate\":\"https:\\\/\\\/websjop.afuk.frl\\\/frl\\\/?s={search_term_string}\"},\"query-input\":{\"@type\":\"PropertyValueSpecification\",\"valueRequired\":true,\"valueName\":\"search_term_string\"}}],\"inLanguage\":\"fy-NL\"}]}<\/script>\n<!-- \/ Yoast SEO plugin. -->","yoast_head_json":{"title":"De skacht en de slinger","description":"De skacht en de slinger","robots":{"index":"index","follow":"follow","max-snippet":"max-snippet:-1","max-image-preview":"max-image-preview:large","max-video-preview":"max-video-preview:-1"},"canonical":"https:\/\/websjop.afuk.frl\/frl\/winkel\/de-skacht-en-de-slinger\/","og_locale":"fy_NL","og_type":"article","og_title":"De skacht en de slinger","og_description":"De skacht en de slinger","og_url":"https:\/\/websjop.afuk.frl\/frl\/winkel\/de-skacht-en-de-slinger\/","og_site_name":"Af\u00fbk Websjop","article_modified_time":"2025-12-09T11:52:28+00:00","og_image":[{"width":1780,"height":2344,"url":"https:\/\/websjop.afuk.frl\/wp-content\/uploads\/2014\/09\/products-product_4800_0.jpg","type":"image\/jpeg"}],"twitter_card":"summary_large_image","twitter_misc":{"Est. reading time":"1 minute"},"schema":{"@context":"https:\/\/schema.org","@graph":[{"@type":"WebPage","@id":"https:\/\/websjop.afuk.frl\/frl\/winkel\/de-skacht-en-de-slinger\/","url":"https:\/\/websjop.afuk.frl\/frl\/winkel\/de-skacht-en-de-slinger\/","name":"De skacht en de slinger","isPartOf":{"@id":"https:\/\/websjop.afuk.frl\/frl\/#website"},"primaryImageOfPage":{"@id":"https:\/\/websjop.afuk.frl\/frl\/winkel\/de-skacht-en-de-slinger\/#primaryimage"},"image":{"@id":"https:\/\/websjop.afuk.frl\/frl\/winkel\/de-skacht-en-de-slinger\/#primaryimage"},"thumbnailUrl":"https:\/\/websjop.afuk.frl\/wp-content\/uploads\/2014\/09\/products-product_4800_0.jpg","datePublished":"2014-09-10T03:31:30+00:00","dateModified":"2025-12-09T11:52:28+00:00","description":"De skacht en de slinger","breadcrumb":{"@id":"https:\/\/websjop.afuk.frl\/frl\/winkel\/de-skacht-en-de-slinger\/#breadcrumb"},"inLanguage":"fy-NL","potentialAction":[{"@type":"ReadAction","target":["https:\/\/websjop.afuk.frl\/frl\/winkel\/de-skacht-en-de-slinger\/"]}]},{"@type":"ImageObject","inLanguage":"fy-NL","@id":"https:\/\/websjop.afuk.frl\/frl\/winkel\/de-skacht-en-de-slinger\/#primaryimage","url":"https:\/\/websjop.afuk.frl\/wp-content\/uploads\/2014\/09\/products-product_4800_0.jpg","contentUrl":"https:\/\/websjop.afuk.frl\/wp-content\/uploads\/2014\/09\/products-product_4800_0.jpg","width":1780,"height":2344,"caption":"De skacht en de slinger"},{"@type":"BreadcrumbList","@id":"https:\/\/websjop.afuk.frl\/frl\/winkel\/de-skacht-en-de-slinger\/#breadcrumb","itemListElement":[{"@type":"ListItem","position":1,"name":"Home","item":"https:\/\/websjop.afuk.frl\/frl\/"},{"@type":"ListItem","position":2,"name":"Winkel","item":"https:\/\/websjop.afuk.frl\/nl\/winkel\/"},{"@type":"ListItem","position":3,"name":"De skacht en de slinger"}]},{"@type":"WebSite","@id":"https:\/\/websjop.afuk.frl\/frl\/#website","url":"https:\/\/websjop.afuk.frl\/frl\/","name":"Af\u00fbk Websjop","description":"","potentialAction":[{"@type":"SearchAction","target":{"@type":"EntryPoint","urlTemplate":"https:\/\/websjop.afuk.frl\/frl\/?s={search_term_string}"},"query-input":{"@type":"PropertyValueSpecification","valueRequired":true,"valueName":"search_term_string"}}],"inLanguage":"fy-NL"}]}},"_links":{"self":[{"href":"https:\/\/websjop.afuk.frl\/frl\/wp-json\/wp\/v2\/product\/8744","targetHints":{"allow":["GET"]}}],"collection":[{"href":"https:\/\/websjop.afuk.frl\/frl\/wp-json\/wp\/v2\/product"}],"about":[{"href":"https:\/\/websjop.afuk.frl\/frl\/wp-json\/wp\/v2\/types\/product"}],"replies":[{"embeddable":true,"href":"https:\/\/websjop.afuk.frl\/frl\/wp-json\/wp\/v2\/comments?post=8744"}],"wp:featuredmedia":[{"embeddable":true,"href":"https:\/\/websjop.afuk.frl\/frl\/wp-json\/wp\/v2\/media\/8745"}],"wp:attachment":[{"href":"https:\/\/websjop.afuk.frl\/frl\/wp-json\/wp\/v2\/media?parent=8744"}],"wp:term":[{"taxonomy":"product_brand","embeddable":true,"href":"https:\/\/websjop.afuk.frl\/frl\/wp-json\/wp\/v2\/product_brand?post=8744"},{"taxonomy":"product_cat","embeddable":true,"href":"https:\/\/websjop.afuk.frl\/frl\/wp-json\/wp\/v2\/product_cat?post=8744"},{"taxonomy":"product_tag","embeddable":true,"href":"https:\/\/websjop.afuk.frl\/frl\/wp-json\/wp\/v2\/product_tag?post=8744"}],"curies":[{"name":"wp","href":"https:\/\/api.w.org\/{rel}","templated":true}]}}