{"id":8738,"date":"2014-10-09T06:31:25","date_gmt":"2014-10-09T05:31:25","guid":{"rendered":"https:\/\/websjop.bwhontwerpers.nl\/?post_type=product&#038;p=8738"},"modified":"2021-05-17T13:56:33","modified_gmt":"2021-05-17T12:56:33","slug":"sweltsjes-fan-gaast","status":"publish","type":"product","link":"https:\/\/websjop.afuk.frl\/frl\/winkel\/sweltsjes-fan-gaast\/","title":{"rendered":"Sweltsjes fan Gaast"},"content":{"rendered":"<p>Theunis Piersma is heechlearaar Trekf\u00fbgelekology yn Grins en is in ynternasjonale autoriteit op dat gebied. Op syn fakgebied hat Piersma in \u00f4fgryslik soad skreaun. Yn syn frije tiid docht er yn syn wenplak Gaast \u00fbndersyk nei sweltsjes. Syn buorfrou frege him \u2018W\u00ear bliuwe \u00fas sweltsjes winterdeis, Theunis\u2019. Dy fraach wie oanlieding foar in syktocht nei sweltsjes, nei hoe\u2019t se libje en w\u00ear\u2019t se bliuwe.<\/p>\n<p>Piersma ferstiet de keunst om syn wittenskiplik ynsjoch oer de bringen oan in breed publyk s\u00fbnder de kwaliteit te koart te dwaan. Dit is syn earste boek yn syn memmetaal. In oade oan sweltsjes en oan Frysl\u00e2n.<\/p>\n<p>Theunis Piersma hat foar syn baanbrekkend \u00fbndersyk nei trekf\u00fbgels de Spinozapreemje, de heechste wittenskiplike \u00fbnderskieding fan Nederl\u00e2n krigen.<br \/>\nMei it boek &#8220;Sweltsjes fan Gaast&#8221; stiet er op de longlist foar de Jan Wolkerspriis foar it b\u00easte Nederl\u00e2nske natoerboek fan 2014.<\/p>\n<p>Frysk, 144 siden, paperback, foar de Nederl\u00e2nske ferzje klik <a href=\"http:\/\/afuk.nl\/shop_product\/4904\" target=\"_blank\" rel=\"noopener noreferrer\">hjir<\/a>.<\/p>\n","protected":false},"excerpt":{"rendered":"<p>Theunis Piersma is heechlearaar Trekf\u00fbgelekology yn Grins en is in ynternasjonale autoriteit op dat gebied. Op syn fakgebied hat Piersma in \u00f4fgryslik soad skreaun. Yn syn frije tiid docht er yn syn wenplak Gaast \u00fbndersyk nei sweltsjes. Syn buorfrou frege him \u2018W\u00ear bliuwe \u00fas sweltsjes winterdeis, Theunis\u2019. Dy fraach wie oanlieding foar in syktocht nei [&hellip;]<\/p>\n","protected":false},"featured_media":8739,"comment_status":"closed","ping_status":"closed","template":"","meta":{"_acf_changed":false},"product_brand":[],"product_cat":[1040,535,18568,542,1216,1215],"product_tag":[],"class_list":{"0":"post-8738","1":"product","2":"type-product","3":"status-publish","4":"has-post-thumbnail","6":"product_cat-ferhalebondels","7":"product_cat-fryske-boeken","8":"product_cat-fugels-yn-fryslan","9":"product_cat-natoer","10":"product_cat-natoer-en-toerisme","11":"product_cat-romans-en-literatuer","12":"product_shipping_class-brievenbus-verzending","13":"pa_auteur-theunis-piersma","14":"pa_is-een-afuk-product-0-2","15":"pa_sale-label-0-3","17":"first","18":"instock","19":"taxable","20":"shipping-taxable","21":"purchasable","22":"product-type-simple"},"acf":[],"yoast_head":"<!-- This site is optimized with the Yoast SEO plugin v27.2 - https:\/\/yoast.com\/product\/yoast-seo-wordpress\/ -->\n<title>Sweltsjes fan Gaast<\/title>\n<meta name=\"description\" content=\"Theunis Piersma hat foar syn baanbrekkend \u00fbndersyk nei trekf\u00fbgels de Spinozapreemje, de heechste wittenskiplike \u00fbnderskieding fan Nederl\u00e2n krigen.\" \/>\n<meta name=\"robots\" content=\"index, follow, max-snippet:-1, max-image-preview:large, max-video-preview:-1\" \/>\n<link rel=\"canonical\" href=\"https:\/\/websjop.afuk.frl\/frl\/winkel\/sweltsjes-fan-gaast\/\" \/>\n<meta property=\"og:locale\" content=\"fy_NL\" \/>\n<meta property=\"og:type\" content=\"article\" \/>\n<meta property=\"og:title\" content=\"Sweltsjes fan Gaast\" \/>\n<meta property=\"og:description\" content=\"Theunis Piersma hat foar syn baanbrekkend \u00fbndersyk nei trekf\u00fbgels de Spinozapreemje, de heechste wittenskiplike \u00fbnderskieding fan Nederl\u00e2n krigen.\" \/>\n<meta property=\"og:url\" content=\"https:\/\/websjop.afuk.frl\/frl\/winkel\/sweltsjes-fan-gaast\/\" \/>\n<meta property=\"og:site_name\" content=\"Af\u00fbk Websjop\" \/>\n<meta property=\"article:modified_time\" content=\"2021-05-17T12:56:33+00:00\" \/>\n<meta property=\"og:image\" content=\"https:\/\/websjop.afuk.frl\/wp-content\/uploads\/2014\/09\/products-product_4797_0.jpg\" \/>\n\t<meta property=\"og:image:width\" content=\"330\" \/>\n\t<meta property=\"og:image:height\" content=\"448\" \/>\n\t<meta property=\"og:image:type\" content=\"image\/jpeg\" \/>\n<meta name=\"twitter:card\" content=\"summary_large_image\" \/>\n<meta name=\"twitter:label1\" content=\"Est. reading time\" \/>\n\t<meta name=\"twitter:data1\" content=\"1 minute\" \/>\n<script type=\"application\/ld+json\" class=\"yoast-schema-graph\">{\"@context\":\"https:\/\/schema.org\",\"@graph\":[{\"@type\":\"WebPage\",\"@id\":\"https:\/\/websjop.afuk.frl\/frl\/winkel\/sweltsjes-fan-gaast\/\",\"url\":\"https:\/\/websjop.afuk.frl\/frl\/winkel\/sweltsjes-fan-gaast\/\",\"name\":\"Sweltsjes fan Gaast\",\"isPartOf\":{\"@id\":\"https:\/\/websjop.afuk.frl\/frl\/#website\"},\"primaryImageOfPage\":{\"@id\":\"https:\/\/websjop.afuk.frl\/frl\/winkel\/sweltsjes-fan-gaast\/#primaryimage\"},\"image\":{\"@id\":\"https:\/\/websjop.afuk.frl\/frl\/winkel\/sweltsjes-fan-gaast\/#primaryimage\"},\"thumbnailUrl\":\"https:\/\/websjop.afuk.frl\/wp-content\/uploads\/2014\/09\/products-product_4797_0.jpg\",\"datePublished\":\"2014-10-09T05:31:25+00:00\",\"dateModified\":\"2021-05-17T12:56:33+00:00\",\"description\":\"Theunis Piersma hat foar syn baanbrekkend \u00fbndersyk nei trekf\u00fbgels de Spinozapreemje, de heechste wittenskiplike \u00fbnderskieding fan Nederl\u00e2n krigen.\",\"breadcrumb\":{\"@id\":\"https:\/\/websjop.afuk.frl\/frl\/winkel\/sweltsjes-fan-gaast\/#breadcrumb\"},\"inLanguage\":\"fy-NL\",\"potentialAction\":[{\"@type\":\"ReadAction\",\"target\":[\"https:\/\/websjop.afuk.frl\/frl\/winkel\/sweltsjes-fan-gaast\/\"]}]},{\"@type\":\"ImageObject\",\"inLanguage\":\"fy-NL\",\"@id\":\"https:\/\/websjop.afuk.frl\/frl\/winkel\/sweltsjes-fan-gaast\/#primaryimage\",\"url\":\"https:\/\/websjop.afuk.frl\/wp-content\/uploads\/2014\/09\/products-product_4797_0.jpg\",\"contentUrl\":\"https:\/\/websjop.afuk.frl\/wp-content\/uploads\/2014\/09\/products-product_4797_0.jpg\",\"width\":330,\"height\":448,\"caption\":\"Sweltsjes fan Gaast\"},{\"@type\":\"BreadcrumbList\",\"@id\":\"https:\/\/websjop.afuk.frl\/frl\/winkel\/sweltsjes-fan-gaast\/#breadcrumb\",\"itemListElement\":[{\"@type\":\"ListItem\",\"position\":1,\"name\":\"Home\",\"item\":\"https:\/\/websjop.afuk.frl\/frl\/\"},{\"@type\":\"ListItem\",\"position\":2,\"name\":\"Winkel\",\"item\":\"https:\/\/websjop.afuk.frl\/nl\/winkel\/\"},{\"@type\":\"ListItem\",\"position\":3,\"name\":\"Sweltsjes fan Gaast\"}]},{\"@type\":\"WebSite\",\"@id\":\"https:\/\/websjop.afuk.frl\/frl\/#website\",\"url\":\"https:\/\/websjop.afuk.frl\/frl\/\",\"name\":\"Af\u00fbk Websjop\",\"description\":\"\",\"potentialAction\":[{\"@type\":\"SearchAction\",\"target\":{\"@type\":\"EntryPoint\",\"urlTemplate\":\"https:\/\/websjop.afuk.frl\/frl\/?s={search_term_string}\"},\"query-input\":{\"@type\":\"PropertyValueSpecification\",\"valueRequired\":true,\"valueName\":\"search_term_string\"}}],\"inLanguage\":\"fy-NL\"}]}<\/script>\n<!-- \/ Yoast SEO plugin. -->","yoast_head_json":{"title":"Sweltsjes fan Gaast","description":"Theunis Piersma hat foar syn baanbrekkend \u00fbndersyk nei trekf\u00fbgels de Spinozapreemje, de heechste wittenskiplike \u00fbnderskieding fan Nederl\u00e2n krigen.","robots":{"index":"index","follow":"follow","max-snippet":"max-snippet:-1","max-image-preview":"max-image-preview:large","max-video-preview":"max-video-preview:-1"},"canonical":"https:\/\/websjop.afuk.frl\/frl\/winkel\/sweltsjes-fan-gaast\/","og_locale":"fy_NL","og_type":"article","og_title":"Sweltsjes fan Gaast","og_description":"Theunis Piersma hat foar syn baanbrekkend \u00fbndersyk nei trekf\u00fbgels de Spinozapreemje, de heechste wittenskiplike \u00fbnderskieding fan Nederl\u00e2n krigen.","og_url":"https:\/\/websjop.afuk.frl\/frl\/winkel\/sweltsjes-fan-gaast\/","og_site_name":"Af\u00fbk Websjop","article_modified_time":"2021-05-17T12:56:33+00:00","og_image":[{"width":330,"height":448,"url":"https:\/\/websjop.afuk.frl\/wp-content\/uploads\/2014\/09\/products-product_4797_0.jpg","type":"image\/jpeg"}],"twitter_card":"summary_large_image","twitter_misc":{"Est. reading time":"1 minute"},"schema":{"@context":"https:\/\/schema.org","@graph":[{"@type":"WebPage","@id":"https:\/\/websjop.afuk.frl\/frl\/winkel\/sweltsjes-fan-gaast\/","url":"https:\/\/websjop.afuk.frl\/frl\/winkel\/sweltsjes-fan-gaast\/","name":"Sweltsjes fan Gaast","isPartOf":{"@id":"https:\/\/websjop.afuk.frl\/frl\/#website"},"primaryImageOfPage":{"@id":"https:\/\/websjop.afuk.frl\/frl\/winkel\/sweltsjes-fan-gaast\/#primaryimage"},"image":{"@id":"https:\/\/websjop.afuk.frl\/frl\/winkel\/sweltsjes-fan-gaast\/#primaryimage"},"thumbnailUrl":"https:\/\/websjop.afuk.frl\/wp-content\/uploads\/2014\/09\/products-product_4797_0.jpg","datePublished":"2014-10-09T05:31:25+00:00","dateModified":"2021-05-17T12:56:33+00:00","description":"Theunis Piersma hat foar syn baanbrekkend \u00fbndersyk nei trekf\u00fbgels de Spinozapreemje, de heechste wittenskiplike \u00fbnderskieding fan Nederl\u00e2n krigen.","breadcrumb":{"@id":"https:\/\/websjop.afuk.frl\/frl\/winkel\/sweltsjes-fan-gaast\/#breadcrumb"},"inLanguage":"fy-NL","potentialAction":[{"@type":"ReadAction","target":["https:\/\/websjop.afuk.frl\/frl\/winkel\/sweltsjes-fan-gaast\/"]}]},{"@type":"ImageObject","inLanguage":"fy-NL","@id":"https:\/\/websjop.afuk.frl\/frl\/winkel\/sweltsjes-fan-gaast\/#primaryimage","url":"https:\/\/websjop.afuk.frl\/wp-content\/uploads\/2014\/09\/products-product_4797_0.jpg","contentUrl":"https:\/\/websjop.afuk.frl\/wp-content\/uploads\/2014\/09\/products-product_4797_0.jpg","width":330,"height":448,"caption":"Sweltsjes fan Gaast"},{"@type":"BreadcrumbList","@id":"https:\/\/websjop.afuk.frl\/frl\/winkel\/sweltsjes-fan-gaast\/#breadcrumb","itemListElement":[{"@type":"ListItem","position":1,"name":"Home","item":"https:\/\/websjop.afuk.frl\/frl\/"},{"@type":"ListItem","position":2,"name":"Winkel","item":"https:\/\/websjop.afuk.frl\/nl\/winkel\/"},{"@type":"ListItem","position":3,"name":"Sweltsjes fan Gaast"}]},{"@type":"WebSite","@id":"https:\/\/websjop.afuk.frl\/frl\/#website","url":"https:\/\/websjop.afuk.frl\/frl\/","name":"Af\u00fbk Websjop","description":"","potentialAction":[{"@type":"SearchAction","target":{"@type":"EntryPoint","urlTemplate":"https:\/\/websjop.afuk.frl\/frl\/?s={search_term_string}"},"query-input":{"@type":"PropertyValueSpecification","valueRequired":true,"valueName":"search_term_string"}}],"inLanguage":"fy-NL"}]}},"_links":{"self":[{"href":"https:\/\/websjop.afuk.frl\/frl\/wp-json\/wp\/v2\/product\/8738","targetHints":{"allow":["GET"]}}],"collection":[{"href":"https:\/\/websjop.afuk.frl\/frl\/wp-json\/wp\/v2\/product"}],"about":[{"href":"https:\/\/websjop.afuk.frl\/frl\/wp-json\/wp\/v2\/types\/product"}],"replies":[{"embeddable":true,"href":"https:\/\/websjop.afuk.frl\/frl\/wp-json\/wp\/v2\/comments?post=8738"}],"wp:featuredmedia":[{"embeddable":true,"href":"https:\/\/websjop.afuk.frl\/frl\/wp-json\/wp\/v2\/media\/8739"}],"wp:attachment":[{"href":"https:\/\/websjop.afuk.frl\/frl\/wp-json\/wp\/v2\/media?parent=8738"}],"wp:term":[{"taxonomy":"product_brand","embeddable":true,"href":"https:\/\/websjop.afuk.frl\/frl\/wp-json\/wp\/v2\/product_brand?post=8738"},{"taxonomy":"product_cat","embeddable":true,"href":"https:\/\/websjop.afuk.frl\/frl\/wp-json\/wp\/v2\/product_cat?post=8738"},{"taxonomy":"product_tag","embeddable":true,"href":"https:\/\/websjop.afuk.frl\/frl\/wp-json\/wp\/v2\/product_tag?post=8738"}],"curies":[{"name":"wp","href":"https:\/\/api.w.org\/{rel}","templated":true}]}}