{"id":8531,"date":"2014-09-10T04:23:12","date_gmt":"2014-09-10T03:23:12","guid":{"rendered":"https:\/\/websjop.bwhontwerpers.nl\/?post_type=product&#038;p=8531"},"modified":"2019-11-05T16:00:34","modified_gmt":"2019-11-05T15:00:34","slug":"de-reade-bwarre-audio","status":"publish","type":"product","link":"https:\/\/websjop.afuk.frl\/frl\/winkel\/de-reade-bwarre-audio\/","title":{"rendered":"De Reade Bwarre &#8211; Audioboek"},"content":{"rendered":"<p><em><strong>L\u00fasterboek<\/strong><\/em><\/p>\n<p>Riemersma boartet mei syn l\u00eazers, mei syn ferhalen en mei himsels as skriuwer. Hy jaget de boel yn de bulten. It harkboek bringt syn wr\u00e2ld noch tichterby.\u00a0It kearnferhaal yn dit boek hannelet oer de bodzjende gerniersh\u00fash\u00e2lding Bosma, alias de Modderklauwers, op it Ferwerter klaail\u00e2n.\u00a0D\u00earn\u00east is der de geheimsinnige sekte fan de &#8216;Bwarristen&#8217; dy&#8217;t de lear neifolget fan de reade boarre Boldgrim, de &#8216;grutte ferneuker&#8217;.<\/p>\n<p>In tredde ferhaalline fertelt de jeugdoantinkens fan it jonkje Tilly, it autobiografyske part fan it boek. Tuskentroch spylje parody op en polemyk mei histoaryske figueren \u00fat de Fryske beweging en literatuer, taalwittenskip en skiednis in rol.<\/p>\n<p>It boek stelt \u00fbnder oare troch de \u00f4fwikende stavering it ideaal fan it Frysk as in folsleine kultuertaal yn de kiif. Riemersma doktere dy stavering \u00fat yn de tiid dat hy en oaren iveren foar fiergeande staveringsfernijing, dy&#8217;t der yn 1980 by einsluten net kaam.<\/p>\n<p>De Reade Bwarre wurdt algemien sjoen as it hichtepunt yn it wurk fan Trinus Riemersma. Hy krige der yn 1995 de Gysbert Japicxpriis foar.<\/p>\n<p>Foarl\u00eazen troch Durk Hibma<\/p>\n<p>2 mp3 cd&#8217;s<\/p>\n<p>&nbsp;<\/p>\n","protected":false},"excerpt":{"rendered":"<p>Audioboek, foarl\u00eazen troch Durk Hibma<\/p>\n","protected":false},"featured_media":8532,"comment_status":"closed","ping_status":"closed","template":"","meta":{"_acf_changed":false},"product_brand":[],"product_cat":[535,547],"product_tag":[5780,5805,5803,5781],"class_list":{"0":"post-8531","1":"product","2":"type-product","3":"status-publish","4":"has-post-thumbnail","6":"product_cat-fryske-boeken","7":"product_cat-lusterboeken","8":"product_tag-audioboek","9":"product_tag-de-reade-bwarre","10":"product_tag-lusterboek","11":"product_tag-lusterboeken","12":"product_shipping_class-brievenbus-verzending","13":"pa_auteur-trinus-riemersma-2","14":"pa_isbn-5804","15":"pa_taal-frysk","16":"pa_uitgever-audiofrysk","18":"first","19":"instock","20":"taxable","21":"shipping-taxable","22":"purchasable","23":"product-type-simple"},"acf":[],"yoast_head":"<!-- This site is optimized with the Yoast SEO plugin v27.2 - https:\/\/yoast.com\/product\/yoast-seo-wordpress\/ -->\n<title>De reade bwarre - audioboek mp3<\/title>\n<meta name=\"description\" content=\"Foarl\u00eazen troch Durk Hibma\" \/>\n<meta name=\"robots\" content=\"index, follow, max-snippet:-1, max-image-preview:large, max-video-preview:-1\" \/>\n<link rel=\"canonical\" href=\"https:\/\/websjop.afuk.frl\/frl\/winkel\/de-reade-bwarre-audio\/\" \/>\n<meta property=\"og:locale\" content=\"fy_NL\" \/>\n<meta property=\"og:type\" content=\"article\" \/>\n<meta property=\"og:title\" content=\"De reade bwarre - audioboek mp3\" \/>\n<meta property=\"og:description\" content=\"Foarl\u00eazen troch Durk Hibma\" \/>\n<meta property=\"og:url\" content=\"https:\/\/websjop.afuk.frl\/frl\/winkel\/de-reade-bwarre-audio\/\" \/>\n<meta property=\"og:site_name\" content=\"Af\u00fbk Websjop\" \/>\n<meta property=\"article:modified_time\" content=\"2019-11-05T15:00:34+00:00\" \/>\n<meta property=\"og:image\" content=\"https:\/\/websjop.afuk.frl\/wp-content\/uploads\/2014\/09\/products-product_4661_0.jpg\" \/>\n\t<meta property=\"og:image:width\" content=\"330\" \/>\n\t<meta property=\"og:image:height\" content=\"493\" \/>\n\t<meta property=\"og:image:type\" content=\"image\/jpeg\" \/>\n<meta name=\"twitter:card\" content=\"summary_large_image\" \/>\n<meta name=\"twitter:label1\" content=\"Est. reading time\" \/>\n\t<meta name=\"twitter:data1\" content=\"1 minute\" \/>\n<script type=\"application\/ld+json\" class=\"yoast-schema-graph\">{\"@context\":\"https:\/\/schema.org\",\"@graph\":[{\"@type\":\"WebPage\",\"@id\":\"https:\/\/websjop.afuk.frl\/frl\/winkel\/de-reade-bwarre-audio\/\",\"url\":\"https:\/\/websjop.afuk.frl\/frl\/winkel\/de-reade-bwarre-audio\/\",\"name\":\"De reade bwarre - audioboek mp3\",\"isPartOf\":{\"@id\":\"https:\/\/websjop.afuk.frl\/frl\/#website\"},\"primaryImageOfPage\":{\"@id\":\"https:\/\/websjop.afuk.frl\/frl\/winkel\/de-reade-bwarre-audio\/#primaryimage\"},\"image\":{\"@id\":\"https:\/\/websjop.afuk.frl\/frl\/winkel\/de-reade-bwarre-audio\/#primaryimage\"},\"thumbnailUrl\":\"https:\/\/websjop.afuk.frl\/wp-content\/uploads\/2014\/09\/products-product_4661_0.jpg\",\"datePublished\":\"2014-09-10T03:23:12+00:00\",\"dateModified\":\"2019-11-05T15:00:34+00:00\",\"description\":\"Foarl\u00eazen troch Durk Hibma\",\"breadcrumb\":{\"@id\":\"https:\/\/websjop.afuk.frl\/frl\/winkel\/de-reade-bwarre-audio\/#breadcrumb\"},\"inLanguage\":\"fy-NL\",\"potentialAction\":[{\"@type\":\"ReadAction\",\"target\":[\"https:\/\/websjop.afuk.frl\/frl\/winkel\/de-reade-bwarre-audio\/\"]}]},{\"@type\":\"ImageObject\",\"inLanguage\":\"fy-NL\",\"@id\":\"https:\/\/websjop.afuk.frl\/frl\/winkel\/de-reade-bwarre-audio\/#primaryimage\",\"url\":\"https:\/\/websjop.afuk.frl\/wp-content\/uploads\/2014\/09\/products-product_4661_0.jpg\",\"contentUrl\":\"https:\/\/websjop.afuk.frl\/wp-content\/uploads\/2014\/09\/products-product_4661_0.jpg\",\"width\":330,\"height\":493,\"caption\":\"De reade bwarre - audioboek mp3\"},{\"@type\":\"BreadcrumbList\",\"@id\":\"https:\/\/websjop.afuk.frl\/frl\/winkel\/de-reade-bwarre-audio\/#breadcrumb\",\"itemListElement\":[{\"@type\":\"ListItem\",\"position\":1,\"name\":\"Home\",\"item\":\"https:\/\/websjop.afuk.frl\/frl\/\"},{\"@type\":\"ListItem\",\"position\":2,\"name\":\"Winkel\",\"item\":\"https:\/\/websjop.afuk.frl\/nl\/winkel\/\"},{\"@type\":\"ListItem\",\"position\":3,\"name\":\"De Reade Bwarre &#8211; Audioboek\"}]},{\"@type\":\"WebSite\",\"@id\":\"https:\/\/websjop.afuk.frl\/frl\/#website\",\"url\":\"https:\/\/websjop.afuk.frl\/frl\/\",\"name\":\"Af\u00fbk Websjop\",\"description\":\"\",\"potentialAction\":[{\"@type\":\"SearchAction\",\"target\":{\"@type\":\"EntryPoint\",\"urlTemplate\":\"https:\/\/websjop.afuk.frl\/frl\/?s={search_term_string}\"},\"query-input\":{\"@type\":\"PropertyValueSpecification\",\"valueRequired\":true,\"valueName\":\"search_term_string\"}}],\"inLanguage\":\"fy-NL\"}]}<\/script>\n<!-- \/ Yoast SEO plugin. -->","yoast_head_json":{"title":"De reade bwarre - audioboek mp3","description":"Foarl\u00eazen troch Durk Hibma","robots":{"index":"index","follow":"follow","max-snippet":"max-snippet:-1","max-image-preview":"max-image-preview:large","max-video-preview":"max-video-preview:-1"},"canonical":"https:\/\/websjop.afuk.frl\/frl\/winkel\/de-reade-bwarre-audio\/","og_locale":"fy_NL","og_type":"article","og_title":"De reade bwarre - audioboek mp3","og_description":"Foarl\u00eazen troch Durk Hibma","og_url":"https:\/\/websjop.afuk.frl\/frl\/winkel\/de-reade-bwarre-audio\/","og_site_name":"Af\u00fbk Websjop","article_modified_time":"2019-11-05T15:00:34+00:00","og_image":[{"width":330,"height":493,"url":"https:\/\/websjop.afuk.frl\/wp-content\/uploads\/2014\/09\/products-product_4661_0.jpg","type":"image\/jpeg"}],"twitter_card":"summary_large_image","twitter_misc":{"Est. reading time":"1 minute"},"schema":{"@context":"https:\/\/schema.org","@graph":[{"@type":"WebPage","@id":"https:\/\/websjop.afuk.frl\/frl\/winkel\/de-reade-bwarre-audio\/","url":"https:\/\/websjop.afuk.frl\/frl\/winkel\/de-reade-bwarre-audio\/","name":"De reade bwarre - audioboek mp3","isPartOf":{"@id":"https:\/\/websjop.afuk.frl\/frl\/#website"},"primaryImageOfPage":{"@id":"https:\/\/websjop.afuk.frl\/frl\/winkel\/de-reade-bwarre-audio\/#primaryimage"},"image":{"@id":"https:\/\/websjop.afuk.frl\/frl\/winkel\/de-reade-bwarre-audio\/#primaryimage"},"thumbnailUrl":"https:\/\/websjop.afuk.frl\/wp-content\/uploads\/2014\/09\/products-product_4661_0.jpg","datePublished":"2014-09-10T03:23:12+00:00","dateModified":"2019-11-05T15:00:34+00:00","description":"Foarl\u00eazen troch Durk Hibma","breadcrumb":{"@id":"https:\/\/websjop.afuk.frl\/frl\/winkel\/de-reade-bwarre-audio\/#breadcrumb"},"inLanguage":"fy-NL","potentialAction":[{"@type":"ReadAction","target":["https:\/\/websjop.afuk.frl\/frl\/winkel\/de-reade-bwarre-audio\/"]}]},{"@type":"ImageObject","inLanguage":"fy-NL","@id":"https:\/\/websjop.afuk.frl\/frl\/winkel\/de-reade-bwarre-audio\/#primaryimage","url":"https:\/\/websjop.afuk.frl\/wp-content\/uploads\/2014\/09\/products-product_4661_0.jpg","contentUrl":"https:\/\/websjop.afuk.frl\/wp-content\/uploads\/2014\/09\/products-product_4661_0.jpg","width":330,"height":493,"caption":"De reade bwarre - audioboek mp3"},{"@type":"BreadcrumbList","@id":"https:\/\/websjop.afuk.frl\/frl\/winkel\/de-reade-bwarre-audio\/#breadcrumb","itemListElement":[{"@type":"ListItem","position":1,"name":"Home","item":"https:\/\/websjop.afuk.frl\/frl\/"},{"@type":"ListItem","position":2,"name":"Winkel","item":"https:\/\/websjop.afuk.frl\/nl\/winkel\/"},{"@type":"ListItem","position":3,"name":"De Reade Bwarre &#8211; Audioboek"}]},{"@type":"WebSite","@id":"https:\/\/websjop.afuk.frl\/frl\/#website","url":"https:\/\/websjop.afuk.frl\/frl\/","name":"Af\u00fbk Websjop","description":"","potentialAction":[{"@type":"SearchAction","target":{"@type":"EntryPoint","urlTemplate":"https:\/\/websjop.afuk.frl\/frl\/?s={search_term_string}"},"query-input":{"@type":"PropertyValueSpecification","valueRequired":true,"valueName":"search_term_string"}}],"inLanguage":"fy-NL"}]}},"_links":{"self":[{"href":"https:\/\/websjop.afuk.frl\/frl\/wp-json\/wp\/v2\/product\/8531","targetHints":{"allow":["GET"]}}],"collection":[{"href":"https:\/\/websjop.afuk.frl\/frl\/wp-json\/wp\/v2\/product"}],"about":[{"href":"https:\/\/websjop.afuk.frl\/frl\/wp-json\/wp\/v2\/types\/product"}],"replies":[{"embeddable":true,"href":"https:\/\/websjop.afuk.frl\/frl\/wp-json\/wp\/v2\/comments?post=8531"}],"wp:featuredmedia":[{"embeddable":true,"href":"https:\/\/websjop.afuk.frl\/frl\/wp-json\/wp\/v2\/media\/8532"}],"wp:attachment":[{"href":"https:\/\/websjop.afuk.frl\/frl\/wp-json\/wp\/v2\/media?parent=8531"}],"wp:term":[{"taxonomy":"product_brand","embeddable":true,"href":"https:\/\/websjop.afuk.frl\/frl\/wp-json\/wp\/v2\/product_brand?post=8531"},{"taxonomy":"product_cat","embeddable":true,"href":"https:\/\/websjop.afuk.frl\/frl\/wp-json\/wp\/v2\/product_cat?post=8531"},{"taxonomy":"product_tag","embeddable":true,"href":"https:\/\/websjop.afuk.frl\/frl\/wp-json\/wp\/v2\/product_tag?post=8531"}],"curies":[{"name":"wp","href":"https:\/\/api.w.org\/{rel}","templated":true}]}}