{"id":8529,"date":"2014-09-10T06:23:11","date_gmt":"2014-09-10T05:23:11","guid":{"rendered":"https:\/\/websjop.bwhontwerpers.nl\/?post_type=product&#038;p=8529"},"modified":"2022-03-01T09:26:51","modified_gmt":"2022-03-01T08:26:51","slug":"de-treastfugel-2","status":"publish","type":"product","link":"https:\/\/websjop.afuk.frl\/frl\/winkel\/de-treastfugel-2\/","title":{"rendered":"De treastf\u00fbgel &#8211; Audioboek"},"content":{"rendered":"<p><em><strong>L\u00fasterboek<\/strong><\/em><\/p>\n<p>Yn De treastf\u00fbgel folget Hylke Speerstra it spoar fan twa famyljes \u00fat Hichtum. De iene h\u00fash\u00e2lding stapt yn 1911 op de boat nei Amearika en kin yn it stienearme S\u00fad-Dakota amper oerlibje. Mar \u00fateinlik wurde se Amerikaan mei de Amerikanen. Foar de oare h\u00fash\u00e2lding wurdt it in swalkjen tusken arbeiderswenten yn Frysl\u00e2n en melkst\u00e2len yn D\u00fatsl\u00e2n.<\/p>\n<p>De ferhalen fan beide famyljes komme wer byinoar as twa neikommelingen \u00fat de tredde generaasje oan it oarlochsfront bedarje: de iene as oerwinner, de oare as ferliezer.<br \/>\nSpeerstra reizge foar dit ferhaal nei noch libjende tsj\u00fbgen yn Amearika en D\u00fatsl\u00e2n, en kaam werom mei it hiele ferhaal.<br \/>\nMar hoe hertferskuorrend de earmoede en ferskrikkingen bytiden ek wiene, Speerstra fertelt de stoarje sa&#8217;t hy dat allinne mar kin: fol gefoel, humor en moederaasje. Dat alles yn prachtich en l\u00easber Frysk. Dit boek ferskynde yn oanset as boekewikegeskink 2011.<\/p>\n<p>Foarl\u00eazen troch Hylke Speerstra<\/p>\n<p>6 cd&#8217;s<\/p>\n","protected":false},"excerpt":{"rendered":"<p>Audioboek, foarl\u00eazen troch Hylke Speerstra.<\/p>\n","protected":false},"featured_media":8530,"comment_status":"closed","ping_status":"closed","template":"","meta":{"_acf_changed":false},"product_brand":[],"product_cat":[1040,535,547,1215,1163],"product_tag":[5780,5810,5803,5781],"class_list":{"0":"post-8529","1":"product","2":"type-product","3":"status-publish","4":"has-post-thumbnail","6":"product_cat-ferhalebondels","7":"product_cat-fryske-boeken","8":"product_cat-lusterboeken","9":"product_cat-romans-en-literatuer","10":"product_cat-wo2","11":"product_tag-audioboek","12":"product_tag-de-treastfugel","13":"product_tag-lusterboek","14":"product_tag-lusterboeken","15":"product_shipping_class-brievenbus-verzending","16":"pa_auteur-hylke-speerstra","17":"pa_isbn-2187","18":"pa_taal-frysk","19":"pa_uitgever-audiofrysk","21":"first","22":"instock","23":"taxable","24":"shipping-taxable","25":"purchasable","26":"product-type-simple"},"acf":[],"yoast_head":"<!-- This site is optimized with the Yoast SEO plugin v27.2 - https:\/\/yoast.com\/product\/yoast-seo-wordpress\/ -->\n<title>De treastf\u00fbgel - audioboek<\/title>\n<meta name=\"description\" content=\"Foarl\u00eazen troch Hylke Speerstra\" \/>\n<meta name=\"robots\" content=\"index, follow, max-snippet:-1, max-image-preview:large, max-video-preview:-1\" \/>\n<link rel=\"canonical\" href=\"https:\/\/websjop.afuk.frl\/frl\/winkel\/de-treastfugel-2\/\" \/>\n<meta property=\"og:locale\" content=\"fy_NL\" \/>\n<meta property=\"og:type\" content=\"article\" \/>\n<meta property=\"og:title\" content=\"De treastf\u00fbgel - audioboek\" \/>\n<meta property=\"og:description\" content=\"Foarl\u00eazen troch Hylke Speerstra\" \/>\n<meta property=\"og:url\" content=\"https:\/\/websjop.afuk.frl\/frl\/winkel\/de-treastfugel-2\/\" \/>\n<meta property=\"og:site_name\" content=\"Af\u00fbk Websjop\" \/>\n<meta property=\"article:modified_time\" content=\"2022-03-01T08:26:51+00:00\" \/>\n<meta property=\"og:image\" content=\"https:\/\/websjop.afuk.frl\/wp-content\/uploads\/2014\/09\/products-product_4660_0.jpg\" \/>\n\t<meta property=\"og:image:width\" content=\"330\" \/>\n\t<meta property=\"og:image:height\" content=\"482\" \/>\n\t<meta property=\"og:image:type\" content=\"image\/jpeg\" \/>\n<meta name=\"twitter:card\" content=\"summary_large_image\" \/>\n<meta name=\"twitter:label1\" content=\"Est. reading time\" \/>\n\t<meta name=\"twitter:data1\" content=\"1 minute\" \/>\n<script type=\"application\/ld+json\" class=\"yoast-schema-graph\">{\"@context\":\"https:\/\/schema.org\",\"@graph\":[{\"@type\":\"WebPage\",\"@id\":\"https:\/\/websjop.afuk.frl\/frl\/winkel\/de-treastfugel-2\/\",\"url\":\"https:\/\/websjop.afuk.frl\/frl\/winkel\/de-treastfugel-2\/\",\"name\":\"De treastf\u00fbgel - audioboek\",\"isPartOf\":{\"@id\":\"https:\/\/websjop.afuk.frl\/frl\/#website\"},\"primaryImageOfPage\":{\"@id\":\"https:\/\/websjop.afuk.frl\/frl\/winkel\/de-treastfugel-2\/#primaryimage\"},\"image\":{\"@id\":\"https:\/\/websjop.afuk.frl\/frl\/winkel\/de-treastfugel-2\/#primaryimage\"},\"thumbnailUrl\":\"https:\/\/websjop.afuk.frl\/wp-content\/uploads\/2014\/09\/products-product_4660_0.jpg\",\"datePublished\":\"2014-09-10T05:23:11+00:00\",\"dateModified\":\"2022-03-01T08:26:51+00:00\",\"description\":\"Foarl\u00eazen troch Hylke Speerstra\",\"breadcrumb\":{\"@id\":\"https:\/\/websjop.afuk.frl\/frl\/winkel\/de-treastfugel-2\/#breadcrumb\"},\"inLanguage\":\"fy-NL\",\"potentialAction\":[{\"@type\":\"ReadAction\",\"target\":[\"https:\/\/websjop.afuk.frl\/frl\/winkel\/de-treastfugel-2\/\"]}]},{\"@type\":\"ImageObject\",\"inLanguage\":\"fy-NL\",\"@id\":\"https:\/\/websjop.afuk.frl\/frl\/winkel\/de-treastfugel-2\/#primaryimage\",\"url\":\"https:\/\/websjop.afuk.frl\/wp-content\/uploads\/2014\/09\/products-product_4660_0.jpg\",\"contentUrl\":\"https:\/\/websjop.afuk.frl\/wp-content\/uploads\/2014\/09\/products-product_4660_0.jpg\",\"width\":330,\"height\":482,\"caption\":\"De treastf\u00fbgel - audioboek\"},{\"@type\":\"BreadcrumbList\",\"@id\":\"https:\/\/websjop.afuk.frl\/frl\/winkel\/de-treastfugel-2\/#breadcrumb\",\"itemListElement\":[{\"@type\":\"ListItem\",\"position\":1,\"name\":\"Home\",\"item\":\"https:\/\/websjop.afuk.frl\/frl\/\"},{\"@type\":\"ListItem\",\"position\":2,\"name\":\"Winkel\",\"item\":\"https:\/\/websjop.afuk.frl\/nl\/winkel\/\"},{\"@type\":\"ListItem\",\"position\":3,\"name\":\"De treastf\u00fbgel &#8211; Audioboek\"}]},{\"@type\":\"WebSite\",\"@id\":\"https:\/\/websjop.afuk.frl\/frl\/#website\",\"url\":\"https:\/\/websjop.afuk.frl\/frl\/\",\"name\":\"Af\u00fbk Websjop\",\"description\":\"\",\"potentialAction\":[{\"@type\":\"SearchAction\",\"target\":{\"@type\":\"EntryPoint\",\"urlTemplate\":\"https:\/\/websjop.afuk.frl\/frl\/?s={search_term_string}\"},\"query-input\":{\"@type\":\"PropertyValueSpecification\",\"valueRequired\":true,\"valueName\":\"search_term_string\"}}],\"inLanguage\":\"fy-NL\"}]}<\/script>\n<!-- \/ Yoast SEO plugin. -->","yoast_head_json":{"title":"De treastf\u00fbgel - audioboek","description":"Foarl\u00eazen troch Hylke Speerstra","robots":{"index":"index","follow":"follow","max-snippet":"max-snippet:-1","max-image-preview":"max-image-preview:large","max-video-preview":"max-video-preview:-1"},"canonical":"https:\/\/websjop.afuk.frl\/frl\/winkel\/de-treastfugel-2\/","og_locale":"fy_NL","og_type":"article","og_title":"De treastf\u00fbgel - audioboek","og_description":"Foarl\u00eazen troch Hylke Speerstra","og_url":"https:\/\/websjop.afuk.frl\/frl\/winkel\/de-treastfugel-2\/","og_site_name":"Af\u00fbk Websjop","article_modified_time":"2022-03-01T08:26:51+00:00","og_image":[{"width":330,"height":482,"url":"https:\/\/websjop.afuk.frl\/wp-content\/uploads\/2014\/09\/products-product_4660_0.jpg","type":"image\/jpeg"}],"twitter_card":"summary_large_image","twitter_misc":{"Est. reading time":"1 minute"},"schema":{"@context":"https:\/\/schema.org","@graph":[{"@type":"WebPage","@id":"https:\/\/websjop.afuk.frl\/frl\/winkel\/de-treastfugel-2\/","url":"https:\/\/websjop.afuk.frl\/frl\/winkel\/de-treastfugel-2\/","name":"De treastf\u00fbgel - audioboek","isPartOf":{"@id":"https:\/\/websjop.afuk.frl\/frl\/#website"},"primaryImageOfPage":{"@id":"https:\/\/websjop.afuk.frl\/frl\/winkel\/de-treastfugel-2\/#primaryimage"},"image":{"@id":"https:\/\/websjop.afuk.frl\/frl\/winkel\/de-treastfugel-2\/#primaryimage"},"thumbnailUrl":"https:\/\/websjop.afuk.frl\/wp-content\/uploads\/2014\/09\/products-product_4660_0.jpg","datePublished":"2014-09-10T05:23:11+00:00","dateModified":"2022-03-01T08:26:51+00:00","description":"Foarl\u00eazen troch Hylke Speerstra","breadcrumb":{"@id":"https:\/\/websjop.afuk.frl\/frl\/winkel\/de-treastfugel-2\/#breadcrumb"},"inLanguage":"fy-NL","potentialAction":[{"@type":"ReadAction","target":["https:\/\/websjop.afuk.frl\/frl\/winkel\/de-treastfugel-2\/"]}]},{"@type":"ImageObject","inLanguage":"fy-NL","@id":"https:\/\/websjop.afuk.frl\/frl\/winkel\/de-treastfugel-2\/#primaryimage","url":"https:\/\/websjop.afuk.frl\/wp-content\/uploads\/2014\/09\/products-product_4660_0.jpg","contentUrl":"https:\/\/websjop.afuk.frl\/wp-content\/uploads\/2014\/09\/products-product_4660_0.jpg","width":330,"height":482,"caption":"De treastf\u00fbgel - audioboek"},{"@type":"BreadcrumbList","@id":"https:\/\/websjop.afuk.frl\/frl\/winkel\/de-treastfugel-2\/#breadcrumb","itemListElement":[{"@type":"ListItem","position":1,"name":"Home","item":"https:\/\/websjop.afuk.frl\/frl\/"},{"@type":"ListItem","position":2,"name":"Winkel","item":"https:\/\/websjop.afuk.frl\/nl\/winkel\/"},{"@type":"ListItem","position":3,"name":"De treastf\u00fbgel &#8211; Audioboek"}]},{"@type":"WebSite","@id":"https:\/\/websjop.afuk.frl\/frl\/#website","url":"https:\/\/websjop.afuk.frl\/frl\/","name":"Af\u00fbk Websjop","description":"","potentialAction":[{"@type":"SearchAction","target":{"@type":"EntryPoint","urlTemplate":"https:\/\/websjop.afuk.frl\/frl\/?s={search_term_string}"},"query-input":{"@type":"PropertyValueSpecification","valueRequired":true,"valueName":"search_term_string"}}],"inLanguage":"fy-NL"}]}},"_links":{"self":[{"href":"https:\/\/websjop.afuk.frl\/frl\/wp-json\/wp\/v2\/product\/8529","targetHints":{"allow":["GET"]}}],"collection":[{"href":"https:\/\/websjop.afuk.frl\/frl\/wp-json\/wp\/v2\/product"}],"about":[{"href":"https:\/\/websjop.afuk.frl\/frl\/wp-json\/wp\/v2\/types\/product"}],"replies":[{"embeddable":true,"href":"https:\/\/websjop.afuk.frl\/frl\/wp-json\/wp\/v2\/comments?post=8529"}],"wp:featuredmedia":[{"embeddable":true,"href":"https:\/\/websjop.afuk.frl\/frl\/wp-json\/wp\/v2\/media\/8530"}],"wp:attachment":[{"href":"https:\/\/websjop.afuk.frl\/frl\/wp-json\/wp\/v2\/media?parent=8529"}],"wp:term":[{"taxonomy":"product_brand","embeddable":true,"href":"https:\/\/websjop.afuk.frl\/frl\/wp-json\/wp\/v2\/product_brand?post=8529"},{"taxonomy":"product_cat","embeddable":true,"href":"https:\/\/websjop.afuk.frl\/frl\/wp-json\/wp\/v2\/product_cat?post=8529"},{"taxonomy":"product_tag","embeddable":true,"href":"https:\/\/websjop.afuk.frl\/frl\/wp-json\/wp\/v2\/product_tag?post=8529"}],"curies":[{"name":"wp","href":"https:\/\/api.w.org\/{rel}","templated":true}]}}