{"id":8468,"date":"2014-09-10T10:21:17","date_gmt":"2014-09-10T09:21:17","guid":{"rendered":"https:\/\/websjop.bwhontwerpers.nl\/?post_type=product&#038;p=8468"},"modified":"2019-12-20T11:06:25","modified_gmt":"2019-12-20T10:06:25","slug":"op-myn-stjerbed-wol-ik-tate-ha","status":"publish","type":"product","link":"https:\/\/websjop.afuk.frl\/frl\/winkel\/op-myn-stjerbed-wol-ik-tate-ha\/","title":{"rendered":"Op myn stjerb\u00ead wol ik tate ha"},"content":{"rendered":"<p>&#8220;Nei&#8217;t ik de earste ferzy gearstald\u00a0hie, waard it my d\u00fadlik dat der wat oan de bondel mankearde. Der moast, binnen de skiften, in\u00a0strangere opbou komme. Doe haw ik noch in soad nije fersen skreaun. In strange opbou is foar my\u00a0wichtich, oars komme der miskien gau te folle light\u00a0verses yn. Je moatte altiten by de les bliuwe.&#8221;<\/p>\n<p>&#8220;De bondel rint aardich op mei myn skilderwurk, dat spilet him ek om it h\u00fbs \u00f4f. Krekter sein, yn &#8216;e t\u00fan. Hoewolt de bondel tematysk net in soad \u00f4fwykt fan myn eardere dichtwurk, binne mankelikens, it \u00e2lder wurden, it yn it ferfal reitsjen,\u00a0iensumens en de dea\u00a0wichtiger. Aldergeloks wol mei de nedige relativearjende humor.&#8221;<\/p>\n","protected":false},"excerpt":{"rendered":"<p>Gedichten<\/p>\n","protected":false},"featured_media":8469,"comment_status":"closed","ping_status":"closed","template":"","meta":{"_acf_changed":false},"product_brand":[],"product_cat":[538,535,1215],"product_tag":[],"class_list":{"0":"post-8468","1":"product","2":"type-product","3":"status-publish","4":"has-post-thumbnail","6":"product_cat-dichtbondels","7":"product_cat-fryske-boeken","8":"product_cat-romans-en-literatuer","9":"product_shipping_class-brievenbus-verzending","10":"pa_auteur-anne-feddema","11":"pa_is-een-afuk-product-1-2","12":"pa_sale-label-0-3","14":"first","15":"instock","16":"taxable","17":"shipping-taxable","18":"purchasable","19":"product-type-simple"},"acf":[],"yoast_head":"<!-- This site is optimized with the Yoast SEO plugin v27.2 - https:\/\/yoast.com\/product\/yoast-seo-wordpress\/ -->\n<title>Op myn stjerb\u00ead wol ik tate ha<\/title>\n<meta name=\"description\" content=\"Op myn stjerb\u00ead wol ik tate ha\" \/>\n<meta name=\"robots\" content=\"index, follow, max-snippet:-1, max-image-preview:large, max-video-preview:-1\" \/>\n<link rel=\"canonical\" href=\"https:\/\/websjop.afuk.frl\/frl\/winkel\/op-myn-stjerbed-wol-ik-tate-ha\/\" \/>\n<meta property=\"og:locale\" content=\"fy_NL\" \/>\n<meta property=\"og:type\" content=\"article\" \/>\n<meta property=\"og:title\" content=\"Op myn stjerb\u00ead wol ik tate ha\" \/>\n<meta property=\"og:description\" content=\"Op myn stjerb\u00ead wol ik tate ha\" \/>\n<meta property=\"og:url\" content=\"https:\/\/websjop.afuk.frl\/frl\/winkel\/op-myn-stjerbed-wol-ik-tate-ha\/\" \/>\n<meta property=\"og:site_name\" content=\"Af\u00fbk Websjop\" \/>\n<meta property=\"article:modified_time\" content=\"2019-12-20T10:06:25+00:00\" \/>\n<meta property=\"og:image\" content=\"https:\/\/websjop.afuk.frl\/wp-content\/uploads\/2014\/09\/products-product_4605_0.jpg\" \/>\n\t<meta property=\"og:image:width\" content=\"691\" \/>\n\t<meta property=\"og:image:height\" content=\"1009\" \/>\n\t<meta property=\"og:image:type\" content=\"image\/jpeg\" \/>\n<meta name=\"twitter:card\" content=\"summary_large_image\" \/>\n<meta name=\"twitter:label1\" content=\"Est. reading time\" \/>\n\t<meta name=\"twitter:data1\" content=\"1 minute\" \/>\n<script type=\"application\/ld+json\" class=\"yoast-schema-graph\">{\"@context\":\"https:\/\/schema.org\",\"@graph\":[{\"@type\":\"WebPage\",\"@id\":\"https:\/\/websjop.afuk.frl\/frl\/winkel\/op-myn-stjerbed-wol-ik-tate-ha\/\",\"url\":\"https:\/\/websjop.afuk.frl\/frl\/winkel\/op-myn-stjerbed-wol-ik-tate-ha\/\",\"name\":\"Op myn stjerb\u00ead wol ik tate ha\",\"isPartOf\":{\"@id\":\"https:\/\/websjop.afuk.frl\/frl\/#website\"},\"primaryImageOfPage\":{\"@id\":\"https:\/\/websjop.afuk.frl\/frl\/winkel\/op-myn-stjerbed-wol-ik-tate-ha\/#primaryimage\"},\"image\":{\"@id\":\"https:\/\/websjop.afuk.frl\/frl\/winkel\/op-myn-stjerbed-wol-ik-tate-ha\/#primaryimage\"},\"thumbnailUrl\":\"https:\/\/websjop.afuk.frl\/wp-content\/uploads\/2014\/09\/products-product_4605_0.jpg\",\"datePublished\":\"2014-09-10T09:21:17+00:00\",\"dateModified\":\"2019-12-20T10:06:25+00:00\",\"description\":\"Op myn stjerb\u00ead wol ik tate ha\",\"breadcrumb\":{\"@id\":\"https:\/\/websjop.afuk.frl\/frl\/winkel\/op-myn-stjerbed-wol-ik-tate-ha\/#breadcrumb\"},\"inLanguage\":\"fy-NL\",\"potentialAction\":[{\"@type\":\"ReadAction\",\"target\":[\"https:\/\/websjop.afuk.frl\/frl\/winkel\/op-myn-stjerbed-wol-ik-tate-ha\/\"]}]},{\"@type\":\"ImageObject\",\"inLanguage\":\"fy-NL\",\"@id\":\"https:\/\/websjop.afuk.frl\/frl\/winkel\/op-myn-stjerbed-wol-ik-tate-ha\/#primaryimage\",\"url\":\"https:\/\/websjop.afuk.frl\/wp-content\/uploads\/2014\/09\/products-product_4605_0.jpg\",\"contentUrl\":\"https:\/\/websjop.afuk.frl\/wp-content\/uploads\/2014\/09\/products-product_4605_0.jpg\",\"width\":691,\"height\":1009,\"caption\":\"Op myn stjerb\u00ead wol ik tate ha\"},{\"@type\":\"BreadcrumbList\",\"@id\":\"https:\/\/websjop.afuk.frl\/frl\/winkel\/op-myn-stjerbed-wol-ik-tate-ha\/#breadcrumb\",\"itemListElement\":[{\"@type\":\"ListItem\",\"position\":1,\"name\":\"Home\",\"item\":\"https:\/\/websjop.afuk.frl\/frl\/\"},{\"@type\":\"ListItem\",\"position\":2,\"name\":\"Winkel\",\"item\":\"https:\/\/websjop.afuk.frl\/nl\/winkel\/\"},{\"@type\":\"ListItem\",\"position\":3,\"name\":\"Op myn stjerb\u00ead wol ik tate ha\"}]},{\"@type\":\"WebSite\",\"@id\":\"https:\/\/websjop.afuk.frl\/frl\/#website\",\"url\":\"https:\/\/websjop.afuk.frl\/frl\/\",\"name\":\"Af\u00fbk Websjop\",\"description\":\"\",\"potentialAction\":[{\"@type\":\"SearchAction\",\"target\":{\"@type\":\"EntryPoint\",\"urlTemplate\":\"https:\/\/websjop.afuk.frl\/frl\/?s={search_term_string}\"},\"query-input\":{\"@type\":\"PropertyValueSpecification\",\"valueRequired\":true,\"valueName\":\"search_term_string\"}}],\"inLanguage\":\"fy-NL\"}]}<\/script>\n<!-- \/ Yoast SEO plugin. -->","yoast_head_json":{"title":"Op myn stjerb\u00ead wol ik tate ha","description":"Op myn stjerb\u00ead wol ik tate ha","robots":{"index":"index","follow":"follow","max-snippet":"max-snippet:-1","max-image-preview":"max-image-preview:large","max-video-preview":"max-video-preview:-1"},"canonical":"https:\/\/websjop.afuk.frl\/frl\/winkel\/op-myn-stjerbed-wol-ik-tate-ha\/","og_locale":"fy_NL","og_type":"article","og_title":"Op myn stjerb\u00ead wol ik tate ha","og_description":"Op myn stjerb\u00ead wol ik tate ha","og_url":"https:\/\/websjop.afuk.frl\/frl\/winkel\/op-myn-stjerbed-wol-ik-tate-ha\/","og_site_name":"Af\u00fbk Websjop","article_modified_time":"2019-12-20T10:06:25+00:00","og_image":[{"width":691,"height":1009,"url":"https:\/\/websjop.afuk.frl\/wp-content\/uploads\/2014\/09\/products-product_4605_0.jpg","type":"image\/jpeg"}],"twitter_card":"summary_large_image","twitter_misc":{"Est. reading time":"1 minute"},"schema":{"@context":"https:\/\/schema.org","@graph":[{"@type":"WebPage","@id":"https:\/\/websjop.afuk.frl\/frl\/winkel\/op-myn-stjerbed-wol-ik-tate-ha\/","url":"https:\/\/websjop.afuk.frl\/frl\/winkel\/op-myn-stjerbed-wol-ik-tate-ha\/","name":"Op myn stjerb\u00ead wol ik tate ha","isPartOf":{"@id":"https:\/\/websjop.afuk.frl\/frl\/#website"},"primaryImageOfPage":{"@id":"https:\/\/websjop.afuk.frl\/frl\/winkel\/op-myn-stjerbed-wol-ik-tate-ha\/#primaryimage"},"image":{"@id":"https:\/\/websjop.afuk.frl\/frl\/winkel\/op-myn-stjerbed-wol-ik-tate-ha\/#primaryimage"},"thumbnailUrl":"https:\/\/websjop.afuk.frl\/wp-content\/uploads\/2014\/09\/products-product_4605_0.jpg","datePublished":"2014-09-10T09:21:17+00:00","dateModified":"2019-12-20T10:06:25+00:00","description":"Op myn stjerb\u00ead wol ik tate ha","breadcrumb":{"@id":"https:\/\/websjop.afuk.frl\/frl\/winkel\/op-myn-stjerbed-wol-ik-tate-ha\/#breadcrumb"},"inLanguage":"fy-NL","potentialAction":[{"@type":"ReadAction","target":["https:\/\/websjop.afuk.frl\/frl\/winkel\/op-myn-stjerbed-wol-ik-tate-ha\/"]}]},{"@type":"ImageObject","inLanguage":"fy-NL","@id":"https:\/\/websjop.afuk.frl\/frl\/winkel\/op-myn-stjerbed-wol-ik-tate-ha\/#primaryimage","url":"https:\/\/websjop.afuk.frl\/wp-content\/uploads\/2014\/09\/products-product_4605_0.jpg","contentUrl":"https:\/\/websjop.afuk.frl\/wp-content\/uploads\/2014\/09\/products-product_4605_0.jpg","width":691,"height":1009,"caption":"Op myn stjerb\u00ead wol ik tate ha"},{"@type":"BreadcrumbList","@id":"https:\/\/websjop.afuk.frl\/frl\/winkel\/op-myn-stjerbed-wol-ik-tate-ha\/#breadcrumb","itemListElement":[{"@type":"ListItem","position":1,"name":"Home","item":"https:\/\/websjop.afuk.frl\/frl\/"},{"@type":"ListItem","position":2,"name":"Winkel","item":"https:\/\/websjop.afuk.frl\/nl\/winkel\/"},{"@type":"ListItem","position":3,"name":"Op myn stjerb\u00ead wol ik tate ha"}]},{"@type":"WebSite","@id":"https:\/\/websjop.afuk.frl\/frl\/#website","url":"https:\/\/websjop.afuk.frl\/frl\/","name":"Af\u00fbk Websjop","description":"","potentialAction":[{"@type":"SearchAction","target":{"@type":"EntryPoint","urlTemplate":"https:\/\/websjop.afuk.frl\/frl\/?s={search_term_string}"},"query-input":{"@type":"PropertyValueSpecification","valueRequired":true,"valueName":"search_term_string"}}],"inLanguage":"fy-NL"}]}},"_links":{"self":[{"href":"https:\/\/websjop.afuk.frl\/frl\/wp-json\/wp\/v2\/product\/8468","targetHints":{"allow":["GET"]}}],"collection":[{"href":"https:\/\/websjop.afuk.frl\/frl\/wp-json\/wp\/v2\/product"}],"about":[{"href":"https:\/\/websjop.afuk.frl\/frl\/wp-json\/wp\/v2\/types\/product"}],"replies":[{"embeddable":true,"href":"https:\/\/websjop.afuk.frl\/frl\/wp-json\/wp\/v2\/comments?post=8468"}],"wp:featuredmedia":[{"embeddable":true,"href":"https:\/\/websjop.afuk.frl\/frl\/wp-json\/wp\/v2\/media\/8469"}],"wp:attachment":[{"href":"https:\/\/websjop.afuk.frl\/frl\/wp-json\/wp\/v2\/media?parent=8468"}],"wp:term":[{"taxonomy":"product_brand","embeddable":true,"href":"https:\/\/websjop.afuk.frl\/frl\/wp-json\/wp\/v2\/product_brand?post=8468"},{"taxonomy":"product_cat","embeddable":true,"href":"https:\/\/websjop.afuk.frl\/frl\/wp-json\/wp\/v2\/product_cat?post=8468"},{"taxonomy":"product_tag","embeddable":true,"href":"https:\/\/websjop.afuk.frl\/frl\/wp-json\/wp\/v2\/product_tag?post=8468"}],"curies":[{"name":"wp","href":"https:\/\/api.w.org\/{rel}","templated":true}]}}