{"id":8419,"date":"2014-09-10T08:20:18","date_gmt":"2014-09-10T07:20:18","guid":{"rendered":"https:\/\/websjop.bwhontwerpers.nl\/?post_type=product&#038;p=8419"},"modified":"2026-03-09T12:32:47","modified_gmt":"2026-03-09T11:32:47","slug":"in-kop-as-in-almenak","status":"publish","type":"product","link":"https:\/\/websjop.afuk.frl\/frl\/winkel\/in-kop-as-in-almenak\/","title":{"rendered":"In kop as in almenak"},"content":{"rendered":"<p>Yn de jierren fyftich koenen sk\u00fbtsjeskippers wier net mear fan de wyn libje. Se stapten op de w\u00e2l en sochten nije wegen. De ferhalen en de tradysjes bleaunen oan board fan de \u00e2lde skippen.<\/p>\n<p>Yn &#8216;In kop as in almenak&#8217; besiket in dochter \u00fat in laach fan skippers de ferhalen fan har beide \u00e2lden nij libben yn te blazen. Sadat net alles ferlern gean sil.<\/p>\n<p><em>In frou besjocht har mem en tinkt: &#8220;Dizze frou hat dy droegen, dy berne, dy oan it boarst h\u00e2n. Dyn ruften hat sy wosken, oan de line hongen en strutsen yn &#8216;e kast lein.&#8221;<br \/>\nDy mem is no \u00e2ld en ferjitlik oan &#8216;t wurden. Yn &#8220;In kop as in almenak&#8221; besiket de dochter it libben fan har \u00e2lden f\u00east te lizzen om sa noch wat oer te h\u00e2lden. De wize w\u00earop &#8216;t de skriuwster soks oanpakt is fierhinne briljant. Gjin sljochtwei ferhaal, mar oanienwei assosjatyf wurdt it eardere libben fan skippersbern oproppen en ferb\u00fbn mei it beheinde libben fan in \u00e2ld minske, dy&#8217;t de dyk hast net mear \u00fatkomt. <\/em> Ut: resinsje Leeuwarder Courant, 19 july 2013 fan Doeke Sijens<\/p>\n<p>Nominearre foar de Gysbert Japicx-priis 2015<\/p>\n","protected":false},"excerpt":{"rendered":"<p>In kop as in almenak<\/p>\n","protected":false},"featured_media":8420,"comment_status":"closed","ping_status":"closed","template":"","meta":{"_acf_changed":false},"product_brand":[],"product_cat":[535,537,1215],"product_tag":[],"class_list":{"0":"post-8419","1":"product","2":"type-product","3":"status-publish","4":"has-post-thumbnail","6":"product_cat-fryske-boeken","7":"product_cat-romans","8":"product_cat-romans-en-literatuer","9":"product_shipping_class-brievenbus-verzending","10":"pa_auteur-elske-schotanus","11":"pa_is-een-afuk-product-1-2","12":"pa_sale-label-0-3","14":"first","15":"instock","16":"taxable","17":"shipping-taxable","18":"purchasable","19":"product-type-simple"},"acf":[],"yoast_head":"<!-- This site is optimized with the Yoast SEO plugin v27.2 - https:\/\/yoast.com\/product\/yoast-seo-wordpress\/ -->\n<title>In kop as in almenak<\/title>\n<meta name=\"description\" content=\"In kop as in almenak\" \/>\n<meta name=\"robots\" content=\"index, follow, max-snippet:-1, max-image-preview:large, max-video-preview:-1\" \/>\n<link rel=\"canonical\" href=\"https:\/\/websjop.afuk.frl\/frl\/winkel\/in-kop-as-in-almenak\/\" \/>\n<meta property=\"og:locale\" content=\"fy_NL\" \/>\n<meta property=\"og:type\" content=\"article\" \/>\n<meta property=\"og:title\" content=\"In kop as in almenak\" \/>\n<meta property=\"og:description\" content=\"In kop as in almenak\" \/>\n<meta property=\"og:url\" content=\"https:\/\/websjop.afuk.frl\/frl\/winkel\/in-kop-as-in-almenak\/\" \/>\n<meta property=\"og:site_name\" content=\"Af\u00fbk Websjop\" \/>\n<meta property=\"article:modified_time\" content=\"2026-03-09T11:32:47+00:00\" \/>\n<meta property=\"og:image\" content=\"https:\/\/websjop.afuk.frl\/wp-content\/uploads\/2014\/09\/products-product_4573_0.jpg\" \/>\n\t<meta property=\"og:image:width\" content=\"1987\" \/>\n\t<meta property=\"og:image:height\" content=\"2806\" \/>\n\t<meta property=\"og:image:type\" content=\"image\/jpeg\" \/>\n<meta name=\"twitter:card\" content=\"summary_large_image\" \/>\n<meta name=\"twitter:label1\" content=\"Est. reading time\" \/>\n\t<meta name=\"twitter:data1\" content=\"1 minute\" \/>\n<script type=\"application\/ld+json\" class=\"yoast-schema-graph\">{\"@context\":\"https:\/\/schema.org\",\"@graph\":[{\"@type\":\"WebPage\",\"@id\":\"https:\/\/websjop.afuk.frl\/frl\/winkel\/in-kop-as-in-almenak\/\",\"url\":\"https:\/\/websjop.afuk.frl\/frl\/winkel\/in-kop-as-in-almenak\/\",\"name\":\"In kop as in almenak\",\"isPartOf\":{\"@id\":\"https:\/\/websjop.afuk.frl\/frl\/#website\"},\"primaryImageOfPage\":{\"@id\":\"https:\/\/websjop.afuk.frl\/frl\/winkel\/in-kop-as-in-almenak\/#primaryimage\"},\"image\":{\"@id\":\"https:\/\/websjop.afuk.frl\/frl\/winkel\/in-kop-as-in-almenak\/#primaryimage\"},\"thumbnailUrl\":\"https:\/\/websjop.afuk.frl\/wp-content\/uploads\/2014\/09\/products-product_4573_0.jpg\",\"datePublished\":\"2014-09-10T07:20:18+00:00\",\"dateModified\":\"2026-03-09T11:32:47+00:00\",\"description\":\"In kop as in almenak\",\"breadcrumb\":{\"@id\":\"https:\/\/websjop.afuk.frl\/frl\/winkel\/in-kop-as-in-almenak\/#breadcrumb\"},\"inLanguage\":\"fy-NL\",\"potentialAction\":[{\"@type\":\"ReadAction\",\"target\":[\"https:\/\/websjop.afuk.frl\/frl\/winkel\/in-kop-as-in-almenak\/\"]}]},{\"@type\":\"ImageObject\",\"inLanguage\":\"fy-NL\",\"@id\":\"https:\/\/websjop.afuk.frl\/frl\/winkel\/in-kop-as-in-almenak\/#primaryimage\",\"url\":\"https:\/\/websjop.afuk.frl\/wp-content\/uploads\/2014\/09\/products-product_4573_0.jpg\",\"contentUrl\":\"https:\/\/websjop.afuk.frl\/wp-content\/uploads\/2014\/09\/products-product_4573_0.jpg\",\"width\":1987,\"height\":2806,\"caption\":\"In kop as in almenak\"},{\"@type\":\"BreadcrumbList\",\"@id\":\"https:\/\/websjop.afuk.frl\/frl\/winkel\/in-kop-as-in-almenak\/#breadcrumb\",\"itemListElement\":[{\"@type\":\"ListItem\",\"position\":1,\"name\":\"Home\",\"item\":\"https:\/\/websjop.afuk.frl\/frl\/\"},{\"@type\":\"ListItem\",\"position\":2,\"name\":\"Winkel\",\"item\":\"https:\/\/websjop.afuk.frl\/nl\/winkel\/\"},{\"@type\":\"ListItem\",\"position\":3,\"name\":\"In kop as in almenak\"}]},{\"@type\":\"WebSite\",\"@id\":\"https:\/\/websjop.afuk.frl\/frl\/#website\",\"url\":\"https:\/\/websjop.afuk.frl\/frl\/\",\"name\":\"Af\u00fbk Websjop\",\"description\":\"\",\"potentialAction\":[{\"@type\":\"SearchAction\",\"target\":{\"@type\":\"EntryPoint\",\"urlTemplate\":\"https:\/\/websjop.afuk.frl\/frl\/?s={search_term_string}\"},\"query-input\":{\"@type\":\"PropertyValueSpecification\",\"valueRequired\":true,\"valueName\":\"search_term_string\"}}],\"inLanguage\":\"fy-NL\"}]}<\/script>\n<!-- \/ Yoast SEO plugin. -->","yoast_head_json":{"title":"In kop as in almenak","description":"In kop as in almenak","robots":{"index":"index","follow":"follow","max-snippet":"max-snippet:-1","max-image-preview":"max-image-preview:large","max-video-preview":"max-video-preview:-1"},"canonical":"https:\/\/websjop.afuk.frl\/frl\/winkel\/in-kop-as-in-almenak\/","og_locale":"fy_NL","og_type":"article","og_title":"In kop as in almenak","og_description":"In kop as in almenak","og_url":"https:\/\/websjop.afuk.frl\/frl\/winkel\/in-kop-as-in-almenak\/","og_site_name":"Af\u00fbk Websjop","article_modified_time":"2026-03-09T11:32:47+00:00","og_image":[{"width":1987,"height":2806,"url":"https:\/\/websjop.afuk.frl\/wp-content\/uploads\/2014\/09\/products-product_4573_0.jpg","type":"image\/jpeg"}],"twitter_card":"summary_large_image","twitter_misc":{"Est. reading time":"1 minute"},"schema":{"@context":"https:\/\/schema.org","@graph":[{"@type":"WebPage","@id":"https:\/\/websjop.afuk.frl\/frl\/winkel\/in-kop-as-in-almenak\/","url":"https:\/\/websjop.afuk.frl\/frl\/winkel\/in-kop-as-in-almenak\/","name":"In kop as in almenak","isPartOf":{"@id":"https:\/\/websjop.afuk.frl\/frl\/#website"},"primaryImageOfPage":{"@id":"https:\/\/websjop.afuk.frl\/frl\/winkel\/in-kop-as-in-almenak\/#primaryimage"},"image":{"@id":"https:\/\/websjop.afuk.frl\/frl\/winkel\/in-kop-as-in-almenak\/#primaryimage"},"thumbnailUrl":"https:\/\/websjop.afuk.frl\/wp-content\/uploads\/2014\/09\/products-product_4573_0.jpg","datePublished":"2014-09-10T07:20:18+00:00","dateModified":"2026-03-09T11:32:47+00:00","description":"In kop as in almenak","breadcrumb":{"@id":"https:\/\/websjop.afuk.frl\/frl\/winkel\/in-kop-as-in-almenak\/#breadcrumb"},"inLanguage":"fy-NL","potentialAction":[{"@type":"ReadAction","target":["https:\/\/websjop.afuk.frl\/frl\/winkel\/in-kop-as-in-almenak\/"]}]},{"@type":"ImageObject","inLanguage":"fy-NL","@id":"https:\/\/websjop.afuk.frl\/frl\/winkel\/in-kop-as-in-almenak\/#primaryimage","url":"https:\/\/websjop.afuk.frl\/wp-content\/uploads\/2014\/09\/products-product_4573_0.jpg","contentUrl":"https:\/\/websjop.afuk.frl\/wp-content\/uploads\/2014\/09\/products-product_4573_0.jpg","width":1987,"height":2806,"caption":"In kop as in almenak"},{"@type":"BreadcrumbList","@id":"https:\/\/websjop.afuk.frl\/frl\/winkel\/in-kop-as-in-almenak\/#breadcrumb","itemListElement":[{"@type":"ListItem","position":1,"name":"Home","item":"https:\/\/websjop.afuk.frl\/frl\/"},{"@type":"ListItem","position":2,"name":"Winkel","item":"https:\/\/websjop.afuk.frl\/nl\/winkel\/"},{"@type":"ListItem","position":3,"name":"In kop as in almenak"}]},{"@type":"WebSite","@id":"https:\/\/websjop.afuk.frl\/frl\/#website","url":"https:\/\/websjop.afuk.frl\/frl\/","name":"Af\u00fbk Websjop","description":"","potentialAction":[{"@type":"SearchAction","target":{"@type":"EntryPoint","urlTemplate":"https:\/\/websjop.afuk.frl\/frl\/?s={search_term_string}"},"query-input":{"@type":"PropertyValueSpecification","valueRequired":true,"valueName":"search_term_string"}}],"inLanguage":"fy-NL"}]}},"_links":{"self":[{"href":"https:\/\/websjop.afuk.frl\/frl\/wp-json\/wp\/v2\/product\/8419","targetHints":{"allow":["GET"]}}],"collection":[{"href":"https:\/\/websjop.afuk.frl\/frl\/wp-json\/wp\/v2\/product"}],"about":[{"href":"https:\/\/websjop.afuk.frl\/frl\/wp-json\/wp\/v2\/types\/product"}],"replies":[{"embeddable":true,"href":"https:\/\/websjop.afuk.frl\/frl\/wp-json\/wp\/v2\/comments?post=8419"}],"wp:featuredmedia":[{"embeddable":true,"href":"https:\/\/websjop.afuk.frl\/frl\/wp-json\/wp\/v2\/media\/8420"}],"wp:attachment":[{"href":"https:\/\/websjop.afuk.frl\/frl\/wp-json\/wp\/v2\/media?parent=8419"}],"wp:term":[{"taxonomy":"product_brand","embeddable":true,"href":"https:\/\/websjop.afuk.frl\/frl\/wp-json\/wp\/v2\/product_brand?post=8419"},{"taxonomy":"product_cat","embeddable":true,"href":"https:\/\/websjop.afuk.frl\/frl\/wp-json\/wp\/v2\/product_cat?post=8419"},{"taxonomy":"product_tag","embeddable":true,"href":"https:\/\/websjop.afuk.frl\/frl\/wp-json\/wp\/v2\/product_tag?post=8419"}],"curies":[{"name":"wp","href":"https:\/\/api.w.org\/{rel}","templated":true}]}}