{"id":8270,"date":"2014-09-10T08:14:11","date_gmt":"2014-09-10T07:14:11","guid":{"rendered":"https:\/\/websjop.bwhontwerpers.nl\/?post_type=product&#038;p=8270"},"modified":"2019-11-05T16:00:32","modified_gmt":"2019-11-05T15:00:32","slug":"de-traveliers-spoaren","status":"publish","type":"product","link":"https:\/\/websjop.afuk.frl\/frl\/winkel\/de-traveliers-spoaren\/","title":{"rendered":"De Traveliers: Spoaren! &#8211; Audioboek"},"content":{"rendered":"<p><em><strong>L\u00fasterboek<\/strong><\/em><\/p>\n<p>&#8216;Jimme hawwe by it fleant\u00fach west.&#8217; Hidde ropt fuort fan: &#8216;No.&#8217; De milit\u00ear stekt syn h\u00e2n op. &#8216;Net lige, asjebleaft. Wy hawwe jimme fingertaasten f\u00fbn.&#8217;\u00a0De man sjocht lang fan de iene nei de oare. Dan wiist er driigjend nei Hidde. &#8216;En do hast de doaskes \u00fat it tastel helle.&#8217; Hidde wurdt wyt en read. It swit komt him \u00fbnder de noas te stean. Hy moat nei de goede Ingelske wurden sykje. Hy stammeret: &#8216;Ik ha se wier net.&#8217; &#8216;Wat hast der mei dien?&#8217; &#8216;Neat,&#8217; ropt er. &#8216;Ik ha se fergetten en doe&#8230;&#8217;<\/p>\n<p>De Traveliers, in searje spannende en nijsgjirrige boeken foar bern fan 10 jier \u00f4f. De famylje Travelier reizget de wr\u00e2ld oer. Mei troch it wurk fan heit foar allerhande projekten yn it b\u00fbtenl\u00e2n komme Hidde en Fardau op plakken d\u00ear&#8217;t it aventoer om &#8216;e hoeke leit.<\/p>\n<p>Foarl\u00eazen troch de skriuwer.<\/p>\n<p>3 cd&#8217;s<\/p>\n","protected":false},"excerpt":{"rendered":"<p>Op wintersportfak\u00e2nsje yn Finl\u00e2n. Ticht by de grins mei it grutte Rusl\u00e2n blike der noch altyd spanningen te w\u00eazen tusken beide lannen.<\/p>\n","protected":false},"featured_media":8271,"comment_status":"closed","ping_status":"closed","template":"","meta":{"_acf_changed":false},"product_brand":[],"product_cat":[1213,551,1043,1217,535,552,547],"product_tag":[5780,5851,5803,5781,5853],"class_list":{"0":"post-8270","1":"product","2":"type-product","3":"status-publish","4":"has-post-thumbnail","6":"product_cat-berne-en-jeugdboeken","7":"product_cat-berneboeken-8-12","8":"product_cat-edukatyf","9":"product_cat-foar-bern","10":"product_cat-fryske-boeken","11":"product_cat-jeugdboeken","12":"product_cat-lusterboeken","13":"product_tag-audioboek","14":"product_tag-de-traveliers","15":"product_tag-lusterboek","16":"product_tag-lusterboeken","17":"product_tag-spoaren","18":"product_shipping_class-brievenbus-verzending","19":"pa_auteur-anny-de-jong-2","20":"pa_is-een-afuk-product-1-2","21":"pa_sale-label-0-3","23":"first","24":"instock","25":"taxable","26":"shipping-taxable","27":"purchasable","28":"product-type-simple"},"acf":[],"yoast_head":"<!-- This site is optimized with the Yoast SEO plugin v27.2 - https:\/\/yoast.com\/product\/yoast-seo-wordpress\/ -->\n<title>De Traveliers - Spoaren!<\/title>\n<meta name=\"description\" content=\"De Traveliers - Spoaren!\" \/>\n<meta name=\"robots\" content=\"index, follow, max-snippet:-1, max-image-preview:large, max-video-preview:-1\" \/>\n<link rel=\"canonical\" href=\"https:\/\/websjop.afuk.frl\/frl\/winkel\/de-traveliers-spoaren\/\" \/>\n<meta property=\"og:locale\" content=\"fy_NL\" \/>\n<meta property=\"og:type\" content=\"article\" \/>\n<meta property=\"og:title\" content=\"De Traveliers - Spoaren!\" \/>\n<meta property=\"og:description\" content=\"De Traveliers - Spoaren!\" \/>\n<meta property=\"og:url\" content=\"https:\/\/websjop.afuk.frl\/frl\/winkel\/de-traveliers-spoaren\/\" \/>\n<meta property=\"og:site_name\" content=\"Af\u00fbk Websjop\" \/>\n<meta property=\"article:modified_time\" content=\"2019-11-05T15:00:32+00:00\" \/>\n<meta property=\"og:image\" content=\"https:\/\/websjop.afuk.frl\/wp-content\/uploads\/2014\/09\/products-product_4442_0_1.jpg\" \/>\n\t<meta property=\"og:image:width\" content=\"416\" \/>\n\t<meta property=\"og:image:height\" content=\"612\" \/>\n\t<meta property=\"og:image:type\" content=\"image\/jpeg\" \/>\n<meta name=\"twitter:card\" content=\"summary_large_image\" \/>\n<meta name=\"twitter:label1\" content=\"Est. reading time\" \/>\n\t<meta name=\"twitter:data1\" content=\"1 minute\" \/>\n<script type=\"application\/ld+json\" class=\"yoast-schema-graph\">{\"@context\":\"https:\/\/schema.org\",\"@graph\":[{\"@type\":\"WebPage\",\"@id\":\"https:\/\/websjop.afuk.frl\/frl\/winkel\/de-traveliers-spoaren\/\",\"url\":\"https:\/\/websjop.afuk.frl\/frl\/winkel\/de-traveliers-spoaren\/\",\"name\":\"De Traveliers - Spoaren!\",\"isPartOf\":{\"@id\":\"https:\/\/websjop.afuk.frl\/frl\/#website\"},\"primaryImageOfPage\":{\"@id\":\"https:\/\/websjop.afuk.frl\/frl\/winkel\/de-traveliers-spoaren\/#primaryimage\"},\"image\":{\"@id\":\"https:\/\/websjop.afuk.frl\/frl\/winkel\/de-traveliers-spoaren\/#primaryimage\"},\"thumbnailUrl\":\"https:\/\/websjop.afuk.frl\/wp-content\/uploads\/2014\/09\/products-product_4442_0_1.jpg\",\"datePublished\":\"2014-09-10T07:14:11+00:00\",\"dateModified\":\"2019-11-05T15:00:32+00:00\",\"description\":\"De Traveliers - Spoaren!\",\"breadcrumb\":{\"@id\":\"https:\/\/websjop.afuk.frl\/frl\/winkel\/de-traveliers-spoaren\/#breadcrumb\"},\"inLanguage\":\"fy-NL\",\"potentialAction\":[{\"@type\":\"ReadAction\",\"target\":[\"https:\/\/websjop.afuk.frl\/frl\/winkel\/de-traveliers-spoaren\/\"]}]},{\"@type\":\"ImageObject\",\"inLanguage\":\"fy-NL\",\"@id\":\"https:\/\/websjop.afuk.frl\/frl\/winkel\/de-traveliers-spoaren\/#primaryimage\",\"url\":\"https:\/\/websjop.afuk.frl\/wp-content\/uploads\/2014\/09\/products-product_4442_0_1.jpg\",\"contentUrl\":\"https:\/\/websjop.afuk.frl\/wp-content\/uploads\/2014\/09\/products-product_4442_0_1.jpg\",\"width\":416,\"height\":612,\"caption\":\"De Traveliers - Spoaren!\"},{\"@type\":\"BreadcrumbList\",\"@id\":\"https:\/\/websjop.afuk.frl\/frl\/winkel\/de-traveliers-spoaren\/#breadcrumb\",\"itemListElement\":[{\"@type\":\"ListItem\",\"position\":1,\"name\":\"Home\",\"item\":\"https:\/\/websjop.afuk.frl\/frl\/\"},{\"@type\":\"ListItem\",\"position\":2,\"name\":\"Winkel\",\"item\":\"https:\/\/websjop.afuk.frl\/nl\/winkel\/\"},{\"@type\":\"ListItem\",\"position\":3,\"name\":\"De Traveliers: Spoaren! &#8211; Audioboek\"}]},{\"@type\":\"WebSite\",\"@id\":\"https:\/\/websjop.afuk.frl\/frl\/#website\",\"url\":\"https:\/\/websjop.afuk.frl\/frl\/\",\"name\":\"Af\u00fbk Websjop\",\"description\":\"\",\"potentialAction\":[{\"@type\":\"SearchAction\",\"target\":{\"@type\":\"EntryPoint\",\"urlTemplate\":\"https:\/\/websjop.afuk.frl\/frl\/?s={search_term_string}\"},\"query-input\":{\"@type\":\"PropertyValueSpecification\",\"valueRequired\":true,\"valueName\":\"search_term_string\"}}],\"inLanguage\":\"fy-NL\"}]}<\/script>\n<!-- \/ Yoast SEO plugin. -->","yoast_head_json":{"title":"De Traveliers - Spoaren!","description":"De Traveliers - Spoaren!","robots":{"index":"index","follow":"follow","max-snippet":"max-snippet:-1","max-image-preview":"max-image-preview:large","max-video-preview":"max-video-preview:-1"},"canonical":"https:\/\/websjop.afuk.frl\/frl\/winkel\/de-traveliers-spoaren\/","og_locale":"fy_NL","og_type":"article","og_title":"De Traveliers - Spoaren!","og_description":"De Traveliers - Spoaren!","og_url":"https:\/\/websjop.afuk.frl\/frl\/winkel\/de-traveliers-spoaren\/","og_site_name":"Af\u00fbk Websjop","article_modified_time":"2019-11-05T15:00:32+00:00","og_image":[{"width":416,"height":612,"url":"https:\/\/websjop.afuk.frl\/wp-content\/uploads\/2014\/09\/products-product_4442_0_1.jpg","type":"image\/jpeg"}],"twitter_card":"summary_large_image","twitter_misc":{"Est. reading time":"1 minute"},"schema":{"@context":"https:\/\/schema.org","@graph":[{"@type":"WebPage","@id":"https:\/\/websjop.afuk.frl\/frl\/winkel\/de-traveliers-spoaren\/","url":"https:\/\/websjop.afuk.frl\/frl\/winkel\/de-traveliers-spoaren\/","name":"De Traveliers - Spoaren!","isPartOf":{"@id":"https:\/\/websjop.afuk.frl\/frl\/#website"},"primaryImageOfPage":{"@id":"https:\/\/websjop.afuk.frl\/frl\/winkel\/de-traveliers-spoaren\/#primaryimage"},"image":{"@id":"https:\/\/websjop.afuk.frl\/frl\/winkel\/de-traveliers-spoaren\/#primaryimage"},"thumbnailUrl":"https:\/\/websjop.afuk.frl\/wp-content\/uploads\/2014\/09\/products-product_4442_0_1.jpg","datePublished":"2014-09-10T07:14:11+00:00","dateModified":"2019-11-05T15:00:32+00:00","description":"De Traveliers - Spoaren!","breadcrumb":{"@id":"https:\/\/websjop.afuk.frl\/frl\/winkel\/de-traveliers-spoaren\/#breadcrumb"},"inLanguage":"fy-NL","potentialAction":[{"@type":"ReadAction","target":["https:\/\/websjop.afuk.frl\/frl\/winkel\/de-traveliers-spoaren\/"]}]},{"@type":"ImageObject","inLanguage":"fy-NL","@id":"https:\/\/websjop.afuk.frl\/frl\/winkel\/de-traveliers-spoaren\/#primaryimage","url":"https:\/\/websjop.afuk.frl\/wp-content\/uploads\/2014\/09\/products-product_4442_0_1.jpg","contentUrl":"https:\/\/websjop.afuk.frl\/wp-content\/uploads\/2014\/09\/products-product_4442_0_1.jpg","width":416,"height":612,"caption":"De Traveliers - Spoaren!"},{"@type":"BreadcrumbList","@id":"https:\/\/websjop.afuk.frl\/frl\/winkel\/de-traveliers-spoaren\/#breadcrumb","itemListElement":[{"@type":"ListItem","position":1,"name":"Home","item":"https:\/\/websjop.afuk.frl\/frl\/"},{"@type":"ListItem","position":2,"name":"Winkel","item":"https:\/\/websjop.afuk.frl\/nl\/winkel\/"},{"@type":"ListItem","position":3,"name":"De Traveliers: Spoaren! &#8211; Audioboek"}]},{"@type":"WebSite","@id":"https:\/\/websjop.afuk.frl\/frl\/#website","url":"https:\/\/websjop.afuk.frl\/frl\/","name":"Af\u00fbk Websjop","description":"","potentialAction":[{"@type":"SearchAction","target":{"@type":"EntryPoint","urlTemplate":"https:\/\/websjop.afuk.frl\/frl\/?s={search_term_string}"},"query-input":{"@type":"PropertyValueSpecification","valueRequired":true,"valueName":"search_term_string"}}],"inLanguage":"fy-NL"}]}},"_links":{"self":[{"href":"https:\/\/websjop.afuk.frl\/frl\/wp-json\/wp\/v2\/product\/8270","targetHints":{"allow":["GET"]}}],"collection":[{"href":"https:\/\/websjop.afuk.frl\/frl\/wp-json\/wp\/v2\/product"}],"about":[{"href":"https:\/\/websjop.afuk.frl\/frl\/wp-json\/wp\/v2\/types\/product"}],"replies":[{"embeddable":true,"href":"https:\/\/websjop.afuk.frl\/frl\/wp-json\/wp\/v2\/comments?post=8270"}],"wp:featuredmedia":[{"embeddable":true,"href":"https:\/\/websjop.afuk.frl\/frl\/wp-json\/wp\/v2\/media\/8271"}],"wp:attachment":[{"href":"https:\/\/websjop.afuk.frl\/frl\/wp-json\/wp\/v2\/media?parent=8270"}],"wp:term":[{"taxonomy":"product_brand","embeddable":true,"href":"https:\/\/websjop.afuk.frl\/frl\/wp-json\/wp\/v2\/product_brand?post=8270"},{"taxonomy":"product_cat","embeddable":true,"href":"https:\/\/websjop.afuk.frl\/frl\/wp-json\/wp\/v2\/product_cat?post=8270"},{"taxonomy":"product_tag","embeddable":true,"href":"https:\/\/websjop.afuk.frl\/frl\/wp-json\/wp\/v2\/product_tag?post=8270"}],"curies":[{"name":"wp","href":"https:\/\/api.w.org\/{rel}","templated":true}]}}