{"id":8238,"date":"2025-09-10T10:09:29","date_gmt":"2025-09-10T08:09:29","guid":{"rendered":"https:\/\/websjop.bwhontwerpers.nl\/?post_type=product&#038;p=8238"},"modified":"2026-01-15T16:16:15","modified_gmt":"2026-01-15T15:16:15","slug":"kai-mook-it-skattige-oaljefantsje","status":"publish","type":"product","link":"https:\/\/websjop.afuk.frl\/frl\/winkel\/kai-mook-it-skattige-oaljefantsje\/","title":{"rendered":"Kai-Mook it skattige oaljefantsje"},"content":{"rendered":"<p>In oandwaanlik, sis mar skattich lyts printeboekje oer it moaiste wat der bestiet: de berte fan in poppe. In hertferwaarmjend boek foar jong en \u00e2ld.<\/p>\n<p>Moannen ha alle bisten fan de bistet\u00fan der op wachte. Al dy tiid ha se de b\u00fak fan mem oaljefant dikker en dikker wurden sjoen. Mar op in moaie maitiidsdei is it \u00fateinlik safier. It babyoaljefantsje is berne!<\/p>\n<hr \/>\n<p>Ineke: &#8220;Sa&#8217;n skattich lyts boekje! Ik jou &#8216;m gauris as kadootsje fuort, want it ferhaaltsje is ek superleaf.&#8221;<\/p>\n<p>&nbsp;<\/p>\n","protected":false},"excerpt":{"rendered":"<p>In oandwaanlik, sis mar skattich lyts printeboekje oer it moaiste wat der bestiet: de berte fan in poppe. In hertferwaarmjend boek foar jong en \u00e2ld. Moannen ha alle bisten fan de bistet\u00fan der op wachte. Al dy tiid ha se de b\u00fak fan mem oaljefant dikker en dikker wurden sjoen. Mar op in moaie maitiidsdei [&hellip;]<\/p>\n","protected":false},"featured_media":8239,"comment_status":"closed","ping_status":"closed","template":"","meta":{"_acf_changed":false},"product_brand":[],"product_cat":[578,1213,549,550,575,535,23293,560,557,22478,574,21286,24179],"product_tag":[8489,8491,18886,9651,16903],"class_list":{"0":"post-8238","1":"product","2":"type-product","3":"status-publish","4":"has-post-thumbnail","6":"product_cat-bern-2","7":"product_cat-berne-en-jeugdboeken","8":"product_cat-berneboeken-0-tot-4-jaar","9":"product_cat-berneboeken-4-8","10":"product_cat-oanbieding-folwoeksenen","11":"product_cat-fryske-boeken","12":"product_cat-kassakoopjes","13":"product_cat-kreamkado-boeken","14":"product_cat-friese-kraamcadeautjes","15":"product_cat-nationale-voorleesdagen","16":"product_cat-oanbiedingen","17":"product_cat-skoechkadootsjes","18":"product_cat-tema-emoasje","19":"product_tag-berte","20":"product_tag-geboorte","21":"product_tag-oaljefant","22":"product_tag-oanbieding","23":"product_tag-olifant","24":"product_shipping_class-brievenbus-verzending","25":"pa_auteur-guido-van-genechten-2","26":"pa_is-een-afuk-product-1-2","27":"pa_sale-label-1337","29":"first","30":"instock","31":"sale","32":"taxable","33":"shipping-taxable","34":"purchasable","35":"product-type-simple"},"acf":[],"yoast_head":"<!-- This site is optimized with the Yoast SEO plugin v27.3 - https:\/\/yoast.com\/product\/yoast-seo-wordpress\/ -->\n<title>Kai-Mook it skattige oaljefantsje<\/title>\n<meta name=\"description\" content=\"Kai-Mook it skattige oaljefantsje, In skattich lyts boekje foar in lyts pryske. Moai ferhaaltsje en in aardich boekje om kado te jaan.\" \/>\n<meta name=\"robots\" content=\"index, follow, max-snippet:-1, max-image-preview:large, max-video-preview:-1\" \/>\n<link rel=\"canonical\" href=\"https:\/\/websjop.afuk.frl\/frl\/winkel\/kai-mook-it-skattige-oaljefantsje\/\" \/>\n<meta property=\"og:locale\" content=\"fy_NL\" \/>\n<meta property=\"og:type\" content=\"article\" \/>\n<meta property=\"og:title\" content=\"Kai-Mook it skattige oaljefantsje\" \/>\n<meta property=\"og:description\" content=\"Kai-Mook it skattige oaljefantsje, In skattich lyts boekje foar in lyts pryske. Moai ferhaaltsje en in aardich boekje om kado te jaan.\" \/>\n<meta property=\"og:url\" content=\"https:\/\/websjop.afuk.frl\/frl\/winkel\/kai-mook-it-skattige-oaljefantsje\/\" \/>\n<meta property=\"og:site_name\" content=\"Af\u00fbk Websjop\" \/>\n<meta property=\"article:modified_time\" content=\"2026-01-15T15:16:15+00:00\" \/>\n<meta property=\"og:image\" content=\"https:\/\/websjop.afuk.frl\/wp-content\/uploads\/2014\/09\/products-product_4395_0_1.jpg\" \/>\n\t<meta property=\"og:image:width\" content=\"1332\" \/>\n\t<meta property=\"og:image:height\" content=\"1788\" \/>\n\t<meta property=\"og:image:type\" content=\"image\/jpeg\" \/>\n<meta name=\"twitter:card\" content=\"summary_large_image\" \/>\n<meta name=\"twitter:label1\" content=\"Est. reading time\" \/>\n\t<meta name=\"twitter:data1\" content=\"2 minutes\" \/>\n<script type=\"application\/ld+json\" class=\"yoast-schema-graph\">{\"@context\":\"https:\\\/\\\/schema.org\",\"@graph\":[{\"@type\":\"WebPage\",\"@id\":\"https:\\\/\\\/websjop.afuk.frl\\\/frl\\\/winkel\\\/kai-mook-it-skattige-oaljefantsje\\\/\",\"url\":\"https:\\\/\\\/websjop.afuk.frl\\\/frl\\\/winkel\\\/kai-mook-it-skattige-oaljefantsje\\\/\",\"name\":\"Kai-Mook it skattige oaljefantsje\",\"isPartOf\":{\"@id\":\"https:\\\/\\\/websjop.afuk.frl\\\/frl\\\/#website\"},\"primaryImageOfPage\":{\"@id\":\"https:\\\/\\\/websjop.afuk.frl\\\/frl\\\/winkel\\\/kai-mook-it-skattige-oaljefantsje\\\/#primaryimage\"},\"image\":{\"@id\":\"https:\\\/\\\/websjop.afuk.frl\\\/frl\\\/winkel\\\/kai-mook-it-skattige-oaljefantsje\\\/#primaryimage\"},\"thumbnailUrl\":\"https:\\\/\\\/websjop.afuk.frl\\\/wp-content\\\/uploads\\\/2014\\\/09\\\/products-product_4395_0_1.jpg\",\"datePublished\":\"2025-09-10T08:09:29+00:00\",\"dateModified\":\"2026-01-15T15:16:15+00:00\",\"description\":\"Kai-Mook it skattige oaljefantsje, In skattich lyts boekje foar in lyts pryske. Moai ferhaaltsje en in aardich boekje om kado te jaan.\",\"breadcrumb\":{\"@id\":\"https:\\\/\\\/websjop.afuk.frl\\\/frl\\\/winkel\\\/kai-mook-it-skattige-oaljefantsje\\\/#breadcrumb\"},\"inLanguage\":\"fy-NL\",\"potentialAction\":[{\"@type\":\"ReadAction\",\"target\":[\"https:\\\/\\\/websjop.afuk.frl\\\/frl\\\/winkel\\\/kai-mook-it-skattige-oaljefantsje\\\/\"]}]},{\"@type\":\"ImageObject\",\"inLanguage\":\"fy-NL\",\"@id\":\"https:\\\/\\\/websjop.afuk.frl\\\/frl\\\/winkel\\\/kai-mook-it-skattige-oaljefantsje\\\/#primaryimage\",\"url\":\"https:\\\/\\\/websjop.afuk.frl\\\/wp-content\\\/uploads\\\/2014\\\/09\\\/products-product_4395_0_1.jpg\",\"contentUrl\":\"https:\\\/\\\/websjop.afuk.frl\\\/wp-content\\\/uploads\\\/2014\\\/09\\\/products-product_4395_0_1.jpg\",\"width\":1332,\"height\":1788,\"caption\":\"Kai-Mook it skattige oaljefantsje\"},{\"@type\":\"BreadcrumbList\",\"@id\":\"https:\\\/\\\/websjop.afuk.frl\\\/frl\\\/winkel\\\/kai-mook-it-skattige-oaljefantsje\\\/#breadcrumb\",\"itemListElement\":[{\"@type\":\"ListItem\",\"position\":1,\"name\":\"Home\",\"item\":\"https:\\\/\\\/websjop.afuk.frl\\\/frl\\\/\"},{\"@type\":\"ListItem\",\"position\":2,\"name\":\"Winkel\",\"item\":\"https:\\\/\\\/websjop.afuk.frl\\\/nl\\\/winkel\\\/\"},{\"@type\":\"ListItem\",\"position\":3,\"name\":\"Kai-Mook it skattige oaljefantsje\"}]},{\"@type\":\"WebSite\",\"@id\":\"https:\\\/\\\/websjop.afuk.frl\\\/frl\\\/#website\",\"url\":\"https:\\\/\\\/websjop.afuk.frl\\\/frl\\\/\",\"name\":\"Af\u00fbk Websjop\",\"description\":\"\",\"potentialAction\":[{\"@type\":\"SearchAction\",\"target\":{\"@type\":\"EntryPoint\",\"urlTemplate\":\"https:\\\/\\\/websjop.afuk.frl\\\/frl\\\/?s={search_term_string}\"},\"query-input\":{\"@type\":\"PropertyValueSpecification\",\"valueRequired\":true,\"valueName\":\"search_term_string\"}}],\"inLanguage\":\"fy-NL\"}]}<\/script>\n<!-- \/ Yoast SEO plugin. -->","yoast_head_json":{"title":"Kai-Mook it skattige oaljefantsje","description":"Kai-Mook it skattige oaljefantsje, In skattich lyts boekje foar in lyts pryske. Moai ferhaaltsje en in aardich boekje om kado te jaan.","robots":{"index":"index","follow":"follow","max-snippet":"max-snippet:-1","max-image-preview":"max-image-preview:large","max-video-preview":"max-video-preview:-1"},"canonical":"https:\/\/websjop.afuk.frl\/frl\/winkel\/kai-mook-it-skattige-oaljefantsje\/","og_locale":"fy_NL","og_type":"article","og_title":"Kai-Mook it skattige oaljefantsje","og_description":"Kai-Mook it skattige oaljefantsje, In skattich lyts boekje foar in lyts pryske. Moai ferhaaltsje en in aardich boekje om kado te jaan.","og_url":"https:\/\/websjop.afuk.frl\/frl\/winkel\/kai-mook-it-skattige-oaljefantsje\/","og_site_name":"Af\u00fbk Websjop","article_modified_time":"2026-01-15T15:16:15+00:00","og_image":[{"width":1332,"height":1788,"url":"https:\/\/websjop.afuk.frl\/wp-content\/uploads\/2014\/09\/products-product_4395_0_1.jpg","type":"image\/jpeg"}],"twitter_card":"summary_large_image","twitter_misc":{"Est. reading time":"2 minutes"},"schema":{"@context":"https:\/\/schema.org","@graph":[{"@type":"WebPage","@id":"https:\/\/websjop.afuk.frl\/frl\/winkel\/kai-mook-it-skattige-oaljefantsje\/","url":"https:\/\/websjop.afuk.frl\/frl\/winkel\/kai-mook-it-skattige-oaljefantsje\/","name":"Kai-Mook it skattige oaljefantsje","isPartOf":{"@id":"https:\/\/websjop.afuk.frl\/frl\/#website"},"primaryImageOfPage":{"@id":"https:\/\/websjop.afuk.frl\/frl\/winkel\/kai-mook-it-skattige-oaljefantsje\/#primaryimage"},"image":{"@id":"https:\/\/websjop.afuk.frl\/frl\/winkel\/kai-mook-it-skattige-oaljefantsje\/#primaryimage"},"thumbnailUrl":"https:\/\/websjop.afuk.frl\/wp-content\/uploads\/2014\/09\/products-product_4395_0_1.jpg","datePublished":"2025-09-10T08:09:29+00:00","dateModified":"2026-01-15T15:16:15+00:00","description":"Kai-Mook it skattige oaljefantsje, In skattich lyts boekje foar in lyts pryske. Moai ferhaaltsje en in aardich boekje om kado te jaan.","breadcrumb":{"@id":"https:\/\/websjop.afuk.frl\/frl\/winkel\/kai-mook-it-skattige-oaljefantsje\/#breadcrumb"},"inLanguage":"fy-NL","potentialAction":[{"@type":"ReadAction","target":["https:\/\/websjop.afuk.frl\/frl\/winkel\/kai-mook-it-skattige-oaljefantsje\/"]}]},{"@type":"ImageObject","inLanguage":"fy-NL","@id":"https:\/\/websjop.afuk.frl\/frl\/winkel\/kai-mook-it-skattige-oaljefantsje\/#primaryimage","url":"https:\/\/websjop.afuk.frl\/wp-content\/uploads\/2014\/09\/products-product_4395_0_1.jpg","contentUrl":"https:\/\/websjop.afuk.frl\/wp-content\/uploads\/2014\/09\/products-product_4395_0_1.jpg","width":1332,"height":1788,"caption":"Kai-Mook it skattige oaljefantsje"},{"@type":"BreadcrumbList","@id":"https:\/\/websjop.afuk.frl\/frl\/winkel\/kai-mook-it-skattige-oaljefantsje\/#breadcrumb","itemListElement":[{"@type":"ListItem","position":1,"name":"Home","item":"https:\/\/websjop.afuk.frl\/frl\/"},{"@type":"ListItem","position":2,"name":"Winkel","item":"https:\/\/websjop.afuk.frl\/nl\/winkel\/"},{"@type":"ListItem","position":3,"name":"Kai-Mook it skattige oaljefantsje"}]},{"@type":"WebSite","@id":"https:\/\/websjop.afuk.frl\/frl\/#website","url":"https:\/\/websjop.afuk.frl\/frl\/","name":"Af\u00fbk Websjop","description":"","potentialAction":[{"@type":"SearchAction","target":{"@type":"EntryPoint","urlTemplate":"https:\/\/websjop.afuk.frl\/frl\/?s={search_term_string}"},"query-input":{"@type":"PropertyValueSpecification","valueRequired":true,"valueName":"search_term_string"}}],"inLanguage":"fy-NL"}]}},"_links":{"self":[{"href":"https:\/\/websjop.afuk.frl\/frl\/wp-json\/wp\/v2\/product\/8238","targetHints":{"allow":["GET"]}}],"collection":[{"href":"https:\/\/websjop.afuk.frl\/frl\/wp-json\/wp\/v2\/product"}],"about":[{"href":"https:\/\/websjop.afuk.frl\/frl\/wp-json\/wp\/v2\/types\/product"}],"replies":[{"embeddable":true,"href":"https:\/\/websjop.afuk.frl\/frl\/wp-json\/wp\/v2\/comments?post=8238"}],"wp:featuredmedia":[{"embeddable":true,"href":"https:\/\/websjop.afuk.frl\/frl\/wp-json\/wp\/v2\/media\/8239"}],"wp:attachment":[{"href":"https:\/\/websjop.afuk.frl\/frl\/wp-json\/wp\/v2\/media?parent=8238"}],"wp:term":[{"taxonomy":"product_brand","embeddable":true,"href":"https:\/\/websjop.afuk.frl\/frl\/wp-json\/wp\/v2\/product_brand?post=8238"},{"taxonomy":"product_cat","embeddable":true,"href":"https:\/\/websjop.afuk.frl\/frl\/wp-json\/wp\/v2\/product_cat?post=8238"},{"taxonomy":"product_tag","embeddable":true,"href":"https:\/\/websjop.afuk.frl\/frl\/wp-json\/wp\/v2\/product_tag?post=8238"}],"curies":[{"name":"wp","href":"https:\/\/api.w.org\/{rel}","templated":true}]}}