{"id":8070,"date":"2014-09-10T07:53:26","date_gmt":"2014-09-10T06:53:26","guid":{"rendered":"https:\/\/websjop.bwhontwerpers.nl\/?post_type=product&#038;p=8070"},"modified":"2025-01-09T15:31:38","modified_gmt":"2025-01-09T14:31:38","slug":"de-skiednis-fan-fryslan-yn-11-30-finsters-diel-1-o-m-3","status":"publish","type":"product","link":"https:\/\/websjop.afuk.frl\/frl\/winkel\/de-skiednis-fan-fryslan-yn-11-30-finsters-diel-1-o-m-3\/","title":{"rendered":"De Skiednis fan Frysl\u00e2n yn 11 &amp; 30 finsters diel 1 o\/m 3"},"content":{"rendered":"<p>Bestel hjir de folsleine searje fan &#8216;De Fryske Skiednis yn 11&amp;30 finsters&#8217; op dvd, ynklusyf dvd-boks d\u00ear&#8217;t jo de trije dielen yn opbergje kinne. Yn totaal 7 dvd&#8217;s foar mar \u20ac38,50!<\/p>\n<p>Presintator Freark Smink liedt de sjogger troch de 41 finsters fan \u2018e Fryske Kanon. Op dy wize \u00fbntstiet in kronologysk byld fan it \u00fbntstean fan \u00fas provinsje, fan \u2018e earste bewenners yn \u2018e preehistoarje oant de moderne tiid. De programma&#8217;s binne makke foar de earste klassen fan it fuortset \u00fbnderwiis, mar binne nijsgjirrich foar alle leeftiden.<\/p>\n<p>&nbsp;<\/p>\n<p>Wurdt levere mei dvd-boks, d\u00ear&#8217;t alle 3 dielen yn kinne.<\/p>\n","protected":false},"excerpt":{"rendered":"<p>DVD-boks mei 7 dvd&#8217;s oer de kanon fan de skiednis fan Frysl\u00e2n<\/p>\n","protected":false},"featured_media":8071,"comment_status":"closed","ping_status":"closed","template":"","meta":{"_acf_changed":false},"product_brand":[],"product_cat":[1169,561,1043,1217,575,1168,574,1218,539,1039],"product_tag":[],"class_list":{"0":"post-8070","1":"product","2":"type-product","3":"status-publish","4":"has-post-thumbnail","6":"product_cat-0-lesmateriaal-en-algemien","7":"product_cat-cd-s-en-dvd-s","8":"product_cat-edukatyf","9":"product_cat-foar-bern","10":"product_cat-oanbieding-folwoeksenen","11":"product_cat-fryske-kanon","12":"product_cat-oanbiedingen","13":"product_cat-skiednis-2","14":"product_cat-skiednis","15":"product_cat-telefyzje","16":"product_shipping_class-pakketpost-verzending","17":"pa_auteur-1370","18":"pa_is-een-afuk-product-0-2","19":"pa_sale-label-1337","21":"first","22":"instock","23":"sale","24":"taxable","25":"shipping-taxable","26":"purchasable","27":"product-type-simple"},"acf":[],"yoast_head":"<!-- This site is optimized with the Yoast SEO plugin v27.2 - https:\/\/yoast.com\/product\/yoast-seo-wordpress\/ -->\n<title>de Skiednis fan Frysl\u00e2n yn 11 &amp; 30 finsters diel I o\/m III<\/title>\n<meta name=\"description\" content=\"de Skiednis fan Frysl\u00e2n yn 11 &amp; 30 finsters diel I o\/m III\" \/>\n<meta name=\"robots\" content=\"index, follow, max-snippet:-1, max-image-preview:large, max-video-preview:-1\" \/>\n<link rel=\"canonical\" href=\"https:\/\/websjop.afuk.frl\/frl\/winkel\/de-skiednis-fan-fryslan-yn-11-30-finsters-diel-1-o-m-3\/\" \/>\n<meta property=\"og:locale\" content=\"fy_NL\" \/>\n<meta property=\"og:type\" content=\"article\" \/>\n<meta property=\"og:title\" content=\"de Skiednis fan Frysl\u00e2n yn 11 &amp; 30 finsters diel I o\/m III\" \/>\n<meta property=\"og:description\" content=\"de Skiednis fan Frysl\u00e2n yn 11 &amp; 30 finsters diel I o\/m III\" \/>\n<meta property=\"og:url\" content=\"https:\/\/websjop.afuk.frl\/frl\/winkel\/de-skiednis-fan-fryslan-yn-11-30-finsters-diel-1-o-m-3\/\" \/>\n<meta property=\"og:site_name\" content=\"Af\u00fbk Websjop\" \/>\n<meta property=\"article:modified_time\" content=\"2025-01-09T14:31:38+00:00\" \/>\n<meta property=\"og:image\" content=\"https:\/\/websjop.afuk.frl\/wp-content\/uploads\/2014\/09\/products-product_4229_0.jpg\" \/>\n\t<meta property=\"og:image:width\" content=\"500\" \/>\n\t<meta property=\"og:image:height\" content=\"545\" \/>\n\t<meta property=\"og:image:type\" content=\"image\/jpeg\" \/>\n<meta name=\"twitter:card\" content=\"summary_large_image\" \/>\n<script type=\"application\/ld+json\" class=\"yoast-schema-graph\">{\"@context\":\"https:\/\/schema.org\",\"@graph\":[{\"@type\":\"WebPage\",\"@id\":\"https:\/\/websjop.afuk.frl\/frl\/winkel\/de-skiednis-fan-fryslan-yn-11-30-finsters-diel-1-o-m-3\/\",\"url\":\"https:\/\/websjop.afuk.frl\/frl\/winkel\/de-skiednis-fan-fryslan-yn-11-30-finsters-diel-1-o-m-3\/\",\"name\":\"de Skiednis fan Frysl\u00e2n yn 11 & 30 finsters diel I o\/m III\",\"isPartOf\":{\"@id\":\"https:\/\/websjop.afuk.frl\/frl\/#website\"},\"primaryImageOfPage\":{\"@id\":\"https:\/\/websjop.afuk.frl\/frl\/winkel\/de-skiednis-fan-fryslan-yn-11-30-finsters-diel-1-o-m-3\/#primaryimage\"},\"image\":{\"@id\":\"https:\/\/websjop.afuk.frl\/frl\/winkel\/de-skiednis-fan-fryslan-yn-11-30-finsters-diel-1-o-m-3\/#primaryimage\"},\"thumbnailUrl\":\"https:\/\/websjop.afuk.frl\/wp-content\/uploads\/2014\/09\/products-product_4229_0.jpg\",\"datePublished\":\"2014-09-10T06:53:26+00:00\",\"dateModified\":\"2025-01-09T14:31:38+00:00\",\"description\":\"de Skiednis fan Frysl\u00e2n yn 11 & 30 finsters diel I o\/m III\",\"breadcrumb\":{\"@id\":\"https:\/\/websjop.afuk.frl\/frl\/winkel\/de-skiednis-fan-fryslan-yn-11-30-finsters-diel-1-o-m-3\/#breadcrumb\"},\"inLanguage\":\"fy-NL\",\"potentialAction\":[{\"@type\":\"ReadAction\",\"target\":[\"https:\/\/websjop.afuk.frl\/frl\/winkel\/de-skiednis-fan-fryslan-yn-11-30-finsters-diel-1-o-m-3\/\"]}]},{\"@type\":\"ImageObject\",\"inLanguage\":\"fy-NL\",\"@id\":\"https:\/\/websjop.afuk.frl\/frl\/winkel\/de-skiednis-fan-fryslan-yn-11-30-finsters-diel-1-o-m-3\/#primaryimage\",\"url\":\"https:\/\/websjop.afuk.frl\/wp-content\/uploads\/2014\/09\/products-product_4229_0.jpg\",\"contentUrl\":\"https:\/\/websjop.afuk.frl\/wp-content\/uploads\/2014\/09\/products-product_4229_0.jpg\",\"width\":500,\"height\":545,\"caption\":\"de Skiednis fan Frysl\u00e2n yn 11 & 30 finsters diel I o\/m III\"},{\"@type\":\"BreadcrumbList\",\"@id\":\"https:\/\/websjop.afuk.frl\/frl\/winkel\/de-skiednis-fan-fryslan-yn-11-30-finsters-diel-1-o-m-3\/#breadcrumb\",\"itemListElement\":[{\"@type\":\"ListItem\",\"position\":1,\"name\":\"Home\",\"item\":\"https:\/\/websjop.afuk.frl\/frl\/\"},{\"@type\":\"ListItem\",\"position\":2,\"name\":\"Winkel\",\"item\":\"https:\/\/websjop.afuk.frl\/nl\/winkel\/\"},{\"@type\":\"ListItem\",\"position\":3,\"name\":\"De Skiednis fan Frysl\u00e2n yn 11 &amp; 30 finsters diel 1 o\/m 3\"}]},{\"@type\":\"WebSite\",\"@id\":\"https:\/\/websjop.afuk.frl\/frl\/#website\",\"url\":\"https:\/\/websjop.afuk.frl\/frl\/\",\"name\":\"Af\u00fbk Websjop\",\"description\":\"\",\"potentialAction\":[{\"@type\":\"SearchAction\",\"target\":{\"@type\":\"EntryPoint\",\"urlTemplate\":\"https:\/\/websjop.afuk.frl\/frl\/?s={search_term_string}\"},\"query-input\":{\"@type\":\"PropertyValueSpecification\",\"valueRequired\":true,\"valueName\":\"search_term_string\"}}],\"inLanguage\":\"fy-NL\"}]}<\/script>\n<!-- \/ Yoast SEO plugin. -->","yoast_head_json":{"title":"de Skiednis fan Frysl\u00e2n yn 11 & 30 finsters diel I o\/m III","description":"de Skiednis fan Frysl\u00e2n yn 11 & 30 finsters diel I o\/m III","robots":{"index":"index","follow":"follow","max-snippet":"max-snippet:-1","max-image-preview":"max-image-preview:large","max-video-preview":"max-video-preview:-1"},"canonical":"https:\/\/websjop.afuk.frl\/frl\/winkel\/de-skiednis-fan-fryslan-yn-11-30-finsters-diel-1-o-m-3\/","og_locale":"fy_NL","og_type":"article","og_title":"de Skiednis fan Frysl\u00e2n yn 11 & 30 finsters diel I o\/m III","og_description":"de Skiednis fan Frysl\u00e2n yn 11 & 30 finsters diel I o\/m III","og_url":"https:\/\/websjop.afuk.frl\/frl\/winkel\/de-skiednis-fan-fryslan-yn-11-30-finsters-diel-1-o-m-3\/","og_site_name":"Af\u00fbk Websjop","article_modified_time":"2025-01-09T14:31:38+00:00","og_image":[{"width":500,"height":545,"url":"https:\/\/websjop.afuk.frl\/wp-content\/uploads\/2014\/09\/products-product_4229_0.jpg","type":"image\/jpeg"}],"twitter_card":"summary_large_image","schema":{"@context":"https:\/\/schema.org","@graph":[{"@type":"WebPage","@id":"https:\/\/websjop.afuk.frl\/frl\/winkel\/de-skiednis-fan-fryslan-yn-11-30-finsters-diel-1-o-m-3\/","url":"https:\/\/websjop.afuk.frl\/frl\/winkel\/de-skiednis-fan-fryslan-yn-11-30-finsters-diel-1-o-m-3\/","name":"de Skiednis fan Frysl\u00e2n yn 11 & 30 finsters diel I o\/m III","isPartOf":{"@id":"https:\/\/websjop.afuk.frl\/frl\/#website"},"primaryImageOfPage":{"@id":"https:\/\/websjop.afuk.frl\/frl\/winkel\/de-skiednis-fan-fryslan-yn-11-30-finsters-diel-1-o-m-3\/#primaryimage"},"image":{"@id":"https:\/\/websjop.afuk.frl\/frl\/winkel\/de-skiednis-fan-fryslan-yn-11-30-finsters-diel-1-o-m-3\/#primaryimage"},"thumbnailUrl":"https:\/\/websjop.afuk.frl\/wp-content\/uploads\/2014\/09\/products-product_4229_0.jpg","datePublished":"2014-09-10T06:53:26+00:00","dateModified":"2025-01-09T14:31:38+00:00","description":"de Skiednis fan Frysl\u00e2n yn 11 & 30 finsters diel I o\/m III","breadcrumb":{"@id":"https:\/\/websjop.afuk.frl\/frl\/winkel\/de-skiednis-fan-fryslan-yn-11-30-finsters-diel-1-o-m-3\/#breadcrumb"},"inLanguage":"fy-NL","potentialAction":[{"@type":"ReadAction","target":["https:\/\/websjop.afuk.frl\/frl\/winkel\/de-skiednis-fan-fryslan-yn-11-30-finsters-diel-1-o-m-3\/"]}]},{"@type":"ImageObject","inLanguage":"fy-NL","@id":"https:\/\/websjop.afuk.frl\/frl\/winkel\/de-skiednis-fan-fryslan-yn-11-30-finsters-diel-1-o-m-3\/#primaryimage","url":"https:\/\/websjop.afuk.frl\/wp-content\/uploads\/2014\/09\/products-product_4229_0.jpg","contentUrl":"https:\/\/websjop.afuk.frl\/wp-content\/uploads\/2014\/09\/products-product_4229_0.jpg","width":500,"height":545,"caption":"de Skiednis fan Frysl\u00e2n yn 11 & 30 finsters diel I o\/m III"},{"@type":"BreadcrumbList","@id":"https:\/\/websjop.afuk.frl\/frl\/winkel\/de-skiednis-fan-fryslan-yn-11-30-finsters-diel-1-o-m-3\/#breadcrumb","itemListElement":[{"@type":"ListItem","position":1,"name":"Home","item":"https:\/\/websjop.afuk.frl\/frl\/"},{"@type":"ListItem","position":2,"name":"Winkel","item":"https:\/\/websjop.afuk.frl\/nl\/winkel\/"},{"@type":"ListItem","position":3,"name":"De Skiednis fan Frysl\u00e2n yn 11 &amp; 30 finsters diel 1 o\/m 3"}]},{"@type":"WebSite","@id":"https:\/\/websjop.afuk.frl\/frl\/#website","url":"https:\/\/websjop.afuk.frl\/frl\/","name":"Af\u00fbk Websjop","description":"","potentialAction":[{"@type":"SearchAction","target":{"@type":"EntryPoint","urlTemplate":"https:\/\/websjop.afuk.frl\/frl\/?s={search_term_string}"},"query-input":{"@type":"PropertyValueSpecification","valueRequired":true,"valueName":"search_term_string"}}],"inLanguage":"fy-NL"}]}},"_links":{"self":[{"href":"https:\/\/websjop.afuk.frl\/frl\/wp-json\/wp\/v2\/product\/8070","targetHints":{"allow":["GET"]}}],"collection":[{"href":"https:\/\/websjop.afuk.frl\/frl\/wp-json\/wp\/v2\/product"}],"about":[{"href":"https:\/\/websjop.afuk.frl\/frl\/wp-json\/wp\/v2\/types\/product"}],"replies":[{"embeddable":true,"href":"https:\/\/websjop.afuk.frl\/frl\/wp-json\/wp\/v2\/comments?post=8070"}],"wp:featuredmedia":[{"embeddable":true,"href":"https:\/\/websjop.afuk.frl\/frl\/wp-json\/wp\/v2\/media\/8071"}],"wp:attachment":[{"href":"https:\/\/websjop.afuk.frl\/frl\/wp-json\/wp\/v2\/media?parent=8070"}],"wp:term":[{"taxonomy":"product_brand","embeddable":true,"href":"https:\/\/websjop.afuk.frl\/frl\/wp-json\/wp\/v2\/product_brand?post=8070"},{"taxonomy":"product_cat","embeddable":true,"href":"https:\/\/websjop.afuk.frl\/frl\/wp-json\/wp\/v2\/product_cat?post=8070"},{"taxonomy":"product_tag","embeddable":true,"href":"https:\/\/websjop.afuk.frl\/frl\/wp-json\/wp\/v2\/product_tag?post=8070"}],"curies":[{"name":"wp","href":"https:\/\/api.w.org\/{rel}","templated":true}]}}