{"id":8055,"date":"2021-09-10T03:53:13","date_gmt":"2021-09-10T02:53:13","guid":{"rendered":"https:\/\/websjop.bwhontwerpers.nl\/?post_type=product&#038;p=8055"},"modified":"2022-04-07T10:39:49","modified_gmt":"2022-04-07T09:39:49","slug":"krupelhintsjes-lyts","status":"publish","type":"product","link":"https:\/\/websjop.afuk.frl\/frl\/winkel\/krupelhintsjes-lyts\/","title":{"rendered":"Kr\u00fbpelhintsjes (lyts)"},"content":{"rendered":"<p>In boekje fol nije ferskes foar pjutten. Om foar te l\u00eazen en op te sizzen.<br \/>\nOp alle siden stiet in leavehearsbistke, kinsto it fine?<\/p>\n<p>Der is ek in <a href=\"https:\/\/websjop.afuk.frl\/frl\/winkel\/krupelhintsjes\/\">gruttere ferzje<\/a> fan dit boek te krijen.<\/p>\n<hr \/>\n<p><em>Antje van Schepen: \u201cDe ferskes hawwe allegear in fijn ritme, einrym, en binne foar lytse bern maklik mei te sizzen en te sjongen. Se binne kwa lingte ek presys goed; net te lang en net te koart. Th\u00fas binne se fijn foar in foarl\u00easmomintsje, op skoalle of op it pjutteboartersplak leuk as taalmomint of energizer tuskentroch. Ek liene de ferskes har goed om der bewegings by te meitsjen. De ferskes kinne sawol \u2018los\u2019 as by in tema br\u00fbkt wurde. De ferskes oer skeetsjes en de \u00fbnderbroekm\u00fbtse binne ek gewoan de \u00fbnderbroekelol dy\u2019t by dizze leeftiid passet.\u201d\u00a0<a href=\"https:\/\/heitenmem.nl\/artikel\/23746\/de-resinsje-fan-antje-krupelhintsjes\/\" target=\"_blank\" rel=\"noopener\">L\u00eas hjir de folsleine resinsje.<\/a><\/em><\/p>\n","protected":false},"excerpt":{"rendered":"<p>Miny-edysje<\/p>\n","protected":false},"featured_media":12522,"comment_status":"closed","ping_status":"closed","template":"","meta":{"_acf_changed":false},"product_brand":[],"product_cat":[1213,549,535,560,1160],"product_tag":[6083,5292,5293,8673,17381,18424,9559,6082,9558,18422],"class_list":{"0":"post-8055","1":"product","2":"type-product","3":"status-publish","4":"has-post-thumbnail","6":"product_cat-berne-en-jeugdboeken","7":"product_cat-berneboeken-0-tot-4-jaar","8":"product_cat-fryske-boeken","9":"product_cat-kreamkado-boeken","10":"product_cat-poezy-rymkes-en-ferskes-foar-bern","11":"product_tag-auck-peanstra","12":"product_tag-berneferskes","13":"product_tag-ferskes","14":"product_tag-gedicht","15":"product_tag-gedichtjes","16":"product_tag-ingeltsje","17":"product_tag-kinderliedjes","18":"product_tag-krupelhintsjes","19":"product_tag-liedjes","20":"product_tag-lieveheersbeestje","21":"product_shipping_class-brievenbus-verzending","22":"pa_auteur-auck-peanstra-2","23":"pa_isbn-1998","24":"pa_taal-frysk","25":"pa_uitgever-afuk","27":"first","28":"instock","29":"taxable","30":"shipping-taxable","31":"purchasable","32":"product-type-simple"},"acf":[],"yoast_head":"<!-- This site is optimized with the Yoast SEO plugin v27.3 - https:\/\/yoast.com\/product\/yoast-seo-wordpress\/ -->\n<title>Kr\u00fbpelhintsjes<\/title>\n<meta name=\"description\" content=\"In boekje fol nije ferskes foar pjutten. Om foar te l\u00eazen en op te sizzen.Op alle siden stiet in leavehearsbistke, kinsto it fine?\" \/>\n<meta name=\"robots\" content=\"index, follow, max-snippet:-1, max-image-preview:large, max-video-preview:-1\" \/>\n<link rel=\"canonical\" href=\"https:\/\/websjop.afuk.frl\/frl\/winkel\/krupelhintsjes-lyts\/\" \/>\n<meta property=\"og:locale\" content=\"fy_NL\" \/>\n<meta property=\"og:type\" content=\"article\" \/>\n<meta property=\"og:title\" content=\"Kr\u00fbpelhintsjes\" \/>\n<meta property=\"og:description\" content=\"In boekje fol nije ferskes foar pjutten. Om foar te l\u00eazen en op te sizzen.Op alle siden stiet in leavehearsbistke, kinsto it fine?\" \/>\n<meta property=\"og:url\" content=\"https:\/\/websjop.afuk.frl\/frl\/winkel\/krupelhintsjes-lyts\/\" \/>\n<meta property=\"og:site_name\" content=\"Af\u00fbk Websjop\" \/>\n<meta property=\"article:modified_time\" content=\"2022-04-07T09:39:49+00:00\" \/>\n<meta property=\"og:image\" content=\"https:\/\/websjop.afuk.frl\/wp-content\/uploads\/2014\/10\/krupelhintsjes-lyts.jpg\" \/>\n\t<meta property=\"og:image:width\" content=\"550\" \/>\n\t<meta property=\"og:image:height\" content=\"595\" \/>\n\t<meta property=\"og:image:type\" content=\"image\/jpeg\" \/>\n<meta name=\"twitter:card\" content=\"summary_large_image\" \/>\n<meta name=\"twitter:label1\" content=\"Est. reading time\" \/>\n\t<meta name=\"twitter:data1\" content=\"1 minute\" \/>\n<script type=\"application\/ld+json\" class=\"yoast-schema-graph\">{\"@context\":\"https:\\\/\\\/schema.org\",\"@graph\":[{\"@type\":\"WebPage\",\"@id\":\"https:\\\/\\\/websjop.afuk.frl\\\/frl\\\/winkel\\\/krupelhintsjes-lyts\\\/\",\"url\":\"https:\\\/\\\/websjop.afuk.frl\\\/frl\\\/winkel\\\/krupelhintsjes-lyts\\\/\",\"name\":\"Kr\u00fbpelhintsjes\",\"isPartOf\":{\"@id\":\"https:\\\/\\\/websjop.afuk.frl\\\/frl\\\/#website\"},\"primaryImageOfPage\":{\"@id\":\"https:\\\/\\\/websjop.afuk.frl\\\/frl\\\/winkel\\\/krupelhintsjes-lyts\\\/#primaryimage\"},\"image\":{\"@id\":\"https:\\\/\\\/websjop.afuk.frl\\\/frl\\\/winkel\\\/krupelhintsjes-lyts\\\/#primaryimage\"},\"thumbnailUrl\":\"https:\\\/\\\/websjop.afuk.frl\\\/wp-content\\\/uploads\\\/2014\\\/10\\\/krupelhintsjes-lyts.jpg\",\"datePublished\":\"2021-09-10T02:53:13+00:00\",\"dateModified\":\"2022-04-07T09:39:49+00:00\",\"description\":\"In boekje fol nije ferskes foar pjutten. Om foar te l\u00eazen en op te sizzen.Op alle siden stiet in leavehearsbistke, kinsto it fine?\",\"breadcrumb\":{\"@id\":\"https:\\\/\\\/websjop.afuk.frl\\\/frl\\\/winkel\\\/krupelhintsjes-lyts\\\/#breadcrumb\"},\"inLanguage\":\"fy-NL\",\"potentialAction\":[{\"@type\":\"ReadAction\",\"target\":[\"https:\\\/\\\/websjop.afuk.frl\\\/frl\\\/winkel\\\/krupelhintsjes-lyts\\\/\"]}]},{\"@type\":\"ImageObject\",\"inLanguage\":\"fy-NL\",\"@id\":\"https:\\\/\\\/websjop.afuk.frl\\\/frl\\\/winkel\\\/krupelhintsjes-lyts\\\/#primaryimage\",\"url\":\"https:\\\/\\\/websjop.afuk.frl\\\/wp-content\\\/uploads\\\/2014\\\/10\\\/krupelhintsjes-lyts.jpg\",\"contentUrl\":\"https:\\\/\\\/websjop.afuk.frl\\\/wp-content\\\/uploads\\\/2014\\\/10\\\/krupelhintsjes-lyts.jpg\",\"width\":550,\"height\":595,\"caption\":\"Kr\u00fbpelhintsjes\"},{\"@type\":\"BreadcrumbList\",\"@id\":\"https:\\\/\\\/websjop.afuk.frl\\\/frl\\\/winkel\\\/krupelhintsjes-lyts\\\/#breadcrumb\",\"itemListElement\":[{\"@type\":\"ListItem\",\"position\":1,\"name\":\"Home\",\"item\":\"https:\\\/\\\/websjop.afuk.frl\\\/frl\\\/\"},{\"@type\":\"ListItem\",\"position\":2,\"name\":\"Winkel\",\"item\":\"https:\\\/\\\/websjop.afuk.frl\\\/nl\\\/winkel\\\/\"},{\"@type\":\"ListItem\",\"position\":3,\"name\":\"Kr\u00fbpelhintsjes (lyts)\"}]},{\"@type\":\"WebSite\",\"@id\":\"https:\\\/\\\/websjop.afuk.frl\\\/frl\\\/#website\",\"url\":\"https:\\\/\\\/websjop.afuk.frl\\\/frl\\\/\",\"name\":\"Af\u00fbk Websjop\",\"description\":\"\",\"potentialAction\":[{\"@type\":\"SearchAction\",\"target\":{\"@type\":\"EntryPoint\",\"urlTemplate\":\"https:\\\/\\\/websjop.afuk.frl\\\/frl\\\/?s={search_term_string}\"},\"query-input\":{\"@type\":\"PropertyValueSpecification\",\"valueRequired\":true,\"valueName\":\"search_term_string\"}}],\"inLanguage\":\"fy-NL\"}]}<\/script>\n<!-- \/ Yoast SEO plugin. -->","yoast_head_json":{"title":"Kr\u00fbpelhintsjes","description":"In boekje fol nije ferskes foar pjutten. Om foar te l\u00eazen en op te sizzen.Op alle siden stiet in leavehearsbistke, kinsto it fine?","robots":{"index":"index","follow":"follow","max-snippet":"max-snippet:-1","max-image-preview":"max-image-preview:large","max-video-preview":"max-video-preview:-1"},"canonical":"https:\/\/websjop.afuk.frl\/frl\/winkel\/krupelhintsjes-lyts\/","og_locale":"fy_NL","og_type":"article","og_title":"Kr\u00fbpelhintsjes","og_description":"In boekje fol nije ferskes foar pjutten. Om foar te l\u00eazen en op te sizzen.Op alle siden stiet in leavehearsbistke, kinsto it fine?","og_url":"https:\/\/websjop.afuk.frl\/frl\/winkel\/krupelhintsjes-lyts\/","og_site_name":"Af\u00fbk Websjop","article_modified_time":"2022-04-07T09:39:49+00:00","og_image":[{"width":550,"height":595,"url":"https:\/\/websjop.afuk.frl\/wp-content\/uploads\/2014\/10\/krupelhintsjes-lyts.jpg","type":"image\/jpeg"}],"twitter_card":"summary_large_image","twitter_misc":{"Est. reading time":"1 minute"},"schema":{"@context":"https:\/\/schema.org","@graph":[{"@type":"WebPage","@id":"https:\/\/websjop.afuk.frl\/frl\/winkel\/krupelhintsjes-lyts\/","url":"https:\/\/websjop.afuk.frl\/frl\/winkel\/krupelhintsjes-lyts\/","name":"Kr\u00fbpelhintsjes","isPartOf":{"@id":"https:\/\/websjop.afuk.frl\/frl\/#website"},"primaryImageOfPage":{"@id":"https:\/\/websjop.afuk.frl\/frl\/winkel\/krupelhintsjes-lyts\/#primaryimage"},"image":{"@id":"https:\/\/websjop.afuk.frl\/frl\/winkel\/krupelhintsjes-lyts\/#primaryimage"},"thumbnailUrl":"https:\/\/websjop.afuk.frl\/wp-content\/uploads\/2014\/10\/krupelhintsjes-lyts.jpg","datePublished":"2021-09-10T02:53:13+00:00","dateModified":"2022-04-07T09:39:49+00:00","description":"In boekje fol nije ferskes foar pjutten. Om foar te l\u00eazen en op te sizzen.Op alle siden stiet in leavehearsbistke, kinsto it fine?","breadcrumb":{"@id":"https:\/\/websjop.afuk.frl\/frl\/winkel\/krupelhintsjes-lyts\/#breadcrumb"},"inLanguage":"fy-NL","potentialAction":[{"@type":"ReadAction","target":["https:\/\/websjop.afuk.frl\/frl\/winkel\/krupelhintsjes-lyts\/"]}]},{"@type":"ImageObject","inLanguage":"fy-NL","@id":"https:\/\/websjop.afuk.frl\/frl\/winkel\/krupelhintsjes-lyts\/#primaryimage","url":"https:\/\/websjop.afuk.frl\/wp-content\/uploads\/2014\/10\/krupelhintsjes-lyts.jpg","contentUrl":"https:\/\/websjop.afuk.frl\/wp-content\/uploads\/2014\/10\/krupelhintsjes-lyts.jpg","width":550,"height":595,"caption":"Kr\u00fbpelhintsjes"},{"@type":"BreadcrumbList","@id":"https:\/\/websjop.afuk.frl\/frl\/winkel\/krupelhintsjes-lyts\/#breadcrumb","itemListElement":[{"@type":"ListItem","position":1,"name":"Home","item":"https:\/\/websjop.afuk.frl\/frl\/"},{"@type":"ListItem","position":2,"name":"Winkel","item":"https:\/\/websjop.afuk.frl\/nl\/winkel\/"},{"@type":"ListItem","position":3,"name":"Kr\u00fbpelhintsjes (lyts)"}]},{"@type":"WebSite","@id":"https:\/\/websjop.afuk.frl\/frl\/#website","url":"https:\/\/websjop.afuk.frl\/frl\/","name":"Af\u00fbk Websjop","description":"","potentialAction":[{"@type":"SearchAction","target":{"@type":"EntryPoint","urlTemplate":"https:\/\/websjop.afuk.frl\/frl\/?s={search_term_string}"},"query-input":{"@type":"PropertyValueSpecification","valueRequired":true,"valueName":"search_term_string"}}],"inLanguage":"fy-NL"}]}},"_links":{"self":[{"href":"https:\/\/websjop.afuk.frl\/frl\/wp-json\/wp\/v2\/product\/8055","targetHints":{"allow":["GET"]}}],"collection":[{"href":"https:\/\/websjop.afuk.frl\/frl\/wp-json\/wp\/v2\/product"}],"about":[{"href":"https:\/\/websjop.afuk.frl\/frl\/wp-json\/wp\/v2\/types\/product"}],"replies":[{"embeddable":true,"href":"https:\/\/websjop.afuk.frl\/frl\/wp-json\/wp\/v2\/comments?post=8055"}],"wp:featuredmedia":[{"embeddable":true,"href":"https:\/\/websjop.afuk.frl\/frl\/wp-json\/wp\/v2\/media\/12522"}],"wp:attachment":[{"href":"https:\/\/websjop.afuk.frl\/frl\/wp-json\/wp\/v2\/media?parent=8055"}],"wp:term":[{"taxonomy":"product_brand","embeddable":true,"href":"https:\/\/websjop.afuk.frl\/frl\/wp-json\/wp\/v2\/product_brand?post=8055"},{"taxonomy":"product_cat","embeddable":true,"href":"https:\/\/websjop.afuk.frl\/frl\/wp-json\/wp\/v2\/product_cat?post=8055"},{"taxonomy":"product_tag","embeddable":true,"href":"https:\/\/websjop.afuk.frl\/frl\/wp-json\/wp\/v2\/product_tag?post=8055"}],"curies":[{"name":"wp","href":"https:\/\/api.w.org\/{rel}","templated":true}]}}