{"id":7987,"date":"2014-09-10T03:46:44","date_gmt":"2014-09-10T02:46:44","guid":{"rendered":"https:\/\/websjop.bwhontwerpers.nl\/?post_type=product&#038;p=7987"},"modified":"2019-11-05T16:00:34","modified_gmt":"2019-11-05T15:00:34","slug":"de-kalde-krustocht","status":"publish","type":"product","link":"https:\/\/websjop.afuk.frl\/frl\/winkel\/de-kalde-krustocht\/","title":{"rendered":"De k\u00e2lde kr\u00fastocht &#8211; Audioboek"},"content":{"rendered":"<p><em><strong>L\u00fasterboek<\/strong><\/em><\/p>\n<p><em>Yn dit boek mei nije iisferhalen fan Hylke Speerstra wurdt de l\u00eazer meisleept op in spannende winterreis. \u00dbnder him heart er it skrassen fan de redens en it kreakjen fan it iis. Der glydt in hiele ieu oan him foarby. \u00dbnderweis begjint de l\u00eazer mei te libjen mei de haadfigueren dy&#8217;t op syk binne nei frijheid, gelok en bettere tiden. En nei de \u00fatdaging dy&#8217;t ek op it iis te finen is&#8230;<br \/>\n<\/em><\/p>\n<p><em>Sport<\/em><br \/>\nIt is mear as in sportboek, it is in sosjaal dokumint fol hoop en wanhoop yn de krisisjierren, ferrie yn de oarloch, en fan leafde troch alle tiden hinne. En yn elk ferhaal lizze drama en humor perfekt by elkoar yn de slach.<\/p>\n<p><em>Iisferhalen<\/em><br \/>\nRasferteller Hylke Speerstra (1936) hat it Fryske folkslibben op in \u00fbnferjitlike manier f\u00eastlein yn boeken as Neaken en bleat foar de dokter en De oerpolder.<br \/>\nDer ferskynden earder iisferhalen fan him yn de bondel Op redens oer. (Ek as harkboek by Audiofrysk.)<br \/>\nHy hat ferskate kearen meidien oan de Alvest\u00eadetocht.<\/p>\n<p>Foarl\u00eazen troch de skriuwer<\/p>\n<p>6 cd&#8217;s<\/p>\n","protected":false},"excerpt":{"rendered":"<p>Audioboek, foarl\u00eazen troch de skriuwer<\/p>\n","protected":false},"featured_media":7988,"comment_status":"closed","ping_status":"closed","template":"","meta":{"_acf_changed":false},"product_brand":[],"product_cat":[1040,535,547,1215,541,1214],"product_tag":[5780,5809,5803,5781],"class_list":{"0":"post-7987","1":"product","2":"type-product","3":"status-publish","4":"has-post-thumbnail","6":"product_cat-ferhalebondels","7":"product_cat-fryske-boeken","8":"product_cat-lusterboeken","9":"product_cat-romans-en-literatuer","10":"product_cat-sport","11":"product_cat-sport-en-hobby","12":"product_tag-audioboek","13":"product_tag-de-kalde-krustocht","14":"product_tag-lusterboek","15":"product_tag-lusterboeken","16":"product_shipping_class-brievenbus-verzending","17":"pa_auteur-hylke-speerstra","18":"pa_isbn-1956","19":"pa_taal-frysk","20":"pa_uitgever-audiofrysk","22":"first","23":"instock","24":"taxable","25":"shipping-taxable","26":"purchasable","27":"product-type-simple"},"acf":[],"yoast_head":"<!-- This site is optimized with the Yoast SEO plugin v27.3 - https:\/\/yoast.com\/product\/yoast-seo-wordpress\/ -->\n<title>De k\u00e2lde kr\u00fastocht - Audioboek<\/title>\n<meta name=\"description\" content=\"Foarl\u00eazen troch de skriuwer\" \/>\n<meta name=\"robots\" content=\"index, follow, max-snippet:-1, max-image-preview:large, max-video-preview:-1\" \/>\n<link rel=\"canonical\" href=\"https:\/\/websjop.afuk.frl\/frl\/winkel\/de-kalde-krustocht\/\" \/>\n<meta property=\"og:locale\" content=\"fy_NL\" \/>\n<meta property=\"og:type\" content=\"article\" \/>\n<meta property=\"og:title\" content=\"De k\u00e2lde kr\u00fastocht - Audioboek\" \/>\n<meta property=\"og:description\" content=\"Foarl\u00eazen troch de skriuwer\" \/>\n<meta property=\"og:url\" content=\"https:\/\/websjop.afuk.frl\/frl\/winkel\/de-kalde-krustocht\/\" \/>\n<meta property=\"og:site_name\" content=\"Af\u00fbk Websjop\" \/>\n<meta property=\"article:modified_time\" content=\"2019-11-05T15:00:34+00:00\" \/>\n<meta property=\"og:image\" content=\"https:\/\/websjop.afuk.frl\/wp-content\/uploads\/2014\/09\/products-product_4134_0.jpg\" \/>\n\t<meta property=\"og:image:width\" content=\"300\" \/>\n\t<meta property=\"og:image:height\" content=\"432\" \/>\n\t<meta property=\"og:image:type\" content=\"image\/jpeg\" \/>\n<meta name=\"twitter:card\" content=\"summary_large_image\" \/>\n<meta name=\"twitter:label1\" content=\"Est. reading time\" \/>\n\t<meta name=\"twitter:data1\" content=\"1 minute\" \/>\n<script type=\"application\/ld+json\" class=\"yoast-schema-graph\">{\"@context\":\"https:\\\/\\\/schema.org\",\"@graph\":[{\"@type\":\"WebPage\",\"@id\":\"https:\\\/\\\/websjop.afuk.frl\\\/frl\\\/winkel\\\/de-kalde-krustocht\\\/\",\"url\":\"https:\\\/\\\/websjop.afuk.frl\\\/frl\\\/winkel\\\/de-kalde-krustocht\\\/\",\"name\":\"De k\u00e2lde kr\u00fastocht - Audioboek\",\"isPartOf\":{\"@id\":\"https:\\\/\\\/websjop.afuk.frl\\\/frl\\\/#website\"},\"primaryImageOfPage\":{\"@id\":\"https:\\\/\\\/websjop.afuk.frl\\\/frl\\\/winkel\\\/de-kalde-krustocht\\\/#primaryimage\"},\"image\":{\"@id\":\"https:\\\/\\\/websjop.afuk.frl\\\/frl\\\/winkel\\\/de-kalde-krustocht\\\/#primaryimage\"},\"thumbnailUrl\":\"https:\\\/\\\/websjop.afuk.frl\\\/wp-content\\\/uploads\\\/2014\\\/09\\\/products-product_4134_0.jpg\",\"datePublished\":\"2014-09-10T02:46:44+00:00\",\"dateModified\":\"2019-11-05T15:00:34+00:00\",\"description\":\"Foarl\u00eazen troch de skriuwer\",\"breadcrumb\":{\"@id\":\"https:\\\/\\\/websjop.afuk.frl\\\/frl\\\/winkel\\\/de-kalde-krustocht\\\/#breadcrumb\"},\"inLanguage\":\"fy-NL\",\"potentialAction\":[{\"@type\":\"ReadAction\",\"target\":[\"https:\\\/\\\/websjop.afuk.frl\\\/frl\\\/winkel\\\/de-kalde-krustocht\\\/\"]}]},{\"@type\":\"ImageObject\",\"inLanguage\":\"fy-NL\",\"@id\":\"https:\\\/\\\/websjop.afuk.frl\\\/frl\\\/winkel\\\/de-kalde-krustocht\\\/#primaryimage\",\"url\":\"https:\\\/\\\/websjop.afuk.frl\\\/wp-content\\\/uploads\\\/2014\\\/09\\\/products-product_4134_0.jpg\",\"contentUrl\":\"https:\\\/\\\/websjop.afuk.frl\\\/wp-content\\\/uploads\\\/2014\\\/09\\\/products-product_4134_0.jpg\",\"width\":300,\"height\":432,\"caption\":\"De k\u00e2lde kr\u00fastocht - Audioboek\"},{\"@type\":\"BreadcrumbList\",\"@id\":\"https:\\\/\\\/websjop.afuk.frl\\\/frl\\\/winkel\\\/de-kalde-krustocht\\\/#breadcrumb\",\"itemListElement\":[{\"@type\":\"ListItem\",\"position\":1,\"name\":\"Home\",\"item\":\"https:\\\/\\\/websjop.afuk.frl\\\/frl\\\/\"},{\"@type\":\"ListItem\",\"position\":2,\"name\":\"Winkel\",\"item\":\"https:\\\/\\\/websjop.afuk.frl\\\/nl\\\/winkel\\\/\"},{\"@type\":\"ListItem\",\"position\":3,\"name\":\"De k\u00e2lde kr\u00fastocht &#8211; Audioboek\"}]},{\"@type\":\"WebSite\",\"@id\":\"https:\\\/\\\/websjop.afuk.frl\\\/frl\\\/#website\",\"url\":\"https:\\\/\\\/websjop.afuk.frl\\\/frl\\\/\",\"name\":\"Af\u00fbk Websjop\",\"description\":\"\",\"potentialAction\":[{\"@type\":\"SearchAction\",\"target\":{\"@type\":\"EntryPoint\",\"urlTemplate\":\"https:\\\/\\\/websjop.afuk.frl\\\/frl\\\/?s={search_term_string}\"},\"query-input\":{\"@type\":\"PropertyValueSpecification\",\"valueRequired\":true,\"valueName\":\"search_term_string\"}}],\"inLanguage\":\"fy-NL\"}]}<\/script>\n<!-- \/ Yoast SEO plugin. -->","yoast_head_json":{"title":"De k\u00e2lde kr\u00fastocht - Audioboek","description":"Foarl\u00eazen troch de skriuwer","robots":{"index":"index","follow":"follow","max-snippet":"max-snippet:-1","max-image-preview":"max-image-preview:large","max-video-preview":"max-video-preview:-1"},"canonical":"https:\/\/websjop.afuk.frl\/frl\/winkel\/de-kalde-krustocht\/","og_locale":"fy_NL","og_type":"article","og_title":"De k\u00e2lde kr\u00fastocht - Audioboek","og_description":"Foarl\u00eazen troch de skriuwer","og_url":"https:\/\/websjop.afuk.frl\/frl\/winkel\/de-kalde-krustocht\/","og_site_name":"Af\u00fbk Websjop","article_modified_time":"2019-11-05T15:00:34+00:00","og_image":[{"width":300,"height":432,"url":"https:\/\/websjop.afuk.frl\/wp-content\/uploads\/2014\/09\/products-product_4134_0.jpg","type":"image\/jpeg"}],"twitter_card":"summary_large_image","twitter_misc":{"Est. reading time":"1 minute"},"schema":{"@context":"https:\/\/schema.org","@graph":[{"@type":"WebPage","@id":"https:\/\/websjop.afuk.frl\/frl\/winkel\/de-kalde-krustocht\/","url":"https:\/\/websjop.afuk.frl\/frl\/winkel\/de-kalde-krustocht\/","name":"De k\u00e2lde kr\u00fastocht - Audioboek","isPartOf":{"@id":"https:\/\/websjop.afuk.frl\/frl\/#website"},"primaryImageOfPage":{"@id":"https:\/\/websjop.afuk.frl\/frl\/winkel\/de-kalde-krustocht\/#primaryimage"},"image":{"@id":"https:\/\/websjop.afuk.frl\/frl\/winkel\/de-kalde-krustocht\/#primaryimage"},"thumbnailUrl":"https:\/\/websjop.afuk.frl\/wp-content\/uploads\/2014\/09\/products-product_4134_0.jpg","datePublished":"2014-09-10T02:46:44+00:00","dateModified":"2019-11-05T15:00:34+00:00","description":"Foarl\u00eazen troch de skriuwer","breadcrumb":{"@id":"https:\/\/websjop.afuk.frl\/frl\/winkel\/de-kalde-krustocht\/#breadcrumb"},"inLanguage":"fy-NL","potentialAction":[{"@type":"ReadAction","target":["https:\/\/websjop.afuk.frl\/frl\/winkel\/de-kalde-krustocht\/"]}]},{"@type":"ImageObject","inLanguage":"fy-NL","@id":"https:\/\/websjop.afuk.frl\/frl\/winkel\/de-kalde-krustocht\/#primaryimage","url":"https:\/\/websjop.afuk.frl\/wp-content\/uploads\/2014\/09\/products-product_4134_0.jpg","contentUrl":"https:\/\/websjop.afuk.frl\/wp-content\/uploads\/2014\/09\/products-product_4134_0.jpg","width":300,"height":432,"caption":"De k\u00e2lde kr\u00fastocht - Audioboek"},{"@type":"BreadcrumbList","@id":"https:\/\/websjop.afuk.frl\/frl\/winkel\/de-kalde-krustocht\/#breadcrumb","itemListElement":[{"@type":"ListItem","position":1,"name":"Home","item":"https:\/\/websjop.afuk.frl\/frl\/"},{"@type":"ListItem","position":2,"name":"Winkel","item":"https:\/\/websjop.afuk.frl\/nl\/winkel\/"},{"@type":"ListItem","position":3,"name":"De k\u00e2lde kr\u00fastocht &#8211; Audioboek"}]},{"@type":"WebSite","@id":"https:\/\/websjop.afuk.frl\/frl\/#website","url":"https:\/\/websjop.afuk.frl\/frl\/","name":"Af\u00fbk Websjop","description":"","potentialAction":[{"@type":"SearchAction","target":{"@type":"EntryPoint","urlTemplate":"https:\/\/websjop.afuk.frl\/frl\/?s={search_term_string}"},"query-input":{"@type":"PropertyValueSpecification","valueRequired":true,"valueName":"search_term_string"}}],"inLanguage":"fy-NL"}]}},"_links":{"self":[{"href":"https:\/\/websjop.afuk.frl\/frl\/wp-json\/wp\/v2\/product\/7987","targetHints":{"allow":["GET"]}}],"collection":[{"href":"https:\/\/websjop.afuk.frl\/frl\/wp-json\/wp\/v2\/product"}],"about":[{"href":"https:\/\/websjop.afuk.frl\/frl\/wp-json\/wp\/v2\/types\/product"}],"replies":[{"embeddable":true,"href":"https:\/\/websjop.afuk.frl\/frl\/wp-json\/wp\/v2\/comments?post=7987"}],"wp:featuredmedia":[{"embeddable":true,"href":"https:\/\/websjop.afuk.frl\/frl\/wp-json\/wp\/v2\/media\/7988"}],"wp:attachment":[{"href":"https:\/\/websjop.afuk.frl\/frl\/wp-json\/wp\/v2\/media?parent=7987"}],"wp:term":[{"taxonomy":"product_brand","embeddable":true,"href":"https:\/\/websjop.afuk.frl\/frl\/wp-json\/wp\/v2\/product_brand?post=7987"},{"taxonomy":"product_cat","embeddable":true,"href":"https:\/\/websjop.afuk.frl\/frl\/wp-json\/wp\/v2\/product_cat?post=7987"},{"taxonomy":"product_tag","embeddable":true,"href":"https:\/\/websjop.afuk.frl\/frl\/wp-json\/wp\/v2\/product_tag?post=7987"}],"curies":[{"name":"wp","href":"https:\/\/api.w.org\/{rel}","templated":true}]}}