{"id":7961,"date":"2014-09-10T03:46:21","date_gmt":"2014-09-10T02:46:21","guid":{"rendered":"https:\/\/websjop.bwhontwerpers.nl\/?post_type=product&#038;p=7961"},"modified":"2023-04-17T11:58:41","modified_gmt":"2023-04-17T10:58:41","slug":"de-traveliers-fugelfrij-yn-de-canyon-2","status":"publish","type":"product","link":"https:\/\/websjop.afuk.frl\/frl\/winkel\/de-traveliers-fugelfrij-yn-de-canyon-2\/","title":{"rendered":"De Traveliers: F\u00fbgelfrij yn de canyon &#8211; Audioboek"},"content":{"rendered":"<p><em><strong>L\u00fasterboek<\/strong><\/em><\/p>\n<p>Der klinkt in l\u00fbde knal. &#8220;Hat dy fint in pistoal!?&#8221; Jelle wurdt bleek om &#8216;e holle. &#8220;Ik wol hjirwei!&#8221; &#8220;Nee, stil!&#8221; In doar slacht ticht. Hidde en Jelle meitsje har sa lyts mooglik. Se hearre de man praten. Se kinne it net ferstean, mar syn stim klinkt lilk. Hy rint hinne en wer. &#8220;Tsjin wa praat er? Is der n\u00f3ch ien?&#8221;systeret hidde. &#8220;Of bellet er?&#8221; Se h\u00e2lde de siken yn en ha de earen op skerp.<\/p>\n<p>De Traveliers, in nije searje spannende en nijsgjirrige boeken foar bern fan 10 jier \u00f4f. De famylje Travelier reizget de wr\u00e2ld oer. Mei troch it wurk fan heit foar alderhande projekten yn it b\u00fbtenl\u00e2n komme Hidde en Fardau op plakken d\u00ear&#8217;t it aventoer om &#8216;e hoeke leit.<\/p>\n<p>Foarl\u00eazen troch de skriuwer<\/p>\n<p>2 cd&#8217;s<\/p>\n","protected":false},"excerpt":{"rendered":"<p>Audioboek, foarl\u00eazen troch de skriuwer<\/p>\n","protected":false},"featured_media":7962,"comment_status":"closed","ping_status":"closed","template":"","meta":{"_acf_changed":false},"product_brand":[],"product_cat":[1213,551,1043,1217,535,552,547],"product_tag":[5780,5851,5858,5803,5781],"class_list":{"0":"post-7961","1":"product","2":"type-product","3":"status-publish","4":"has-post-thumbnail","6":"product_cat-berne-en-jeugdboeken","7":"product_cat-berneboeken-8-12","8":"product_cat-edukatyf","9":"product_cat-foar-bern","10":"product_cat-fryske-boeken","11":"product_cat-jeugdboeken","12":"product_cat-lusterboeken","13":"product_tag-audioboek","14":"product_tag-de-traveliers","15":"product_tag-de-traveliers-fugelfrij-yn-de-canyon","16":"product_tag-lusterboek","17":"product_tag-lusterboeken","18":"product_shipping_class-brievenbus-verzending","19":"pa_auteur-jan-schotanus-2","20":"pa_isbn-5857","21":"pa_taal-frysk","22":"pa_uitgever-audiofrysk","24":"first","25":"instock","26":"taxable","27":"shipping-taxable","28":"purchasable","29":"product-type-simple"},"acf":[],"yoast_head":"<!-- This site is optimized with the Yoast SEO plugin v27.3 - https:\/\/yoast.com\/product\/yoast-seo-wordpress\/ -->\n<title>De Traveliers - F\u00fbgelfrij yn de canyon - Audioboek<\/title>\n<meta name=\"description\" content=\"foarl\u00eazen troch de skriuwer\" \/>\n<meta name=\"robots\" content=\"index, follow, max-snippet:-1, max-image-preview:large, max-video-preview:-1\" \/>\n<link rel=\"canonical\" href=\"https:\/\/websjop.afuk.frl\/frl\/winkel\/de-traveliers-fugelfrij-yn-de-canyon-2\/\" \/>\n<meta property=\"og:locale\" content=\"fy_NL\" \/>\n<meta property=\"og:type\" content=\"article\" \/>\n<meta property=\"og:title\" content=\"De Traveliers - F\u00fbgelfrij yn de canyon - Audioboek\" \/>\n<meta property=\"og:description\" content=\"foarl\u00eazen troch de skriuwer\" \/>\n<meta property=\"og:url\" content=\"https:\/\/websjop.afuk.frl\/frl\/winkel\/de-traveliers-fugelfrij-yn-de-canyon-2\/\" \/>\n<meta property=\"og:site_name\" content=\"Af\u00fbk Websjop\" \/>\n<meta property=\"article:modified_time\" content=\"2023-04-17T10:58:41+00:00\" \/>\n<meta property=\"og:image\" content=\"https:\/\/websjop.afuk.frl\/wp-content\/uploads\/2014\/09\/products-product_4116_0_1.jpg\" \/>\n\t<meta property=\"og:image:width\" content=\"300\" \/>\n\t<meta property=\"og:image:height\" content=\"415\" \/>\n\t<meta property=\"og:image:type\" content=\"image\/jpeg\" \/>\n<meta name=\"twitter:card\" content=\"summary_large_image\" \/>\n<meta name=\"twitter:label1\" content=\"Est. reading time\" \/>\n\t<meta name=\"twitter:data1\" content=\"1 minute\" \/>\n<script type=\"application\/ld+json\" class=\"yoast-schema-graph\">{\"@context\":\"https:\\\/\\\/schema.org\",\"@graph\":[{\"@type\":\"WebPage\",\"@id\":\"https:\\\/\\\/websjop.afuk.frl\\\/frl\\\/winkel\\\/de-traveliers-fugelfrij-yn-de-canyon-2\\\/\",\"url\":\"https:\\\/\\\/websjop.afuk.frl\\\/frl\\\/winkel\\\/de-traveliers-fugelfrij-yn-de-canyon-2\\\/\",\"name\":\"De Traveliers - F\u00fbgelfrij yn de canyon - Audioboek\",\"isPartOf\":{\"@id\":\"https:\\\/\\\/websjop.afuk.frl\\\/frl\\\/#website\"},\"primaryImageOfPage\":{\"@id\":\"https:\\\/\\\/websjop.afuk.frl\\\/frl\\\/winkel\\\/de-traveliers-fugelfrij-yn-de-canyon-2\\\/#primaryimage\"},\"image\":{\"@id\":\"https:\\\/\\\/websjop.afuk.frl\\\/frl\\\/winkel\\\/de-traveliers-fugelfrij-yn-de-canyon-2\\\/#primaryimage\"},\"thumbnailUrl\":\"https:\\\/\\\/websjop.afuk.frl\\\/wp-content\\\/uploads\\\/2014\\\/09\\\/products-product_4116_0_1.jpg\",\"datePublished\":\"2014-09-10T02:46:21+00:00\",\"dateModified\":\"2023-04-17T10:58:41+00:00\",\"description\":\"foarl\u00eazen troch de skriuwer\",\"breadcrumb\":{\"@id\":\"https:\\\/\\\/websjop.afuk.frl\\\/frl\\\/winkel\\\/de-traveliers-fugelfrij-yn-de-canyon-2\\\/#breadcrumb\"},\"inLanguage\":\"fy-NL\",\"potentialAction\":[{\"@type\":\"ReadAction\",\"target\":[\"https:\\\/\\\/websjop.afuk.frl\\\/frl\\\/winkel\\\/de-traveliers-fugelfrij-yn-de-canyon-2\\\/\"]}]},{\"@type\":\"ImageObject\",\"inLanguage\":\"fy-NL\",\"@id\":\"https:\\\/\\\/websjop.afuk.frl\\\/frl\\\/winkel\\\/de-traveliers-fugelfrij-yn-de-canyon-2\\\/#primaryimage\",\"url\":\"https:\\\/\\\/websjop.afuk.frl\\\/wp-content\\\/uploads\\\/2014\\\/09\\\/products-product_4116_0_1.jpg\",\"contentUrl\":\"https:\\\/\\\/websjop.afuk.frl\\\/wp-content\\\/uploads\\\/2014\\\/09\\\/products-product_4116_0_1.jpg\",\"width\":300,\"height\":415,\"caption\":\"De Traveliers - F\u00fbgelfrij yn de canyon - Audioboek\"},{\"@type\":\"BreadcrumbList\",\"@id\":\"https:\\\/\\\/websjop.afuk.frl\\\/frl\\\/winkel\\\/de-traveliers-fugelfrij-yn-de-canyon-2\\\/#breadcrumb\",\"itemListElement\":[{\"@type\":\"ListItem\",\"position\":1,\"name\":\"Home\",\"item\":\"https:\\\/\\\/websjop.afuk.frl\\\/frl\\\/\"},{\"@type\":\"ListItem\",\"position\":2,\"name\":\"Winkel\",\"item\":\"https:\\\/\\\/websjop.afuk.frl\\\/nl\\\/winkel\\\/\"},{\"@type\":\"ListItem\",\"position\":3,\"name\":\"De Traveliers: F\u00fbgelfrij yn de canyon &#8211; Audioboek\"}]},{\"@type\":\"WebSite\",\"@id\":\"https:\\\/\\\/websjop.afuk.frl\\\/frl\\\/#website\",\"url\":\"https:\\\/\\\/websjop.afuk.frl\\\/frl\\\/\",\"name\":\"Af\u00fbk Websjop\",\"description\":\"\",\"potentialAction\":[{\"@type\":\"SearchAction\",\"target\":{\"@type\":\"EntryPoint\",\"urlTemplate\":\"https:\\\/\\\/websjop.afuk.frl\\\/frl\\\/?s={search_term_string}\"},\"query-input\":{\"@type\":\"PropertyValueSpecification\",\"valueRequired\":true,\"valueName\":\"search_term_string\"}}],\"inLanguage\":\"fy-NL\"}]}<\/script>\n<!-- \/ Yoast SEO plugin. -->","yoast_head_json":{"title":"De Traveliers - F\u00fbgelfrij yn de canyon - Audioboek","description":"foarl\u00eazen troch de skriuwer","robots":{"index":"index","follow":"follow","max-snippet":"max-snippet:-1","max-image-preview":"max-image-preview:large","max-video-preview":"max-video-preview:-1"},"canonical":"https:\/\/websjop.afuk.frl\/frl\/winkel\/de-traveliers-fugelfrij-yn-de-canyon-2\/","og_locale":"fy_NL","og_type":"article","og_title":"De Traveliers - F\u00fbgelfrij yn de canyon - Audioboek","og_description":"foarl\u00eazen troch de skriuwer","og_url":"https:\/\/websjop.afuk.frl\/frl\/winkel\/de-traveliers-fugelfrij-yn-de-canyon-2\/","og_site_name":"Af\u00fbk Websjop","article_modified_time":"2023-04-17T10:58:41+00:00","og_image":[{"width":300,"height":415,"url":"https:\/\/websjop.afuk.frl\/wp-content\/uploads\/2014\/09\/products-product_4116_0_1.jpg","type":"image\/jpeg"}],"twitter_card":"summary_large_image","twitter_misc":{"Est. reading time":"1 minute"},"schema":{"@context":"https:\/\/schema.org","@graph":[{"@type":"WebPage","@id":"https:\/\/websjop.afuk.frl\/frl\/winkel\/de-traveliers-fugelfrij-yn-de-canyon-2\/","url":"https:\/\/websjop.afuk.frl\/frl\/winkel\/de-traveliers-fugelfrij-yn-de-canyon-2\/","name":"De Traveliers - F\u00fbgelfrij yn de canyon - Audioboek","isPartOf":{"@id":"https:\/\/websjop.afuk.frl\/frl\/#website"},"primaryImageOfPage":{"@id":"https:\/\/websjop.afuk.frl\/frl\/winkel\/de-traveliers-fugelfrij-yn-de-canyon-2\/#primaryimage"},"image":{"@id":"https:\/\/websjop.afuk.frl\/frl\/winkel\/de-traveliers-fugelfrij-yn-de-canyon-2\/#primaryimage"},"thumbnailUrl":"https:\/\/websjop.afuk.frl\/wp-content\/uploads\/2014\/09\/products-product_4116_0_1.jpg","datePublished":"2014-09-10T02:46:21+00:00","dateModified":"2023-04-17T10:58:41+00:00","description":"foarl\u00eazen troch de skriuwer","breadcrumb":{"@id":"https:\/\/websjop.afuk.frl\/frl\/winkel\/de-traveliers-fugelfrij-yn-de-canyon-2\/#breadcrumb"},"inLanguage":"fy-NL","potentialAction":[{"@type":"ReadAction","target":["https:\/\/websjop.afuk.frl\/frl\/winkel\/de-traveliers-fugelfrij-yn-de-canyon-2\/"]}]},{"@type":"ImageObject","inLanguage":"fy-NL","@id":"https:\/\/websjop.afuk.frl\/frl\/winkel\/de-traveliers-fugelfrij-yn-de-canyon-2\/#primaryimage","url":"https:\/\/websjop.afuk.frl\/wp-content\/uploads\/2014\/09\/products-product_4116_0_1.jpg","contentUrl":"https:\/\/websjop.afuk.frl\/wp-content\/uploads\/2014\/09\/products-product_4116_0_1.jpg","width":300,"height":415,"caption":"De Traveliers - F\u00fbgelfrij yn de canyon - Audioboek"},{"@type":"BreadcrumbList","@id":"https:\/\/websjop.afuk.frl\/frl\/winkel\/de-traveliers-fugelfrij-yn-de-canyon-2\/#breadcrumb","itemListElement":[{"@type":"ListItem","position":1,"name":"Home","item":"https:\/\/websjop.afuk.frl\/frl\/"},{"@type":"ListItem","position":2,"name":"Winkel","item":"https:\/\/websjop.afuk.frl\/nl\/winkel\/"},{"@type":"ListItem","position":3,"name":"De Traveliers: F\u00fbgelfrij yn de canyon &#8211; Audioboek"}]},{"@type":"WebSite","@id":"https:\/\/websjop.afuk.frl\/frl\/#website","url":"https:\/\/websjop.afuk.frl\/frl\/","name":"Af\u00fbk Websjop","description":"","potentialAction":[{"@type":"SearchAction","target":{"@type":"EntryPoint","urlTemplate":"https:\/\/websjop.afuk.frl\/frl\/?s={search_term_string}"},"query-input":{"@type":"PropertyValueSpecification","valueRequired":true,"valueName":"search_term_string"}}],"inLanguage":"fy-NL"}]}},"_links":{"self":[{"href":"https:\/\/websjop.afuk.frl\/frl\/wp-json\/wp\/v2\/product\/7961","targetHints":{"allow":["GET"]}}],"collection":[{"href":"https:\/\/websjop.afuk.frl\/frl\/wp-json\/wp\/v2\/product"}],"about":[{"href":"https:\/\/websjop.afuk.frl\/frl\/wp-json\/wp\/v2\/types\/product"}],"replies":[{"embeddable":true,"href":"https:\/\/websjop.afuk.frl\/frl\/wp-json\/wp\/v2\/comments?post=7961"}],"wp:featuredmedia":[{"embeddable":true,"href":"https:\/\/websjop.afuk.frl\/frl\/wp-json\/wp\/v2\/media\/7962"}],"wp:attachment":[{"href":"https:\/\/websjop.afuk.frl\/frl\/wp-json\/wp\/v2\/media?parent=7961"}],"wp:term":[{"taxonomy":"product_brand","embeddable":true,"href":"https:\/\/websjop.afuk.frl\/frl\/wp-json\/wp\/v2\/product_brand?post=7961"},{"taxonomy":"product_cat","embeddable":true,"href":"https:\/\/websjop.afuk.frl\/frl\/wp-json\/wp\/v2\/product_cat?post=7961"},{"taxonomy":"product_tag","embeddable":true,"href":"https:\/\/websjop.afuk.frl\/frl\/wp-json\/wp\/v2\/product_tag?post=7961"}],"curies":[{"name":"wp","href":"https:\/\/api.w.org\/{rel}","templated":true}]}}