{"id":7955,"date":"2014-09-10T05:46:17","date_gmt":"2014-09-10T04:46:17","guid":{"rendered":"https:\/\/websjop.bwhontwerpers.nl\/?post_type=product&#038;p=7955"},"modified":"2022-09-26T11:20:20","modified_gmt":"2022-09-26T10:20:20","slug":"spegelspreuk-audioboek","status":"publish","type":"product","link":"https:\/\/websjop.afuk.frl\/frl\/winkel\/spegelspreuk-audioboek\/","title":{"rendered":"Spegelspreuk &#8211; Audioboek"},"content":{"rendered":"<p><em><strong>L\u00fasterboek<\/strong><\/em><\/p>\n<p>De 9-jierrige Willem, prins fan Oranje, rint fan h\u00fbs fuort. Hy komt terjochte by syn beppe Marijke Muoi. Dy wennet yn Ljouwert, yn paleis it Princessehof. Earst ferfeelt Willem him \u00f4fgryslik. Mar dat feroaret as in \u00e2ld wyfke yn it keunstkabinet fan it paleis in spegelspreuk \u00fatsprekt. Troch dy betovering komme, alle kearen as de klok tolve slacht, bisten fan tegels ta libben. En ek noch in grutte man dy&#8217;t Willem de namme Lodelakei jout. Tegearre mei Lodelakei besiket Willem de spegelspreuk om te kearen. Want de betovering begjint hieltyd mear \u00fat de h\u00e2n te rinnen. It wurdt in striid tsjin de klok. Willem en Lodelakei reizgje dwers troch Ljouwert, soms midden yn\u00a0&#8216;e nacht. Sil it har slagje de st\u00ead te r\u00eaden fan s\u00e2n ferskuorrende, fjoerspuiende draken?<\/p>\n<p><em>Spegelspreuk<\/em> jout in soad nijsgjirrige ynformaasje oer de st\u00ead Ljouwert en it libben oan it hof fan Marijke Muoi yn &#8216;e 18de ieu. Dat skriuwster Lida Dykstra keunsthistoaricus fan berop is, docht wol bliken. Der binne yn dit boek allerhande histoaryske gegevens en \u00f4fbyldings ferwurke. Learsum, jawis. Mar boppe-al is Spegelspreuk in spannend aventoer oer de freonskip tusken in \u00fbndernimmend prinske en syn lakei.<\/p>\n<p>Foarl\u00eazen troch de skriuwer.<\/p>\n<p>3 cd&#8217;s.<\/p>\n","protected":false},"excerpt":{"rendered":"<p>Spegelspreuk. Audioboek foarl\u00eazen troch Lida Dykstra.<\/p>\n","protected":false},"featured_media":7956,"comment_status":"closed","ping_status":"closed","template":"","meta":{"_acf_changed":false},"product_brand":[],"product_cat":[1188,1213,551,535,547,539],"product_tag":[5780,5803,5781,5861],"class_list":{"0":"post-7955","1":"product","2":"type-product","3":"status-publish","4":"has-post-thumbnail","6":"product_cat-19-maria-louise-van-hessen-kassel","7":"product_cat-berne-en-jeugdboeken","8":"product_cat-berneboeken-8-12","9":"product_cat-fryske-boeken","10":"product_cat-lusterboeken","11":"product_cat-skiednis","12":"product_tag-audioboek","13":"product_tag-lusterboek","14":"product_tag-lusterboeken","15":"product_tag-spegelspreuk","16":"product_shipping_class-brievenbus-verzending","17":"pa_auteur-lida-dykstra","18":"pa_isbn-1934","19":"pa_taal-frysk","20":"pa_uitgever-audiofrysk","22":"first","23":"instock","24":"taxable","25":"shipping-taxable","26":"purchasable","27":"product-type-simple"},"acf":[],"yoast_head":"<!-- This site is optimized with the Yoast SEO plugin v27.2 - https:\/\/yoast.com\/product\/yoast-seo-wordpress\/ -->\n<title>Spegelspreuk - audioboek<\/title>\n<meta name=\"description\" content=\"foarl\u00eazen troch de skriuwster\" \/>\n<meta name=\"robots\" content=\"index, follow, max-snippet:-1, max-image-preview:large, max-video-preview:-1\" \/>\n<link rel=\"canonical\" href=\"https:\/\/websjop.afuk.frl\/frl\/winkel\/spegelspreuk-audioboek\/\" \/>\n<meta property=\"og:locale\" content=\"fy_NL\" \/>\n<meta property=\"og:type\" content=\"article\" \/>\n<meta property=\"og:title\" content=\"Spegelspreuk - audioboek\" \/>\n<meta property=\"og:description\" content=\"foarl\u00eazen troch de skriuwster\" \/>\n<meta property=\"og:url\" content=\"https:\/\/websjop.afuk.frl\/frl\/winkel\/spegelspreuk-audioboek\/\" \/>\n<meta property=\"og:site_name\" content=\"Af\u00fbk Websjop\" \/>\n<meta property=\"article:modified_time\" content=\"2022-09-26T10:20:20+00:00\" \/>\n<meta property=\"og:image\" content=\"https:\/\/websjop.afuk.frl\/wp-content\/uploads\/2014\/09\/products-product_4113_0_1.jpg\" \/>\n\t<meta property=\"og:image:width\" content=\"300\" \/>\n\t<meta property=\"og:image:height\" content=\"428\" \/>\n\t<meta property=\"og:image:type\" content=\"image\/jpeg\" \/>\n<meta name=\"twitter:card\" content=\"summary_large_image\" \/>\n<meta name=\"twitter:label1\" content=\"Est. reading time\" \/>\n\t<meta name=\"twitter:data1\" content=\"1 minute\" \/>\n<script type=\"application\/ld+json\" class=\"yoast-schema-graph\">{\"@context\":\"https:\/\/schema.org\",\"@graph\":[{\"@type\":\"WebPage\",\"@id\":\"https:\/\/websjop.afuk.frl\/frl\/winkel\/spegelspreuk-audioboek\/\",\"url\":\"https:\/\/websjop.afuk.frl\/frl\/winkel\/spegelspreuk-audioboek\/\",\"name\":\"Spegelspreuk - audioboek\",\"isPartOf\":{\"@id\":\"https:\/\/websjop.afuk.frl\/frl\/#website\"},\"primaryImageOfPage\":{\"@id\":\"https:\/\/websjop.afuk.frl\/frl\/winkel\/spegelspreuk-audioboek\/#primaryimage\"},\"image\":{\"@id\":\"https:\/\/websjop.afuk.frl\/frl\/winkel\/spegelspreuk-audioboek\/#primaryimage\"},\"thumbnailUrl\":\"https:\/\/websjop.afuk.frl\/wp-content\/uploads\/2014\/09\/products-product_4113_0_1.jpg\",\"datePublished\":\"2014-09-10T04:46:17+00:00\",\"dateModified\":\"2022-09-26T10:20:20+00:00\",\"description\":\"foarl\u00eazen troch de skriuwster\",\"breadcrumb\":{\"@id\":\"https:\/\/websjop.afuk.frl\/frl\/winkel\/spegelspreuk-audioboek\/#breadcrumb\"},\"inLanguage\":\"fy-NL\",\"potentialAction\":[{\"@type\":\"ReadAction\",\"target\":[\"https:\/\/websjop.afuk.frl\/frl\/winkel\/spegelspreuk-audioboek\/\"]}]},{\"@type\":\"ImageObject\",\"inLanguage\":\"fy-NL\",\"@id\":\"https:\/\/websjop.afuk.frl\/frl\/winkel\/spegelspreuk-audioboek\/#primaryimage\",\"url\":\"https:\/\/websjop.afuk.frl\/wp-content\/uploads\/2014\/09\/products-product_4113_0_1.jpg\",\"contentUrl\":\"https:\/\/websjop.afuk.frl\/wp-content\/uploads\/2014\/09\/products-product_4113_0_1.jpg\",\"width\":300,\"height\":428,\"caption\":\"Spegelspreuk - audioboek\"},{\"@type\":\"BreadcrumbList\",\"@id\":\"https:\/\/websjop.afuk.frl\/frl\/winkel\/spegelspreuk-audioboek\/#breadcrumb\",\"itemListElement\":[{\"@type\":\"ListItem\",\"position\":1,\"name\":\"Home\",\"item\":\"https:\/\/websjop.afuk.frl\/frl\/\"},{\"@type\":\"ListItem\",\"position\":2,\"name\":\"Winkel\",\"item\":\"https:\/\/websjop.afuk.frl\/nl\/winkel\/\"},{\"@type\":\"ListItem\",\"position\":3,\"name\":\"Spegelspreuk &#8211; Audioboek\"}]},{\"@type\":\"WebSite\",\"@id\":\"https:\/\/websjop.afuk.frl\/frl\/#website\",\"url\":\"https:\/\/websjop.afuk.frl\/frl\/\",\"name\":\"Af\u00fbk Websjop\",\"description\":\"\",\"potentialAction\":[{\"@type\":\"SearchAction\",\"target\":{\"@type\":\"EntryPoint\",\"urlTemplate\":\"https:\/\/websjop.afuk.frl\/frl\/?s={search_term_string}\"},\"query-input\":{\"@type\":\"PropertyValueSpecification\",\"valueRequired\":true,\"valueName\":\"search_term_string\"}}],\"inLanguage\":\"fy-NL\"}]}<\/script>\n<!-- \/ Yoast SEO plugin. -->","yoast_head_json":{"title":"Spegelspreuk - audioboek","description":"foarl\u00eazen troch de skriuwster","robots":{"index":"index","follow":"follow","max-snippet":"max-snippet:-1","max-image-preview":"max-image-preview:large","max-video-preview":"max-video-preview:-1"},"canonical":"https:\/\/websjop.afuk.frl\/frl\/winkel\/spegelspreuk-audioboek\/","og_locale":"fy_NL","og_type":"article","og_title":"Spegelspreuk - audioboek","og_description":"foarl\u00eazen troch de skriuwster","og_url":"https:\/\/websjop.afuk.frl\/frl\/winkel\/spegelspreuk-audioboek\/","og_site_name":"Af\u00fbk Websjop","article_modified_time":"2022-09-26T10:20:20+00:00","og_image":[{"width":300,"height":428,"url":"https:\/\/websjop.afuk.frl\/wp-content\/uploads\/2014\/09\/products-product_4113_0_1.jpg","type":"image\/jpeg"}],"twitter_card":"summary_large_image","twitter_misc":{"Est. reading time":"1 minute"},"schema":{"@context":"https:\/\/schema.org","@graph":[{"@type":"WebPage","@id":"https:\/\/websjop.afuk.frl\/frl\/winkel\/spegelspreuk-audioboek\/","url":"https:\/\/websjop.afuk.frl\/frl\/winkel\/spegelspreuk-audioboek\/","name":"Spegelspreuk - audioboek","isPartOf":{"@id":"https:\/\/websjop.afuk.frl\/frl\/#website"},"primaryImageOfPage":{"@id":"https:\/\/websjop.afuk.frl\/frl\/winkel\/spegelspreuk-audioboek\/#primaryimage"},"image":{"@id":"https:\/\/websjop.afuk.frl\/frl\/winkel\/spegelspreuk-audioboek\/#primaryimage"},"thumbnailUrl":"https:\/\/websjop.afuk.frl\/wp-content\/uploads\/2014\/09\/products-product_4113_0_1.jpg","datePublished":"2014-09-10T04:46:17+00:00","dateModified":"2022-09-26T10:20:20+00:00","description":"foarl\u00eazen troch de skriuwster","breadcrumb":{"@id":"https:\/\/websjop.afuk.frl\/frl\/winkel\/spegelspreuk-audioboek\/#breadcrumb"},"inLanguage":"fy-NL","potentialAction":[{"@type":"ReadAction","target":["https:\/\/websjop.afuk.frl\/frl\/winkel\/spegelspreuk-audioboek\/"]}]},{"@type":"ImageObject","inLanguage":"fy-NL","@id":"https:\/\/websjop.afuk.frl\/frl\/winkel\/spegelspreuk-audioboek\/#primaryimage","url":"https:\/\/websjop.afuk.frl\/wp-content\/uploads\/2014\/09\/products-product_4113_0_1.jpg","contentUrl":"https:\/\/websjop.afuk.frl\/wp-content\/uploads\/2014\/09\/products-product_4113_0_1.jpg","width":300,"height":428,"caption":"Spegelspreuk - audioboek"},{"@type":"BreadcrumbList","@id":"https:\/\/websjop.afuk.frl\/frl\/winkel\/spegelspreuk-audioboek\/#breadcrumb","itemListElement":[{"@type":"ListItem","position":1,"name":"Home","item":"https:\/\/websjop.afuk.frl\/frl\/"},{"@type":"ListItem","position":2,"name":"Winkel","item":"https:\/\/websjop.afuk.frl\/nl\/winkel\/"},{"@type":"ListItem","position":3,"name":"Spegelspreuk &#8211; Audioboek"}]},{"@type":"WebSite","@id":"https:\/\/websjop.afuk.frl\/frl\/#website","url":"https:\/\/websjop.afuk.frl\/frl\/","name":"Af\u00fbk Websjop","description":"","potentialAction":[{"@type":"SearchAction","target":{"@type":"EntryPoint","urlTemplate":"https:\/\/websjop.afuk.frl\/frl\/?s={search_term_string}"},"query-input":{"@type":"PropertyValueSpecification","valueRequired":true,"valueName":"search_term_string"}}],"inLanguage":"fy-NL"}]}},"_links":{"self":[{"href":"https:\/\/websjop.afuk.frl\/frl\/wp-json\/wp\/v2\/product\/7955","targetHints":{"allow":["GET"]}}],"collection":[{"href":"https:\/\/websjop.afuk.frl\/frl\/wp-json\/wp\/v2\/product"}],"about":[{"href":"https:\/\/websjop.afuk.frl\/frl\/wp-json\/wp\/v2\/types\/product"}],"replies":[{"embeddable":true,"href":"https:\/\/websjop.afuk.frl\/frl\/wp-json\/wp\/v2\/comments?post=7955"}],"wp:featuredmedia":[{"embeddable":true,"href":"https:\/\/websjop.afuk.frl\/frl\/wp-json\/wp\/v2\/media\/7956"}],"wp:attachment":[{"href":"https:\/\/websjop.afuk.frl\/frl\/wp-json\/wp\/v2\/media?parent=7955"}],"wp:term":[{"taxonomy":"product_brand","embeddable":true,"href":"https:\/\/websjop.afuk.frl\/frl\/wp-json\/wp\/v2\/product_brand?post=7955"},{"taxonomy":"product_cat","embeddable":true,"href":"https:\/\/websjop.afuk.frl\/frl\/wp-json\/wp\/v2\/product_cat?post=7955"},{"taxonomy":"product_tag","embeddable":true,"href":"https:\/\/websjop.afuk.frl\/frl\/wp-json\/wp\/v2\/product_tag?post=7955"}],"curies":[{"name":"wp","href":"https:\/\/api.w.org\/{rel}","templated":true}]}}