{"id":7914,"date":"2019-10-09T01:45:30","date_gmt":"2019-10-09T00:45:30","guid":{"rendered":"https:\/\/websjop.bwhontwerpers.nl\/?post_type=product&#038;p=7914"},"modified":"2026-03-24T14:30:35","modified_gmt":"2026-03-24T13:30:35","slug":"stip-kriget-in-suske","status":"publish","type":"product","link":"https:\/\/websjop.afuk.frl\/frl\/winkel\/stip-kriget-in-suske\/","title":{"rendered":"Stip kriget in suske"},"content":{"rendered":"<p>Stip zijn heit en mem hebben een verrassing voor Stip: een klein zusje!<br \/>\nVolg dit lieve hondje in haar avonturen door het huis met haar grote broer Stip.<\/p>\n<p>2+<\/p>\n<p><a href=\"https:\/\/websjop.afuk.frl\/frl\/producten\/fryske-boeken\/berne-en-jeugdboeken\/berneboeken-0-tot-4-jaar\/stip\/\">Sjoch hjir foar alle Stip-boeken.<\/a><\/p>\n<hr \/>\n<p><em>Hendrika: &#8220;It is in moai boek foar bern fan 2 a 3 jier dy &#8216;t sels in suske krije. Der steane in protte plaatsjes yn en in bytsje tekst. Leuk om foar te l\u00eazen of om harren der sels yn l\u00eaze te litten. Der sitte flapkes yn dy&#8217;t se iepen dwaan kinne. It bliuwt in moai en spannend boek, it makket net \u00fat hoe faak oft it wurdt foarl\u00eazen of besjoen wurdt.&#8221;<\/em><\/p>\n<p><em>Vera: &#8220;Gekregen toen ik zwanger was van onze tweede, een meisje. Geniaal cadeau.&#8221;<\/em><\/p>\n<p>&nbsp;<\/p>\n","protected":false},"excerpt":{"rendered":"<p>Alwer in Stip flapkeboek<\/p>\n","protected":false},"featured_media":44111,"comment_status":"closed","ping_status":"closed","template":"","meta":{"_acf_changed":false},"product_brand":[],"product_cat":[1213,549,535,560,557,9568,22893],"product_tag":[6057,6374,5938,8689,5939,6066],"class_list":{"0":"post-7914","1":"product","2":"type-product","3":"status-publish","4":"has-post-thumbnail","6":"product_cat-berne-en-jeugdboeken","7":"product_cat-berneboeken-0-tot-4-jaar","8":"product_cat-fryske-boeken","9":"product_cat-kreamkado-boeken","10":"product_cat-friese-kraamcadeautjes","11":"product_cat-stip","12":"product_cat-tema-broerke-suske","13":"product_tag-eric-hill","14":"product_tag-famke","15":"product_tag-kartonboek","16":"product_tag-poppe","17":"product_tag-stip","18":"product_tag-stip-kriget-in-suske","19":"product_shipping_class-brievenbus-verzending","20":"pa_auteur-eric-hill-2","21":"pa_isbn-1906","22":"pa_taal-frysk","23":"pa_uitgever-afuk","25":"first","26":"outofstock","27":"taxable","28":"shipping-taxable","29":"purchasable","30":"product-type-simple"},"acf":[],"yoast_head":"<!-- This site is optimized with the Yoast SEO plugin v27.2 - https:\/\/yoast.com\/product\/yoast-seo-wordpress\/ -->\n<title>Stip kriget in suske<\/title>\n<meta name=\"description\" content=\"Stip zijn heit en mem hebben een verrassing voor Stip: een klein zusje!Volg dit lieve hondje in haar avonturen door het huis met haar grote broer Stip.\" \/>\n<meta name=\"robots\" content=\"index, follow, max-snippet:-1, max-image-preview:large, max-video-preview:-1\" \/>\n<link rel=\"canonical\" href=\"https:\/\/websjop.afuk.frl\/frl\/winkel\/stip-kriget-in-suske\/\" \/>\n<meta property=\"og:locale\" content=\"fy_NL\" \/>\n<meta property=\"og:type\" content=\"article\" \/>\n<meta property=\"og:title\" content=\"Stip kriget in suske\" \/>\n<meta property=\"og:description\" content=\"Stip zijn heit en mem hebben een verrassing voor Stip: een klein zusje!Volg dit lieve hondje in haar avonturen door het huis met haar grote broer Stip.\" \/>\n<meta property=\"og:url\" content=\"https:\/\/websjop.afuk.frl\/frl\/winkel\/stip-kriget-in-suske\/\" \/>\n<meta property=\"og:site_name\" content=\"Af\u00fbk Websjop\" \/>\n<meta property=\"article:modified_time\" content=\"2026-03-24T13:30:35+00:00\" \/>\n<meta property=\"og:image\" content=\"https:\/\/websjop.afuk.frl\/wp-content\/uploads\/2019\/10\/stipkrigetinsuske-996x1024.png\" \/>\n\t<meta property=\"og:image:width\" content=\"996\" \/>\n\t<meta property=\"og:image:height\" content=\"1024\" \/>\n\t<meta property=\"og:image:type\" content=\"image\/png\" \/>\n<meta name=\"twitter:card\" content=\"summary_large_image\" \/>\n<meta name=\"twitter:label1\" content=\"Est. reading time\" \/>\n\t<meta name=\"twitter:data1\" content=\"2 minutes\" \/>\n<script type=\"application\/ld+json\" class=\"yoast-schema-graph\">{\"@context\":\"https:\/\/schema.org\",\"@graph\":[{\"@type\":\"WebPage\",\"@id\":\"https:\/\/websjop.afuk.frl\/frl\/winkel\/stip-kriget-in-suske\/\",\"url\":\"https:\/\/websjop.afuk.frl\/frl\/winkel\/stip-kriget-in-suske\/\",\"name\":\"Stip kriget in suske\",\"isPartOf\":{\"@id\":\"https:\/\/websjop.afuk.frl\/frl\/#website\"},\"primaryImageOfPage\":{\"@id\":\"https:\/\/websjop.afuk.frl\/frl\/winkel\/stip-kriget-in-suske\/#primaryimage\"},\"image\":{\"@id\":\"https:\/\/websjop.afuk.frl\/frl\/winkel\/stip-kriget-in-suske\/#primaryimage\"},\"thumbnailUrl\":\"https:\/\/websjop.afuk.frl\/wp-content\/uploads\/2019\/10\/stipkrigetinsuske.png\",\"datePublished\":\"2019-10-09T00:45:30+00:00\",\"dateModified\":\"2026-03-24T13:30:35+00:00\",\"description\":\"Stip zijn heit en mem hebben een verrassing voor Stip: een klein zusje!Volg dit lieve hondje in haar avonturen door het huis met haar grote broer Stip.\",\"breadcrumb\":{\"@id\":\"https:\/\/websjop.afuk.frl\/frl\/winkel\/stip-kriget-in-suske\/#breadcrumb\"},\"inLanguage\":\"fy-NL\",\"potentialAction\":[{\"@type\":\"ReadAction\",\"target\":[\"https:\/\/websjop.afuk.frl\/frl\/winkel\/stip-kriget-in-suske\/\"]}]},{\"@type\":\"ImageObject\",\"inLanguage\":\"fy-NL\",\"@id\":\"https:\/\/websjop.afuk.frl\/frl\/winkel\/stip-kriget-in-suske\/#primaryimage\",\"url\":\"https:\/\/websjop.afuk.frl\/wp-content\/uploads\/2019\/10\/stipkrigetinsuske.png\",\"contentUrl\":\"https:\/\/websjop.afuk.frl\/wp-content\/uploads\/2019\/10\/stipkrigetinsuske.png\",\"width\":2505,\"height\":2576},{\"@type\":\"BreadcrumbList\",\"@id\":\"https:\/\/websjop.afuk.frl\/frl\/winkel\/stip-kriget-in-suske\/#breadcrumb\",\"itemListElement\":[{\"@type\":\"ListItem\",\"position\":1,\"name\":\"Home\",\"item\":\"https:\/\/websjop.afuk.frl\/frl\/\"},{\"@type\":\"ListItem\",\"position\":2,\"name\":\"Winkel\",\"item\":\"https:\/\/websjop.afuk.frl\/nl\/winkel\/\"},{\"@type\":\"ListItem\",\"position\":3,\"name\":\"Stip kriget in suske\"}]},{\"@type\":\"WebSite\",\"@id\":\"https:\/\/websjop.afuk.frl\/frl\/#website\",\"url\":\"https:\/\/websjop.afuk.frl\/frl\/\",\"name\":\"Af\u00fbk Websjop\",\"description\":\"\",\"potentialAction\":[{\"@type\":\"SearchAction\",\"target\":{\"@type\":\"EntryPoint\",\"urlTemplate\":\"https:\/\/websjop.afuk.frl\/frl\/?s={search_term_string}\"},\"query-input\":{\"@type\":\"PropertyValueSpecification\",\"valueRequired\":true,\"valueName\":\"search_term_string\"}}],\"inLanguage\":\"fy-NL\"}]}<\/script>\n<!-- \/ Yoast SEO plugin. -->","yoast_head_json":{"title":"Stip kriget in suske","description":"Stip zijn heit en mem hebben een verrassing voor Stip: een klein zusje!Volg dit lieve hondje in haar avonturen door het huis met haar grote broer Stip.","robots":{"index":"index","follow":"follow","max-snippet":"max-snippet:-1","max-image-preview":"max-image-preview:large","max-video-preview":"max-video-preview:-1"},"canonical":"https:\/\/websjop.afuk.frl\/frl\/winkel\/stip-kriget-in-suske\/","og_locale":"fy_NL","og_type":"article","og_title":"Stip kriget in suske","og_description":"Stip zijn heit en mem hebben een verrassing voor Stip: een klein zusje!Volg dit lieve hondje in haar avonturen door het huis met haar grote broer Stip.","og_url":"https:\/\/websjop.afuk.frl\/frl\/winkel\/stip-kriget-in-suske\/","og_site_name":"Af\u00fbk Websjop","article_modified_time":"2026-03-24T13:30:35+00:00","og_image":[{"width":996,"height":1024,"url":"https:\/\/websjop.afuk.frl\/wp-content\/uploads\/2019\/10\/stipkrigetinsuske-996x1024.png","type":"image\/png"}],"twitter_card":"summary_large_image","twitter_misc":{"Est. reading time":"2 minutes"},"schema":{"@context":"https:\/\/schema.org","@graph":[{"@type":"WebPage","@id":"https:\/\/websjop.afuk.frl\/frl\/winkel\/stip-kriget-in-suske\/","url":"https:\/\/websjop.afuk.frl\/frl\/winkel\/stip-kriget-in-suske\/","name":"Stip kriget in suske","isPartOf":{"@id":"https:\/\/websjop.afuk.frl\/frl\/#website"},"primaryImageOfPage":{"@id":"https:\/\/websjop.afuk.frl\/frl\/winkel\/stip-kriget-in-suske\/#primaryimage"},"image":{"@id":"https:\/\/websjop.afuk.frl\/frl\/winkel\/stip-kriget-in-suske\/#primaryimage"},"thumbnailUrl":"https:\/\/websjop.afuk.frl\/wp-content\/uploads\/2019\/10\/stipkrigetinsuske.png","datePublished":"2019-10-09T00:45:30+00:00","dateModified":"2026-03-24T13:30:35+00:00","description":"Stip zijn heit en mem hebben een verrassing voor Stip: een klein zusje!Volg dit lieve hondje in haar avonturen door het huis met haar grote broer Stip.","breadcrumb":{"@id":"https:\/\/websjop.afuk.frl\/frl\/winkel\/stip-kriget-in-suske\/#breadcrumb"},"inLanguage":"fy-NL","potentialAction":[{"@type":"ReadAction","target":["https:\/\/websjop.afuk.frl\/frl\/winkel\/stip-kriget-in-suske\/"]}]},{"@type":"ImageObject","inLanguage":"fy-NL","@id":"https:\/\/websjop.afuk.frl\/frl\/winkel\/stip-kriget-in-suske\/#primaryimage","url":"https:\/\/websjop.afuk.frl\/wp-content\/uploads\/2019\/10\/stipkrigetinsuske.png","contentUrl":"https:\/\/websjop.afuk.frl\/wp-content\/uploads\/2019\/10\/stipkrigetinsuske.png","width":2505,"height":2576},{"@type":"BreadcrumbList","@id":"https:\/\/websjop.afuk.frl\/frl\/winkel\/stip-kriget-in-suske\/#breadcrumb","itemListElement":[{"@type":"ListItem","position":1,"name":"Home","item":"https:\/\/websjop.afuk.frl\/frl\/"},{"@type":"ListItem","position":2,"name":"Winkel","item":"https:\/\/websjop.afuk.frl\/nl\/winkel\/"},{"@type":"ListItem","position":3,"name":"Stip kriget in suske"}]},{"@type":"WebSite","@id":"https:\/\/websjop.afuk.frl\/frl\/#website","url":"https:\/\/websjop.afuk.frl\/frl\/","name":"Af\u00fbk Websjop","description":"","potentialAction":[{"@type":"SearchAction","target":{"@type":"EntryPoint","urlTemplate":"https:\/\/websjop.afuk.frl\/frl\/?s={search_term_string}"},"query-input":{"@type":"PropertyValueSpecification","valueRequired":true,"valueName":"search_term_string"}}],"inLanguage":"fy-NL"}]}},"_links":{"self":[{"href":"https:\/\/websjop.afuk.frl\/frl\/wp-json\/wp\/v2\/product\/7914","targetHints":{"allow":["GET"]}}],"collection":[{"href":"https:\/\/websjop.afuk.frl\/frl\/wp-json\/wp\/v2\/product"}],"about":[{"href":"https:\/\/websjop.afuk.frl\/frl\/wp-json\/wp\/v2\/types\/product"}],"replies":[{"embeddable":true,"href":"https:\/\/websjop.afuk.frl\/frl\/wp-json\/wp\/v2\/comments?post=7914"}],"wp:featuredmedia":[{"embeddable":true,"href":"https:\/\/websjop.afuk.frl\/frl\/wp-json\/wp\/v2\/media\/44111"}],"wp:attachment":[{"href":"https:\/\/websjop.afuk.frl\/frl\/wp-json\/wp\/v2\/media?parent=7914"}],"wp:term":[{"taxonomy":"product_brand","embeddable":true,"href":"https:\/\/websjop.afuk.frl\/frl\/wp-json\/wp\/v2\/product_brand?post=7914"},{"taxonomy":"product_cat","embeddable":true,"href":"https:\/\/websjop.afuk.frl\/frl\/wp-json\/wp\/v2\/product_cat?post=7914"},{"taxonomy":"product_tag","embeddable":true,"href":"https:\/\/websjop.afuk.frl\/frl\/wp-json\/wp\/v2\/product_tag?post=7914"}],"curies":[{"name":"wp","href":"https:\/\/api.w.org\/{rel}","templated":true}]}}