{"id":7908,"date":"2021-02-09T03:45:16","date_gmt":"2021-02-09T02:45:16","guid":{"rendered":"https:\/\/websjop.bwhontwerpers.nl\/?post_type=product&#038;p=7908"},"modified":"2024-06-12T09:19:24","modified_gmt":"2024-06-12T08:19:24","slug":"ik-wurd-mem","status":"publish","type":"product","link":"https:\/\/websjop.afuk.frl\/frl\/winkel\/ik-wurd-mem\/","title":{"rendered":"Ik wurd mem"},"content":{"rendered":"<p>Ben je zwanger? Het is altijd leuk voor later om het \u00e9\u00e9n en ander bij te houden in een zwangerschapsdagboekje.<br \/>\n&#8216;Ik wurd mem&#8217; is vrolijk, niet te omslachtig en het is in het Fries!<br \/>\nHet boekje staat vol met fleurige tekeningen van Linda de Haan.<\/p>\n<p>In dit boekje kun je schrijven over de eerste kleertjes die je hebt gekocht voor je baby, wat voor koosnaampje jullie gebruiken, of je ook kwaaltjes hebt en hoe je tegen de bevalling aankijkt.<\/p>\n<p>In dit zwangerschapsdagboekje is er ruimte voor ech0-foto&#8217;s, buikfoto&#8217;s en ruimte om je eigen ervaringen op te schrijven. Een mooie herinnering voor later.<\/p>\n<p><a href=\"http:\/\/issuu.com\/heitenmem.nl\/docs\/issuu-ikwurdmem?viewMode=magazine\" target=\"_blank\" rel=\"noopener\">KIJK HIER VOOR IN INKIJKEXEMPLAAR.<\/a><\/p>\n<p><strong>Ook verkrijgbaar:<\/strong><\/p>\n<ul>\n<li style=\"list-style-type: none\">\n<ul>\n<li><a href=\"https:\/\/websjop.afuk.frl\/nl\/winkel\/myn-kreambesite\/\">Myn kreambesite<\/a><\/li>\n<li><a href=\"https:\/\/websjop.afuk.frl\/nl\/winkel\/heit-fertel\/\">Heit, fertel!<\/a><\/li>\n<li><a href=\"https:\/\/websjop.afuk.frl\/nl\/winkel\/mem-fertel\/\">Mem, fertel!<\/a><\/li>\n<li><a href=\"https:\/\/websjop.afuk.frl\/nl\/winkel\/beppe-fertel\/\">Beppe, fertel<\/a><\/li>\n<li><a href=\"https:\/\/websjop.afuk.frl\/nl\/winkel\/hop-hop-hynke\/\">Hop Hop Hynke<\/a><\/li>\n<\/ul>\n<\/li>\n<\/ul>\n<p>&nbsp;<\/p>\n<hr \/>\n<p><em>Aukje: &#8220;Ik ha twa fan dizze boekjes folskreaun. Foar beide bern ien. Ik bewarje se yn harren babybak. Dan kinne se, at se letter grut binne der nochris yn l\u00eaze. Ik f\u00fbn it hiel leuk om by te h\u00e2lden.&#8221;<\/em><\/p>\n<p><em>Marijke: &#8220;Toen mijn dochter vertelde dat ze zwanger was, heb ik dit boekje met een leuk Fries slabbetje gegeven. Ze heeft het boekje helemaal vol geschreven en ook heeft ze er fotootjes bij geplakt. Ik zou willen dat ik vroeger dingen had opgeschreven. Toen mijn dochter zwanger was, vroeg ze vaak hoe dingen bij mij gingen. Maar eerlijk gezegd ben ik heel veel vergeten. Gelukkig heeft mijn dochter nu alles fijn op papier, echt een leuk naslagwerkje.&#8221;<\/em><\/p>\n<p>&nbsp;<\/p>\n","protected":false},"excerpt":{"rendered":"<p>Ik wurd mem. Deiboekje foar de swangerskip<\/p>\n","protected":false},"featured_media":7909,"comment_status":"closed","ping_status":"closed","template":"","meta":{"_acf_changed":false},"product_brand":[],"product_cat":[554,575,535,9573,560,557,1225],"product_tag":[17805,17791,5285,17804,17806],"class_list":{"0":"post-7908","1":"product","2":"type-product","3":"status-publish","4":"has-post-thumbnail","6":"product_cat-ferskaat","7":"product_cat-oanbieding-folwoeksenen","8":"product_cat-fryske-boeken","9":"product_cat-heitenmem","10":"product_cat-kreamkado-boeken","11":"product_cat-friese-kraamcadeautjes","12":"product_cat-memmedeikadootsjes","13":"product_tag-inverwachting","14":"product_tag-invulboekje","15":"product_tag-mem","16":"product_tag-ynferwachting","17":"product_tag-zwanger","18":"product_shipping_class-brievenbus-verzending","19":"pa_auteur-dieuwke-van-der-meer-posthumus-2","20":"pa_sale-label-1337","21":"pa_taal-frysk","22":"pa_uitgever-afuk","24":"first","25":"instock","26":"sale","27":"taxable","28":"shipping-taxable","29":"purchasable","30":"product-type-simple"},"acf":[],"yoast_head":"<!-- This site is optimized with the Yoast SEO plugin v27.3 - https:\/\/yoast.com\/product\/yoast-seo-wordpress\/ -->\n<title>Ik wurd mem<\/title>\n<meta name=\"description\" content=\"Ben je zwanger? Dan is het altijd leuk om een zwangerschapsdagboekje bij te houden. En deze is in het Fries! Nu ook nog eens in de aanbieding!\" \/>\n<meta name=\"robots\" content=\"index, follow, max-snippet:-1, max-image-preview:large, max-video-preview:-1\" \/>\n<link rel=\"canonical\" href=\"https:\/\/websjop.afuk.frl\/frl\/winkel\/ik-wurd-mem\/\" \/>\n<meta property=\"og:locale\" content=\"fy_NL\" \/>\n<meta property=\"og:type\" content=\"article\" \/>\n<meta property=\"og:title\" content=\"Ik wurd mem\" \/>\n<meta property=\"og:description\" content=\"Ben je zwanger? Dan is het altijd leuk om een zwangerschapsdagboekje bij te houden. En deze is in het Fries! Nu ook nog eens in de aanbieding!\" \/>\n<meta property=\"og:url\" content=\"https:\/\/websjop.afuk.frl\/frl\/winkel\/ik-wurd-mem\/\" \/>\n<meta property=\"og:site_name\" content=\"Af\u00fbk Websjop\" \/>\n<meta property=\"article:modified_time\" content=\"2024-06-12T08:19:24+00:00\" \/>\n<meta property=\"og:image\" content=\"https:\/\/websjop.afuk.frl\/wp-content\/uploads\/2014\/11\/products-ikwurdmem.jpg\" \/>\n\t<meta property=\"og:image:width\" content=\"787\" \/>\n\t<meta property=\"og:image:height\" content=\"788\" \/>\n\t<meta property=\"og:image:type\" content=\"image\/jpeg\" \/>\n<meta name=\"twitter:card\" content=\"summary_large_image\" \/>\n<meta name=\"twitter:label1\" content=\"Est. reading time\" \/>\n\t<meta name=\"twitter:data1\" content=\"1 minute\" \/>\n<script type=\"application\/ld+json\" class=\"yoast-schema-graph\">{\"@context\":\"https:\\\/\\\/schema.org\",\"@graph\":[{\"@type\":\"WebPage\",\"@id\":\"https:\\\/\\\/websjop.afuk.frl\\\/frl\\\/winkel\\\/ik-wurd-mem\\\/\",\"url\":\"https:\\\/\\\/websjop.afuk.frl\\\/frl\\\/winkel\\\/ik-wurd-mem\\\/\",\"name\":\"Ik wurd mem\",\"isPartOf\":{\"@id\":\"https:\\\/\\\/websjop.afuk.frl\\\/frl\\\/#website\"},\"primaryImageOfPage\":{\"@id\":\"https:\\\/\\\/websjop.afuk.frl\\\/frl\\\/winkel\\\/ik-wurd-mem\\\/#primaryimage\"},\"image\":{\"@id\":\"https:\\\/\\\/websjop.afuk.frl\\\/frl\\\/winkel\\\/ik-wurd-mem\\\/#primaryimage\"},\"thumbnailUrl\":\"https:\\\/\\\/websjop.afuk.frl\\\/wp-content\\\/uploads\\\/2014\\\/11\\\/products-ikwurdmem.jpg\",\"datePublished\":\"2021-02-09T02:45:16+00:00\",\"dateModified\":\"2024-06-12T08:19:24+00:00\",\"description\":\"Ben je zwanger? Dan is het altijd leuk om een zwangerschapsdagboekje bij te houden. En deze is in het Fries! Nu ook nog eens in de aanbieding!\",\"breadcrumb\":{\"@id\":\"https:\\\/\\\/websjop.afuk.frl\\\/frl\\\/winkel\\\/ik-wurd-mem\\\/#breadcrumb\"},\"inLanguage\":\"fy-NL\",\"potentialAction\":[{\"@type\":\"ReadAction\",\"target\":[\"https:\\\/\\\/websjop.afuk.frl\\\/frl\\\/winkel\\\/ik-wurd-mem\\\/\"]}]},{\"@type\":\"ImageObject\",\"inLanguage\":\"fy-NL\",\"@id\":\"https:\\\/\\\/websjop.afuk.frl\\\/frl\\\/winkel\\\/ik-wurd-mem\\\/#primaryimage\",\"url\":\"https:\\\/\\\/websjop.afuk.frl\\\/wp-content\\\/uploads\\\/2014\\\/11\\\/products-ikwurdmem.jpg\",\"contentUrl\":\"https:\\\/\\\/websjop.afuk.frl\\\/wp-content\\\/uploads\\\/2014\\\/11\\\/products-ikwurdmem.jpg\",\"width\":787,\"height\":788,\"caption\":\"Ik wurd mem\"},{\"@type\":\"BreadcrumbList\",\"@id\":\"https:\\\/\\\/websjop.afuk.frl\\\/frl\\\/winkel\\\/ik-wurd-mem\\\/#breadcrumb\",\"itemListElement\":[{\"@type\":\"ListItem\",\"position\":1,\"name\":\"Home\",\"item\":\"https:\\\/\\\/websjop.afuk.frl\\\/frl\\\/\"},{\"@type\":\"ListItem\",\"position\":2,\"name\":\"Winkel\",\"item\":\"https:\\\/\\\/websjop.afuk.frl\\\/nl\\\/winkel\\\/\"},{\"@type\":\"ListItem\",\"position\":3,\"name\":\"Ik wurd mem\"}]},{\"@type\":\"WebSite\",\"@id\":\"https:\\\/\\\/websjop.afuk.frl\\\/frl\\\/#website\",\"url\":\"https:\\\/\\\/websjop.afuk.frl\\\/frl\\\/\",\"name\":\"Af\u00fbk Websjop\",\"description\":\"\",\"potentialAction\":[{\"@type\":\"SearchAction\",\"target\":{\"@type\":\"EntryPoint\",\"urlTemplate\":\"https:\\\/\\\/websjop.afuk.frl\\\/frl\\\/?s={search_term_string}\"},\"query-input\":{\"@type\":\"PropertyValueSpecification\",\"valueRequired\":true,\"valueName\":\"search_term_string\"}}],\"inLanguage\":\"fy-NL\"}]}<\/script>\n<!-- \/ Yoast SEO plugin. -->","yoast_head_json":{"title":"Ik wurd mem","description":"Ben je zwanger? Dan is het altijd leuk om een zwangerschapsdagboekje bij te houden. En deze is in het Fries! Nu ook nog eens in de aanbieding!","robots":{"index":"index","follow":"follow","max-snippet":"max-snippet:-1","max-image-preview":"max-image-preview:large","max-video-preview":"max-video-preview:-1"},"canonical":"https:\/\/websjop.afuk.frl\/frl\/winkel\/ik-wurd-mem\/","og_locale":"fy_NL","og_type":"article","og_title":"Ik wurd mem","og_description":"Ben je zwanger? Dan is het altijd leuk om een zwangerschapsdagboekje bij te houden. En deze is in het Fries! Nu ook nog eens in de aanbieding!","og_url":"https:\/\/websjop.afuk.frl\/frl\/winkel\/ik-wurd-mem\/","og_site_name":"Af\u00fbk Websjop","article_modified_time":"2024-06-12T08:19:24+00:00","og_image":[{"width":787,"height":788,"url":"https:\/\/websjop.afuk.frl\/wp-content\/uploads\/2014\/11\/products-ikwurdmem.jpg","type":"image\/jpeg"}],"twitter_card":"summary_large_image","twitter_misc":{"Est. reading time":"1 minute"},"schema":{"@context":"https:\/\/schema.org","@graph":[{"@type":"WebPage","@id":"https:\/\/websjop.afuk.frl\/frl\/winkel\/ik-wurd-mem\/","url":"https:\/\/websjop.afuk.frl\/frl\/winkel\/ik-wurd-mem\/","name":"Ik wurd mem","isPartOf":{"@id":"https:\/\/websjop.afuk.frl\/frl\/#website"},"primaryImageOfPage":{"@id":"https:\/\/websjop.afuk.frl\/frl\/winkel\/ik-wurd-mem\/#primaryimage"},"image":{"@id":"https:\/\/websjop.afuk.frl\/frl\/winkel\/ik-wurd-mem\/#primaryimage"},"thumbnailUrl":"https:\/\/websjop.afuk.frl\/wp-content\/uploads\/2014\/11\/products-ikwurdmem.jpg","datePublished":"2021-02-09T02:45:16+00:00","dateModified":"2024-06-12T08:19:24+00:00","description":"Ben je zwanger? Dan is het altijd leuk om een zwangerschapsdagboekje bij te houden. En deze is in het Fries! Nu ook nog eens in de aanbieding!","breadcrumb":{"@id":"https:\/\/websjop.afuk.frl\/frl\/winkel\/ik-wurd-mem\/#breadcrumb"},"inLanguage":"fy-NL","potentialAction":[{"@type":"ReadAction","target":["https:\/\/websjop.afuk.frl\/frl\/winkel\/ik-wurd-mem\/"]}]},{"@type":"ImageObject","inLanguage":"fy-NL","@id":"https:\/\/websjop.afuk.frl\/frl\/winkel\/ik-wurd-mem\/#primaryimage","url":"https:\/\/websjop.afuk.frl\/wp-content\/uploads\/2014\/11\/products-ikwurdmem.jpg","contentUrl":"https:\/\/websjop.afuk.frl\/wp-content\/uploads\/2014\/11\/products-ikwurdmem.jpg","width":787,"height":788,"caption":"Ik wurd mem"},{"@type":"BreadcrumbList","@id":"https:\/\/websjop.afuk.frl\/frl\/winkel\/ik-wurd-mem\/#breadcrumb","itemListElement":[{"@type":"ListItem","position":1,"name":"Home","item":"https:\/\/websjop.afuk.frl\/frl\/"},{"@type":"ListItem","position":2,"name":"Winkel","item":"https:\/\/websjop.afuk.frl\/nl\/winkel\/"},{"@type":"ListItem","position":3,"name":"Ik wurd mem"}]},{"@type":"WebSite","@id":"https:\/\/websjop.afuk.frl\/frl\/#website","url":"https:\/\/websjop.afuk.frl\/frl\/","name":"Af\u00fbk Websjop","description":"","potentialAction":[{"@type":"SearchAction","target":{"@type":"EntryPoint","urlTemplate":"https:\/\/websjop.afuk.frl\/frl\/?s={search_term_string}"},"query-input":{"@type":"PropertyValueSpecification","valueRequired":true,"valueName":"search_term_string"}}],"inLanguage":"fy-NL"}]}},"_links":{"self":[{"href":"https:\/\/websjop.afuk.frl\/frl\/wp-json\/wp\/v2\/product\/7908","targetHints":{"allow":["GET"]}}],"collection":[{"href":"https:\/\/websjop.afuk.frl\/frl\/wp-json\/wp\/v2\/product"}],"about":[{"href":"https:\/\/websjop.afuk.frl\/frl\/wp-json\/wp\/v2\/types\/product"}],"replies":[{"embeddable":true,"href":"https:\/\/websjop.afuk.frl\/frl\/wp-json\/wp\/v2\/comments?post=7908"}],"wp:featuredmedia":[{"embeddable":true,"href":"https:\/\/websjop.afuk.frl\/frl\/wp-json\/wp\/v2\/media\/7909"}],"wp:attachment":[{"href":"https:\/\/websjop.afuk.frl\/frl\/wp-json\/wp\/v2\/media?parent=7908"}],"wp:term":[{"taxonomy":"product_brand","embeddable":true,"href":"https:\/\/websjop.afuk.frl\/frl\/wp-json\/wp\/v2\/product_brand?post=7908"},{"taxonomy":"product_cat","embeddable":true,"href":"https:\/\/websjop.afuk.frl\/frl\/wp-json\/wp\/v2\/product_cat?post=7908"},{"taxonomy":"product_tag","embeddable":true,"href":"https:\/\/websjop.afuk.frl\/frl\/wp-json\/wp\/v2\/product_tag?post=7908"}],"curies":[{"name":"wp","href":"https:\/\/api.w.org\/{rel}","templated":true}]}}