{"id":7815,"date":"2014-09-10T05:43:05","date_gmt":"2014-09-10T04:43:05","guid":{"rendered":"https:\/\/websjop.bwhontwerpers.nl\/?post_type=product&#038;p=7815"},"modified":"2025-07-09T12:46:04","modified_gmt":"2025-07-09T10:46:04","slug":"de-rook-fan-it-lan","status":"publish","type":"product","link":"https:\/\/websjop.afuk.frl\/frl\/winkel\/de-rook-fan-it-lan\/","title":{"rendered":"De rook fan it l\u00e2n &#8211; ferhalen"},"content":{"rendered":"<p>In de verhalenbundel <em>De rook fan it l\u00e2n<\/em> brengt Ulbe van Houten de lezer terug naar het Frysl\u00e2n van vroeger met z&#8217;n boeren, tuinders en arbeiders. Het was een gesloten plattelandsgemeenschap waarin ieder zijn plek had en de standsverschillen niet te overbruggen waren. Van Houten laat die machtsongelijkheid wel zien, maar hij is zijn werk geen sociaal strijder. Zijn Frysl\u00e2n is de idyllische enclave waar voor het kwaad geen plaats is.<\/p>\n<p>De eerste druk van <em>De rook fan it l\u00e2n<\/em> was een verzameling van acht verhalen uit verschillende publicaties van het Kristlik Frysk Selskip en verscheen in 1943. De tweede druk kwam ongeveer 20 jaar later uit, met vier nieuwe verhalen en een weggelaten. Dit boek is de herdruk van de derde druk uit 1994. Het nawoord is van Trinus Riemersma.<\/p>\n","protected":false},"excerpt":{"rendered":"<p>Ferhalebondel<\/p>\n","protected":false},"featured_media":12786,"comment_status":"closed","ping_status":"closed","template":"","meta":{"_acf_changed":false},"product_brand":[],"product_cat":[1040,535,1215],"product_tag":[20275,5741,24124,5325,24125,17144,17143,8957,6594],"class_list":{"0":"post-7815","1":"product","2":"type-product","3":"status-publish","4":"has-post-thumbnail","6":"product_cat-ferhalebondels","7":"product_cat-fryske-boeken","8":"product_cat-romans-en-literatuer","9":"product_tag-arbeiders","10":"product_tag-boeren","11":"product_tag-de-rook-fan-it-lan","12":"product_tag-ferhalen","13":"product_tag-gernieren","14":"product_tag-klassieker","15":"product_tag-klassiker","16":"product_tag-ulbe-van-houten","17":"product_tag-verhalen","18":"product_shipping_class-brievenbus-verzending","19":"pa_auteur-ulbe-van-houten-2","20":"pa_isbn-1856","21":"pa_taal-frysk","22":"pa_uitgever-elikser","24":"first","25":"instock","26":"taxable","27":"shipping-taxable","28":"purchasable","29":"product-type-simple"},"acf":[],"yoast_head":"<!-- This site is optimized with the Yoast SEO plugin v27.2 - https:\/\/yoast.com\/product\/yoast-seo-wordpress\/ -->\n<title>De rook fan it l\u00e2n<\/title>\n<meta name=\"description\" content=\"In de verhalenbundel De rook fan it l\u00e2n brengt Ulbe van Houten de lezer terug naar het Frysl\u00e2n van vroeger met z&#039;n boeren, tuinders en arbeiders.\" \/>\n<meta name=\"robots\" content=\"index, follow, max-snippet:-1, max-image-preview:large, max-video-preview:-1\" \/>\n<link rel=\"canonical\" href=\"https:\/\/websjop.afuk.frl\/frl\/winkel\/de-rook-fan-it-lan\/\" \/>\n<meta property=\"og:locale\" content=\"fy_NL\" \/>\n<meta property=\"og:type\" content=\"article\" \/>\n<meta property=\"og:title\" content=\"De rook fan it l\u00e2n\" \/>\n<meta property=\"og:description\" content=\"In de verhalenbundel De rook fan it l\u00e2n brengt Ulbe van Houten de lezer terug naar het Frysl\u00e2n van vroeger met z&#039;n boeren, tuinders en arbeiders.\" \/>\n<meta property=\"og:url\" content=\"https:\/\/websjop.afuk.frl\/frl\/winkel\/de-rook-fan-it-lan\/\" \/>\n<meta property=\"og:site_name\" content=\"Af\u00fbk Websjop\" \/>\n<meta property=\"article:modified_time\" content=\"2025-07-09T10:46:04+00:00\" \/>\n<meta property=\"og:image\" content=\"https:\/\/websjop.afuk.frl\/wp-content\/uploads\/2014\/09\/De-rook-fan-it-l\u00e2n.jpg\" \/>\n\t<meta property=\"og:image:width\" content=\"794\" \/>\n\t<meta property=\"og:image:height\" content=\"1200\" \/>\n\t<meta property=\"og:image:type\" content=\"image\/jpeg\" \/>\n<meta name=\"twitter:card\" content=\"summary_large_image\" \/>\n<meta name=\"twitter:label1\" content=\"Est. reading time\" \/>\n\t<meta name=\"twitter:data1\" content=\"2 minutes\" \/>\n<script type=\"application\/ld+json\" class=\"yoast-schema-graph\">{\"@context\":\"https:\/\/schema.org\",\"@graph\":[{\"@type\":\"WebPage\",\"@id\":\"https:\/\/websjop.afuk.frl\/frl\/winkel\/de-rook-fan-it-lan\/\",\"url\":\"https:\/\/websjop.afuk.frl\/frl\/winkel\/de-rook-fan-it-lan\/\",\"name\":\"De rook fan it l\u00e2n\",\"isPartOf\":{\"@id\":\"https:\/\/websjop.afuk.frl\/frl\/#website\"},\"primaryImageOfPage\":{\"@id\":\"https:\/\/websjop.afuk.frl\/frl\/winkel\/de-rook-fan-it-lan\/#primaryimage\"},\"image\":{\"@id\":\"https:\/\/websjop.afuk.frl\/frl\/winkel\/de-rook-fan-it-lan\/#primaryimage\"},\"thumbnailUrl\":\"https:\/\/websjop.afuk.frl\/wp-content\/uploads\/2014\/09\/De-rook-fan-it-l\u00e2n.jpg\",\"datePublished\":\"2014-09-10T04:43:05+00:00\",\"dateModified\":\"2025-07-09T10:46:04+00:00\",\"description\":\"In de verhalenbundel De rook fan it l\u00e2n brengt Ulbe van Houten de lezer terug naar het Frysl\u00e2n van vroeger met z'n boeren, tuinders en arbeiders.\",\"breadcrumb\":{\"@id\":\"https:\/\/websjop.afuk.frl\/frl\/winkel\/de-rook-fan-it-lan\/#breadcrumb\"},\"inLanguage\":\"fy-NL\",\"potentialAction\":[{\"@type\":\"ReadAction\",\"target\":[\"https:\/\/websjop.afuk.frl\/frl\/winkel\/de-rook-fan-it-lan\/\"]}]},{\"@type\":\"ImageObject\",\"inLanguage\":\"fy-NL\",\"@id\":\"https:\/\/websjop.afuk.frl\/frl\/winkel\/de-rook-fan-it-lan\/#primaryimage\",\"url\":\"https:\/\/websjop.afuk.frl\/wp-content\/uploads\/2014\/09\/De-rook-fan-it-l\u00e2n.jpg\",\"contentUrl\":\"https:\/\/websjop.afuk.frl\/wp-content\/uploads\/2014\/09\/De-rook-fan-it-l\u00e2n.jpg\",\"width\":794,\"height\":1200},{\"@type\":\"BreadcrumbList\",\"@id\":\"https:\/\/websjop.afuk.frl\/frl\/winkel\/de-rook-fan-it-lan\/#breadcrumb\",\"itemListElement\":[{\"@type\":\"ListItem\",\"position\":1,\"name\":\"Home\",\"item\":\"https:\/\/websjop.afuk.frl\/frl\/\"},{\"@type\":\"ListItem\",\"position\":2,\"name\":\"Winkel\",\"item\":\"https:\/\/websjop.afuk.frl\/nl\/winkel\/\"},{\"@type\":\"ListItem\",\"position\":3,\"name\":\"De rook fan it l\u00e2n &#8211; ferhalen\"}]},{\"@type\":\"WebSite\",\"@id\":\"https:\/\/websjop.afuk.frl\/frl\/#website\",\"url\":\"https:\/\/websjop.afuk.frl\/frl\/\",\"name\":\"Af\u00fbk Websjop\",\"description\":\"\",\"potentialAction\":[{\"@type\":\"SearchAction\",\"target\":{\"@type\":\"EntryPoint\",\"urlTemplate\":\"https:\/\/websjop.afuk.frl\/frl\/?s={search_term_string}\"},\"query-input\":{\"@type\":\"PropertyValueSpecification\",\"valueRequired\":true,\"valueName\":\"search_term_string\"}}],\"inLanguage\":\"fy-NL\"}]}<\/script>\n<!-- \/ Yoast SEO plugin. -->","yoast_head_json":{"title":"De rook fan it l\u00e2n","description":"In de verhalenbundel De rook fan it l\u00e2n brengt Ulbe van Houten de lezer terug naar het Frysl\u00e2n van vroeger met z'n boeren, tuinders en arbeiders.","robots":{"index":"index","follow":"follow","max-snippet":"max-snippet:-1","max-image-preview":"max-image-preview:large","max-video-preview":"max-video-preview:-1"},"canonical":"https:\/\/websjop.afuk.frl\/frl\/winkel\/de-rook-fan-it-lan\/","og_locale":"fy_NL","og_type":"article","og_title":"De rook fan it l\u00e2n","og_description":"In de verhalenbundel De rook fan it l\u00e2n brengt Ulbe van Houten de lezer terug naar het Frysl\u00e2n van vroeger met z'n boeren, tuinders en arbeiders.","og_url":"https:\/\/websjop.afuk.frl\/frl\/winkel\/de-rook-fan-it-lan\/","og_site_name":"Af\u00fbk Websjop","article_modified_time":"2025-07-09T10:46:04+00:00","og_image":[{"width":794,"height":1200,"url":"https:\/\/websjop.afuk.frl\/wp-content\/uploads\/2014\/09\/De-rook-fan-it-l\u00e2n.jpg","type":"image\/jpeg"}],"twitter_card":"summary_large_image","twitter_misc":{"Est. reading time":"2 minutes"},"schema":{"@context":"https:\/\/schema.org","@graph":[{"@type":"WebPage","@id":"https:\/\/websjop.afuk.frl\/frl\/winkel\/de-rook-fan-it-lan\/","url":"https:\/\/websjop.afuk.frl\/frl\/winkel\/de-rook-fan-it-lan\/","name":"De rook fan it l\u00e2n","isPartOf":{"@id":"https:\/\/websjop.afuk.frl\/frl\/#website"},"primaryImageOfPage":{"@id":"https:\/\/websjop.afuk.frl\/frl\/winkel\/de-rook-fan-it-lan\/#primaryimage"},"image":{"@id":"https:\/\/websjop.afuk.frl\/frl\/winkel\/de-rook-fan-it-lan\/#primaryimage"},"thumbnailUrl":"https:\/\/websjop.afuk.frl\/wp-content\/uploads\/2014\/09\/De-rook-fan-it-l\u00e2n.jpg","datePublished":"2014-09-10T04:43:05+00:00","dateModified":"2025-07-09T10:46:04+00:00","description":"In de verhalenbundel De rook fan it l\u00e2n brengt Ulbe van Houten de lezer terug naar het Frysl\u00e2n van vroeger met z'n boeren, tuinders en arbeiders.","breadcrumb":{"@id":"https:\/\/websjop.afuk.frl\/frl\/winkel\/de-rook-fan-it-lan\/#breadcrumb"},"inLanguage":"fy-NL","potentialAction":[{"@type":"ReadAction","target":["https:\/\/websjop.afuk.frl\/frl\/winkel\/de-rook-fan-it-lan\/"]}]},{"@type":"ImageObject","inLanguage":"fy-NL","@id":"https:\/\/websjop.afuk.frl\/frl\/winkel\/de-rook-fan-it-lan\/#primaryimage","url":"https:\/\/websjop.afuk.frl\/wp-content\/uploads\/2014\/09\/De-rook-fan-it-l\u00e2n.jpg","contentUrl":"https:\/\/websjop.afuk.frl\/wp-content\/uploads\/2014\/09\/De-rook-fan-it-l\u00e2n.jpg","width":794,"height":1200},{"@type":"BreadcrumbList","@id":"https:\/\/websjop.afuk.frl\/frl\/winkel\/de-rook-fan-it-lan\/#breadcrumb","itemListElement":[{"@type":"ListItem","position":1,"name":"Home","item":"https:\/\/websjop.afuk.frl\/frl\/"},{"@type":"ListItem","position":2,"name":"Winkel","item":"https:\/\/websjop.afuk.frl\/nl\/winkel\/"},{"@type":"ListItem","position":3,"name":"De rook fan it l\u00e2n &#8211; ferhalen"}]},{"@type":"WebSite","@id":"https:\/\/websjop.afuk.frl\/frl\/#website","url":"https:\/\/websjop.afuk.frl\/frl\/","name":"Af\u00fbk Websjop","description":"","potentialAction":[{"@type":"SearchAction","target":{"@type":"EntryPoint","urlTemplate":"https:\/\/websjop.afuk.frl\/frl\/?s={search_term_string}"},"query-input":{"@type":"PropertyValueSpecification","valueRequired":true,"valueName":"search_term_string"}}],"inLanguage":"fy-NL"}]}},"_links":{"self":[{"href":"https:\/\/websjop.afuk.frl\/frl\/wp-json\/wp\/v2\/product\/7815","targetHints":{"allow":["GET"]}}],"collection":[{"href":"https:\/\/websjop.afuk.frl\/frl\/wp-json\/wp\/v2\/product"}],"about":[{"href":"https:\/\/websjop.afuk.frl\/frl\/wp-json\/wp\/v2\/types\/product"}],"replies":[{"embeddable":true,"href":"https:\/\/websjop.afuk.frl\/frl\/wp-json\/wp\/v2\/comments?post=7815"}],"wp:featuredmedia":[{"embeddable":true,"href":"https:\/\/websjop.afuk.frl\/frl\/wp-json\/wp\/v2\/media\/12786"}],"wp:attachment":[{"href":"https:\/\/websjop.afuk.frl\/frl\/wp-json\/wp\/v2\/media?parent=7815"}],"wp:term":[{"taxonomy":"product_brand","embeddable":true,"href":"https:\/\/websjop.afuk.frl\/frl\/wp-json\/wp\/v2\/product_brand?post=7815"},{"taxonomy":"product_cat","embeddable":true,"href":"https:\/\/websjop.afuk.frl\/frl\/wp-json\/wp\/v2\/product_cat?post=7815"},{"taxonomy":"product_tag","embeddable":true,"href":"https:\/\/websjop.afuk.frl\/frl\/wp-json\/wp\/v2\/product_tag?post=7815"}],"curies":[{"name":"wp","href":"https:\/\/api.w.org\/{rel}","templated":true}]}}