{"id":7736,"date":"2014-10-08T23:38:30","date_gmt":"2014-10-08T22:38:30","guid":{"rendered":"https:\/\/websjop.bwhontwerpers.nl\/?post_type=product&#038;p=7736"},"modified":"2026-01-16T15:01:57","modified_gmt":"2026-01-16T14:01:57","slug":"op-e-kofje-yn-e-kosmos","status":"publish","type":"product","link":"https:\/\/websjop.afuk.frl\/frl\/winkel\/op-e-kofje-yn-e-kosmos\/","title":{"rendered":"Op &#8216;e kofje yn &#8216;e kosmos"},"content":{"rendered":"<p>Wy skriuwe it jier 2045: twa ierdlingen bemanje it romteskip \u2018Nun&#8217; dat al acht jier \u00fbnderweis is nei \u2018Sodom-y&#8217;. De NASA tinkt bewiisd te hawwen dat it libben op &#8216;e planeet oerienkomst hat mei it \u00fbntstean fan &#8216;e ierde.<\/p>\n<p>&nbsp;<\/p>\n<p>De kosmonauten Dobby en Kommandant wisten by de lansearring al dat it op in tiidslinende \u00fbndernimming \u00fatrinne soe. Al kin de minsk al withoefolle kearen hurder as it l\u00fbd, noch lang net kin er hurder as it ljocht. Beide kosmonauten binne selektearre om&#8217;t hja net troud binne, gjin famylje hawwe en hast gjin freonen.<\/p>\n<p>&nbsp;<\/p>\n<p>Dobby is sels mar foar in part minsklik! Paradoksaal gen\u00f4ch stjoert de Kommandant syn befinings yn in byldzjende rapportaazje, \u00fbnder oaren yn &#8216;e foarm fan terzinen, nei de ierde. Dobby fernimt hoe&#8217;t de po\u00ebtyske boadskippen fan syn kollega hieltyd religieuzer wurde wat mear it skip him ferwideret fan it molkweistelsel&#8230;<\/p>\n<p>&nbsp;<\/p>\n<p>En dan&#8230; bart der, lykas yn safolle SF-ferhalen, eat dat hast net \u00fbnder wurden brocht wurde kin. Alle apparaten falle \u00fat, \u00fatsein it kofjesetapparaat!<\/p>\n","protected":false},"excerpt":{"rendered":"<p>Gedichten<\/p>\n","protected":false},"featured_media":12576,"comment_status":"closed","ping_status":"closed","template":"","meta":{"_acf_changed":false},"product_brand":[],"product_cat":[538,535,1215],"product_tag":[],"class_list":{"0":"post-7736","1":"product","2":"type-product","3":"status-publish","4":"has-post-thumbnail","6":"product_cat-dichtbondels","7":"product_cat-fryske-boeken","8":"product_cat-romans-en-literatuer","9":"product_shipping_class-brievenbus-verzending","10":"pa_auteur-jouke-hylkema-2","11":"pa_is-een-afuk-product-0-2","12":"pa_sale-label-0-3","14":"first","15":"instock","16":"taxable","17":"shipping-taxable","18":"purchasable","19":"product-type-simple"},"acf":[],"yoast_head":"<!-- This site is optimized with the Yoast SEO plugin v27.2 - https:\/\/yoast.com\/product\/yoast-seo-wordpress\/ -->\n<title>Op &#039;e kofje yn &#039;e kosmos<\/title>\n<meta name=\"robots\" content=\"index, follow, max-snippet:-1, max-image-preview:large, max-video-preview:-1\" \/>\n<link rel=\"canonical\" href=\"https:\/\/websjop.afuk.frl\/frl\/winkel\/op-e-kofje-yn-e-kosmos\/\" \/>\n<meta property=\"og:locale\" content=\"fy_NL\" \/>\n<meta property=\"og:type\" content=\"article\" \/>\n<meta property=\"og:title\" content=\"Op &#039;e kofje yn &#039;e kosmos\" \/>\n<meta property=\"og:url\" content=\"https:\/\/websjop.afuk.frl\/frl\/winkel\/op-e-kofje-yn-e-kosmos\/\" \/>\n<meta property=\"og:site_name\" content=\"Af\u00fbk Websjop\" \/>\n<meta property=\"article:modified_time\" content=\"2026-01-16T14:01:57+00:00\" \/>\n<meta property=\"og:image\" content=\"https:\/\/websjop.afuk.frl\/wp-content\/uploads\/2014\/10\/op-e-kofje-yn-e-kosmos.jpg\" \/>\n\t<meta property=\"og:image:width\" content=\"800\" \/>\n\t<meta property=\"og:image:height\" content=\"800\" \/>\n\t<meta property=\"og:image:type\" content=\"image\/jpeg\" \/>\n<meta name=\"twitter:card\" content=\"summary_large_image\" \/>\n<meta name=\"twitter:label1\" content=\"Est. reading time\" \/>\n\t<meta name=\"twitter:data1\" content=\"1 minute\" \/>\n<script type=\"application\/ld+json\" class=\"yoast-schema-graph\">{\"@context\":\"https:\/\/schema.org\",\"@graph\":[{\"@type\":\"WebPage\",\"@id\":\"https:\/\/websjop.afuk.frl\/frl\/winkel\/op-e-kofje-yn-e-kosmos\/\",\"url\":\"https:\/\/websjop.afuk.frl\/frl\/winkel\/op-e-kofje-yn-e-kosmos\/\",\"name\":\"Op 'e kofje yn 'e kosmos\",\"isPartOf\":{\"@id\":\"https:\/\/websjop.afuk.frl\/frl\/#website\"},\"primaryImageOfPage\":{\"@id\":\"https:\/\/websjop.afuk.frl\/frl\/winkel\/op-e-kofje-yn-e-kosmos\/#primaryimage\"},\"image\":{\"@id\":\"https:\/\/websjop.afuk.frl\/frl\/winkel\/op-e-kofje-yn-e-kosmos\/#primaryimage\"},\"thumbnailUrl\":\"https:\/\/websjop.afuk.frl\/wp-content\/uploads\/2014\/10\/op-e-kofje-yn-e-kosmos.jpg\",\"datePublished\":\"2014-10-08T22:38:30+00:00\",\"dateModified\":\"2026-01-16T14:01:57+00:00\",\"breadcrumb\":{\"@id\":\"https:\/\/websjop.afuk.frl\/frl\/winkel\/op-e-kofje-yn-e-kosmos\/#breadcrumb\"},\"inLanguage\":\"fy-NL\",\"potentialAction\":[{\"@type\":\"ReadAction\",\"target\":[\"https:\/\/websjop.afuk.frl\/frl\/winkel\/op-e-kofje-yn-e-kosmos\/\"]}]},{\"@type\":\"ImageObject\",\"inLanguage\":\"fy-NL\",\"@id\":\"https:\/\/websjop.afuk.frl\/frl\/winkel\/op-e-kofje-yn-e-kosmos\/#primaryimage\",\"url\":\"https:\/\/websjop.afuk.frl\/wp-content\/uploads\/2014\/10\/op-e-kofje-yn-e-kosmos.jpg\",\"contentUrl\":\"https:\/\/websjop.afuk.frl\/wp-content\/uploads\/2014\/10\/op-e-kofje-yn-e-kosmos.jpg\",\"width\":800,\"height\":800},{\"@type\":\"BreadcrumbList\",\"@id\":\"https:\/\/websjop.afuk.frl\/frl\/winkel\/op-e-kofje-yn-e-kosmos\/#breadcrumb\",\"itemListElement\":[{\"@type\":\"ListItem\",\"position\":1,\"name\":\"Home\",\"item\":\"https:\/\/websjop.afuk.frl\/frl\/\"},{\"@type\":\"ListItem\",\"position\":2,\"name\":\"Winkel\",\"item\":\"https:\/\/websjop.afuk.frl\/nl\/winkel\/\"},{\"@type\":\"ListItem\",\"position\":3,\"name\":\"Op &#8216;e kofje yn &#8216;e kosmos\"}]},{\"@type\":\"WebSite\",\"@id\":\"https:\/\/websjop.afuk.frl\/frl\/#website\",\"url\":\"https:\/\/websjop.afuk.frl\/frl\/\",\"name\":\"Af\u00fbk Websjop\",\"description\":\"\",\"potentialAction\":[{\"@type\":\"SearchAction\",\"target\":{\"@type\":\"EntryPoint\",\"urlTemplate\":\"https:\/\/websjop.afuk.frl\/frl\/?s={search_term_string}\"},\"query-input\":{\"@type\":\"PropertyValueSpecification\",\"valueRequired\":true,\"valueName\":\"search_term_string\"}}],\"inLanguage\":\"fy-NL\"}]}<\/script>\n<!-- \/ Yoast SEO plugin. -->","yoast_head_json":{"title":"Op 'e kofje yn 'e kosmos","robots":{"index":"index","follow":"follow","max-snippet":"max-snippet:-1","max-image-preview":"max-image-preview:large","max-video-preview":"max-video-preview:-1"},"canonical":"https:\/\/websjop.afuk.frl\/frl\/winkel\/op-e-kofje-yn-e-kosmos\/","og_locale":"fy_NL","og_type":"article","og_title":"Op 'e kofje yn 'e kosmos","og_url":"https:\/\/websjop.afuk.frl\/frl\/winkel\/op-e-kofje-yn-e-kosmos\/","og_site_name":"Af\u00fbk Websjop","article_modified_time":"2026-01-16T14:01:57+00:00","og_image":[{"width":800,"height":800,"url":"https:\/\/websjop.afuk.frl\/wp-content\/uploads\/2014\/10\/op-e-kofje-yn-e-kosmos.jpg","type":"image\/jpeg"}],"twitter_card":"summary_large_image","twitter_misc":{"Est. reading time":"1 minute"},"schema":{"@context":"https:\/\/schema.org","@graph":[{"@type":"WebPage","@id":"https:\/\/websjop.afuk.frl\/frl\/winkel\/op-e-kofje-yn-e-kosmos\/","url":"https:\/\/websjop.afuk.frl\/frl\/winkel\/op-e-kofje-yn-e-kosmos\/","name":"Op 'e kofje yn 'e kosmos","isPartOf":{"@id":"https:\/\/websjop.afuk.frl\/frl\/#website"},"primaryImageOfPage":{"@id":"https:\/\/websjop.afuk.frl\/frl\/winkel\/op-e-kofje-yn-e-kosmos\/#primaryimage"},"image":{"@id":"https:\/\/websjop.afuk.frl\/frl\/winkel\/op-e-kofje-yn-e-kosmos\/#primaryimage"},"thumbnailUrl":"https:\/\/websjop.afuk.frl\/wp-content\/uploads\/2014\/10\/op-e-kofje-yn-e-kosmos.jpg","datePublished":"2014-10-08T22:38:30+00:00","dateModified":"2026-01-16T14:01:57+00:00","breadcrumb":{"@id":"https:\/\/websjop.afuk.frl\/frl\/winkel\/op-e-kofje-yn-e-kosmos\/#breadcrumb"},"inLanguage":"fy-NL","potentialAction":[{"@type":"ReadAction","target":["https:\/\/websjop.afuk.frl\/frl\/winkel\/op-e-kofje-yn-e-kosmos\/"]}]},{"@type":"ImageObject","inLanguage":"fy-NL","@id":"https:\/\/websjop.afuk.frl\/frl\/winkel\/op-e-kofje-yn-e-kosmos\/#primaryimage","url":"https:\/\/websjop.afuk.frl\/wp-content\/uploads\/2014\/10\/op-e-kofje-yn-e-kosmos.jpg","contentUrl":"https:\/\/websjop.afuk.frl\/wp-content\/uploads\/2014\/10\/op-e-kofje-yn-e-kosmos.jpg","width":800,"height":800},{"@type":"BreadcrumbList","@id":"https:\/\/websjop.afuk.frl\/frl\/winkel\/op-e-kofje-yn-e-kosmos\/#breadcrumb","itemListElement":[{"@type":"ListItem","position":1,"name":"Home","item":"https:\/\/websjop.afuk.frl\/frl\/"},{"@type":"ListItem","position":2,"name":"Winkel","item":"https:\/\/websjop.afuk.frl\/nl\/winkel\/"},{"@type":"ListItem","position":3,"name":"Op &#8216;e kofje yn &#8216;e kosmos"}]},{"@type":"WebSite","@id":"https:\/\/websjop.afuk.frl\/frl\/#website","url":"https:\/\/websjop.afuk.frl\/frl\/","name":"Af\u00fbk Websjop","description":"","potentialAction":[{"@type":"SearchAction","target":{"@type":"EntryPoint","urlTemplate":"https:\/\/websjop.afuk.frl\/frl\/?s={search_term_string}"},"query-input":{"@type":"PropertyValueSpecification","valueRequired":true,"valueName":"search_term_string"}}],"inLanguage":"fy-NL"}]}},"_links":{"self":[{"href":"https:\/\/websjop.afuk.frl\/frl\/wp-json\/wp\/v2\/product\/7736","targetHints":{"allow":["GET"]}}],"collection":[{"href":"https:\/\/websjop.afuk.frl\/frl\/wp-json\/wp\/v2\/product"}],"about":[{"href":"https:\/\/websjop.afuk.frl\/frl\/wp-json\/wp\/v2\/types\/product"}],"replies":[{"embeddable":true,"href":"https:\/\/websjop.afuk.frl\/frl\/wp-json\/wp\/v2\/comments?post=7736"}],"wp:featuredmedia":[{"embeddable":true,"href":"https:\/\/websjop.afuk.frl\/frl\/wp-json\/wp\/v2\/media\/12576"}],"wp:attachment":[{"href":"https:\/\/websjop.afuk.frl\/frl\/wp-json\/wp\/v2\/media?parent=7736"}],"wp:term":[{"taxonomy":"product_brand","embeddable":true,"href":"https:\/\/websjop.afuk.frl\/frl\/wp-json\/wp\/v2\/product_brand?post=7736"},{"taxonomy":"product_cat","embeddable":true,"href":"https:\/\/websjop.afuk.frl\/frl\/wp-json\/wp\/v2\/product_cat?post=7736"},{"taxonomy":"product_tag","embeddable":true,"href":"https:\/\/websjop.afuk.frl\/frl\/wp-json\/wp\/v2\/product_tag?post=7736"}],"curies":[{"name":"wp","href":"https:\/\/api.w.org\/{rel}","templated":true}]}}