{"id":7604,"date":"2014-10-09T01:35:26","date_gmt":"2014-10-09T00:35:26","guid":{"rendered":"https:\/\/websjop.bwhontwerpers.nl\/?post_type=product&#038;p=7604"},"modified":"2019-11-05T16:00:29","modified_gmt":"2019-11-05T15:00:29","slug":"it-piipjen-fan-de-proai","status":"publish","type":"product","link":"https:\/\/websjop.afuk.frl\/frl\/winkel\/it-piipjen-fan-de-proai\/","title":{"rendered":"It piipjen fan de proai"},"content":{"rendered":"<p>Ferhalen oer de pynlike humor fan it bestean.&#8221;(&#8230;.) frou Melchert wie noch mar krekt widdo of op de radio waard har man silger suver alle dagen tasongen: Willem, word w\u00e1-akker, Willem! Willem, word w\u00e1-akker, Willem!&#8221;<\/p>\n<p>&nbsp;<\/p>\n<p>Patat mei mayon\u00eaze en in bearelul, dat is it keninginnemiel fan de widdo Melchert &#8211; Van Beyma thoe Kingma alias Bontsje fan Swarte Willem. De earste b\u00fat yn har jacht nei it gelok. Mar d\u00ear bliuwt it net by. Bontsje wol de spoeken fan it ferline begrave en oan har takomst bouwe, net langer proai w\u00eaze mar jager. D\u00ear mei stiet sy model foar de personaazjes d\u00ear&#8217;t it yn dizze ferhalen om draait: proai of jager en soms allebeide.&#8221; (&#8230;.) it is de efterfolger dy&#8217;t him stjoere lit troch dejingen dy&#8217;t er folget, it wurd seit it al, hy folget. Hy folget en sy kieze it paad. De jager d\u00fbnset nei it piipjen fan syn proai en net oarsom.<\/p>\n","protected":false},"excerpt":{"rendered":"<p>Ferhalen<\/p>\n","protected":false},"featured_media":12570,"comment_status":"closed","ping_status":"closed","template":"","meta":{"_acf_changed":false},"product_brand":[],"product_cat":[1040,575,574,1215],"product_tag":[],"class_list":{"0":"post-7604","1":"product","2":"type-product","3":"status-publish","4":"has-post-thumbnail","6":"product_cat-ferhalebondels","7":"product_cat-oanbieding-folwoeksenen","8":"product_cat-oanbiedingen","9":"product_cat-romans-en-literatuer","10":"product_shipping_class-brievenbus-verzending","11":"pa_auteur-sjoerd-bottema-2","12":"pa_is-een-afuk-product-1-2","13":"pa_sale-label-1337","15":"first","16":"instock","17":"sale","18":"taxable","19":"shipping-taxable","20":"purchasable","21":"product-type-simple"},"acf":[],"yoast_head":"<!-- This site is optimized with the Yoast SEO plugin v27.2 - https:\/\/yoast.com\/product\/yoast-seo-wordpress\/ -->\n<title>It piipjen fan de proai<\/title>\n<meta name=\"description\" content=\"ferhalen\" \/>\n<meta name=\"robots\" content=\"index, follow, max-snippet:-1, max-image-preview:large, max-video-preview:-1\" \/>\n<link rel=\"canonical\" href=\"https:\/\/websjop.afuk.frl\/frl\/winkel\/it-piipjen-fan-de-proai\/\" \/>\n<meta property=\"og:locale\" content=\"fy_NL\" \/>\n<meta property=\"og:type\" content=\"article\" \/>\n<meta property=\"og:title\" content=\"It piipjen fan de proai\" \/>\n<meta property=\"og:description\" content=\"ferhalen\" \/>\n<meta property=\"og:url\" content=\"https:\/\/websjop.afuk.frl\/frl\/winkel\/it-piipjen-fan-de-proai\/\" \/>\n<meta property=\"og:site_name\" content=\"Af\u00fbk Websjop\" \/>\n<meta property=\"article:modified_time\" content=\"2019-11-05T15:00:29+00:00\" \/>\n<meta property=\"og:image\" content=\"https:\/\/websjop.afuk.frl\/wp-content\/uploads\/2014\/10\/it-piipjen-fan-de-proai-001.jpg\" \/>\n\t<meta property=\"og:image:width\" content=\"542\" \/>\n\t<meta property=\"og:image:height\" content=\"818\" \/>\n\t<meta property=\"og:image:type\" content=\"image\/jpeg\" \/>\n<meta name=\"twitter:card\" content=\"summary_large_image\" \/>\n<meta name=\"twitter:label1\" content=\"Est. reading time\" \/>\n\t<meta name=\"twitter:data1\" content=\"1 minute\" \/>\n<script type=\"application\/ld+json\" class=\"yoast-schema-graph\">{\"@context\":\"https:\/\/schema.org\",\"@graph\":[{\"@type\":\"WebPage\",\"@id\":\"https:\/\/websjop.afuk.frl\/frl\/winkel\/it-piipjen-fan-de-proai\/\",\"url\":\"https:\/\/websjop.afuk.frl\/frl\/winkel\/it-piipjen-fan-de-proai\/\",\"name\":\"It piipjen fan de proai\",\"isPartOf\":{\"@id\":\"https:\/\/websjop.afuk.frl\/frl\/#website\"},\"primaryImageOfPage\":{\"@id\":\"https:\/\/websjop.afuk.frl\/frl\/winkel\/it-piipjen-fan-de-proai\/#primaryimage\"},\"image\":{\"@id\":\"https:\/\/websjop.afuk.frl\/frl\/winkel\/it-piipjen-fan-de-proai\/#primaryimage\"},\"thumbnailUrl\":\"https:\/\/websjop.afuk.frl\/wp-content\/uploads\/2014\/10\/it-piipjen-fan-de-proai-001.jpg\",\"datePublished\":\"2014-10-09T00:35:26+00:00\",\"dateModified\":\"2019-11-05T15:00:29+00:00\",\"description\":\"ferhalen\",\"breadcrumb\":{\"@id\":\"https:\/\/websjop.afuk.frl\/frl\/winkel\/it-piipjen-fan-de-proai\/#breadcrumb\"},\"inLanguage\":\"fy-NL\",\"potentialAction\":[{\"@type\":\"ReadAction\",\"target\":[\"https:\/\/websjop.afuk.frl\/frl\/winkel\/it-piipjen-fan-de-proai\/\"]}]},{\"@type\":\"ImageObject\",\"inLanguage\":\"fy-NL\",\"@id\":\"https:\/\/websjop.afuk.frl\/frl\/winkel\/it-piipjen-fan-de-proai\/#primaryimage\",\"url\":\"https:\/\/websjop.afuk.frl\/wp-content\/uploads\/2014\/10\/it-piipjen-fan-de-proai-001.jpg\",\"contentUrl\":\"https:\/\/websjop.afuk.frl\/wp-content\/uploads\/2014\/10\/it-piipjen-fan-de-proai-001.jpg\",\"width\":542,\"height\":818},{\"@type\":\"BreadcrumbList\",\"@id\":\"https:\/\/websjop.afuk.frl\/frl\/winkel\/it-piipjen-fan-de-proai\/#breadcrumb\",\"itemListElement\":[{\"@type\":\"ListItem\",\"position\":1,\"name\":\"Home\",\"item\":\"https:\/\/websjop.afuk.frl\/frl\/\"},{\"@type\":\"ListItem\",\"position\":2,\"name\":\"Winkel\",\"item\":\"https:\/\/websjop.afuk.frl\/nl\/winkel\/\"},{\"@type\":\"ListItem\",\"position\":3,\"name\":\"It piipjen fan de proai\"}]},{\"@type\":\"WebSite\",\"@id\":\"https:\/\/websjop.afuk.frl\/frl\/#website\",\"url\":\"https:\/\/websjop.afuk.frl\/frl\/\",\"name\":\"Af\u00fbk Websjop\",\"description\":\"\",\"potentialAction\":[{\"@type\":\"SearchAction\",\"target\":{\"@type\":\"EntryPoint\",\"urlTemplate\":\"https:\/\/websjop.afuk.frl\/frl\/?s={search_term_string}\"},\"query-input\":{\"@type\":\"PropertyValueSpecification\",\"valueRequired\":true,\"valueName\":\"search_term_string\"}}],\"inLanguage\":\"fy-NL\"}]}<\/script>\n<!-- \/ Yoast SEO plugin. -->","yoast_head_json":{"title":"It piipjen fan de proai","description":"ferhalen","robots":{"index":"index","follow":"follow","max-snippet":"max-snippet:-1","max-image-preview":"max-image-preview:large","max-video-preview":"max-video-preview:-1"},"canonical":"https:\/\/websjop.afuk.frl\/frl\/winkel\/it-piipjen-fan-de-proai\/","og_locale":"fy_NL","og_type":"article","og_title":"It piipjen fan de proai","og_description":"ferhalen","og_url":"https:\/\/websjop.afuk.frl\/frl\/winkel\/it-piipjen-fan-de-proai\/","og_site_name":"Af\u00fbk Websjop","article_modified_time":"2019-11-05T15:00:29+00:00","og_image":[{"width":542,"height":818,"url":"https:\/\/websjop.afuk.frl\/wp-content\/uploads\/2014\/10\/it-piipjen-fan-de-proai-001.jpg","type":"image\/jpeg"}],"twitter_card":"summary_large_image","twitter_misc":{"Est. reading time":"1 minute"},"schema":{"@context":"https:\/\/schema.org","@graph":[{"@type":"WebPage","@id":"https:\/\/websjop.afuk.frl\/frl\/winkel\/it-piipjen-fan-de-proai\/","url":"https:\/\/websjop.afuk.frl\/frl\/winkel\/it-piipjen-fan-de-proai\/","name":"It piipjen fan de proai","isPartOf":{"@id":"https:\/\/websjop.afuk.frl\/frl\/#website"},"primaryImageOfPage":{"@id":"https:\/\/websjop.afuk.frl\/frl\/winkel\/it-piipjen-fan-de-proai\/#primaryimage"},"image":{"@id":"https:\/\/websjop.afuk.frl\/frl\/winkel\/it-piipjen-fan-de-proai\/#primaryimage"},"thumbnailUrl":"https:\/\/websjop.afuk.frl\/wp-content\/uploads\/2014\/10\/it-piipjen-fan-de-proai-001.jpg","datePublished":"2014-10-09T00:35:26+00:00","dateModified":"2019-11-05T15:00:29+00:00","description":"ferhalen","breadcrumb":{"@id":"https:\/\/websjop.afuk.frl\/frl\/winkel\/it-piipjen-fan-de-proai\/#breadcrumb"},"inLanguage":"fy-NL","potentialAction":[{"@type":"ReadAction","target":["https:\/\/websjop.afuk.frl\/frl\/winkel\/it-piipjen-fan-de-proai\/"]}]},{"@type":"ImageObject","inLanguage":"fy-NL","@id":"https:\/\/websjop.afuk.frl\/frl\/winkel\/it-piipjen-fan-de-proai\/#primaryimage","url":"https:\/\/websjop.afuk.frl\/wp-content\/uploads\/2014\/10\/it-piipjen-fan-de-proai-001.jpg","contentUrl":"https:\/\/websjop.afuk.frl\/wp-content\/uploads\/2014\/10\/it-piipjen-fan-de-proai-001.jpg","width":542,"height":818},{"@type":"BreadcrumbList","@id":"https:\/\/websjop.afuk.frl\/frl\/winkel\/it-piipjen-fan-de-proai\/#breadcrumb","itemListElement":[{"@type":"ListItem","position":1,"name":"Home","item":"https:\/\/websjop.afuk.frl\/frl\/"},{"@type":"ListItem","position":2,"name":"Winkel","item":"https:\/\/websjop.afuk.frl\/nl\/winkel\/"},{"@type":"ListItem","position":3,"name":"It piipjen fan de proai"}]},{"@type":"WebSite","@id":"https:\/\/websjop.afuk.frl\/frl\/#website","url":"https:\/\/websjop.afuk.frl\/frl\/","name":"Af\u00fbk Websjop","description":"","potentialAction":[{"@type":"SearchAction","target":{"@type":"EntryPoint","urlTemplate":"https:\/\/websjop.afuk.frl\/frl\/?s={search_term_string}"},"query-input":{"@type":"PropertyValueSpecification","valueRequired":true,"valueName":"search_term_string"}}],"inLanguage":"fy-NL"}]}},"_links":{"self":[{"href":"https:\/\/websjop.afuk.frl\/frl\/wp-json\/wp\/v2\/product\/7604","targetHints":{"allow":["GET"]}}],"collection":[{"href":"https:\/\/websjop.afuk.frl\/frl\/wp-json\/wp\/v2\/product"}],"about":[{"href":"https:\/\/websjop.afuk.frl\/frl\/wp-json\/wp\/v2\/types\/product"}],"replies":[{"embeddable":true,"href":"https:\/\/websjop.afuk.frl\/frl\/wp-json\/wp\/v2\/comments?post=7604"}],"wp:featuredmedia":[{"embeddable":true,"href":"https:\/\/websjop.afuk.frl\/frl\/wp-json\/wp\/v2\/media\/12570"}],"wp:attachment":[{"href":"https:\/\/websjop.afuk.frl\/frl\/wp-json\/wp\/v2\/media?parent=7604"}],"wp:term":[{"taxonomy":"product_brand","embeddable":true,"href":"https:\/\/websjop.afuk.frl\/frl\/wp-json\/wp\/v2\/product_brand?post=7604"},{"taxonomy":"product_cat","embeddable":true,"href":"https:\/\/websjop.afuk.frl\/frl\/wp-json\/wp\/v2\/product_cat?post=7604"},{"taxonomy":"product_tag","embeddable":true,"href":"https:\/\/websjop.afuk.frl\/frl\/wp-json\/wp\/v2\/product_tag?post=7604"}],"curies":[{"name":"wp","href":"https:\/\/api.w.org\/{rel}","templated":true}]}}