{"id":7577,"date":"2014-09-10T01:34:05","date_gmt":"2014-09-10T00:34:05","guid":{"rendered":"https:\/\/websjop.bwhontwerpers.nl\/?post_type=product&#038;p=7577"},"modified":"2025-03-14T10:30:24","modified_gmt":"2025-03-14T09:30:24","slug":"de-fryske-skiednis-yn-11-30-finsters-diel-ien","status":"publish","type":"product","link":"https:\/\/websjop.afuk.frl\/frl\/winkel\/de-fryske-skiednis-yn-11-30-finsters-diel-ien\/","title":{"rendered":"De Fryske skiednis yn 11 &amp; 30 finsters, diel ien"},"content":{"rendered":"<p>Op basis fan \u2018e Kanon fan de Fryske Skiednis makket Omrop Frysl\u00e2n skoaltelevyzje in\u00a0searje televyzjeprogramma&#8217;s oer de iere skiednis fan \u00fas provinsje. De earste tolve finsters fan &#8216;e Fryske skiednis binne no \u00fatbrocht op DVD.<br \/>\nPresintator Freark Smink liedt de sjogger troch de earste tolve finsters fan \u2018e Fryske Kanon. Op dy wize \u00fbntstiet in kronologysk byld fan it \u00fbntstean fan \u00fas provinsje, fan \u2018e earste bewenners yn \u2018e preehistoarje oant en mei de ein fan \u2018e Midsiuwen. Terpen, Romeinen, keningen, kleasters, de Fryske frijheid en Grutte Pier komme fansels foarby, mar ek minder bekende en ferrassende \u00fbnderwerpen.<br \/>\nSkiednis om nei te sjen, net allinne ynteressant foar skoalbern, mar foar elkenien fan tsien oant h\u00fbndert!<\/p>\n<p>3 DVD&#8217;s, finster 1 o\/m 12 Taal: Frysk (gjin \u00fbndertiteling)<\/p>\n<p>&nbsp;<\/p>\n<p>sjoch ek: <a href=\"http:www.11en30.nu\" target=\"_blank\" rel=\"noopener\">www.11en30.nu<\/a><\/p>\n","protected":false},"excerpt":{"rendered":"<p>DVD, diel 1. Oer de kanon fan de skiednis fan Frysl\u00e2n.<\/p>\n","protected":false},"featured_media":7578,"comment_status":"closed","ping_status":"closed","template":"","meta":{"_acf_changed":false},"product_brand":[],"product_cat":[1169,561,1043,1217,575,1168,574,1218,539,1039],"product_tag":[23660,23661,6215,6472,21476],"class_list":{"0":"post-7577","1":"product","2":"type-product","3":"status-publish","4":"has-post-thumbnail","6":"product_cat-0-lesmateriaal-en-algemien","7":"product_cat-cd-s-en-dvd-s","8":"product_cat-edukatyf","9":"product_cat-foar-bern","10":"product_cat-oanbieding-folwoeksenen","11":"product_cat-fryske-kanon","12":"product_cat-oanbiedingen","13":"product_cat-skiednis-2","14":"product_cat-skiednis","15":"product_cat-telefyzje","16":"product_tag-11-30-finsters","17":"product_tag-canon","18":"product_tag-dvd","19":"product_tag-fryske-skiednis","20":"product_tag-kanon","21":"product_shipping_class-brievenbus-verzending","22":"pa_auteur-1370","23":"pa_is-een-afuk-product-0-2","24":"pa_sale-label-1337","26":"first","27":"instock","28":"sale","29":"taxable","30":"shipping-taxable","31":"purchasable","32":"product-type-simple"},"acf":[],"yoast_head":"<!-- This site is optimized with the Yoast SEO plugin v27.2 - https:\/\/yoast.com\/product\/yoast-seo-wordpress\/ -->\n<title>De Fryske skiednis yn 11 &amp; 30 finsters<\/title>\n<meta name=\"description\" content=\"De Fryske skiednis yn 11 &amp; 30 finsters\" \/>\n<meta name=\"robots\" content=\"index, follow, max-snippet:-1, max-image-preview:large, max-video-preview:-1\" \/>\n<link rel=\"canonical\" href=\"https:\/\/websjop.afuk.frl\/frl\/winkel\/de-fryske-skiednis-yn-11-30-finsters-diel-ien\/\" \/>\n<meta property=\"og:locale\" content=\"fy_NL\" \/>\n<meta property=\"og:type\" content=\"article\" \/>\n<meta property=\"og:title\" content=\"De Fryske skiednis yn 11 &amp; 30 finsters\" \/>\n<meta property=\"og:description\" content=\"De Fryske skiednis yn 11 &amp; 30 finsters\" \/>\n<meta property=\"og:url\" content=\"https:\/\/websjop.afuk.frl\/frl\/winkel\/de-fryske-skiednis-yn-11-30-finsters-diel-ien\/\" \/>\n<meta property=\"og:site_name\" content=\"Af\u00fbk Websjop\" \/>\n<meta property=\"article:modified_time\" content=\"2025-03-14T09:30:24+00:00\" \/>\n<meta property=\"og:image\" content=\"https:\/\/websjop.afuk.frl\/wp-content\/uploads\/2014\/09\/products-product_3646_0.jpg\" \/>\n\t<meta property=\"og:image:width\" content=\"300\" \/>\n\t<meta property=\"og:image:height\" content=\"265\" \/>\n\t<meta property=\"og:image:type\" content=\"image\/jpeg\" \/>\n<meta name=\"twitter:card\" content=\"summary_large_image\" \/>\n<meta name=\"twitter:label1\" content=\"Est. reading time\" \/>\n\t<meta name=\"twitter:data1\" content=\"2 minutes\" \/>\n<script type=\"application\/ld+json\" class=\"yoast-schema-graph\">{\"@context\":\"https:\/\/schema.org\",\"@graph\":[{\"@type\":\"WebPage\",\"@id\":\"https:\/\/websjop.afuk.frl\/frl\/winkel\/de-fryske-skiednis-yn-11-30-finsters-diel-ien\/\",\"url\":\"https:\/\/websjop.afuk.frl\/frl\/winkel\/de-fryske-skiednis-yn-11-30-finsters-diel-ien\/\",\"name\":\"De Fryske skiednis yn 11 & 30 finsters\",\"isPartOf\":{\"@id\":\"https:\/\/websjop.afuk.frl\/frl\/#website\"},\"primaryImageOfPage\":{\"@id\":\"https:\/\/websjop.afuk.frl\/frl\/winkel\/de-fryske-skiednis-yn-11-30-finsters-diel-ien\/#primaryimage\"},\"image\":{\"@id\":\"https:\/\/websjop.afuk.frl\/frl\/winkel\/de-fryske-skiednis-yn-11-30-finsters-diel-ien\/#primaryimage\"},\"thumbnailUrl\":\"https:\/\/websjop.afuk.frl\/wp-content\/uploads\/2014\/09\/products-product_3646_0.jpg\",\"datePublished\":\"2014-09-10T00:34:05+00:00\",\"dateModified\":\"2025-03-14T09:30:24+00:00\",\"description\":\"De Fryske skiednis yn 11 & 30 finsters\",\"breadcrumb\":{\"@id\":\"https:\/\/websjop.afuk.frl\/frl\/winkel\/de-fryske-skiednis-yn-11-30-finsters-diel-ien\/#breadcrumb\"},\"inLanguage\":\"fy-NL\",\"potentialAction\":[{\"@type\":\"ReadAction\",\"target\":[\"https:\/\/websjop.afuk.frl\/frl\/winkel\/de-fryske-skiednis-yn-11-30-finsters-diel-ien\/\"]}]},{\"@type\":\"ImageObject\",\"inLanguage\":\"fy-NL\",\"@id\":\"https:\/\/websjop.afuk.frl\/frl\/winkel\/de-fryske-skiednis-yn-11-30-finsters-diel-ien\/#primaryimage\",\"url\":\"https:\/\/websjop.afuk.frl\/wp-content\/uploads\/2014\/09\/products-product_3646_0.jpg\",\"contentUrl\":\"https:\/\/websjop.afuk.frl\/wp-content\/uploads\/2014\/09\/products-product_3646_0.jpg\",\"width\":300,\"height\":265,\"caption\":\"De Fryske skiednis yn 11 & 30 finsters\"},{\"@type\":\"BreadcrumbList\",\"@id\":\"https:\/\/websjop.afuk.frl\/frl\/winkel\/de-fryske-skiednis-yn-11-30-finsters-diel-ien\/#breadcrumb\",\"itemListElement\":[{\"@type\":\"ListItem\",\"position\":1,\"name\":\"Home\",\"item\":\"https:\/\/websjop.afuk.frl\/frl\/\"},{\"@type\":\"ListItem\",\"position\":2,\"name\":\"Winkel\",\"item\":\"https:\/\/websjop.afuk.frl\/nl\/winkel\/\"},{\"@type\":\"ListItem\",\"position\":3,\"name\":\"De Fryske skiednis yn 11 &amp; 30 finsters, diel ien\"}]},{\"@type\":\"WebSite\",\"@id\":\"https:\/\/websjop.afuk.frl\/frl\/#website\",\"url\":\"https:\/\/websjop.afuk.frl\/frl\/\",\"name\":\"Af\u00fbk Websjop\",\"description\":\"\",\"potentialAction\":[{\"@type\":\"SearchAction\",\"target\":{\"@type\":\"EntryPoint\",\"urlTemplate\":\"https:\/\/websjop.afuk.frl\/frl\/?s={search_term_string}\"},\"query-input\":{\"@type\":\"PropertyValueSpecification\",\"valueRequired\":true,\"valueName\":\"search_term_string\"}}],\"inLanguage\":\"fy-NL\"}]}<\/script>\n<!-- \/ Yoast SEO plugin. -->","yoast_head_json":{"title":"De Fryske skiednis yn 11 & 30 finsters","description":"De Fryske skiednis yn 11 & 30 finsters","robots":{"index":"index","follow":"follow","max-snippet":"max-snippet:-1","max-image-preview":"max-image-preview:large","max-video-preview":"max-video-preview:-1"},"canonical":"https:\/\/websjop.afuk.frl\/frl\/winkel\/de-fryske-skiednis-yn-11-30-finsters-diel-ien\/","og_locale":"fy_NL","og_type":"article","og_title":"De Fryske skiednis yn 11 & 30 finsters","og_description":"De Fryske skiednis yn 11 & 30 finsters","og_url":"https:\/\/websjop.afuk.frl\/frl\/winkel\/de-fryske-skiednis-yn-11-30-finsters-diel-ien\/","og_site_name":"Af\u00fbk Websjop","article_modified_time":"2025-03-14T09:30:24+00:00","og_image":[{"width":300,"height":265,"url":"https:\/\/websjop.afuk.frl\/wp-content\/uploads\/2014\/09\/products-product_3646_0.jpg","type":"image\/jpeg"}],"twitter_card":"summary_large_image","twitter_misc":{"Est. reading time":"2 minutes"},"schema":{"@context":"https:\/\/schema.org","@graph":[{"@type":"WebPage","@id":"https:\/\/websjop.afuk.frl\/frl\/winkel\/de-fryske-skiednis-yn-11-30-finsters-diel-ien\/","url":"https:\/\/websjop.afuk.frl\/frl\/winkel\/de-fryske-skiednis-yn-11-30-finsters-diel-ien\/","name":"De Fryske skiednis yn 11 & 30 finsters","isPartOf":{"@id":"https:\/\/websjop.afuk.frl\/frl\/#website"},"primaryImageOfPage":{"@id":"https:\/\/websjop.afuk.frl\/frl\/winkel\/de-fryske-skiednis-yn-11-30-finsters-diel-ien\/#primaryimage"},"image":{"@id":"https:\/\/websjop.afuk.frl\/frl\/winkel\/de-fryske-skiednis-yn-11-30-finsters-diel-ien\/#primaryimage"},"thumbnailUrl":"https:\/\/websjop.afuk.frl\/wp-content\/uploads\/2014\/09\/products-product_3646_0.jpg","datePublished":"2014-09-10T00:34:05+00:00","dateModified":"2025-03-14T09:30:24+00:00","description":"De Fryske skiednis yn 11 & 30 finsters","breadcrumb":{"@id":"https:\/\/websjop.afuk.frl\/frl\/winkel\/de-fryske-skiednis-yn-11-30-finsters-diel-ien\/#breadcrumb"},"inLanguage":"fy-NL","potentialAction":[{"@type":"ReadAction","target":["https:\/\/websjop.afuk.frl\/frl\/winkel\/de-fryske-skiednis-yn-11-30-finsters-diel-ien\/"]}]},{"@type":"ImageObject","inLanguage":"fy-NL","@id":"https:\/\/websjop.afuk.frl\/frl\/winkel\/de-fryske-skiednis-yn-11-30-finsters-diel-ien\/#primaryimage","url":"https:\/\/websjop.afuk.frl\/wp-content\/uploads\/2014\/09\/products-product_3646_0.jpg","contentUrl":"https:\/\/websjop.afuk.frl\/wp-content\/uploads\/2014\/09\/products-product_3646_0.jpg","width":300,"height":265,"caption":"De Fryske skiednis yn 11 & 30 finsters"},{"@type":"BreadcrumbList","@id":"https:\/\/websjop.afuk.frl\/frl\/winkel\/de-fryske-skiednis-yn-11-30-finsters-diel-ien\/#breadcrumb","itemListElement":[{"@type":"ListItem","position":1,"name":"Home","item":"https:\/\/websjop.afuk.frl\/frl\/"},{"@type":"ListItem","position":2,"name":"Winkel","item":"https:\/\/websjop.afuk.frl\/nl\/winkel\/"},{"@type":"ListItem","position":3,"name":"De Fryske skiednis yn 11 &amp; 30 finsters, diel ien"}]},{"@type":"WebSite","@id":"https:\/\/websjop.afuk.frl\/frl\/#website","url":"https:\/\/websjop.afuk.frl\/frl\/","name":"Af\u00fbk Websjop","description":"","potentialAction":[{"@type":"SearchAction","target":{"@type":"EntryPoint","urlTemplate":"https:\/\/websjop.afuk.frl\/frl\/?s={search_term_string}"},"query-input":{"@type":"PropertyValueSpecification","valueRequired":true,"valueName":"search_term_string"}}],"inLanguage":"fy-NL"}]}},"_links":{"self":[{"href":"https:\/\/websjop.afuk.frl\/frl\/wp-json\/wp\/v2\/product\/7577","targetHints":{"allow":["GET"]}}],"collection":[{"href":"https:\/\/websjop.afuk.frl\/frl\/wp-json\/wp\/v2\/product"}],"about":[{"href":"https:\/\/websjop.afuk.frl\/frl\/wp-json\/wp\/v2\/types\/product"}],"replies":[{"embeddable":true,"href":"https:\/\/websjop.afuk.frl\/frl\/wp-json\/wp\/v2\/comments?post=7577"}],"wp:featuredmedia":[{"embeddable":true,"href":"https:\/\/websjop.afuk.frl\/frl\/wp-json\/wp\/v2\/media\/7578"}],"wp:attachment":[{"href":"https:\/\/websjop.afuk.frl\/frl\/wp-json\/wp\/v2\/media?parent=7577"}],"wp:term":[{"taxonomy":"product_brand","embeddable":true,"href":"https:\/\/websjop.afuk.frl\/frl\/wp-json\/wp\/v2\/product_brand?post=7577"},{"taxonomy":"product_cat","embeddable":true,"href":"https:\/\/websjop.afuk.frl\/frl\/wp-json\/wp\/v2\/product_cat?post=7577"},{"taxonomy":"product_tag","embeddable":true,"href":"https:\/\/websjop.afuk.frl\/frl\/wp-json\/wp\/v2\/product_tag?post=7577"}],"curies":[{"name":"wp","href":"https:\/\/api.w.org\/{rel}","templated":true}]}}