{"id":7517,"date":"2014-09-10T03:31:06","date_gmt":"2014-09-10T02:31:06","guid":{"rendered":"https:\/\/websjop.bwhontwerpers.nl\/?post_type=product&#038;p=7517"},"modified":"2026-01-07T09:44:24","modified_gmt":"2026-01-07T08:44:24","slug":"friese-kerken","status":"publish","type":"product","link":"https:\/\/websjop.afuk.frl\/frl\/winkel\/friese-kerken\/","title":{"rendered":"Friese kerken &#8211; een inleiding"},"content":{"rendered":"<p>Friesland is rijk aan middeleeuwse kerken. Het bekendst zijn de Romaanse dorpkerken met hun zadeldaktorens, maar ook de (romano-)gotiek en stijlen uit latere tijden hebben hun sporen achtergelaten. Veel van deze kerken bevatten bovendien een boeiend interieur, met typerende elementen als muurschilderingen, rouwborden en fraai versierde preekstoelen en herenbanken.<\/p>\n<p>Dit boek geeft een algemene inleiding in de verschillende aspecten van de kerkbouw in Friesland. Het beperkt zich niet tot de middeleeuwse kerken en wil nadrukkelijk niet alle kerken stuk voor stuk beschrijven. Door de thematisch opzet plaatsen de auteurs de verschillende onderdelen van de kerk in een brede context. Aan de hand van twee verhaallijnen, \u00e9\u00e9n in woord en \u00e9\u00e9n in beeld, worden architectuur, schilderingen en inrichting gepresenteerd. De lijnen vullen elkaar aan, maar zijn door de uitgebreide bijschriften bij de foto&#8217;s ook afzonderlijk te volgen.<\/p>\n<p>Saskia van Lier studeerde Klassieke Talen en Godsdienstwetenschappen in Groningen aan de Rijksuniversiteit Groningen. Met name de historische kant van de verschillende geloofsculturen boeide haar. Haar specialisatie is dan ook het middeleeuws christendom en de kerkbouw en iconografie. Ze is afgestudeerd op het gebruik van het crucifix in het middeleeuwse kerkinterieur.<\/p>\n<p>Regnerus Steensma was van 1972 tot 2003 universitair docent voor de Architectuur en Iconografie van het Christendom aan de theologische faculteit in Groningen. Hij publiceerde verschillende boeken en artikelen over kerkbouw en kerkinrichtingen legt zich de laatste jaren in het bijzonder toe op het fotograferen van kerken. In 1970 was hij medeoprichtervan de Stichting Alde FryskeTsjerken.<\/p>\n","protected":false},"excerpt":{"rendered":"<p>een inleiding<\/p>\n","protected":false},"featured_media":12878,"comment_status":"closed","ping_status":"closed","template":"","meta":{"_acf_changed":false},"product_brand":[],"product_cat":[575,545,535,574,540,539],"product_tag":[24091,24087,24090,24089,24088],"class_list":{"0":"post-7517","1":"product","2":"type-product","3":"status-publish","4":"has-post-thumbnail","6":"product_cat-oanbieding-folwoeksenen","7":"product_cat-fotoboeken","8":"product_cat-fryske-boeken","9":"product_cat-oanbiedingen","10":"product_cat-religy","11":"product_cat-skiednis","12":"product_tag-kerkbouw","13":"product_tag-kerken-in-friesland","14":"product_tag-middeleeuwse-kerken","15":"product_tag-regnerus-steensma","16":"product_tag-saskia-van-lier","17":"product_shipping_class-brievenbus-verzending","18":"pa_auteur-saskia-van-lier-regnerus-steensma","19":"pa_isbn-1705","20":"pa_taal-nederlands","21":"pa_uitgever-bornmeer","23":"first","24":"instock","25":"sale","26":"taxable","27":"shipping-taxable","28":"purchasable","29":"product-type-simple"},"acf":[],"yoast_head":"<!-- This site is optimized with the Yoast SEO plugin v27.3 - https:\/\/yoast.com\/product\/yoast-seo-wordpress\/ -->\n<title>Friese kerken<\/title>\n<meta name=\"description\" content=\"Friese kerken - een inleiding geeft een algemene inleiding in de verschillende aspecten van de kerkbouw in Friesland. Thematisch van opzet.\" \/>\n<meta name=\"robots\" content=\"index, follow, max-snippet:-1, max-image-preview:large, max-video-preview:-1\" \/>\n<link rel=\"canonical\" href=\"https:\/\/websjop.afuk.frl\/frl\/winkel\/friese-kerken\/\" \/>\n<meta property=\"og:locale\" content=\"fy_NL\" \/>\n<meta property=\"og:type\" content=\"article\" \/>\n<meta property=\"og:title\" content=\"Friese kerken\" \/>\n<meta property=\"og:description\" content=\"Friese kerken - een inleiding geeft een algemene inleiding in de verschillende aspecten van de kerkbouw in Friesland. Thematisch van opzet.\" \/>\n<meta property=\"og:url\" content=\"https:\/\/websjop.afuk.frl\/frl\/winkel\/friese-kerken\/\" \/>\n<meta property=\"og:site_name\" content=\"Af\u00fbk Websjop\" \/>\n<meta property=\"article:modified_time\" content=\"2026-01-07T08:44:24+00:00\" \/>\n<meta property=\"og:image\" content=\"https:\/\/websjop.afuk.frl\/wp-content\/uploads\/2014\/09\/Friese-Kerken-001.jpg\" \/>\n\t<meta property=\"og:image:width\" content=\"639\" \/>\n\t<meta property=\"og:image:height\" content=\"821\" \/>\n\t<meta property=\"og:image:type\" content=\"image\/jpeg\" \/>\n<meta name=\"twitter:card\" content=\"summary_large_image\" \/>\n<meta name=\"twitter:label1\" content=\"Est. reading time\" \/>\n\t<meta name=\"twitter:data1\" content=\"3 minutes\" \/>\n<script type=\"application\/ld+json\" class=\"yoast-schema-graph\">{\"@context\":\"https:\\\/\\\/schema.org\",\"@graph\":[{\"@type\":\"WebPage\",\"@id\":\"https:\\\/\\\/websjop.afuk.frl\\\/frl\\\/winkel\\\/friese-kerken\\\/\",\"url\":\"https:\\\/\\\/websjop.afuk.frl\\\/frl\\\/winkel\\\/friese-kerken\\\/\",\"name\":\"Friese kerken\",\"isPartOf\":{\"@id\":\"https:\\\/\\\/websjop.afuk.frl\\\/frl\\\/#website\"},\"primaryImageOfPage\":{\"@id\":\"https:\\\/\\\/websjop.afuk.frl\\\/frl\\\/winkel\\\/friese-kerken\\\/#primaryimage\"},\"image\":{\"@id\":\"https:\\\/\\\/websjop.afuk.frl\\\/frl\\\/winkel\\\/friese-kerken\\\/#primaryimage\"},\"thumbnailUrl\":\"https:\\\/\\\/websjop.afuk.frl\\\/wp-content\\\/uploads\\\/2014\\\/09\\\/Friese-Kerken-001.jpg\",\"datePublished\":\"2014-09-10T02:31:06+00:00\",\"dateModified\":\"2026-01-07T08:44:24+00:00\",\"description\":\"Friese kerken - een inleiding geeft een algemene inleiding in de verschillende aspecten van de kerkbouw in Friesland. Thematisch van opzet.\",\"breadcrumb\":{\"@id\":\"https:\\\/\\\/websjop.afuk.frl\\\/frl\\\/winkel\\\/friese-kerken\\\/#breadcrumb\"},\"inLanguage\":\"fy-NL\",\"potentialAction\":[{\"@type\":\"ReadAction\",\"target\":[\"https:\\\/\\\/websjop.afuk.frl\\\/frl\\\/winkel\\\/friese-kerken\\\/\"]}]},{\"@type\":\"ImageObject\",\"inLanguage\":\"fy-NL\",\"@id\":\"https:\\\/\\\/websjop.afuk.frl\\\/frl\\\/winkel\\\/friese-kerken\\\/#primaryimage\",\"url\":\"https:\\\/\\\/websjop.afuk.frl\\\/wp-content\\\/uploads\\\/2014\\\/09\\\/Friese-Kerken-001.jpg\",\"contentUrl\":\"https:\\\/\\\/websjop.afuk.frl\\\/wp-content\\\/uploads\\\/2014\\\/09\\\/Friese-Kerken-001.jpg\",\"width\":639,\"height\":821},{\"@type\":\"BreadcrumbList\",\"@id\":\"https:\\\/\\\/websjop.afuk.frl\\\/frl\\\/winkel\\\/friese-kerken\\\/#breadcrumb\",\"itemListElement\":[{\"@type\":\"ListItem\",\"position\":1,\"name\":\"Home\",\"item\":\"https:\\\/\\\/websjop.afuk.frl\\\/frl\\\/\"},{\"@type\":\"ListItem\",\"position\":2,\"name\":\"Winkel\",\"item\":\"https:\\\/\\\/websjop.afuk.frl\\\/nl\\\/winkel\\\/\"},{\"@type\":\"ListItem\",\"position\":3,\"name\":\"Friese kerken &#8211; een inleiding\"}]},{\"@type\":\"WebSite\",\"@id\":\"https:\\\/\\\/websjop.afuk.frl\\\/frl\\\/#website\",\"url\":\"https:\\\/\\\/websjop.afuk.frl\\\/frl\\\/\",\"name\":\"Af\u00fbk Websjop\",\"description\":\"\",\"potentialAction\":[{\"@type\":\"SearchAction\",\"target\":{\"@type\":\"EntryPoint\",\"urlTemplate\":\"https:\\\/\\\/websjop.afuk.frl\\\/frl\\\/?s={search_term_string}\"},\"query-input\":{\"@type\":\"PropertyValueSpecification\",\"valueRequired\":true,\"valueName\":\"search_term_string\"}}],\"inLanguage\":\"fy-NL\"}]}<\/script>\n<!-- \/ Yoast SEO plugin. -->","yoast_head_json":{"title":"Friese kerken","description":"Friese kerken - een inleiding geeft een algemene inleiding in de verschillende aspecten van de kerkbouw in Friesland. Thematisch van opzet.","robots":{"index":"index","follow":"follow","max-snippet":"max-snippet:-1","max-image-preview":"max-image-preview:large","max-video-preview":"max-video-preview:-1"},"canonical":"https:\/\/websjop.afuk.frl\/frl\/winkel\/friese-kerken\/","og_locale":"fy_NL","og_type":"article","og_title":"Friese kerken","og_description":"Friese kerken - een inleiding geeft een algemene inleiding in de verschillende aspecten van de kerkbouw in Friesland. Thematisch van opzet.","og_url":"https:\/\/websjop.afuk.frl\/frl\/winkel\/friese-kerken\/","og_site_name":"Af\u00fbk Websjop","article_modified_time":"2026-01-07T08:44:24+00:00","og_image":[{"width":639,"height":821,"url":"https:\/\/websjop.afuk.frl\/wp-content\/uploads\/2014\/09\/Friese-Kerken-001.jpg","type":"image\/jpeg"}],"twitter_card":"summary_large_image","twitter_misc":{"Est. reading time":"3 minutes"},"schema":{"@context":"https:\/\/schema.org","@graph":[{"@type":"WebPage","@id":"https:\/\/websjop.afuk.frl\/frl\/winkel\/friese-kerken\/","url":"https:\/\/websjop.afuk.frl\/frl\/winkel\/friese-kerken\/","name":"Friese kerken","isPartOf":{"@id":"https:\/\/websjop.afuk.frl\/frl\/#website"},"primaryImageOfPage":{"@id":"https:\/\/websjop.afuk.frl\/frl\/winkel\/friese-kerken\/#primaryimage"},"image":{"@id":"https:\/\/websjop.afuk.frl\/frl\/winkel\/friese-kerken\/#primaryimage"},"thumbnailUrl":"https:\/\/websjop.afuk.frl\/wp-content\/uploads\/2014\/09\/Friese-Kerken-001.jpg","datePublished":"2014-09-10T02:31:06+00:00","dateModified":"2026-01-07T08:44:24+00:00","description":"Friese kerken - een inleiding geeft een algemene inleiding in de verschillende aspecten van de kerkbouw in Friesland. Thematisch van opzet.","breadcrumb":{"@id":"https:\/\/websjop.afuk.frl\/frl\/winkel\/friese-kerken\/#breadcrumb"},"inLanguage":"fy-NL","potentialAction":[{"@type":"ReadAction","target":["https:\/\/websjop.afuk.frl\/frl\/winkel\/friese-kerken\/"]}]},{"@type":"ImageObject","inLanguage":"fy-NL","@id":"https:\/\/websjop.afuk.frl\/frl\/winkel\/friese-kerken\/#primaryimage","url":"https:\/\/websjop.afuk.frl\/wp-content\/uploads\/2014\/09\/Friese-Kerken-001.jpg","contentUrl":"https:\/\/websjop.afuk.frl\/wp-content\/uploads\/2014\/09\/Friese-Kerken-001.jpg","width":639,"height":821},{"@type":"BreadcrumbList","@id":"https:\/\/websjop.afuk.frl\/frl\/winkel\/friese-kerken\/#breadcrumb","itemListElement":[{"@type":"ListItem","position":1,"name":"Home","item":"https:\/\/websjop.afuk.frl\/frl\/"},{"@type":"ListItem","position":2,"name":"Winkel","item":"https:\/\/websjop.afuk.frl\/nl\/winkel\/"},{"@type":"ListItem","position":3,"name":"Friese kerken &#8211; een inleiding"}]},{"@type":"WebSite","@id":"https:\/\/websjop.afuk.frl\/frl\/#website","url":"https:\/\/websjop.afuk.frl\/frl\/","name":"Af\u00fbk Websjop","description":"","potentialAction":[{"@type":"SearchAction","target":{"@type":"EntryPoint","urlTemplate":"https:\/\/websjop.afuk.frl\/frl\/?s={search_term_string}"},"query-input":{"@type":"PropertyValueSpecification","valueRequired":true,"valueName":"search_term_string"}}],"inLanguage":"fy-NL"}]}},"_links":{"self":[{"href":"https:\/\/websjop.afuk.frl\/frl\/wp-json\/wp\/v2\/product\/7517","targetHints":{"allow":["GET"]}}],"collection":[{"href":"https:\/\/websjop.afuk.frl\/frl\/wp-json\/wp\/v2\/product"}],"about":[{"href":"https:\/\/websjop.afuk.frl\/frl\/wp-json\/wp\/v2\/types\/product"}],"replies":[{"embeddable":true,"href":"https:\/\/websjop.afuk.frl\/frl\/wp-json\/wp\/v2\/comments?post=7517"}],"wp:featuredmedia":[{"embeddable":true,"href":"https:\/\/websjop.afuk.frl\/frl\/wp-json\/wp\/v2\/media\/12878"}],"wp:attachment":[{"href":"https:\/\/websjop.afuk.frl\/frl\/wp-json\/wp\/v2\/media?parent=7517"}],"wp:term":[{"taxonomy":"product_brand","embeddable":true,"href":"https:\/\/websjop.afuk.frl\/frl\/wp-json\/wp\/v2\/product_brand?post=7517"},{"taxonomy":"product_cat","embeddable":true,"href":"https:\/\/websjop.afuk.frl\/frl\/wp-json\/wp\/v2\/product_cat?post=7517"},{"taxonomy":"product_tag","embeddable":true,"href":"https:\/\/websjop.afuk.frl\/frl\/wp-json\/wp\/v2\/product_tag?post=7517"}],"curies":[{"name":"wp","href":"https:\/\/api.w.org\/{rel}","templated":true}]}}