{"id":7495,"date":"2014-10-08T23:30:37","date_gmt":"2014-10-08T22:30:37","guid":{"rendered":"https:\/\/websjop.bwhontwerpers.nl\/?post_type=product&#038;p=7495"},"modified":"2026-04-02T20:18:30","modified_gmt":"2026-04-02T18:18:30","slug":"tomke-hanpop","status":"publish","type":"product","link":"https:\/\/websjop.afuk.frl\/frl\/winkel\/tomke-hanpop\/","title":{"rendered":"Tomke h\u00e2npop"},"content":{"rendered":"<p>&#x1f44b; <strong>Tomke h\u00e2npop<\/strong><br \/>\nMeitsje foarl\u00eazen en spultsjes noch moaier mei de Tomke h\u00e2npop! Bern kinne Tomke ta libben bringe troch mei him te praten, te boartsjen of te l\u00fasterjen nei in ferhaal.<br \/>\nIn prachtige wize om taal, fantasij en mienskiplik l\u00eazen te stimulearjen.<\/p>\n<p>&#x1f381; Ek leuk as kadootsje foar th\u00fas of op it pjutteboartersplak!<\/p>\n<p>De Tomke h\u00e2npop is fan s\u00eaft materiaal, 30 sm en \u00fatwaskber.<\/p>\n<p><strong>Ek te krijen:<\/strong><\/p>\n<p><a href=\"https:\/\/websjop.afuk.frl\/frl\/winkel\/kornelia-hanpop\/\">Kornelia h\u00e2npop<\/a><br \/>\n<a href=\"https:\/\/websjop.afuk.frl\/frl\/winkel\/romke-hanpop\/\">Romke h\u00e2npop<\/a><br \/>\n<a href=\"https:\/\/websjop.afuk.frl\/frl\/winkel\/keimpe-hanpop\/\">Keimpe de Krokodil h\u00e2npop<\/a><\/p>\n<p>Ek <a href=\"https:\/\/websjop.afuk.frl\/frl\/winkel\/tomke-romke-kornelia-en-keimpe-hanpoppen\/\">as set<\/a> te krijen.<\/p>\n<p>De h\u00e2npop fan Yana Yu is op.<\/p>\n<p>&nbsp;<\/p>\n<p><em>Boartsje mei Tomke?<\/em><\/p>\n<p><em>Gean nei <a href=\"http:\/\/www.tomke.frl\" target=\"_blank\" rel=\"noopener\">Tomke.frl<\/a> of download de Tomke-App foar iOS of Android.<\/em><\/p>\n<p>&nbsp;<\/p>\n<p>&nbsp;<\/p>\n","protected":false},"excerpt":{"rendered":"<p>&#x1f44b; Tomke h\u00e2npop Meitsje foarl\u00eazen en spultsjes noch moaier mei de Tomke h\u00e2npop! Bern kinne Tomke ta libben bringe troch mei him te praten, te boartsjen of te l\u00fasterjen nei in ferhaal. In prachtige wize om taal, fantasij en mienskiplik l\u00eazen te stimulearjen. &#x1f381; Ek leuk as kadootsje foar th\u00fas of op it pjutteboartersplak! De [&hellip;]<\/p>\n","protected":false},"featured_media":7496,"comment_status":"closed","ping_status":"closed","template":"","meta":{"_acf_changed":false},"product_brand":[],"product_cat":[18409,19939,574,570,572,14119],"product_tag":[22432,6011,17546,5245],"class_list":{"0":"post-7495","1":"product","2":"type-product","3":"status-publish","4":"has-post-thumbnail","6":"product_cat-foarskoalsk","7":"product_cat-lesmateriaal","8":"product_cat-oanbiedingen","9":"product_cat-tomke","10":"product_cat-boartersguod","11":"product_cat-underwiis","12":"product_tag-handpop","13":"product_tag-hanpop","14":"product_tag-pop","15":"product_tag-tomke","16":"product_shipping_class-pakketpost-verzending","17":"pa_auteur-1370","18":"pa_is-een-afuk-product-0-2","19":"pa_sale-label-0-3","21":"first","22":"instock","23":"sale","24":"taxable","25":"shipping-taxable","26":"purchasable","27":"product-type-simple"},"acf":[],"yoast_head":"<!-- This site is optimized with the Yoast SEO plugin v27.2 - https:\/\/yoast.com\/product\/yoast-seo-wordpress\/ -->\n<title>Tomke h\u00e2npop<\/title>\n<meta name=\"description\" content=\"Tomke h\u00e2npopBr\u00fbk de Tomke h\u00e2npop foar foarl\u00eazen en spultsjes. Stimulearret taal en fantasij by bern. In ideaal kado foar th\u00fas of pjutteboartersplak.\" \/>\n<meta name=\"robots\" content=\"index, follow, max-snippet:-1, max-image-preview:large, max-video-preview:-1\" \/>\n<link rel=\"canonical\" href=\"https:\/\/websjop.afuk.frl\/frl\/winkel\/tomke-hanpop\/\" \/>\n<meta property=\"og:locale\" content=\"fy_NL\" \/>\n<meta property=\"og:type\" content=\"article\" \/>\n<meta property=\"og:title\" content=\"Tomke h\u00e2npop\" \/>\n<meta property=\"og:description\" content=\"Tomke h\u00e2npopBr\u00fbk de Tomke h\u00e2npop foar foarl\u00eazen en spultsjes. Stimulearret taal en fantasij by bern. In ideaal kado foar th\u00fas of pjutteboartersplak.\" \/>\n<meta property=\"og:url\" content=\"https:\/\/websjop.afuk.frl\/frl\/winkel\/tomke-hanpop\/\" \/>\n<meta property=\"og:site_name\" content=\"Af\u00fbk Websjop\" \/>\n<meta property=\"article:modified_time\" content=\"2026-04-02T18:18:30+00:00\" \/>\n<meta property=\"og:image\" content=\"https:\/\/websjop.afuk.frl\/wp-content\/uploads\/2014\/09\/products-product_3483_0.jpg\" \/>\n\t<meta property=\"og:image:width\" content=\"200\" \/>\n\t<meta property=\"og:image:height\" content=\"349\" \/>\n\t<meta property=\"og:image:type\" content=\"image\/jpeg\" \/>\n<meta name=\"twitter:card\" content=\"summary_large_image\" \/>\n<meta name=\"twitter:label1\" content=\"Est. reading time\" \/>\n\t<meta name=\"twitter:data1\" content=\"1 minute\" \/>\n<script type=\"application\/ld+json\" class=\"yoast-schema-graph\">{\"@context\":\"https:\/\/schema.org\",\"@graph\":[{\"@type\":\"WebPage\",\"@id\":\"https:\/\/websjop.afuk.frl\/frl\/winkel\/tomke-hanpop\/\",\"url\":\"https:\/\/websjop.afuk.frl\/frl\/winkel\/tomke-hanpop\/\",\"name\":\"Tomke h\u00e2npop\",\"isPartOf\":{\"@id\":\"https:\/\/websjop.afuk.frl\/frl\/#website\"},\"primaryImageOfPage\":{\"@id\":\"https:\/\/websjop.afuk.frl\/frl\/winkel\/tomke-hanpop\/#primaryimage\"},\"image\":{\"@id\":\"https:\/\/websjop.afuk.frl\/frl\/winkel\/tomke-hanpop\/#primaryimage\"},\"thumbnailUrl\":\"https:\/\/websjop.afuk.frl\/wp-content\/uploads\/2014\/09\/products-product_3483_0.jpg\",\"datePublished\":\"2014-10-08T22:30:37+00:00\",\"dateModified\":\"2026-04-02T18:18:30+00:00\",\"description\":\"Tomke h\u00e2npopBr\u00fbk de Tomke h\u00e2npop foar foarl\u00eazen en spultsjes. Stimulearret taal en fantasij by bern. In ideaal kado foar th\u00fas of pjutteboartersplak.\",\"breadcrumb\":{\"@id\":\"https:\/\/websjop.afuk.frl\/frl\/winkel\/tomke-hanpop\/#breadcrumb\"},\"inLanguage\":\"fy-NL\",\"potentialAction\":[{\"@type\":\"ReadAction\",\"target\":[\"https:\/\/websjop.afuk.frl\/frl\/winkel\/tomke-hanpop\/\"]}]},{\"@type\":\"ImageObject\",\"inLanguage\":\"fy-NL\",\"@id\":\"https:\/\/websjop.afuk.frl\/frl\/winkel\/tomke-hanpop\/#primaryimage\",\"url\":\"https:\/\/websjop.afuk.frl\/wp-content\/uploads\/2014\/09\/products-product_3483_0.jpg\",\"contentUrl\":\"https:\/\/websjop.afuk.frl\/wp-content\/uploads\/2014\/09\/products-product_3483_0.jpg\",\"width\":200,\"height\":349,\"caption\":\"Tomke h\u00e2npop\"},{\"@type\":\"BreadcrumbList\",\"@id\":\"https:\/\/websjop.afuk.frl\/frl\/winkel\/tomke-hanpop\/#breadcrumb\",\"itemListElement\":[{\"@type\":\"ListItem\",\"position\":1,\"name\":\"Home\",\"item\":\"https:\/\/websjop.afuk.frl\/frl\/\"},{\"@type\":\"ListItem\",\"position\":2,\"name\":\"Winkel\",\"item\":\"https:\/\/websjop.afuk.frl\/nl\/winkel\/\"},{\"@type\":\"ListItem\",\"position\":3,\"name\":\"Tomke h\u00e2npop\"}]},{\"@type\":\"WebSite\",\"@id\":\"https:\/\/websjop.afuk.frl\/frl\/#website\",\"url\":\"https:\/\/websjop.afuk.frl\/frl\/\",\"name\":\"Af\u00fbk Websjop\",\"description\":\"\",\"potentialAction\":[{\"@type\":\"SearchAction\",\"target\":{\"@type\":\"EntryPoint\",\"urlTemplate\":\"https:\/\/websjop.afuk.frl\/frl\/?s={search_term_string}\"},\"query-input\":{\"@type\":\"PropertyValueSpecification\",\"valueRequired\":true,\"valueName\":\"search_term_string\"}}],\"inLanguage\":\"fy-NL\"}]}<\/script>\n<!-- \/ Yoast SEO plugin. -->","yoast_head_json":{"title":"Tomke h\u00e2npop","description":"Tomke h\u00e2npopBr\u00fbk de Tomke h\u00e2npop foar foarl\u00eazen en spultsjes. Stimulearret taal en fantasij by bern. In ideaal kado foar th\u00fas of pjutteboartersplak.","robots":{"index":"index","follow":"follow","max-snippet":"max-snippet:-1","max-image-preview":"max-image-preview:large","max-video-preview":"max-video-preview:-1"},"canonical":"https:\/\/websjop.afuk.frl\/frl\/winkel\/tomke-hanpop\/","og_locale":"fy_NL","og_type":"article","og_title":"Tomke h\u00e2npop","og_description":"Tomke h\u00e2npopBr\u00fbk de Tomke h\u00e2npop foar foarl\u00eazen en spultsjes. Stimulearret taal en fantasij by bern. In ideaal kado foar th\u00fas of pjutteboartersplak.","og_url":"https:\/\/websjop.afuk.frl\/frl\/winkel\/tomke-hanpop\/","og_site_name":"Af\u00fbk Websjop","article_modified_time":"2026-04-02T18:18:30+00:00","og_image":[{"width":200,"height":349,"url":"https:\/\/websjop.afuk.frl\/wp-content\/uploads\/2014\/09\/products-product_3483_0.jpg","type":"image\/jpeg"}],"twitter_card":"summary_large_image","twitter_misc":{"Est. reading time":"1 minute"},"schema":{"@context":"https:\/\/schema.org","@graph":[{"@type":"WebPage","@id":"https:\/\/websjop.afuk.frl\/frl\/winkel\/tomke-hanpop\/","url":"https:\/\/websjop.afuk.frl\/frl\/winkel\/tomke-hanpop\/","name":"Tomke h\u00e2npop","isPartOf":{"@id":"https:\/\/websjop.afuk.frl\/frl\/#website"},"primaryImageOfPage":{"@id":"https:\/\/websjop.afuk.frl\/frl\/winkel\/tomke-hanpop\/#primaryimage"},"image":{"@id":"https:\/\/websjop.afuk.frl\/frl\/winkel\/tomke-hanpop\/#primaryimage"},"thumbnailUrl":"https:\/\/websjop.afuk.frl\/wp-content\/uploads\/2014\/09\/products-product_3483_0.jpg","datePublished":"2014-10-08T22:30:37+00:00","dateModified":"2026-04-02T18:18:30+00:00","description":"Tomke h\u00e2npopBr\u00fbk de Tomke h\u00e2npop foar foarl\u00eazen en spultsjes. Stimulearret taal en fantasij by bern. In ideaal kado foar th\u00fas of pjutteboartersplak.","breadcrumb":{"@id":"https:\/\/websjop.afuk.frl\/frl\/winkel\/tomke-hanpop\/#breadcrumb"},"inLanguage":"fy-NL","potentialAction":[{"@type":"ReadAction","target":["https:\/\/websjop.afuk.frl\/frl\/winkel\/tomke-hanpop\/"]}]},{"@type":"ImageObject","inLanguage":"fy-NL","@id":"https:\/\/websjop.afuk.frl\/frl\/winkel\/tomke-hanpop\/#primaryimage","url":"https:\/\/websjop.afuk.frl\/wp-content\/uploads\/2014\/09\/products-product_3483_0.jpg","contentUrl":"https:\/\/websjop.afuk.frl\/wp-content\/uploads\/2014\/09\/products-product_3483_0.jpg","width":200,"height":349,"caption":"Tomke h\u00e2npop"},{"@type":"BreadcrumbList","@id":"https:\/\/websjop.afuk.frl\/frl\/winkel\/tomke-hanpop\/#breadcrumb","itemListElement":[{"@type":"ListItem","position":1,"name":"Home","item":"https:\/\/websjop.afuk.frl\/frl\/"},{"@type":"ListItem","position":2,"name":"Winkel","item":"https:\/\/websjop.afuk.frl\/nl\/winkel\/"},{"@type":"ListItem","position":3,"name":"Tomke h\u00e2npop"}]},{"@type":"WebSite","@id":"https:\/\/websjop.afuk.frl\/frl\/#website","url":"https:\/\/websjop.afuk.frl\/frl\/","name":"Af\u00fbk Websjop","description":"","potentialAction":[{"@type":"SearchAction","target":{"@type":"EntryPoint","urlTemplate":"https:\/\/websjop.afuk.frl\/frl\/?s={search_term_string}"},"query-input":{"@type":"PropertyValueSpecification","valueRequired":true,"valueName":"search_term_string"}}],"inLanguage":"fy-NL"}]}},"_links":{"self":[{"href":"https:\/\/websjop.afuk.frl\/frl\/wp-json\/wp\/v2\/product\/7495","targetHints":{"allow":["GET"]}}],"collection":[{"href":"https:\/\/websjop.afuk.frl\/frl\/wp-json\/wp\/v2\/product"}],"about":[{"href":"https:\/\/websjop.afuk.frl\/frl\/wp-json\/wp\/v2\/types\/product"}],"replies":[{"embeddable":true,"href":"https:\/\/websjop.afuk.frl\/frl\/wp-json\/wp\/v2\/comments?post=7495"}],"wp:featuredmedia":[{"embeddable":true,"href":"https:\/\/websjop.afuk.frl\/frl\/wp-json\/wp\/v2\/media\/7496"}],"wp:attachment":[{"href":"https:\/\/websjop.afuk.frl\/frl\/wp-json\/wp\/v2\/media?parent=7495"}],"wp:term":[{"taxonomy":"product_brand","embeddable":true,"href":"https:\/\/websjop.afuk.frl\/frl\/wp-json\/wp\/v2\/product_brand?post=7495"},{"taxonomy":"product_cat","embeddable":true,"href":"https:\/\/websjop.afuk.frl\/frl\/wp-json\/wp\/v2\/product_cat?post=7495"},{"taxonomy":"product_tag","embeddable":true,"href":"https:\/\/websjop.afuk.frl\/frl\/wp-json\/wp\/v2\/product_tag?post=7495"}],"curies":[{"name":"wp","href":"https:\/\/api.w.org\/{rel}","templated":true}]}}