{"id":7381,"date":"2024-11-09T23:26:04","date_gmt":"2024-11-09T22:26:04","guid":{"rendered":"https:\/\/websjop.bwhontwerpers.nl\/?post_type=product&#038;p=7381"},"modified":"2025-09-11T12:08:10","modified_gmt":"2025-09-11T10:08:10","slug":"beppe-fertel","status":"publish","type":"product","link":"https:\/\/websjop.afuk.frl\/frl\/winkel\/beppe-fertel\/","title":{"rendered":"Beppe, fertel!"},"content":{"rendered":"<p style=\"text-align: left;\">Wat voor speelgoed had beppe? Wie was beppe haar grote liefde en wat maakt beppe gelukkig?<\/p>\n<p>Een boekje vol vragen voor oma.<\/p>\n<p><strong>Ek yn dizze rige:<\/strong><\/p>\n<p><a href=\"https:\/\/websjop.afuk.frl\/nl\/winkel\/heit-fertel\/\">Heit, fertel!<\/a><br \/>\n<a href=\"https:\/\/websjop.afuk.frl\/nl\/winkel\/mem-fertel\/\">Mem, fertel!<\/a><br \/>\nPake, fertel! (\u00fatferkocht)<\/p>\n<hr \/>\n<p><em>Marijke: &#8220;Fantastyske leuke boekjes! Net te grut en goed te dwaan. Us heit en mem ha beide 2 fan dizze boekjes ynfolle foar \u00fas bern. Se ha se mei de krystdagen j\u00fbn. Wat f\u00fbnen se dat in moai kado! Leuk ek dat der romte is foar foto&#8217;s. Noch altyd wurdt der frege nei de ferhalen, at se op besite binne. Harren favoryt is hoe&#8217;t pake en beppe ferkearing krigen!&#8221;<\/em><\/p>\n","protected":false},"excerpt":{"rendered":"<p>In boekje fol fragen foar beppe!<\/p>\n","protected":false},"featured_media":7382,"comment_status":"closed","ping_status":"closed","template":"","meta":{"_acf_changed":false},"product_brand":[],"product_cat":[578,1213,550,575,535,9573,23293,560,557,574,18113],"product_tag":[5286,5287,9693],"class_list":{"0":"post-7381","1":"product","2":"type-product","3":"status-publish","4":"has-post-thumbnail","6":"product_cat-bern-2","7":"product_cat-berne-en-jeugdboeken","8":"product_cat-berneboeken-4-8","9":"product_cat-oanbieding-folwoeksenen","10":"product_cat-fryske-boeken","11":"product_cat-heitenmem","12":"product_cat-kassakoopjes","13":"product_cat-kreamkado-boeken","14":"product_cat-friese-kraamcadeautjes","15":"product_cat-oanbiedingen","16":"product_cat-pake-en-beppe","17":"product_tag-beppe","18":"product_tag-beppe-fertel","19":"product_tag-oma","20":"product_shipping_class-brievenbus-verzending","21":"pa_auteur-dieuwke-van-der-meer-posthumus-2","22":"pa_isbn-1656","23":"pa_sale-label-1337","24":"pa_taal-frysk","25":"pa_uitgever-afuk","27":"first","28":"instock","29":"sale","30":"taxable","31":"shipping-taxable","32":"purchasable","33":"product-type-simple"},"acf":[],"yoast_head":"<!-- This site is optimized with the Yoast SEO plugin v27.3 - https:\/\/yoast.com\/product\/yoast-seo-wordpress\/ -->\n<title>Beppe, fertel!<\/title>\n<meta name=\"description\" content=\"In boekje fol fragen foar beppe!\" \/>\n<meta name=\"robots\" content=\"index, follow, max-snippet:-1, max-image-preview:large, max-video-preview:-1\" \/>\n<link rel=\"canonical\" href=\"https:\/\/websjop.afuk.frl\/frl\/winkel\/beppe-fertel\/\" \/>\n<meta property=\"og:locale\" content=\"fy_NL\" \/>\n<meta property=\"og:type\" content=\"article\" \/>\n<meta property=\"og:title\" content=\"Beppe, fertel!\" \/>\n<meta property=\"og:description\" content=\"In boekje fol fragen foar beppe!\" \/>\n<meta property=\"og:url\" content=\"https:\/\/websjop.afuk.frl\/frl\/winkel\/beppe-fertel\/\" \/>\n<meta property=\"og:site_name\" content=\"Af\u00fbk Websjop\" \/>\n<meta property=\"article:modified_time\" content=\"2025-09-11T10:08:10+00:00\" \/>\n<meta property=\"og:image\" content=\"https:\/\/websjop.afuk.frl\/wp-content\/uploads\/2014\/09\/products-product_3314_0_2.jpg\" \/>\n\t<meta property=\"og:image:width\" content=\"500\" \/>\n\t<meta property=\"og:image:height\" content=\"518\" \/>\n\t<meta property=\"og:image:type\" content=\"image\/jpeg\" \/>\n<meta name=\"twitter:card\" content=\"summary_large_image\" \/>\n<meta name=\"twitter:label1\" content=\"Est. reading time\" \/>\n\t<meta name=\"twitter:data1\" content=\"2 minutes\" \/>\n<script type=\"application\/ld+json\" class=\"yoast-schema-graph\">{\"@context\":\"https:\\\/\\\/schema.org\",\"@graph\":[{\"@type\":\"WebPage\",\"@id\":\"https:\\\/\\\/websjop.afuk.frl\\\/frl\\\/winkel\\\/beppe-fertel\\\/\",\"url\":\"https:\\\/\\\/websjop.afuk.frl\\\/frl\\\/winkel\\\/beppe-fertel\\\/\",\"name\":\"Beppe, fertel!\",\"isPartOf\":{\"@id\":\"https:\\\/\\\/websjop.afuk.frl\\\/frl\\\/#website\"},\"primaryImageOfPage\":{\"@id\":\"https:\\\/\\\/websjop.afuk.frl\\\/frl\\\/winkel\\\/beppe-fertel\\\/#primaryimage\"},\"image\":{\"@id\":\"https:\\\/\\\/websjop.afuk.frl\\\/frl\\\/winkel\\\/beppe-fertel\\\/#primaryimage\"},\"thumbnailUrl\":\"https:\\\/\\\/websjop.afuk.frl\\\/wp-content\\\/uploads\\\/2014\\\/09\\\/products-product_3314_0_2.jpg\",\"datePublished\":\"2024-11-09T22:26:04+00:00\",\"dateModified\":\"2025-09-11T10:08:10+00:00\",\"description\":\"In boekje fol fragen foar beppe!\",\"breadcrumb\":{\"@id\":\"https:\\\/\\\/websjop.afuk.frl\\\/frl\\\/winkel\\\/beppe-fertel\\\/#breadcrumb\"},\"inLanguage\":\"fy-NL\",\"potentialAction\":[{\"@type\":\"ReadAction\",\"target\":[\"https:\\\/\\\/websjop.afuk.frl\\\/frl\\\/winkel\\\/beppe-fertel\\\/\"]}]},{\"@type\":\"ImageObject\",\"inLanguage\":\"fy-NL\",\"@id\":\"https:\\\/\\\/websjop.afuk.frl\\\/frl\\\/winkel\\\/beppe-fertel\\\/#primaryimage\",\"url\":\"https:\\\/\\\/websjop.afuk.frl\\\/wp-content\\\/uploads\\\/2014\\\/09\\\/products-product_3314_0_2.jpg\",\"contentUrl\":\"https:\\\/\\\/websjop.afuk.frl\\\/wp-content\\\/uploads\\\/2014\\\/09\\\/products-product_3314_0_2.jpg\",\"width\":500,\"height\":518,\"caption\":\"Beppe, fertel!\"},{\"@type\":\"BreadcrumbList\",\"@id\":\"https:\\\/\\\/websjop.afuk.frl\\\/frl\\\/winkel\\\/beppe-fertel\\\/#breadcrumb\",\"itemListElement\":[{\"@type\":\"ListItem\",\"position\":1,\"name\":\"Home\",\"item\":\"https:\\\/\\\/websjop.afuk.frl\\\/frl\\\/\"},{\"@type\":\"ListItem\",\"position\":2,\"name\":\"Winkel\",\"item\":\"https:\\\/\\\/websjop.afuk.frl\\\/nl\\\/winkel\\\/\"},{\"@type\":\"ListItem\",\"position\":3,\"name\":\"Beppe, fertel!\"}]},{\"@type\":\"WebSite\",\"@id\":\"https:\\\/\\\/websjop.afuk.frl\\\/frl\\\/#website\",\"url\":\"https:\\\/\\\/websjop.afuk.frl\\\/frl\\\/\",\"name\":\"Af\u00fbk Websjop\",\"description\":\"\",\"potentialAction\":[{\"@type\":\"SearchAction\",\"target\":{\"@type\":\"EntryPoint\",\"urlTemplate\":\"https:\\\/\\\/websjop.afuk.frl\\\/frl\\\/?s={search_term_string}\"},\"query-input\":{\"@type\":\"PropertyValueSpecification\",\"valueRequired\":true,\"valueName\":\"search_term_string\"}}],\"inLanguage\":\"fy-NL\"}]}<\/script>\n<!-- \/ Yoast SEO plugin. -->","yoast_head_json":{"title":"Beppe, fertel!","description":"In boekje fol fragen foar beppe!","robots":{"index":"index","follow":"follow","max-snippet":"max-snippet:-1","max-image-preview":"max-image-preview:large","max-video-preview":"max-video-preview:-1"},"canonical":"https:\/\/websjop.afuk.frl\/frl\/winkel\/beppe-fertel\/","og_locale":"fy_NL","og_type":"article","og_title":"Beppe, fertel!","og_description":"In boekje fol fragen foar beppe!","og_url":"https:\/\/websjop.afuk.frl\/frl\/winkel\/beppe-fertel\/","og_site_name":"Af\u00fbk Websjop","article_modified_time":"2025-09-11T10:08:10+00:00","og_image":[{"width":500,"height":518,"url":"https:\/\/websjop.afuk.frl\/wp-content\/uploads\/2014\/09\/products-product_3314_0_2.jpg","type":"image\/jpeg"}],"twitter_card":"summary_large_image","twitter_misc":{"Est. reading time":"2 minutes"},"schema":{"@context":"https:\/\/schema.org","@graph":[{"@type":"WebPage","@id":"https:\/\/websjop.afuk.frl\/frl\/winkel\/beppe-fertel\/","url":"https:\/\/websjop.afuk.frl\/frl\/winkel\/beppe-fertel\/","name":"Beppe, fertel!","isPartOf":{"@id":"https:\/\/websjop.afuk.frl\/frl\/#website"},"primaryImageOfPage":{"@id":"https:\/\/websjop.afuk.frl\/frl\/winkel\/beppe-fertel\/#primaryimage"},"image":{"@id":"https:\/\/websjop.afuk.frl\/frl\/winkel\/beppe-fertel\/#primaryimage"},"thumbnailUrl":"https:\/\/websjop.afuk.frl\/wp-content\/uploads\/2014\/09\/products-product_3314_0_2.jpg","datePublished":"2024-11-09T22:26:04+00:00","dateModified":"2025-09-11T10:08:10+00:00","description":"In boekje fol fragen foar beppe!","breadcrumb":{"@id":"https:\/\/websjop.afuk.frl\/frl\/winkel\/beppe-fertel\/#breadcrumb"},"inLanguage":"fy-NL","potentialAction":[{"@type":"ReadAction","target":["https:\/\/websjop.afuk.frl\/frl\/winkel\/beppe-fertel\/"]}]},{"@type":"ImageObject","inLanguage":"fy-NL","@id":"https:\/\/websjop.afuk.frl\/frl\/winkel\/beppe-fertel\/#primaryimage","url":"https:\/\/websjop.afuk.frl\/wp-content\/uploads\/2014\/09\/products-product_3314_0_2.jpg","contentUrl":"https:\/\/websjop.afuk.frl\/wp-content\/uploads\/2014\/09\/products-product_3314_0_2.jpg","width":500,"height":518,"caption":"Beppe, fertel!"},{"@type":"BreadcrumbList","@id":"https:\/\/websjop.afuk.frl\/frl\/winkel\/beppe-fertel\/#breadcrumb","itemListElement":[{"@type":"ListItem","position":1,"name":"Home","item":"https:\/\/websjop.afuk.frl\/frl\/"},{"@type":"ListItem","position":2,"name":"Winkel","item":"https:\/\/websjop.afuk.frl\/nl\/winkel\/"},{"@type":"ListItem","position":3,"name":"Beppe, fertel!"}]},{"@type":"WebSite","@id":"https:\/\/websjop.afuk.frl\/frl\/#website","url":"https:\/\/websjop.afuk.frl\/frl\/","name":"Af\u00fbk Websjop","description":"","potentialAction":[{"@type":"SearchAction","target":{"@type":"EntryPoint","urlTemplate":"https:\/\/websjop.afuk.frl\/frl\/?s={search_term_string}"},"query-input":{"@type":"PropertyValueSpecification","valueRequired":true,"valueName":"search_term_string"}}],"inLanguage":"fy-NL"}]}},"_links":{"self":[{"href":"https:\/\/websjop.afuk.frl\/frl\/wp-json\/wp\/v2\/product\/7381","targetHints":{"allow":["GET"]}}],"collection":[{"href":"https:\/\/websjop.afuk.frl\/frl\/wp-json\/wp\/v2\/product"}],"about":[{"href":"https:\/\/websjop.afuk.frl\/frl\/wp-json\/wp\/v2\/types\/product"}],"replies":[{"embeddable":true,"href":"https:\/\/websjop.afuk.frl\/frl\/wp-json\/wp\/v2\/comments?post=7381"}],"wp:featuredmedia":[{"embeddable":true,"href":"https:\/\/websjop.afuk.frl\/frl\/wp-json\/wp\/v2\/media\/7382"}],"wp:attachment":[{"href":"https:\/\/websjop.afuk.frl\/frl\/wp-json\/wp\/v2\/media?parent=7381"}],"wp:term":[{"taxonomy":"product_brand","embeddable":true,"href":"https:\/\/websjop.afuk.frl\/frl\/wp-json\/wp\/v2\/product_brand?post=7381"},{"taxonomy":"product_cat","embeddable":true,"href":"https:\/\/websjop.afuk.frl\/frl\/wp-json\/wp\/v2\/product_cat?post=7381"},{"taxonomy":"product_tag","embeddable":true,"href":"https:\/\/websjop.afuk.frl\/frl\/wp-json\/wp\/v2\/product_tag?post=7381"}],"curies":[{"name":"wp","href":"https:\/\/api.w.org\/{rel}","templated":true}]}}