{"id":7291,"date":"2014-10-08T23:21:15","date_gmt":"2014-10-08T22:21:15","guid":{"rendered":"https:\/\/websjop.bwhontwerpers.nl\/?post_type=product&#038;p=7291"},"modified":"2025-03-04T12:16:57","modified_gmt":"2025-03-04T11:16:57","slug":"vitae-abbatum-orti-sancte-marie","status":"publish","type":"product","link":"https:\/\/websjop.afuk.frl\/frl\/winkel\/vitae-abbatum-orti-sancte-marie\/","title":{"rendered":"Vitae Abbatum Orti Sancte Marie &#8211; Vijf abtenlevens van het klooster Mari\u00ebngaarde in Friesland"},"content":{"rendered":"<p>De abtenlevens van het in 1163 gestichte premonstratenzer klooster Mari\u00ebngaarde bij Hallum vormen de belangrijkste bron voor onze kennis van het Friese kloosterwezen en de Friese maatschappij in volle Middeleeuwen. In deze nieuwe editie &#8211; de vorige dateert uit 1879 &#8211; gaan de teksten vergezeld van een parallelvertaling in modern Nederlands. De inleiding behandelt niet alleen vorm en functie van de vitae, maar ook de geschiedenis van Mari\u00ebngaarde, het Friese kloosterwezen en de Friese maatschappij.<\/p>\n<p>De <em>Vita Fretherici<\/em>, over het leven van de stichter van Mari\u00ebngaarde, is een hagiografie, maar \u00e9\u00e9n met een overvloed aan betrouwbare feiten. De <em>Vita Siardi <\/em>houdt het midden tussen een prekenbundel en een vrome managementgids voor kloosteroversten en geeft een goed beeld van de ontwikkeling van de spiritualiteit binnen Mari\u00ebngaarde en haar dochterkloosters.<\/p>\n<p>De <em>Vita Sibrandi, Icrici et Ethelgeri<\/em> vertegenwoordigt meer het genre van de <em>gesta<\/em> en bevat een levendig relaas van de daden van drie indrukwekkende abten, die zich, in samenwerking met de regionale adel, inspanden om de groei en bloei van hun klooster te waarborgen.<\/p>\n<p>De <em>Vitae<\/em> bieden een schat aan informatie over de bijzondere samenleving van de Friese landen in de twaalfde en dertiende eeuw.<\/p>\n","protected":false},"excerpt":{"rendered":"<p>Vijf abtenlevens van het klooster Mari\u00ebngaarde in Friesland<\/p>\n","protected":false},"featured_media":12580,"comment_status":"closed","ping_status":"closed","template":"","meta":{"_acf_changed":false},"product_brand":[],"product_cat":[1175,1037,553,535,540,539],"product_tag":[20258,20259,20260,20257,20256,20255],"class_list":{"0":"post-7291","1":"product","2":"type-product","3":"status-publish","4":"has-post-thumbnail","6":"product_cat-6-fryslan-as-kleasterlan","7":"product_cat-biografy","8":"product_cat-fryske-akademy","9":"product_cat-fryske-boeken","10":"product_cat-religy","11":"product_cat-skiednis","12":"product_tag-12e-eeuw","13":"product_tag-13e-eeuw","14":"product_tag-klooster","15":"product_tag-mariengaarde","16":"product_tag-vijf-abtenlevens","17":"product_tag-vitae-abbatum-orti-sancte-marie","18":"product_shipping_class-pakketpost-verzending","19":"pa_auteur-h-th-m-lambooij-j-a-mol","20":"pa_isbn-20253","21":"pa_taal-nederlands","22":"pa_uitgever-verloren","24":"first","25":"instock","26":"taxable","27":"shipping-taxable","28":"purchasable","29":"product-type-simple"},"acf":[],"yoast_head":"<!-- This site is optimized with the Yoast SEO plugin v27.3 - https:\/\/yoast.com\/product\/yoast-seo-wordpress\/ -->\n<title>Vitae Abbatum Orti Sancte Marie<\/title>\n<meta name=\"description\" content=\"Vijf abtenlevens van het klooster Mari\u00ebngaarde in Friesland biedt veel informatie over de bijzondere samenleving van de Friese landen in de 12e en 13e eeuw.\" \/>\n<meta name=\"robots\" content=\"index, follow, max-snippet:-1, max-image-preview:large, max-video-preview:-1\" \/>\n<link rel=\"canonical\" href=\"https:\/\/websjop.afuk.frl\/frl\/winkel\/vitae-abbatum-orti-sancte-marie\/\" \/>\n<meta property=\"og:locale\" content=\"fy_NL\" \/>\n<meta property=\"og:type\" content=\"article\" \/>\n<meta property=\"og:title\" content=\"Vitae Abbatum Orti Sancte Marie\" \/>\n<meta property=\"og:description\" content=\"Vijf abtenlevens van het klooster Mari\u00ebngaarde in Friesland biedt veel informatie over de bijzondere samenleving van de Friese landen in de 12e en 13e eeuw.\" \/>\n<meta property=\"og:url\" content=\"https:\/\/websjop.afuk.frl\/frl\/winkel\/vitae-abbatum-orti-sancte-marie\/\" \/>\n<meta property=\"og:site_name\" content=\"Af\u00fbk Websjop\" \/>\n<meta property=\"article:modified_time\" content=\"2025-03-04T11:16:57+00:00\" \/>\n<meta property=\"og:image\" content=\"https:\/\/websjop.afuk.frl\/wp-content\/uploads\/2014\/10\/vitae-abbatum.jpg\" \/>\n\t<meta property=\"og:image:width\" content=\"712\" \/>\n\t<meta property=\"og:image:height\" content=\"1000\" \/>\n\t<meta property=\"og:image:type\" content=\"image\/jpeg\" \/>\n<meta name=\"twitter:card\" content=\"summary_large_image\" \/>\n<meta name=\"twitter:label1\" content=\"Est. reading time\" \/>\n\t<meta name=\"twitter:data1\" content=\"1 minute\" \/>\n<script type=\"application\/ld+json\" class=\"yoast-schema-graph\">{\"@context\":\"https:\\\/\\\/schema.org\",\"@graph\":[{\"@type\":\"WebPage\",\"@id\":\"https:\\\/\\\/websjop.afuk.frl\\\/frl\\\/winkel\\\/vitae-abbatum-orti-sancte-marie\\\/\",\"url\":\"https:\\\/\\\/websjop.afuk.frl\\\/frl\\\/winkel\\\/vitae-abbatum-orti-sancte-marie\\\/\",\"name\":\"Vitae Abbatum Orti Sancte Marie\",\"isPartOf\":{\"@id\":\"https:\\\/\\\/websjop.afuk.frl\\\/frl\\\/#website\"},\"primaryImageOfPage\":{\"@id\":\"https:\\\/\\\/websjop.afuk.frl\\\/frl\\\/winkel\\\/vitae-abbatum-orti-sancte-marie\\\/#primaryimage\"},\"image\":{\"@id\":\"https:\\\/\\\/websjop.afuk.frl\\\/frl\\\/winkel\\\/vitae-abbatum-orti-sancte-marie\\\/#primaryimage\"},\"thumbnailUrl\":\"https:\\\/\\\/websjop.afuk.frl\\\/wp-content\\\/uploads\\\/2014\\\/10\\\/vitae-abbatum.jpg\",\"datePublished\":\"2014-10-08T22:21:15+00:00\",\"dateModified\":\"2025-03-04T11:16:57+00:00\",\"description\":\"Vijf abtenlevens van het klooster Mari\u00ebngaarde in Friesland biedt veel informatie over de bijzondere samenleving van de Friese landen in de 12e en 13e eeuw.\",\"breadcrumb\":{\"@id\":\"https:\\\/\\\/websjop.afuk.frl\\\/frl\\\/winkel\\\/vitae-abbatum-orti-sancte-marie\\\/#breadcrumb\"},\"inLanguage\":\"fy-NL\",\"potentialAction\":[{\"@type\":\"ReadAction\",\"target\":[\"https:\\\/\\\/websjop.afuk.frl\\\/frl\\\/winkel\\\/vitae-abbatum-orti-sancte-marie\\\/\"]}]},{\"@type\":\"ImageObject\",\"inLanguage\":\"fy-NL\",\"@id\":\"https:\\\/\\\/websjop.afuk.frl\\\/frl\\\/winkel\\\/vitae-abbatum-orti-sancte-marie\\\/#primaryimage\",\"url\":\"https:\\\/\\\/websjop.afuk.frl\\\/wp-content\\\/uploads\\\/2014\\\/10\\\/vitae-abbatum.jpg\",\"contentUrl\":\"https:\\\/\\\/websjop.afuk.frl\\\/wp-content\\\/uploads\\\/2014\\\/10\\\/vitae-abbatum.jpg\",\"width\":712,\"height\":1000},{\"@type\":\"BreadcrumbList\",\"@id\":\"https:\\\/\\\/websjop.afuk.frl\\\/frl\\\/winkel\\\/vitae-abbatum-orti-sancte-marie\\\/#breadcrumb\",\"itemListElement\":[{\"@type\":\"ListItem\",\"position\":1,\"name\":\"Home\",\"item\":\"https:\\\/\\\/websjop.afuk.frl\\\/frl\\\/\"},{\"@type\":\"ListItem\",\"position\":2,\"name\":\"Winkel\",\"item\":\"https:\\\/\\\/websjop.afuk.frl\\\/nl\\\/winkel\\\/\"},{\"@type\":\"ListItem\",\"position\":3,\"name\":\"Vitae Abbatum Orti Sancte Marie &#8211; Vijf abtenlevens van het klooster Mari\u00ebngaarde in Friesland\"}]},{\"@type\":\"WebSite\",\"@id\":\"https:\\\/\\\/websjop.afuk.frl\\\/frl\\\/#website\",\"url\":\"https:\\\/\\\/websjop.afuk.frl\\\/frl\\\/\",\"name\":\"Af\u00fbk Websjop\",\"description\":\"\",\"potentialAction\":[{\"@type\":\"SearchAction\",\"target\":{\"@type\":\"EntryPoint\",\"urlTemplate\":\"https:\\\/\\\/websjop.afuk.frl\\\/frl\\\/?s={search_term_string}\"},\"query-input\":{\"@type\":\"PropertyValueSpecification\",\"valueRequired\":true,\"valueName\":\"search_term_string\"}}],\"inLanguage\":\"fy-NL\"}]}<\/script>\n<!-- \/ Yoast SEO plugin. -->","yoast_head_json":{"title":"Vitae Abbatum Orti Sancte Marie","description":"Vijf abtenlevens van het klooster Mari\u00ebngaarde in Friesland biedt veel informatie over de bijzondere samenleving van de Friese landen in de 12e en 13e eeuw.","robots":{"index":"index","follow":"follow","max-snippet":"max-snippet:-1","max-image-preview":"max-image-preview:large","max-video-preview":"max-video-preview:-1"},"canonical":"https:\/\/websjop.afuk.frl\/frl\/winkel\/vitae-abbatum-orti-sancte-marie\/","og_locale":"fy_NL","og_type":"article","og_title":"Vitae Abbatum Orti Sancte Marie","og_description":"Vijf abtenlevens van het klooster Mari\u00ebngaarde in Friesland biedt veel informatie over de bijzondere samenleving van de Friese landen in de 12e en 13e eeuw.","og_url":"https:\/\/websjop.afuk.frl\/frl\/winkel\/vitae-abbatum-orti-sancte-marie\/","og_site_name":"Af\u00fbk Websjop","article_modified_time":"2025-03-04T11:16:57+00:00","og_image":[{"width":712,"height":1000,"url":"https:\/\/websjop.afuk.frl\/wp-content\/uploads\/2014\/10\/vitae-abbatum.jpg","type":"image\/jpeg"}],"twitter_card":"summary_large_image","twitter_misc":{"Est. reading time":"1 minute"},"schema":{"@context":"https:\/\/schema.org","@graph":[{"@type":"WebPage","@id":"https:\/\/websjop.afuk.frl\/frl\/winkel\/vitae-abbatum-orti-sancte-marie\/","url":"https:\/\/websjop.afuk.frl\/frl\/winkel\/vitae-abbatum-orti-sancte-marie\/","name":"Vitae Abbatum Orti Sancte Marie","isPartOf":{"@id":"https:\/\/websjop.afuk.frl\/frl\/#website"},"primaryImageOfPage":{"@id":"https:\/\/websjop.afuk.frl\/frl\/winkel\/vitae-abbatum-orti-sancte-marie\/#primaryimage"},"image":{"@id":"https:\/\/websjop.afuk.frl\/frl\/winkel\/vitae-abbatum-orti-sancte-marie\/#primaryimage"},"thumbnailUrl":"https:\/\/websjop.afuk.frl\/wp-content\/uploads\/2014\/10\/vitae-abbatum.jpg","datePublished":"2014-10-08T22:21:15+00:00","dateModified":"2025-03-04T11:16:57+00:00","description":"Vijf abtenlevens van het klooster Mari\u00ebngaarde in Friesland biedt veel informatie over de bijzondere samenleving van de Friese landen in de 12e en 13e eeuw.","breadcrumb":{"@id":"https:\/\/websjop.afuk.frl\/frl\/winkel\/vitae-abbatum-orti-sancte-marie\/#breadcrumb"},"inLanguage":"fy-NL","potentialAction":[{"@type":"ReadAction","target":["https:\/\/websjop.afuk.frl\/frl\/winkel\/vitae-abbatum-orti-sancte-marie\/"]}]},{"@type":"ImageObject","inLanguage":"fy-NL","@id":"https:\/\/websjop.afuk.frl\/frl\/winkel\/vitae-abbatum-orti-sancte-marie\/#primaryimage","url":"https:\/\/websjop.afuk.frl\/wp-content\/uploads\/2014\/10\/vitae-abbatum.jpg","contentUrl":"https:\/\/websjop.afuk.frl\/wp-content\/uploads\/2014\/10\/vitae-abbatum.jpg","width":712,"height":1000},{"@type":"BreadcrumbList","@id":"https:\/\/websjop.afuk.frl\/frl\/winkel\/vitae-abbatum-orti-sancte-marie\/#breadcrumb","itemListElement":[{"@type":"ListItem","position":1,"name":"Home","item":"https:\/\/websjop.afuk.frl\/frl\/"},{"@type":"ListItem","position":2,"name":"Winkel","item":"https:\/\/websjop.afuk.frl\/nl\/winkel\/"},{"@type":"ListItem","position":3,"name":"Vitae Abbatum Orti Sancte Marie &#8211; Vijf abtenlevens van het klooster Mari\u00ebngaarde in Friesland"}]},{"@type":"WebSite","@id":"https:\/\/websjop.afuk.frl\/frl\/#website","url":"https:\/\/websjop.afuk.frl\/frl\/","name":"Af\u00fbk Websjop","description":"","potentialAction":[{"@type":"SearchAction","target":{"@type":"EntryPoint","urlTemplate":"https:\/\/websjop.afuk.frl\/frl\/?s={search_term_string}"},"query-input":{"@type":"PropertyValueSpecification","valueRequired":true,"valueName":"search_term_string"}}],"inLanguage":"fy-NL"}]}},"_links":{"self":[{"href":"https:\/\/websjop.afuk.frl\/frl\/wp-json\/wp\/v2\/product\/7291","targetHints":{"allow":["GET"]}}],"collection":[{"href":"https:\/\/websjop.afuk.frl\/frl\/wp-json\/wp\/v2\/product"}],"about":[{"href":"https:\/\/websjop.afuk.frl\/frl\/wp-json\/wp\/v2\/types\/product"}],"replies":[{"embeddable":true,"href":"https:\/\/websjop.afuk.frl\/frl\/wp-json\/wp\/v2\/comments?post=7291"}],"wp:featuredmedia":[{"embeddable":true,"href":"https:\/\/websjop.afuk.frl\/frl\/wp-json\/wp\/v2\/media\/12580"}],"wp:attachment":[{"href":"https:\/\/websjop.afuk.frl\/frl\/wp-json\/wp\/v2\/media?parent=7291"}],"wp:term":[{"taxonomy":"product_brand","embeddable":true,"href":"https:\/\/websjop.afuk.frl\/frl\/wp-json\/wp\/v2\/product_brand?post=7291"},{"taxonomy":"product_cat","embeddable":true,"href":"https:\/\/websjop.afuk.frl\/frl\/wp-json\/wp\/v2\/product_cat?post=7291"},{"taxonomy":"product_tag","embeddable":true,"href":"https:\/\/websjop.afuk.frl\/frl\/wp-json\/wp\/v2\/product_tag?post=7291"}],"curies":[{"name":"wp","href":"https:\/\/api.w.org\/{rel}","templated":true}]}}