{"id":7094,"date":"2014-10-08T19:02:22","date_gmt":"2014-10-08T18:02:22","guid":{"rendered":"https:\/\/websjop.bwhontwerpers.nl\/?post_type=product&#038;p=7094"},"modified":"2019-11-05T16:00:30","modified_gmt":"2019-11-05T15:00:30","slug":"neaken-en-bleat-foar-de-dokter","status":"publish","type":"product","link":"https:\/\/websjop.afuk.frl\/frl\/winkel\/neaken-en-bleat-foar-de-dokter\/","title":{"rendered":"Neaken en bleat foar de dokter"},"content":{"rendered":"<p>Neaken en bleat foar de dokter is in samling meinimmende, humoristyske, mar ek \u00fbntroerende ferhalen \u00fat de sprekkeamer fan in tal dokters. It ferskynde foar it earst yn 1978 en belibbe trije printingen. Foar dizze werprintinge is de tekst oanpast oan de nije stavering.Rasferteller Hylke Speerstra (1936) hat yn syn ferneamde ferhaleboeken it Fryske folkslibben op in \u00fbnferjitlike manier f\u00eastlein. Nei oanlieding fan syn santichste jierdei is yn 2006 in begjin makke mei it opnij \u00fatbringen fan dizze boeken.<\/p>\n","protected":false},"excerpt":{"rendered":"<p>Ferhalen \u00fat &#8216;e sprekkeamer<\/p>\n","protected":false},"featured_media":12656,"comment_status":"closed","ping_status":"closed","template":"","meta":{"_acf_changed":false},"product_brand":[],"product_cat":[1040,575,535,574,1215],"product_tag":[],"class_list":{"0":"post-7094","1":"product","2":"type-product","3":"status-publish","4":"has-post-thumbnail","6":"product_cat-ferhalebondels","7":"product_cat-oanbieding-folwoeksenen","8":"product_cat-fryske-boeken","9":"product_cat-oanbiedingen","10":"product_cat-romans-en-literatuer","11":"product_shipping_class-brievenbus-verzending","12":"pa_auteur-hylke-speerstra","13":"pa_is-een-afuk-product-0-2","14":"pa_sale-label-1337","16":"first","17":"instock","18":"sale","19":"taxable","20":"shipping-taxable","21":"purchasable","22":"product-type-simple"},"acf":[],"yoast_head":"<!-- This site is optimized with the Yoast SEO plugin v27.3 - https:\/\/yoast.com\/product\/yoast-seo-wordpress\/ -->\n<title>Neaken en bleat foar de dokter<\/title>\n<meta name=\"description\" content=\"Ferhalen \u00fat &#039;e sprekkeamer\" \/>\n<meta name=\"robots\" content=\"index, follow, max-snippet:-1, max-image-preview:large, max-video-preview:-1\" \/>\n<link rel=\"canonical\" href=\"https:\/\/websjop.afuk.frl\/frl\/winkel\/neaken-en-bleat-foar-de-dokter\/\" \/>\n<meta property=\"og:locale\" content=\"fy_NL\" \/>\n<meta property=\"og:type\" content=\"article\" \/>\n<meta property=\"og:title\" content=\"Neaken en bleat foar de dokter\" \/>\n<meta property=\"og:description\" content=\"Ferhalen \u00fat &#039;e sprekkeamer\" \/>\n<meta property=\"og:url\" content=\"https:\/\/websjop.afuk.frl\/frl\/winkel\/neaken-en-bleat-foar-de-dokter\/\" \/>\n<meta property=\"og:site_name\" content=\"Af\u00fbk Websjop\" \/>\n<meta property=\"article:modified_time\" content=\"2019-11-05T15:00:30+00:00\" \/>\n<meta property=\"og:image\" content=\"https:\/\/websjop.afuk.frl\/wp-content\/uploads\/2014\/10\/Neaken-en-bleat-foar-de-dokter.jpg\" \/>\n\t<meta property=\"og:image:width\" content=\"759\" \/>\n\t<meta property=\"og:image:height\" content=\"1148\" \/>\n\t<meta property=\"og:image:type\" content=\"image\/jpeg\" \/>\n<meta name=\"twitter:card\" content=\"summary_large_image\" \/>\n<script type=\"application\/ld+json\" class=\"yoast-schema-graph\">{\"@context\":\"https:\\\/\\\/schema.org\",\"@graph\":[{\"@type\":\"WebPage\",\"@id\":\"https:\\\/\\\/websjop.afuk.frl\\\/frl\\\/winkel\\\/neaken-en-bleat-foar-de-dokter\\\/\",\"url\":\"https:\\\/\\\/websjop.afuk.frl\\\/frl\\\/winkel\\\/neaken-en-bleat-foar-de-dokter\\\/\",\"name\":\"Neaken en bleat foar de dokter\",\"isPartOf\":{\"@id\":\"https:\\\/\\\/websjop.afuk.frl\\\/frl\\\/#website\"},\"primaryImageOfPage\":{\"@id\":\"https:\\\/\\\/websjop.afuk.frl\\\/frl\\\/winkel\\\/neaken-en-bleat-foar-de-dokter\\\/#primaryimage\"},\"image\":{\"@id\":\"https:\\\/\\\/websjop.afuk.frl\\\/frl\\\/winkel\\\/neaken-en-bleat-foar-de-dokter\\\/#primaryimage\"},\"thumbnailUrl\":\"https:\\\/\\\/websjop.afuk.frl\\\/wp-content\\\/uploads\\\/2014\\\/10\\\/Neaken-en-bleat-foar-de-dokter.jpg\",\"datePublished\":\"2014-10-08T18:02:22+00:00\",\"dateModified\":\"2019-11-05T15:00:30+00:00\",\"description\":\"Ferhalen \u00fat 'e sprekkeamer\",\"breadcrumb\":{\"@id\":\"https:\\\/\\\/websjop.afuk.frl\\\/frl\\\/winkel\\\/neaken-en-bleat-foar-de-dokter\\\/#breadcrumb\"},\"inLanguage\":\"fy-NL\",\"potentialAction\":[{\"@type\":\"ReadAction\",\"target\":[\"https:\\\/\\\/websjop.afuk.frl\\\/frl\\\/winkel\\\/neaken-en-bleat-foar-de-dokter\\\/\"]}]},{\"@type\":\"ImageObject\",\"inLanguage\":\"fy-NL\",\"@id\":\"https:\\\/\\\/websjop.afuk.frl\\\/frl\\\/winkel\\\/neaken-en-bleat-foar-de-dokter\\\/#primaryimage\",\"url\":\"https:\\\/\\\/websjop.afuk.frl\\\/wp-content\\\/uploads\\\/2014\\\/10\\\/Neaken-en-bleat-foar-de-dokter.jpg\",\"contentUrl\":\"https:\\\/\\\/websjop.afuk.frl\\\/wp-content\\\/uploads\\\/2014\\\/10\\\/Neaken-en-bleat-foar-de-dokter.jpg\",\"width\":759,\"height\":1148},{\"@type\":\"BreadcrumbList\",\"@id\":\"https:\\\/\\\/websjop.afuk.frl\\\/frl\\\/winkel\\\/neaken-en-bleat-foar-de-dokter\\\/#breadcrumb\",\"itemListElement\":[{\"@type\":\"ListItem\",\"position\":1,\"name\":\"Home\",\"item\":\"https:\\\/\\\/websjop.afuk.frl\\\/frl\\\/\"},{\"@type\":\"ListItem\",\"position\":2,\"name\":\"Winkel\",\"item\":\"https:\\\/\\\/websjop.afuk.frl\\\/nl\\\/winkel\\\/\"},{\"@type\":\"ListItem\",\"position\":3,\"name\":\"Neaken en bleat foar de dokter\"}]},{\"@type\":\"WebSite\",\"@id\":\"https:\\\/\\\/websjop.afuk.frl\\\/frl\\\/#website\",\"url\":\"https:\\\/\\\/websjop.afuk.frl\\\/frl\\\/\",\"name\":\"Af\u00fbk Websjop\",\"description\":\"\",\"potentialAction\":[{\"@type\":\"SearchAction\",\"target\":{\"@type\":\"EntryPoint\",\"urlTemplate\":\"https:\\\/\\\/websjop.afuk.frl\\\/frl\\\/?s={search_term_string}\"},\"query-input\":{\"@type\":\"PropertyValueSpecification\",\"valueRequired\":true,\"valueName\":\"search_term_string\"}}],\"inLanguage\":\"fy-NL\"}]}<\/script>\n<!-- \/ Yoast SEO plugin. -->","yoast_head_json":{"title":"Neaken en bleat foar de dokter","description":"Ferhalen \u00fat 'e sprekkeamer","robots":{"index":"index","follow":"follow","max-snippet":"max-snippet:-1","max-image-preview":"max-image-preview:large","max-video-preview":"max-video-preview:-1"},"canonical":"https:\/\/websjop.afuk.frl\/frl\/winkel\/neaken-en-bleat-foar-de-dokter\/","og_locale":"fy_NL","og_type":"article","og_title":"Neaken en bleat foar de dokter","og_description":"Ferhalen \u00fat 'e sprekkeamer","og_url":"https:\/\/websjop.afuk.frl\/frl\/winkel\/neaken-en-bleat-foar-de-dokter\/","og_site_name":"Af\u00fbk Websjop","article_modified_time":"2019-11-05T15:00:30+00:00","og_image":[{"width":759,"height":1148,"url":"https:\/\/websjop.afuk.frl\/wp-content\/uploads\/2014\/10\/Neaken-en-bleat-foar-de-dokter.jpg","type":"image\/jpeg"}],"twitter_card":"summary_large_image","schema":{"@context":"https:\/\/schema.org","@graph":[{"@type":"WebPage","@id":"https:\/\/websjop.afuk.frl\/frl\/winkel\/neaken-en-bleat-foar-de-dokter\/","url":"https:\/\/websjop.afuk.frl\/frl\/winkel\/neaken-en-bleat-foar-de-dokter\/","name":"Neaken en bleat foar de dokter","isPartOf":{"@id":"https:\/\/websjop.afuk.frl\/frl\/#website"},"primaryImageOfPage":{"@id":"https:\/\/websjop.afuk.frl\/frl\/winkel\/neaken-en-bleat-foar-de-dokter\/#primaryimage"},"image":{"@id":"https:\/\/websjop.afuk.frl\/frl\/winkel\/neaken-en-bleat-foar-de-dokter\/#primaryimage"},"thumbnailUrl":"https:\/\/websjop.afuk.frl\/wp-content\/uploads\/2014\/10\/Neaken-en-bleat-foar-de-dokter.jpg","datePublished":"2014-10-08T18:02:22+00:00","dateModified":"2019-11-05T15:00:30+00:00","description":"Ferhalen \u00fat 'e sprekkeamer","breadcrumb":{"@id":"https:\/\/websjop.afuk.frl\/frl\/winkel\/neaken-en-bleat-foar-de-dokter\/#breadcrumb"},"inLanguage":"fy-NL","potentialAction":[{"@type":"ReadAction","target":["https:\/\/websjop.afuk.frl\/frl\/winkel\/neaken-en-bleat-foar-de-dokter\/"]}]},{"@type":"ImageObject","inLanguage":"fy-NL","@id":"https:\/\/websjop.afuk.frl\/frl\/winkel\/neaken-en-bleat-foar-de-dokter\/#primaryimage","url":"https:\/\/websjop.afuk.frl\/wp-content\/uploads\/2014\/10\/Neaken-en-bleat-foar-de-dokter.jpg","contentUrl":"https:\/\/websjop.afuk.frl\/wp-content\/uploads\/2014\/10\/Neaken-en-bleat-foar-de-dokter.jpg","width":759,"height":1148},{"@type":"BreadcrumbList","@id":"https:\/\/websjop.afuk.frl\/frl\/winkel\/neaken-en-bleat-foar-de-dokter\/#breadcrumb","itemListElement":[{"@type":"ListItem","position":1,"name":"Home","item":"https:\/\/websjop.afuk.frl\/frl\/"},{"@type":"ListItem","position":2,"name":"Winkel","item":"https:\/\/websjop.afuk.frl\/nl\/winkel\/"},{"@type":"ListItem","position":3,"name":"Neaken en bleat foar de dokter"}]},{"@type":"WebSite","@id":"https:\/\/websjop.afuk.frl\/frl\/#website","url":"https:\/\/websjop.afuk.frl\/frl\/","name":"Af\u00fbk Websjop","description":"","potentialAction":[{"@type":"SearchAction","target":{"@type":"EntryPoint","urlTemplate":"https:\/\/websjop.afuk.frl\/frl\/?s={search_term_string}"},"query-input":{"@type":"PropertyValueSpecification","valueRequired":true,"valueName":"search_term_string"}}],"inLanguage":"fy-NL"}]}},"_links":{"self":[{"href":"https:\/\/websjop.afuk.frl\/frl\/wp-json\/wp\/v2\/product\/7094","targetHints":{"allow":["GET"]}}],"collection":[{"href":"https:\/\/websjop.afuk.frl\/frl\/wp-json\/wp\/v2\/product"}],"about":[{"href":"https:\/\/websjop.afuk.frl\/frl\/wp-json\/wp\/v2\/types\/product"}],"replies":[{"embeddable":true,"href":"https:\/\/websjop.afuk.frl\/frl\/wp-json\/wp\/v2\/comments?post=7094"}],"wp:featuredmedia":[{"embeddable":true,"href":"https:\/\/websjop.afuk.frl\/frl\/wp-json\/wp\/v2\/media\/12656"}],"wp:attachment":[{"href":"https:\/\/websjop.afuk.frl\/frl\/wp-json\/wp\/v2\/media?parent=7094"}],"wp:term":[{"taxonomy":"product_brand","embeddable":true,"href":"https:\/\/websjop.afuk.frl\/frl\/wp-json\/wp\/v2\/product_brand?post=7094"},{"taxonomy":"product_cat","embeddable":true,"href":"https:\/\/websjop.afuk.frl\/frl\/wp-json\/wp\/v2\/product_cat?post=7094"},{"taxonomy":"product_tag","embeddable":true,"href":"https:\/\/websjop.afuk.frl\/frl\/wp-json\/wp\/v2\/product_tag?post=7094"}],"curies":[{"name":"wp","href":"https:\/\/api.w.org\/{rel}","templated":true}]}}