{"id":6927,"date":"2014-09-09T16:13:54","date_gmt":"2014-09-09T15:13:54","guid":{"rendered":"https:\/\/websjop.bwhontwerpers.nl\/?post_type=product&#038;p=6927"},"modified":"2025-08-20T10:16:10","modified_gmt":"2025-08-20T08:16:10","slug":"skoare-by-fc-top","status":"publish","type":"product","link":"https:\/\/websjop.afuk.frl\/frl\/winkel\/skoare-by-fc-top\/","title":{"rendered":"Skoare by FC Top"},"content":{"rendered":"<p><em>Skoare by FC Top<\/em> fan Jelle Bangma giet oer de talintfolle David en<br \/>\nJeffrey, dy\u2019t gek binne fan fuotbal. Op in dei komt in<br \/>\nscout fan it grutte FC Top \u00fat \u2019e st\u00ead te sjen.<br \/>\nDe jonges wurde \u00fatnoege foar in oantal<br \/>\nproeftrainings en seleksjewedstriden. Der bestiet<br \/>\nin grut ferskil tusken de beide jonges. David hat in<br \/>\nfreeslik fanatike heit dy\u2019t alles op alles set foar in<br \/>\nfuotbalkarri\u00eare fan syn soan. By Jeffrey wurdt d\u00ear<br \/>\nfolle relaxter mei omgien. Foar him is der mear yn it<br \/>\nlibben as fuotbalje. Hoe sille de doarpsjonges yn de<br \/>\nst\u00ead \u00fbntfongen wurde? Wa fan harren wurdt \u00fateinlik<br \/>\n\u00fatnoege foar de \u2018Voetbalschool\u2019?<br \/>\nEn is dat no wol \u00e9cht wat de jonges wolle?<\/p>\n","protected":false},"excerpt":{"rendered":"<p>Skoare by FC Top fan Jelle Bangma giet oer de talintfolle David en Jeffrey, dy\u2019t gek binne fan fuotbal.<\/p>\n","protected":false},"featured_media":6928,"comment_status":"closed","ping_status":"closed","template":"","meta":{"_acf_changed":false},"product_brand":[],"product_cat":[1202,578,1213,551,535,574,541,1214,24180],"product_tag":[18395,8908,6479,5860,18396],"class_list":{"0":"post-6927","1":"product","2":"type-product","3":"status-publish","4":"has-post-thumbnail","6":"product_cat-33-abe-lenstra","7":"product_cat-bern-2","8":"product_cat-berne-en-jeugdboeken","9":"product_cat-berneboeken-8-12","10":"product_cat-fryske-boeken","11":"product_cat-oanbiedingen","12":"product_cat-sport","13":"product_cat-sport-en-hobby","14":"product_cat-tema-sport-en-beweging","15":"product_tag-fuotbal","16":"product_tag-jelle-bangma","17":"product_tag-jeugdboek","18":"product_tag-skoare-by-fc-top","19":"product_tag-voetbal","20":"product_shipping_class-brievenbus-verzending","21":"pa_auteur-jelle-bangma-2","22":"pa_is-een-afuk-product-1-2","23":"pa_sale-label-0-3","25":"first","26":"instock","27":"sale","28":"taxable","29":"shipping-taxable","30":"purchasable","31":"product-type-simple"},"acf":[],"yoast_head":"<!-- This site is optimized with the Yoast SEO plugin v27.3 - https:\/\/yoast.com\/product\/yoast-seo-wordpress\/ -->\n<title>Skoare by FC Top<\/title>\n<meta name=\"description\" content=\"Skoare by FC Top\" \/>\n<meta name=\"robots\" content=\"index, follow, max-snippet:-1, max-image-preview:large, max-video-preview:-1\" \/>\n<link rel=\"canonical\" href=\"https:\/\/websjop.afuk.frl\/frl\/winkel\/skoare-by-fc-top\/\" \/>\n<meta property=\"og:locale\" content=\"fy_NL\" \/>\n<meta property=\"og:type\" content=\"article\" \/>\n<meta property=\"og:title\" content=\"Skoare by FC Top\" \/>\n<meta property=\"og:description\" content=\"Skoare by FC Top\" \/>\n<meta property=\"og:url\" content=\"https:\/\/websjop.afuk.frl\/frl\/winkel\/skoare-by-fc-top\/\" \/>\n<meta property=\"og:site_name\" content=\"Af\u00fbk Websjop\" \/>\n<meta property=\"article:modified_time\" content=\"2025-08-20T08:16:10+00:00\" \/>\n<meta property=\"og:image\" content=\"https:\/\/websjop.afuk.frl\/wp-content\/uploads\/2014\/09\/products-product_4678_0_11.jpg\" \/>\n\t<meta property=\"og:image:width\" content=\"1796\" \/>\n\t<meta property=\"og:image:height\" content=\"2657\" \/>\n\t<meta property=\"og:image:type\" content=\"image\/jpeg\" \/>\n<meta name=\"twitter:card\" content=\"summary_large_image\" \/>\n<meta name=\"twitter:label1\" content=\"Est. reading time\" \/>\n\t<meta name=\"twitter:data1\" content=\"1 minute\" \/>\n<script type=\"application\/ld+json\" class=\"yoast-schema-graph\">{\"@context\":\"https:\\\/\\\/schema.org\",\"@graph\":[{\"@type\":\"WebPage\",\"@id\":\"https:\\\/\\\/websjop.afuk.frl\\\/frl\\\/winkel\\\/skoare-by-fc-top\\\/\",\"url\":\"https:\\\/\\\/websjop.afuk.frl\\\/frl\\\/winkel\\\/skoare-by-fc-top\\\/\",\"name\":\"Skoare by FC Top\",\"isPartOf\":{\"@id\":\"https:\\\/\\\/websjop.afuk.frl\\\/frl\\\/#website\"},\"primaryImageOfPage\":{\"@id\":\"https:\\\/\\\/websjop.afuk.frl\\\/frl\\\/winkel\\\/skoare-by-fc-top\\\/#primaryimage\"},\"image\":{\"@id\":\"https:\\\/\\\/websjop.afuk.frl\\\/frl\\\/winkel\\\/skoare-by-fc-top\\\/#primaryimage\"},\"thumbnailUrl\":\"https:\\\/\\\/websjop.afuk.frl\\\/wp-content\\\/uploads\\\/2014\\\/09\\\/products-product_4678_0_11.jpg\",\"datePublished\":\"2014-09-09T15:13:54+00:00\",\"dateModified\":\"2025-08-20T08:16:10+00:00\",\"description\":\"Skoare by FC Top\",\"breadcrumb\":{\"@id\":\"https:\\\/\\\/websjop.afuk.frl\\\/frl\\\/winkel\\\/skoare-by-fc-top\\\/#breadcrumb\"},\"inLanguage\":\"fy-NL\",\"potentialAction\":[{\"@type\":\"ReadAction\",\"target\":[\"https:\\\/\\\/websjop.afuk.frl\\\/frl\\\/winkel\\\/skoare-by-fc-top\\\/\"]}]},{\"@type\":\"ImageObject\",\"inLanguage\":\"fy-NL\",\"@id\":\"https:\\\/\\\/websjop.afuk.frl\\\/frl\\\/winkel\\\/skoare-by-fc-top\\\/#primaryimage\",\"url\":\"https:\\\/\\\/websjop.afuk.frl\\\/wp-content\\\/uploads\\\/2014\\\/09\\\/products-product_4678_0_11.jpg\",\"contentUrl\":\"https:\\\/\\\/websjop.afuk.frl\\\/wp-content\\\/uploads\\\/2014\\\/09\\\/products-product_4678_0_11.jpg\",\"width\":1796,\"height\":2657,\"caption\":\"Skoare by FC Top\"},{\"@type\":\"BreadcrumbList\",\"@id\":\"https:\\\/\\\/websjop.afuk.frl\\\/frl\\\/winkel\\\/skoare-by-fc-top\\\/#breadcrumb\",\"itemListElement\":[{\"@type\":\"ListItem\",\"position\":1,\"name\":\"Home\",\"item\":\"https:\\\/\\\/websjop.afuk.frl\\\/frl\\\/\"},{\"@type\":\"ListItem\",\"position\":2,\"name\":\"Winkel\",\"item\":\"https:\\\/\\\/websjop.afuk.frl\\\/nl\\\/winkel\\\/\"},{\"@type\":\"ListItem\",\"position\":3,\"name\":\"Skoare by FC Top\"}]},{\"@type\":\"WebSite\",\"@id\":\"https:\\\/\\\/websjop.afuk.frl\\\/frl\\\/#website\",\"url\":\"https:\\\/\\\/websjop.afuk.frl\\\/frl\\\/\",\"name\":\"Af\u00fbk Websjop\",\"description\":\"\",\"potentialAction\":[{\"@type\":\"SearchAction\",\"target\":{\"@type\":\"EntryPoint\",\"urlTemplate\":\"https:\\\/\\\/websjop.afuk.frl\\\/frl\\\/?s={search_term_string}\"},\"query-input\":{\"@type\":\"PropertyValueSpecification\",\"valueRequired\":true,\"valueName\":\"search_term_string\"}}],\"inLanguage\":\"fy-NL\"}]}<\/script>\n<!-- \/ Yoast SEO plugin. -->","yoast_head_json":{"title":"Skoare by FC Top","description":"Skoare by FC Top","robots":{"index":"index","follow":"follow","max-snippet":"max-snippet:-1","max-image-preview":"max-image-preview:large","max-video-preview":"max-video-preview:-1"},"canonical":"https:\/\/websjop.afuk.frl\/frl\/winkel\/skoare-by-fc-top\/","og_locale":"fy_NL","og_type":"article","og_title":"Skoare by FC Top","og_description":"Skoare by FC Top","og_url":"https:\/\/websjop.afuk.frl\/frl\/winkel\/skoare-by-fc-top\/","og_site_name":"Af\u00fbk Websjop","article_modified_time":"2025-08-20T08:16:10+00:00","og_image":[{"width":1796,"height":2657,"url":"https:\/\/websjop.afuk.frl\/wp-content\/uploads\/2014\/09\/products-product_4678_0_11.jpg","type":"image\/jpeg"}],"twitter_card":"summary_large_image","twitter_misc":{"Est. reading time":"1 minute"},"schema":{"@context":"https:\/\/schema.org","@graph":[{"@type":"WebPage","@id":"https:\/\/websjop.afuk.frl\/frl\/winkel\/skoare-by-fc-top\/","url":"https:\/\/websjop.afuk.frl\/frl\/winkel\/skoare-by-fc-top\/","name":"Skoare by FC Top","isPartOf":{"@id":"https:\/\/websjop.afuk.frl\/frl\/#website"},"primaryImageOfPage":{"@id":"https:\/\/websjop.afuk.frl\/frl\/winkel\/skoare-by-fc-top\/#primaryimage"},"image":{"@id":"https:\/\/websjop.afuk.frl\/frl\/winkel\/skoare-by-fc-top\/#primaryimage"},"thumbnailUrl":"https:\/\/websjop.afuk.frl\/wp-content\/uploads\/2014\/09\/products-product_4678_0_11.jpg","datePublished":"2014-09-09T15:13:54+00:00","dateModified":"2025-08-20T08:16:10+00:00","description":"Skoare by FC Top","breadcrumb":{"@id":"https:\/\/websjop.afuk.frl\/frl\/winkel\/skoare-by-fc-top\/#breadcrumb"},"inLanguage":"fy-NL","potentialAction":[{"@type":"ReadAction","target":["https:\/\/websjop.afuk.frl\/frl\/winkel\/skoare-by-fc-top\/"]}]},{"@type":"ImageObject","inLanguage":"fy-NL","@id":"https:\/\/websjop.afuk.frl\/frl\/winkel\/skoare-by-fc-top\/#primaryimage","url":"https:\/\/websjop.afuk.frl\/wp-content\/uploads\/2014\/09\/products-product_4678_0_11.jpg","contentUrl":"https:\/\/websjop.afuk.frl\/wp-content\/uploads\/2014\/09\/products-product_4678_0_11.jpg","width":1796,"height":2657,"caption":"Skoare by FC Top"},{"@type":"BreadcrumbList","@id":"https:\/\/websjop.afuk.frl\/frl\/winkel\/skoare-by-fc-top\/#breadcrumb","itemListElement":[{"@type":"ListItem","position":1,"name":"Home","item":"https:\/\/websjop.afuk.frl\/frl\/"},{"@type":"ListItem","position":2,"name":"Winkel","item":"https:\/\/websjop.afuk.frl\/nl\/winkel\/"},{"@type":"ListItem","position":3,"name":"Skoare by FC Top"}]},{"@type":"WebSite","@id":"https:\/\/websjop.afuk.frl\/frl\/#website","url":"https:\/\/websjop.afuk.frl\/frl\/","name":"Af\u00fbk Websjop","description":"","potentialAction":[{"@type":"SearchAction","target":{"@type":"EntryPoint","urlTemplate":"https:\/\/websjop.afuk.frl\/frl\/?s={search_term_string}"},"query-input":{"@type":"PropertyValueSpecification","valueRequired":true,"valueName":"search_term_string"}}],"inLanguage":"fy-NL"}]}},"_links":{"self":[{"href":"https:\/\/websjop.afuk.frl\/frl\/wp-json\/wp\/v2\/product\/6927","targetHints":{"allow":["GET"]}}],"collection":[{"href":"https:\/\/websjop.afuk.frl\/frl\/wp-json\/wp\/v2\/product"}],"about":[{"href":"https:\/\/websjop.afuk.frl\/frl\/wp-json\/wp\/v2\/types\/product"}],"replies":[{"embeddable":true,"href":"https:\/\/websjop.afuk.frl\/frl\/wp-json\/wp\/v2\/comments?post=6927"}],"wp:featuredmedia":[{"embeddable":true,"href":"https:\/\/websjop.afuk.frl\/frl\/wp-json\/wp\/v2\/media\/6928"}],"wp:attachment":[{"href":"https:\/\/websjop.afuk.frl\/frl\/wp-json\/wp\/v2\/media?parent=6927"}],"wp:term":[{"taxonomy":"product_brand","embeddable":true,"href":"https:\/\/websjop.afuk.frl\/frl\/wp-json\/wp\/v2\/product_brand?post=6927"},{"taxonomy":"product_cat","embeddable":true,"href":"https:\/\/websjop.afuk.frl\/frl\/wp-json\/wp\/v2\/product_cat?post=6927"},{"taxonomy":"product_tag","embeddable":true,"href":"https:\/\/websjop.afuk.frl\/frl\/wp-json\/wp\/v2\/product_tag?post=6927"}],"curies":[{"name":"wp","href":"https:\/\/api.w.org\/{rel}","templated":true}]}}