{"id":6914,"date":"2014-10-08T06:26:48","date_gmt":"2014-10-08T05:26:48","guid":{"rendered":"https:\/\/websjop.bwhontwerpers.nl\/?post_type=product&#038;p=6914"},"modified":"2019-11-05T16:00:30","modified_gmt":"2019-11-05T15:00:30","slug":"sunder-garansje-audio","status":"publish","type":"product","link":"https:\/\/websjop.afuk.frl\/frl\/winkel\/sunder-garansje-audio\/","title":{"rendered":"S\u00fbnder gar\u00e2nsje &#8211; Audioboek"},"content":{"rendered":"<p><em><strong>L\u00fasterboek<\/strong><\/em><\/p>\n<p><em>&#8230; Kwea-aardich. In kwea-aardige tumor. Wat hold dat yn? Wat hie sa&#8217;n ding mei har lichem? Hoefier siet it fierder al troch har lichem? En wat woene se mei har lymfeklieren? W\u00ear sieten dy dingen eins? Dat se dat net iens wist. &#8216;Se wiene mis, Hilda, finaal mis,&#8217; dat sei Freark. &#8216;Dyn k\u00e2nsen binne goed,&#8217; dat sei er ek. Hoe goed? Wat moast in minske mei k\u00e2nsen as it om syn libben gong! In minske woe wissens, gar\u00e2nsje&#8230;<\/em><\/p>\n<p>In fragmint \u00fat dizze tredde roman fan Froukje Annema, <em>S\u00fbnder gar\u00e2nsje<\/em>. It is it ferhaal fan de frou dy&#8217;t samar fan in s\u00fbn minske yn in kankerpasjinte wurdt. Op yngeande wize is yn dizze roman beskreaun wat oer de haadpersoan Hilda en har neisten hinne komt en wat it betsjut fierder libje te moatten &#8216;s\u00fbnder gar\u00e2nsje&#8217;. Froukje Annema (1941-1998), hat grutte bekendheid krigen mei fiif ferhalebondels en de romans <em>Twasprong<\/em> en <em>Maleur yn maaie<\/em>. Troch har flotte ferteltrant, skerp observearjen fan minsken en sitewaasjes, sprekt de skriuwster in grut tal l\u00eazers oan. Dat sil grif ek it gefal w\u00eaze mei <em>S\u00fbnder gar\u00e2nsje<\/em>.<\/p>\n<p>Foarl\u00eazen troch Grytsje Reitsma-Snoek<\/p>\n<p>5 cd&#8217;s<\/p>\n","protected":false},"excerpt":{"rendered":"<p>l\u00eazen troch Grytsje Reitsma-Snoek<\/p>\n","protected":false},"featured_media":6915,"comment_status":"closed","ping_status":"closed","template":"","meta":{"_acf_changed":false},"product_brand":[],"product_cat":[535,547],"product_tag":[5780,5781,5788],"class_list":{"0":"post-6914","1":"product","2":"type-product","3":"status-publish","4":"has-post-thumbnail","6":"product_cat-fryske-boeken","7":"product_cat-lusterboeken","8":"product_tag-audioboek","9":"product_tag-lusterboeken","10":"product_tag-sunder-garansje","11":"product_shipping_class-brievenbus-verzending","12":"pa_auteur-froukje-annema-2","13":"pa_isbn-1344","14":"pa_taal-frysk","15":"pa_uitgever-audiofrysk","17":"first","18":"instock","19":"taxable","20":"shipping-taxable","21":"purchasable","22":"product-type-simple"},"acf":[],"yoast_head":"<!-- This site is optimized with the Yoast SEO plugin v27.2 - https:\/\/yoast.com\/product\/yoast-seo-wordpress\/ -->\n<title>S\u00fbnder gar\u00e2nsje - Audio<\/title>\n<meta name=\"description\" content=\"l\u00eazen troch Grytsje Reitsma-Snoek\" \/>\n<meta name=\"robots\" content=\"index, follow, max-snippet:-1, max-image-preview:large, max-video-preview:-1\" \/>\n<link rel=\"canonical\" href=\"https:\/\/websjop.afuk.frl\/frl\/winkel\/sunder-garansje-audio\/\" \/>\n<meta property=\"og:locale\" content=\"fy_NL\" \/>\n<meta property=\"og:type\" content=\"article\" \/>\n<meta property=\"og:title\" content=\"S\u00fbnder gar\u00e2nsje - Audio\" \/>\n<meta property=\"og:description\" content=\"l\u00eazen troch Grytsje Reitsma-Snoek\" \/>\n<meta property=\"og:url\" content=\"https:\/\/websjop.afuk.frl\/frl\/winkel\/sunder-garansje-audio\/\" \/>\n<meta property=\"og:site_name\" content=\"Af\u00fbk Websjop\" \/>\n<meta property=\"article:modified_time\" content=\"2019-11-05T15:00:30+00:00\" \/>\n<meta property=\"og:image\" content=\"https:\/\/websjop.afuk.frl\/wp-content\/uploads\/2014\/09\/products-product_3693_0.jpg\" \/>\n\t<meta property=\"og:image:width\" content=\"300\" \/>\n\t<meta property=\"og:image:height\" content=\"428\" \/>\n\t<meta property=\"og:image:type\" content=\"image\/jpeg\" \/>\n<meta name=\"twitter:card\" content=\"summary_large_image\" \/>\n<meta name=\"twitter:label1\" content=\"Est. reading time\" \/>\n\t<meta name=\"twitter:data1\" content=\"1 minute\" \/>\n<script type=\"application\/ld+json\" class=\"yoast-schema-graph\">{\"@context\":\"https:\/\/schema.org\",\"@graph\":[{\"@type\":\"WebPage\",\"@id\":\"https:\/\/websjop.afuk.frl\/frl\/winkel\/sunder-garansje-audio\/\",\"url\":\"https:\/\/websjop.afuk.frl\/frl\/winkel\/sunder-garansje-audio\/\",\"name\":\"S\u00fbnder gar\u00e2nsje - Audio\",\"isPartOf\":{\"@id\":\"https:\/\/websjop.afuk.frl\/frl\/#website\"},\"primaryImageOfPage\":{\"@id\":\"https:\/\/websjop.afuk.frl\/frl\/winkel\/sunder-garansje-audio\/#primaryimage\"},\"image\":{\"@id\":\"https:\/\/websjop.afuk.frl\/frl\/winkel\/sunder-garansje-audio\/#primaryimage\"},\"thumbnailUrl\":\"https:\/\/websjop.afuk.frl\/wp-content\/uploads\/2014\/09\/products-product_3693_0.jpg\",\"datePublished\":\"2014-10-08T05:26:48+00:00\",\"dateModified\":\"2019-11-05T15:00:30+00:00\",\"description\":\"l\u00eazen troch Grytsje Reitsma-Snoek\",\"breadcrumb\":{\"@id\":\"https:\/\/websjop.afuk.frl\/frl\/winkel\/sunder-garansje-audio\/#breadcrumb\"},\"inLanguage\":\"fy-NL\",\"potentialAction\":[{\"@type\":\"ReadAction\",\"target\":[\"https:\/\/websjop.afuk.frl\/frl\/winkel\/sunder-garansje-audio\/\"]}]},{\"@type\":\"ImageObject\",\"inLanguage\":\"fy-NL\",\"@id\":\"https:\/\/websjop.afuk.frl\/frl\/winkel\/sunder-garansje-audio\/#primaryimage\",\"url\":\"https:\/\/websjop.afuk.frl\/wp-content\/uploads\/2014\/09\/products-product_3693_0.jpg\",\"contentUrl\":\"https:\/\/websjop.afuk.frl\/wp-content\/uploads\/2014\/09\/products-product_3693_0.jpg\",\"width\":300,\"height\":428,\"caption\":\"S\u00fbnder gar\u00e2nsje - Audioboek\"},{\"@type\":\"BreadcrumbList\",\"@id\":\"https:\/\/websjop.afuk.frl\/frl\/winkel\/sunder-garansje-audio\/#breadcrumb\",\"itemListElement\":[{\"@type\":\"ListItem\",\"position\":1,\"name\":\"Home\",\"item\":\"https:\/\/websjop.afuk.frl\/frl\/\"},{\"@type\":\"ListItem\",\"position\":2,\"name\":\"Winkel\",\"item\":\"https:\/\/websjop.afuk.frl\/nl\/winkel\/\"},{\"@type\":\"ListItem\",\"position\":3,\"name\":\"S\u00fbnder gar\u00e2nsje &#8211; Audioboek\"}]},{\"@type\":\"WebSite\",\"@id\":\"https:\/\/websjop.afuk.frl\/frl\/#website\",\"url\":\"https:\/\/websjop.afuk.frl\/frl\/\",\"name\":\"Af\u00fbk Websjop\",\"description\":\"\",\"potentialAction\":[{\"@type\":\"SearchAction\",\"target\":{\"@type\":\"EntryPoint\",\"urlTemplate\":\"https:\/\/websjop.afuk.frl\/frl\/?s={search_term_string}\"},\"query-input\":{\"@type\":\"PropertyValueSpecification\",\"valueRequired\":true,\"valueName\":\"search_term_string\"}}],\"inLanguage\":\"fy-NL\"}]}<\/script>\n<!-- \/ Yoast SEO plugin. -->","yoast_head_json":{"title":"S\u00fbnder gar\u00e2nsje - Audio","description":"l\u00eazen troch Grytsje Reitsma-Snoek","robots":{"index":"index","follow":"follow","max-snippet":"max-snippet:-1","max-image-preview":"max-image-preview:large","max-video-preview":"max-video-preview:-1"},"canonical":"https:\/\/websjop.afuk.frl\/frl\/winkel\/sunder-garansje-audio\/","og_locale":"fy_NL","og_type":"article","og_title":"S\u00fbnder gar\u00e2nsje - Audio","og_description":"l\u00eazen troch Grytsje Reitsma-Snoek","og_url":"https:\/\/websjop.afuk.frl\/frl\/winkel\/sunder-garansje-audio\/","og_site_name":"Af\u00fbk Websjop","article_modified_time":"2019-11-05T15:00:30+00:00","og_image":[{"width":300,"height":428,"url":"https:\/\/websjop.afuk.frl\/wp-content\/uploads\/2014\/09\/products-product_3693_0.jpg","type":"image\/jpeg"}],"twitter_card":"summary_large_image","twitter_misc":{"Est. reading time":"1 minute"},"schema":{"@context":"https:\/\/schema.org","@graph":[{"@type":"WebPage","@id":"https:\/\/websjop.afuk.frl\/frl\/winkel\/sunder-garansje-audio\/","url":"https:\/\/websjop.afuk.frl\/frl\/winkel\/sunder-garansje-audio\/","name":"S\u00fbnder gar\u00e2nsje - Audio","isPartOf":{"@id":"https:\/\/websjop.afuk.frl\/frl\/#website"},"primaryImageOfPage":{"@id":"https:\/\/websjop.afuk.frl\/frl\/winkel\/sunder-garansje-audio\/#primaryimage"},"image":{"@id":"https:\/\/websjop.afuk.frl\/frl\/winkel\/sunder-garansje-audio\/#primaryimage"},"thumbnailUrl":"https:\/\/websjop.afuk.frl\/wp-content\/uploads\/2014\/09\/products-product_3693_0.jpg","datePublished":"2014-10-08T05:26:48+00:00","dateModified":"2019-11-05T15:00:30+00:00","description":"l\u00eazen troch Grytsje Reitsma-Snoek","breadcrumb":{"@id":"https:\/\/websjop.afuk.frl\/frl\/winkel\/sunder-garansje-audio\/#breadcrumb"},"inLanguage":"fy-NL","potentialAction":[{"@type":"ReadAction","target":["https:\/\/websjop.afuk.frl\/frl\/winkel\/sunder-garansje-audio\/"]}]},{"@type":"ImageObject","inLanguage":"fy-NL","@id":"https:\/\/websjop.afuk.frl\/frl\/winkel\/sunder-garansje-audio\/#primaryimage","url":"https:\/\/websjop.afuk.frl\/wp-content\/uploads\/2014\/09\/products-product_3693_0.jpg","contentUrl":"https:\/\/websjop.afuk.frl\/wp-content\/uploads\/2014\/09\/products-product_3693_0.jpg","width":300,"height":428,"caption":"S\u00fbnder gar\u00e2nsje - Audioboek"},{"@type":"BreadcrumbList","@id":"https:\/\/websjop.afuk.frl\/frl\/winkel\/sunder-garansje-audio\/#breadcrumb","itemListElement":[{"@type":"ListItem","position":1,"name":"Home","item":"https:\/\/websjop.afuk.frl\/frl\/"},{"@type":"ListItem","position":2,"name":"Winkel","item":"https:\/\/websjop.afuk.frl\/nl\/winkel\/"},{"@type":"ListItem","position":3,"name":"S\u00fbnder gar\u00e2nsje &#8211; Audioboek"}]},{"@type":"WebSite","@id":"https:\/\/websjop.afuk.frl\/frl\/#website","url":"https:\/\/websjop.afuk.frl\/frl\/","name":"Af\u00fbk Websjop","description":"","potentialAction":[{"@type":"SearchAction","target":{"@type":"EntryPoint","urlTemplate":"https:\/\/websjop.afuk.frl\/frl\/?s={search_term_string}"},"query-input":{"@type":"PropertyValueSpecification","valueRequired":true,"valueName":"search_term_string"}}],"inLanguage":"fy-NL"}]}},"_links":{"self":[{"href":"https:\/\/websjop.afuk.frl\/frl\/wp-json\/wp\/v2\/product\/6914","targetHints":{"allow":["GET"]}}],"collection":[{"href":"https:\/\/websjop.afuk.frl\/frl\/wp-json\/wp\/v2\/product"}],"about":[{"href":"https:\/\/websjop.afuk.frl\/frl\/wp-json\/wp\/v2\/types\/product"}],"replies":[{"embeddable":true,"href":"https:\/\/websjop.afuk.frl\/frl\/wp-json\/wp\/v2\/comments?post=6914"}],"wp:featuredmedia":[{"embeddable":true,"href":"https:\/\/websjop.afuk.frl\/frl\/wp-json\/wp\/v2\/media\/6915"}],"wp:attachment":[{"href":"https:\/\/websjop.afuk.frl\/frl\/wp-json\/wp\/v2\/media?parent=6914"}],"wp:term":[{"taxonomy":"product_brand","embeddable":true,"href":"https:\/\/websjop.afuk.frl\/frl\/wp-json\/wp\/v2\/product_brand?post=6914"},{"taxonomy":"product_cat","embeddable":true,"href":"https:\/\/websjop.afuk.frl\/frl\/wp-json\/wp\/v2\/product_cat?post=6914"},{"taxonomy":"product_tag","embeddable":true,"href":"https:\/\/websjop.afuk.frl\/frl\/wp-json\/wp\/v2\/product_tag?post=6914"}],"curies":[{"name":"wp","href":"https:\/\/api.w.org\/{rel}","templated":true}]}}