{"id":52986,"date":"2026-03-09T10:28:34","date_gmt":"2026-03-09T09:28:34","guid":{"rendered":"https:\/\/websjop.afuk.frl\/frl\/?post_type=product&#038;p=52986"},"modified":"2026-04-01T09:45:58","modified_gmt":"2026-04-01T07:45:58","slug":"duko-bodelasse-syn-jonge-jierren-zijn-jonge-jaren","status":"publish","type":"product","link":"https:\/\/websjop.afuk.frl\/frl\/winkel\/duko-bodelasse-syn-jonge-jierren-zijn-jonge-jaren\/","title":{"rendered":"Duko Bodelasse syn jonge jierren\/zijn jonge jaren"},"content":{"rendered":"<p>Dit boek gaat over de jonge jaren van de vader van de schrijver, de musicus Ybe Sjoerd Rusticus. Hij studeerde cello, zang, orkestdirectie, orgel, piano en muziektheorie. Van 1929-1978 was hij organist van de Martinikerk in Sneek en muziekleraar. Klaas Rusticus noemt hem in het boek niet bij zijn echte naam, maar Duko Bodelasse.<\/p>\n<p>\u2018<em>Ik kan beter over zijn jonge leven vertellen als hij op afstand blijft; hoe verder hij weg is, hoe dichter ik bij hem kom. Iedereen mag evenwel weten wie hij voor mij is geweest: een onnaspeurbare persoonlijkheid die me gedurig voor raadsels stelde.\u2019<\/em><\/p>\n<p>Zijn jonge leven wordt in het boek bepaald door gezondheidsproblemen, het geloofsbeleven van zijn ouders, de muziekstudie, het wegdrijven van het geloof en het daarin opnieuw\u00a0 vinden van vastigheid en daarmee verbonden zijn uiteindelijke bestemming.<\/p>\n<p>&nbsp;<\/p>\n","protected":false},"excerpt":{"rendered":"<p>Dit boek giet oer de jonge jierren fan de skriuwer syn heit, de musikus Ybe Sjoerd Rusticus.Hy studearre sello, sang, orkestdireksje, oargel, piano en muzykteory. Fan 1929-1978 wie er oargelist fan de Martinitsjerke yn Snits en muzyklearaar.<\/p>\n<p>Klaas Rusticus neamt him yn it boek net by syn echte namme, mar Duko Bodelasse. \u2018<em>Ik kin better oer syn jonge libben fertelle as hy op \u00f4fst\u00e2n bliuwt: wat fierder as er wei is, wat tichter as ik by him kom. Eltsenien mei lykwols witte wa\u2019t er foar my west hat: in unbefiembere persoanlikheid dy\u2019t my algeduerigen foar riedsels stelde.\u2019<\/em><\/p>\n<p>Syn jonge libben wurdt yn it boek beskaat troch s\u00fbnensswierrichheden, it leauwensbelibjen fan syn heit en mem, de muzykst\u00fadzje, it weidriuwen fan it leauwe en it op \u2019en nij finen fan f\u00eastichheid d\u00earyn en d\u00earmei ferb\u00fbn lang om let syn \u00fateinlike bestimming.<\/p>\n<p>&nbsp;<\/p>\n","protected":false},"featured_media":52994,"comment_status":"closed","ping_status":"closed","template":"","meta":{"_acf_changed":false},"product_brand":[],"product_cat":[11596,1037,535,544,546,539],"product_tag":[5237,24667,24670,24669,19509,24671,24668],"class_list":{"0":"post-52986","1":"product","2":"type-product","3":"status-publish","4":"has-post-thumbnail","6":"product_cat-afuk-boeketip-10","7":"product_cat-biografy","8":"product_cat-fryske-boeken","9":"product_cat-keunst-en-kultuer","10":"product_cat-muzyk","11":"product_cat-skiednis","12":"product_tag-biografy","13":"product_tag-duko-bodelasse","14":"product_tag-jonge-jaren","15":"product_tag-jonge-jierren","16":"product_tag-klaas-rusticus","17":"product_tag-musicus","18":"product_tag-ybe-sjoerd-rusticus","19":"product_shipping_class-brievenbus-verzending","20":"pa_auteur-klaas-rusticus-2","21":"pa_isbn-24665","22":"pa_new-label-1-3","23":"pa_taal-frysk-nederlansk","24":"pa_uitgever-hispel","26":"first","27":"instock","28":"taxable","29":"shipping-taxable","30":"purchasable","31":"product-type-simple"},"acf":[],"yoast_head":"<!-- This site is optimized with the Yoast SEO plugin v27.3 - https:\/\/yoast.com\/product\/yoast-seo-wordpress\/ -->\n<title>Duko Bodelasse syn jonge jierren\/zijn jonge jaren &#8211; Af\u00fbk Websjop<\/title>\n<meta name=\"description\" content=\"Duko Bodelasse gaat over de jonge jaren van de vader van de schrijver, de musicus Ybe Sjoerd Rusticus. Hij studeerde o.a.cello, zang, orkestdirectie en orgel.\" \/>\n<meta name=\"robots\" content=\"index, follow, max-snippet:-1, max-image-preview:large, max-video-preview:-1\" \/>\n<link rel=\"canonical\" href=\"https:\/\/websjop.afuk.frl\/frl\/winkel\/duko-bodelasse-syn-jonge-jierren-zijn-jonge-jaren\/\" \/>\n<meta property=\"og:locale\" content=\"fy_NL\" \/>\n<meta property=\"og:type\" content=\"article\" \/>\n<meta property=\"og:title\" content=\"Duko Bodelasse syn jonge jierren\/zijn jonge jaren &#8211; Af\u00fbk Websjop\" \/>\n<meta property=\"og:description\" content=\"Duko Bodelasse gaat over de jonge jaren van de vader van de schrijver, de musicus Ybe Sjoerd Rusticus. Hij studeerde o.a.cello, zang, orkestdirectie en orgel.\" \/>\n<meta property=\"og:url\" content=\"https:\/\/websjop.afuk.frl\/frl\/winkel\/duko-bodelasse-syn-jonge-jierren-zijn-jonge-jaren\/\" \/>\n<meta property=\"og:site_name\" content=\"Af\u00fbk Websjop\" \/>\n<meta property=\"article:modified_time\" content=\"2026-04-01T07:45:58+00:00\" \/>\n<meta property=\"og:image\" content=\"https:\/\/websjop.afuk.frl\/wp-content\/uploads\/2026\/03\/Duko-Bodelasse033.jpg\" \/>\n\t<meta property=\"og:image:width\" content=\"437\" \/>\n\t<meta property=\"og:image:height\" content=\"618\" \/>\n\t<meta property=\"og:image:type\" content=\"image\/jpeg\" \/>\n<meta name=\"twitter:card\" content=\"summary_large_image\" \/>\n<meta name=\"twitter:label1\" content=\"Est. reading time\" \/>\n\t<meta name=\"twitter:data1\" content=\"2 minutes\" \/>\n<script type=\"application\/ld+json\" class=\"yoast-schema-graph\">{\"@context\":\"https:\\\/\\\/schema.org\",\"@graph\":[{\"@type\":\"WebPage\",\"@id\":\"https:\\\/\\\/websjop.afuk.frl\\\/frl\\\/winkel\\\/duko-bodelasse-syn-jonge-jierren-zijn-jonge-jaren\\\/\",\"url\":\"https:\\\/\\\/websjop.afuk.frl\\\/frl\\\/winkel\\\/duko-bodelasse-syn-jonge-jierren-zijn-jonge-jaren\\\/\",\"name\":\"Duko Bodelasse syn jonge jierren\\\/zijn jonge jaren &#8211; Af\u00fbk Websjop\",\"isPartOf\":{\"@id\":\"https:\\\/\\\/websjop.afuk.frl\\\/frl\\\/#website\"},\"primaryImageOfPage\":{\"@id\":\"https:\\\/\\\/websjop.afuk.frl\\\/frl\\\/winkel\\\/duko-bodelasse-syn-jonge-jierren-zijn-jonge-jaren\\\/#primaryimage\"},\"image\":{\"@id\":\"https:\\\/\\\/websjop.afuk.frl\\\/frl\\\/winkel\\\/duko-bodelasse-syn-jonge-jierren-zijn-jonge-jaren\\\/#primaryimage\"},\"thumbnailUrl\":\"https:\\\/\\\/websjop.afuk.frl\\\/wp-content\\\/uploads\\\/2026\\\/03\\\/Duko-Bodelasse033.jpg\",\"datePublished\":\"2026-03-09T09:28:34+00:00\",\"dateModified\":\"2026-04-01T07:45:58+00:00\",\"description\":\"Duko Bodelasse gaat over de jonge jaren van de vader van de schrijver, de musicus Ybe Sjoerd Rusticus. Hij studeerde o.a.cello, zang, orkestdirectie en orgel.\",\"breadcrumb\":{\"@id\":\"https:\\\/\\\/websjop.afuk.frl\\\/frl\\\/winkel\\\/duko-bodelasse-syn-jonge-jierren-zijn-jonge-jaren\\\/#breadcrumb\"},\"inLanguage\":\"fy-NL\",\"potentialAction\":[{\"@type\":\"ReadAction\",\"target\":[\"https:\\\/\\\/websjop.afuk.frl\\\/frl\\\/winkel\\\/duko-bodelasse-syn-jonge-jierren-zijn-jonge-jaren\\\/\"]}]},{\"@type\":\"ImageObject\",\"inLanguage\":\"fy-NL\",\"@id\":\"https:\\\/\\\/websjop.afuk.frl\\\/frl\\\/winkel\\\/duko-bodelasse-syn-jonge-jierren-zijn-jonge-jaren\\\/#primaryimage\",\"url\":\"https:\\\/\\\/websjop.afuk.frl\\\/wp-content\\\/uploads\\\/2026\\\/03\\\/Duko-Bodelasse033.jpg\",\"contentUrl\":\"https:\\\/\\\/websjop.afuk.frl\\\/wp-content\\\/uploads\\\/2026\\\/03\\\/Duko-Bodelasse033.jpg\",\"width\":437,\"height\":618},{\"@type\":\"BreadcrumbList\",\"@id\":\"https:\\\/\\\/websjop.afuk.frl\\\/frl\\\/winkel\\\/duko-bodelasse-syn-jonge-jierren-zijn-jonge-jaren\\\/#breadcrumb\",\"itemListElement\":[{\"@type\":\"ListItem\",\"position\":1,\"name\":\"Home\",\"item\":\"https:\\\/\\\/websjop.afuk.frl\\\/frl\\\/\"},{\"@type\":\"ListItem\",\"position\":2,\"name\":\"Winkel\",\"item\":\"https:\\\/\\\/websjop.afuk.frl\\\/nl\\\/winkel\\\/\"},{\"@type\":\"ListItem\",\"position\":3,\"name\":\"Duko Bodelasse syn jonge jierren\\\/zijn jonge jaren\"}]},{\"@type\":\"WebSite\",\"@id\":\"https:\\\/\\\/websjop.afuk.frl\\\/frl\\\/#website\",\"url\":\"https:\\\/\\\/websjop.afuk.frl\\\/frl\\\/\",\"name\":\"Af\u00fbk Websjop\",\"description\":\"\",\"potentialAction\":[{\"@type\":\"SearchAction\",\"target\":{\"@type\":\"EntryPoint\",\"urlTemplate\":\"https:\\\/\\\/websjop.afuk.frl\\\/frl\\\/?s={search_term_string}\"},\"query-input\":{\"@type\":\"PropertyValueSpecification\",\"valueRequired\":true,\"valueName\":\"search_term_string\"}}],\"inLanguage\":\"fy-NL\"}]}<\/script>\n<!-- \/ Yoast SEO plugin. -->","yoast_head_json":{"title":"Duko Bodelasse syn jonge jierren\/zijn jonge jaren &#8211; Af\u00fbk Websjop","description":"Duko Bodelasse gaat over de jonge jaren van de vader van de schrijver, de musicus Ybe Sjoerd Rusticus. Hij studeerde o.a.cello, zang, orkestdirectie en orgel.","robots":{"index":"index","follow":"follow","max-snippet":"max-snippet:-1","max-image-preview":"max-image-preview:large","max-video-preview":"max-video-preview:-1"},"canonical":"https:\/\/websjop.afuk.frl\/frl\/winkel\/duko-bodelasse-syn-jonge-jierren-zijn-jonge-jaren\/","og_locale":"fy_NL","og_type":"article","og_title":"Duko Bodelasse syn jonge jierren\/zijn jonge jaren &#8211; Af\u00fbk Websjop","og_description":"Duko Bodelasse gaat over de jonge jaren van de vader van de schrijver, de musicus Ybe Sjoerd Rusticus. Hij studeerde o.a.cello, zang, orkestdirectie en orgel.","og_url":"https:\/\/websjop.afuk.frl\/frl\/winkel\/duko-bodelasse-syn-jonge-jierren-zijn-jonge-jaren\/","og_site_name":"Af\u00fbk Websjop","article_modified_time":"2026-04-01T07:45:58+00:00","og_image":[{"width":437,"height":618,"url":"https:\/\/websjop.afuk.frl\/wp-content\/uploads\/2026\/03\/Duko-Bodelasse033.jpg","type":"image\/jpeg"}],"twitter_card":"summary_large_image","twitter_misc":{"Est. reading time":"2 minutes"},"schema":{"@context":"https:\/\/schema.org","@graph":[{"@type":"WebPage","@id":"https:\/\/websjop.afuk.frl\/frl\/winkel\/duko-bodelasse-syn-jonge-jierren-zijn-jonge-jaren\/","url":"https:\/\/websjop.afuk.frl\/frl\/winkel\/duko-bodelasse-syn-jonge-jierren-zijn-jonge-jaren\/","name":"Duko Bodelasse syn jonge jierren\/zijn jonge jaren &#8211; Af\u00fbk Websjop","isPartOf":{"@id":"https:\/\/websjop.afuk.frl\/frl\/#website"},"primaryImageOfPage":{"@id":"https:\/\/websjop.afuk.frl\/frl\/winkel\/duko-bodelasse-syn-jonge-jierren-zijn-jonge-jaren\/#primaryimage"},"image":{"@id":"https:\/\/websjop.afuk.frl\/frl\/winkel\/duko-bodelasse-syn-jonge-jierren-zijn-jonge-jaren\/#primaryimage"},"thumbnailUrl":"https:\/\/websjop.afuk.frl\/wp-content\/uploads\/2026\/03\/Duko-Bodelasse033.jpg","datePublished":"2026-03-09T09:28:34+00:00","dateModified":"2026-04-01T07:45:58+00:00","description":"Duko Bodelasse gaat over de jonge jaren van de vader van de schrijver, de musicus Ybe Sjoerd Rusticus. Hij studeerde o.a.cello, zang, orkestdirectie en orgel.","breadcrumb":{"@id":"https:\/\/websjop.afuk.frl\/frl\/winkel\/duko-bodelasse-syn-jonge-jierren-zijn-jonge-jaren\/#breadcrumb"},"inLanguage":"fy-NL","potentialAction":[{"@type":"ReadAction","target":["https:\/\/websjop.afuk.frl\/frl\/winkel\/duko-bodelasse-syn-jonge-jierren-zijn-jonge-jaren\/"]}]},{"@type":"ImageObject","inLanguage":"fy-NL","@id":"https:\/\/websjop.afuk.frl\/frl\/winkel\/duko-bodelasse-syn-jonge-jierren-zijn-jonge-jaren\/#primaryimage","url":"https:\/\/websjop.afuk.frl\/wp-content\/uploads\/2026\/03\/Duko-Bodelasse033.jpg","contentUrl":"https:\/\/websjop.afuk.frl\/wp-content\/uploads\/2026\/03\/Duko-Bodelasse033.jpg","width":437,"height":618},{"@type":"BreadcrumbList","@id":"https:\/\/websjop.afuk.frl\/frl\/winkel\/duko-bodelasse-syn-jonge-jierren-zijn-jonge-jaren\/#breadcrumb","itemListElement":[{"@type":"ListItem","position":1,"name":"Home","item":"https:\/\/websjop.afuk.frl\/frl\/"},{"@type":"ListItem","position":2,"name":"Winkel","item":"https:\/\/websjop.afuk.frl\/nl\/winkel\/"},{"@type":"ListItem","position":3,"name":"Duko Bodelasse syn jonge jierren\/zijn jonge jaren"}]},{"@type":"WebSite","@id":"https:\/\/websjop.afuk.frl\/frl\/#website","url":"https:\/\/websjop.afuk.frl\/frl\/","name":"Af\u00fbk Websjop","description":"","potentialAction":[{"@type":"SearchAction","target":{"@type":"EntryPoint","urlTemplate":"https:\/\/websjop.afuk.frl\/frl\/?s={search_term_string}"},"query-input":{"@type":"PropertyValueSpecification","valueRequired":true,"valueName":"search_term_string"}}],"inLanguage":"fy-NL"}]}},"_links":{"self":[{"href":"https:\/\/websjop.afuk.frl\/frl\/wp-json\/wp\/v2\/product\/52986","targetHints":{"allow":["GET"]}}],"collection":[{"href":"https:\/\/websjop.afuk.frl\/frl\/wp-json\/wp\/v2\/product"}],"about":[{"href":"https:\/\/websjop.afuk.frl\/frl\/wp-json\/wp\/v2\/types\/product"}],"replies":[{"embeddable":true,"href":"https:\/\/websjop.afuk.frl\/frl\/wp-json\/wp\/v2\/comments?post=52986"}],"wp:featuredmedia":[{"embeddable":true,"href":"https:\/\/websjop.afuk.frl\/frl\/wp-json\/wp\/v2\/media\/52994"}],"wp:attachment":[{"href":"https:\/\/websjop.afuk.frl\/frl\/wp-json\/wp\/v2\/media?parent=52986"}],"wp:term":[{"taxonomy":"product_brand","embeddable":true,"href":"https:\/\/websjop.afuk.frl\/frl\/wp-json\/wp\/v2\/product_brand?post=52986"},{"taxonomy":"product_cat","embeddable":true,"href":"https:\/\/websjop.afuk.frl\/frl\/wp-json\/wp\/v2\/product_cat?post=52986"},{"taxonomy":"product_tag","embeddable":true,"href":"https:\/\/websjop.afuk.frl\/frl\/wp-json\/wp\/v2\/product_tag?post=52986"}],"curies":[{"name":"wp","href":"https:\/\/api.w.org\/{rel}","templated":true}]}}