{"id":52649,"date":"2026-02-05T13:01:37","date_gmt":"2026-02-05T12:01:37","guid":{"rendered":"https:\/\/websjop.afuk.frl\/frl\/?post_type=product&#038;p=52649"},"modified":"2026-04-01T09:42:18","modified_gmt":"2026-04-01T07:42:18","slug":"les-mar-sels-20-bjusterbaarlike-ferhalen","status":"publish","type":"product","link":"https:\/\/websjop.afuk.frl\/frl\/winkel\/les-mar-sels-20-bjusterbaarlike-ferhalen\/","title":{"rendered":"L\u00eas mar sels! &#8211; 20 bjusterbaarlike ferhalen"},"content":{"rendered":"<p>Hasto de planke Mia?<\/p>\n<p>Hidde ropt nei it hok.<\/p>\n<p>Hy sleept in kleed.<\/p>\n<p>Hidde en Mia ha in plan.<\/p>\n<p>Se sille op reis.<\/p>\n<p>Op reis oer de see.<\/p>\n<p>Nei in fier l\u00e2n.<\/p>\n<p>De kinderen van Terpsyl gaan op avontuur! Ze redden een kat, klimmen op het dak, gaan met een schip op reis, kamperen in de tuin en nog veel meer!<\/p>\n<p>Met dit L\u00eas-mar-sels-boek kunnen beginnende lezers het Fries lezen oefenen en allemaal avonturen beleven. In de verhaaltjes van Stasjon 1 lezen ze eenvoudige woorden en korte zinnen en door het boek heen oefenen de lezers steeds meer klanken, langere woorden en zinnen. Zo ontdekt iedereen: lezen in het Fries is leuk en helemaal niet ingewikkeld!<\/p>\n","protected":false},"excerpt":{"rendered":"<p>Hasto de planke Mia? Hidde ropt nei it hok. Hy sleept in kleed. Hidde en Mia ha in plan. Se sille op reis. Op reis oer de see. Nei in fier l\u00e2n. De kinderen van Terpsyl gaan op avontuur! Ze redden een kat, klimmen op het dak, gaan met een schip op reis, kamperen in [&hellip;]<\/p>\n","protected":false},"featured_media":52650,"comment_status":"closed","ping_status":"closed","template":"","meta":{"_acf_changed":false},"product_brand":[],"product_cat":[1213,550,551,535,24643,23627,18410,23236,14119],"product_tag":[24630,24631,18224,24632,18620,24629],"class_list":{"0":"post-52649","1":"product","2":"type-product","3":"status-publish","4":"has-post-thumbnail","6":"product_cat-berne-en-jeugdboeken","7":"product_cat-berneboeken-4-8","8":"product_cat-berneboeken-8-12","9":"product_cat-fryske-boeken","10":"product_cat-keimpe","11":"product_cat-op-aventoer","12":"product_cat-primer-underwiis","13":"product_cat-tema-sels-leze-nl","14":"product_cat-underwiis","15":"product_tag-20-bjusterbaarlike-ferhalen","16":"product_tag-avontuer","17":"product_tag-begjinnende-lezer","18":"product_tag-frysk-leze","19":"product_tag-keimpe-de-krokodil","20":"product_tag-les-mar-sels","21":"product_shipping_class-brievenbus-verzending","22":"pa_auteur-ferskate-skriuwers-2","23":"pa_isbn-24628","24":"pa_new-label-1-3","25":"pa_taal-frysk","26":"pa_uitgever-afuk","28":"first","29":"instock","30":"featured","31":"taxable","32":"shipping-taxable","33":"purchasable","34":"product-type-simple"},"acf":[],"yoast_head":"<!-- This site is optimized with the Yoast SEO plugin v27.3 - https:\/\/yoast.com\/product\/yoast-seo-wordpress\/ -->\n<title>L\u00eas mar sels! - 20 bjusterbaarlike ferhalen &#8211; Af\u00fbk Websjop<\/title>\n<meta name=\"description\" content=\"In L\u00eas mar sels! gaan de kinderen van Terpsyl op avontuur! Ze redden een kat, klimmen op het dak, gaan met een schip op reis, en nog veel meer!\" \/>\n<meta name=\"robots\" content=\"index, follow, max-snippet:-1, max-image-preview:large, max-video-preview:-1\" \/>\n<link rel=\"canonical\" href=\"https:\/\/websjop.afuk.frl\/frl\/winkel\/les-mar-sels-20-bjusterbaarlike-ferhalen\/\" \/>\n<meta property=\"og:locale\" content=\"fy_NL\" \/>\n<meta property=\"og:type\" content=\"article\" \/>\n<meta property=\"og:title\" content=\"L\u00eas mar sels! - 20 bjusterbaarlike ferhalen &#8211; Af\u00fbk Websjop\" \/>\n<meta property=\"og:description\" content=\"In L\u00eas mar sels! gaan de kinderen van Terpsyl op avontuur! Ze redden een kat, klimmen op het dak, gaan met een schip op reis, en nog veel meer!\" \/>\n<meta property=\"og:url\" content=\"https:\/\/websjop.afuk.frl\/frl\/winkel\/les-mar-sels-20-bjusterbaarlike-ferhalen\/\" \/>\n<meta property=\"og:site_name\" content=\"Af\u00fbk Websjop\" \/>\n<meta property=\"article:modified_time\" content=\"2026-04-01T07:42:18+00:00\" \/>\n<meta property=\"og:image\" content=\"https:\/\/websjop.afuk.frl\/wp-content\/uploads\/2026\/02\/Les-mar-sels-Keimpe-LR.jpg\" \/>\n\t<meta property=\"og:image:width\" content=\"1000\" \/>\n\t<meta property=\"og:image:height\" content=\"1342\" \/>\n\t<meta property=\"og:image:type\" content=\"image\/jpeg\" \/>\n<meta name=\"twitter:card\" content=\"summary_large_image\" \/>\n<meta name=\"twitter:label1\" content=\"Est. reading time\" \/>\n\t<meta name=\"twitter:data1\" content=\"2 minutes\" \/>\n<script type=\"application\/ld+json\" class=\"yoast-schema-graph\">{\"@context\":\"https:\\\/\\\/schema.org\",\"@graph\":[{\"@type\":\"WebPage\",\"@id\":\"https:\\\/\\\/websjop.afuk.frl\\\/frl\\\/winkel\\\/les-mar-sels-20-bjusterbaarlike-ferhalen\\\/\",\"url\":\"https:\\\/\\\/websjop.afuk.frl\\\/frl\\\/winkel\\\/les-mar-sels-20-bjusterbaarlike-ferhalen\\\/\",\"name\":\"L\u00eas mar sels! - 20 bjusterbaarlike ferhalen &#8211; Af\u00fbk Websjop\",\"isPartOf\":{\"@id\":\"https:\\\/\\\/websjop.afuk.frl\\\/frl\\\/#website\"},\"primaryImageOfPage\":{\"@id\":\"https:\\\/\\\/websjop.afuk.frl\\\/frl\\\/winkel\\\/les-mar-sels-20-bjusterbaarlike-ferhalen\\\/#primaryimage\"},\"image\":{\"@id\":\"https:\\\/\\\/websjop.afuk.frl\\\/frl\\\/winkel\\\/les-mar-sels-20-bjusterbaarlike-ferhalen\\\/#primaryimage\"},\"thumbnailUrl\":\"https:\\\/\\\/websjop.afuk.frl\\\/wp-content\\\/uploads\\\/2026\\\/02\\\/Les-mar-sels-Keimpe-LR.jpg\",\"datePublished\":\"2026-02-05T12:01:37+00:00\",\"dateModified\":\"2026-04-01T07:42:18+00:00\",\"description\":\"In L\u00eas mar sels! gaan de kinderen van Terpsyl op avontuur! Ze redden een kat, klimmen op het dak, gaan met een schip op reis, en nog veel meer!\",\"breadcrumb\":{\"@id\":\"https:\\\/\\\/websjop.afuk.frl\\\/frl\\\/winkel\\\/les-mar-sels-20-bjusterbaarlike-ferhalen\\\/#breadcrumb\"},\"inLanguage\":\"fy-NL\",\"potentialAction\":[{\"@type\":\"ReadAction\",\"target\":[\"https:\\\/\\\/websjop.afuk.frl\\\/frl\\\/winkel\\\/les-mar-sels-20-bjusterbaarlike-ferhalen\\\/\"]}]},{\"@type\":\"ImageObject\",\"inLanguage\":\"fy-NL\",\"@id\":\"https:\\\/\\\/websjop.afuk.frl\\\/frl\\\/winkel\\\/les-mar-sels-20-bjusterbaarlike-ferhalen\\\/#primaryimage\",\"url\":\"https:\\\/\\\/websjop.afuk.frl\\\/wp-content\\\/uploads\\\/2026\\\/02\\\/Les-mar-sels-Keimpe-LR.jpg\",\"contentUrl\":\"https:\\\/\\\/websjop.afuk.frl\\\/wp-content\\\/uploads\\\/2026\\\/02\\\/Les-mar-sels-Keimpe-LR.jpg\",\"width\":1000,\"height\":1342},{\"@type\":\"BreadcrumbList\",\"@id\":\"https:\\\/\\\/websjop.afuk.frl\\\/frl\\\/winkel\\\/les-mar-sels-20-bjusterbaarlike-ferhalen\\\/#breadcrumb\",\"itemListElement\":[{\"@type\":\"ListItem\",\"position\":1,\"name\":\"Home\",\"item\":\"https:\\\/\\\/websjop.afuk.frl\\\/frl\\\/\"},{\"@type\":\"ListItem\",\"position\":2,\"name\":\"Winkel\",\"item\":\"https:\\\/\\\/websjop.afuk.frl\\\/nl\\\/winkel\\\/\"},{\"@type\":\"ListItem\",\"position\":3,\"name\":\"L\u00eas mar sels! &#8211; 20 bjusterbaarlike ferhalen\"}]},{\"@type\":\"WebSite\",\"@id\":\"https:\\\/\\\/websjop.afuk.frl\\\/frl\\\/#website\",\"url\":\"https:\\\/\\\/websjop.afuk.frl\\\/frl\\\/\",\"name\":\"Af\u00fbk Websjop\",\"description\":\"\",\"potentialAction\":[{\"@type\":\"SearchAction\",\"target\":{\"@type\":\"EntryPoint\",\"urlTemplate\":\"https:\\\/\\\/websjop.afuk.frl\\\/frl\\\/?s={search_term_string}\"},\"query-input\":{\"@type\":\"PropertyValueSpecification\",\"valueRequired\":true,\"valueName\":\"search_term_string\"}}],\"inLanguage\":\"fy-NL\"}]}<\/script>\n<!-- \/ Yoast SEO plugin. -->","yoast_head_json":{"title":"L\u00eas mar sels! - 20 bjusterbaarlike ferhalen &#8211; Af\u00fbk Websjop","description":"In L\u00eas mar sels! gaan de kinderen van Terpsyl op avontuur! Ze redden een kat, klimmen op het dak, gaan met een schip op reis, en nog veel meer!","robots":{"index":"index","follow":"follow","max-snippet":"max-snippet:-1","max-image-preview":"max-image-preview:large","max-video-preview":"max-video-preview:-1"},"canonical":"https:\/\/websjop.afuk.frl\/frl\/winkel\/les-mar-sels-20-bjusterbaarlike-ferhalen\/","og_locale":"fy_NL","og_type":"article","og_title":"L\u00eas mar sels! - 20 bjusterbaarlike ferhalen &#8211; Af\u00fbk Websjop","og_description":"In L\u00eas mar sels! gaan de kinderen van Terpsyl op avontuur! Ze redden een kat, klimmen op het dak, gaan met een schip op reis, en nog veel meer!","og_url":"https:\/\/websjop.afuk.frl\/frl\/winkel\/les-mar-sels-20-bjusterbaarlike-ferhalen\/","og_site_name":"Af\u00fbk Websjop","article_modified_time":"2026-04-01T07:42:18+00:00","og_image":[{"width":1000,"height":1342,"url":"https:\/\/websjop.afuk.frl\/wp-content\/uploads\/2026\/02\/Les-mar-sels-Keimpe-LR.jpg","type":"image\/jpeg"}],"twitter_card":"summary_large_image","twitter_misc":{"Est. reading time":"2 minutes"},"schema":{"@context":"https:\/\/schema.org","@graph":[{"@type":"WebPage","@id":"https:\/\/websjop.afuk.frl\/frl\/winkel\/les-mar-sels-20-bjusterbaarlike-ferhalen\/","url":"https:\/\/websjop.afuk.frl\/frl\/winkel\/les-mar-sels-20-bjusterbaarlike-ferhalen\/","name":"L\u00eas mar sels! - 20 bjusterbaarlike ferhalen &#8211; Af\u00fbk Websjop","isPartOf":{"@id":"https:\/\/websjop.afuk.frl\/frl\/#website"},"primaryImageOfPage":{"@id":"https:\/\/websjop.afuk.frl\/frl\/winkel\/les-mar-sels-20-bjusterbaarlike-ferhalen\/#primaryimage"},"image":{"@id":"https:\/\/websjop.afuk.frl\/frl\/winkel\/les-mar-sels-20-bjusterbaarlike-ferhalen\/#primaryimage"},"thumbnailUrl":"https:\/\/websjop.afuk.frl\/wp-content\/uploads\/2026\/02\/Les-mar-sels-Keimpe-LR.jpg","datePublished":"2026-02-05T12:01:37+00:00","dateModified":"2026-04-01T07:42:18+00:00","description":"In L\u00eas mar sels! gaan de kinderen van Terpsyl op avontuur! Ze redden een kat, klimmen op het dak, gaan met een schip op reis, en nog veel meer!","breadcrumb":{"@id":"https:\/\/websjop.afuk.frl\/frl\/winkel\/les-mar-sels-20-bjusterbaarlike-ferhalen\/#breadcrumb"},"inLanguage":"fy-NL","potentialAction":[{"@type":"ReadAction","target":["https:\/\/websjop.afuk.frl\/frl\/winkel\/les-mar-sels-20-bjusterbaarlike-ferhalen\/"]}]},{"@type":"ImageObject","inLanguage":"fy-NL","@id":"https:\/\/websjop.afuk.frl\/frl\/winkel\/les-mar-sels-20-bjusterbaarlike-ferhalen\/#primaryimage","url":"https:\/\/websjop.afuk.frl\/wp-content\/uploads\/2026\/02\/Les-mar-sels-Keimpe-LR.jpg","contentUrl":"https:\/\/websjop.afuk.frl\/wp-content\/uploads\/2026\/02\/Les-mar-sels-Keimpe-LR.jpg","width":1000,"height":1342},{"@type":"BreadcrumbList","@id":"https:\/\/websjop.afuk.frl\/frl\/winkel\/les-mar-sels-20-bjusterbaarlike-ferhalen\/#breadcrumb","itemListElement":[{"@type":"ListItem","position":1,"name":"Home","item":"https:\/\/websjop.afuk.frl\/frl\/"},{"@type":"ListItem","position":2,"name":"Winkel","item":"https:\/\/websjop.afuk.frl\/nl\/winkel\/"},{"@type":"ListItem","position":3,"name":"L\u00eas mar sels! &#8211; 20 bjusterbaarlike ferhalen"}]},{"@type":"WebSite","@id":"https:\/\/websjop.afuk.frl\/frl\/#website","url":"https:\/\/websjop.afuk.frl\/frl\/","name":"Af\u00fbk Websjop","description":"","potentialAction":[{"@type":"SearchAction","target":{"@type":"EntryPoint","urlTemplate":"https:\/\/websjop.afuk.frl\/frl\/?s={search_term_string}"},"query-input":{"@type":"PropertyValueSpecification","valueRequired":true,"valueName":"search_term_string"}}],"inLanguage":"fy-NL"}]}},"_links":{"self":[{"href":"https:\/\/websjop.afuk.frl\/frl\/wp-json\/wp\/v2\/product\/52649","targetHints":{"allow":["GET"]}}],"collection":[{"href":"https:\/\/websjop.afuk.frl\/frl\/wp-json\/wp\/v2\/product"}],"about":[{"href":"https:\/\/websjop.afuk.frl\/frl\/wp-json\/wp\/v2\/types\/product"}],"replies":[{"embeddable":true,"href":"https:\/\/websjop.afuk.frl\/frl\/wp-json\/wp\/v2\/comments?post=52649"}],"wp:featuredmedia":[{"embeddable":true,"href":"https:\/\/websjop.afuk.frl\/frl\/wp-json\/wp\/v2\/media\/52650"}],"wp:attachment":[{"href":"https:\/\/websjop.afuk.frl\/frl\/wp-json\/wp\/v2\/media?parent=52649"}],"wp:term":[{"taxonomy":"product_brand","embeddable":true,"href":"https:\/\/websjop.afuk.frl\/frl\/wp-json\/wp\/v2\/product_brand?post=52649"},{"taxonomy":"product_cat","embeddable":true,"href":"https:\/\/websjop.afuk.frl\/frl\/wp-json\/wp\/v2\/product_cat?post=52649"},{"taxonomy":"product_tag","embeddable":true,"href":"https:\/\/websjop.afuk.frl\/frl\/wp-json\/wp\/v2\/product_tag?post=52649"}],"curies":[{"name":"wp","href":"https:\/\/api.w.org\/{rel}","templated":true}]}}