{"id":52599,"date":"2026-01-15T14:56:02","date_gmt":"2026-01-15T13:56:02","guid":{"rendered":"https:\/\/websjop.afuk.frl\/frl\/?post_type=product&#038;p=52599"},"modified":"2026-03-30T16:16:46","modified_gmt":"2026-03-30T14:16:46","slug":"kaart-krupke","status":"publish","type":"product","link":"https:\/\/websjop.afuk.frl\/frl\/winkel\/kaart-krupke\/","title":{"rendered":"Kaart: kr\u00fbpke?"},"content":{"rendered":"<p>Friese kaart met de tekst: kr\u00fbpke? (vertaling = knuffel?)<\/p>\n","protected":false},"excerpt":{"rendered":"<p>Friese kaart met de tekst: kr\u00fbpke? (vertaling = knuffel?)<\/p>\n","protected":false},"featured_media":52600,"comment_status":"closed","ping_status":"closed","template":"","meta":{"_acf_changed":false},"product_brand":[],"product_cat":[23739,1242,565,23341,22912,23293,1225,18113,1247,9316],"product_tag":[5703,8590,8589,6212,9504],"class_list":{"0":"post-52599","1":"product","2":"type-product","3":"status-publish","4":"has-post-thumbnail","6":"product_cat-fryske-kaarten-algemien","7":"product_cat-fryske-kaarten","8":"product_cat-friese-producten","9":"product_cat-kaarten-betterskip-sterkte","10":"product_cat-kaarten-houlik-leafde","11":"product_cat-kassakoopjes","12":"product_cat-memmedeikadootsjes","13":"product_cat-pake-en-beppe","14":"product_cat-tips-foar-falentyn","15":"product_cat-winter","16":"product_tag-kaart","17":"product_tag-knuffel","18":"product_tag-krupke","19":"product_tag-leafde","20":"product_tag-liefde","22":"first","23":"instock","24":"taxable","25":"shipping-taxable","26":"purchasable","27":"product-type-simple"},"acf":[],"yoast_head":"<!-- This site is optimized with the Yoast SEO plugin v27.3 - https:\/\/yoast.com\/product\/yoast-seo-wordpress\/ -->\n<title>Kaart: kr\u00fbpke? &#8211; Af\u00fbk Websjop<\/title>\n<meta name=\"description\" content=\"Friese kaart met de tekst: kr\u00fbpke (een knuffel ). Kijk hier voor veel meer hippe Friese ansichtkaarten in de webshop van de Af\u00fbk.\" \/>\n<meta name=\"robots\" content=\"index, follow, max-snippet:-1, max-image-preview:large, max-video-preview:-1\" \/>\n<link rel=\"canonical\" href=\"https:\/\/websjop.afuk.frl\/frl\/winkel\/kaart-krupke\/\" \/>\n<meta property=\"og:locale\" content=\"fy_NL\" \/>\n<meta property=\"og:type\" content=\"article\" \/>\n<meta property=\"og:title\" content=\"Kaart: kr\u00fbpke? &#8211; Af\u00fbk Websjop\" \/>\n<meta property=\"og:description\" content=\"Friese kaart met de tekst: kr\u00fbpke (een knuffel ). Kijk hier voor veel meer hippe Friese ansichtkaarten in de webshop van de Af\u00fbk.\" \/>\n<meta property=\"og:url\" content=\"https:\/\/websjop.afuk.frl\/frl\/winkel\/kaart-krupke\/\" \/>\n<meta property=\"og:site_name\" content=\"Af\u00fbk Websjop\" \/>\n<meta property=\"article:modified_time\" content=\"2026-03-30T14:16:46+00:00\" \/>\n<meta property=\"og:image\" content=\"https:\/\/websjop.afuk.frl\/wp-content\/uploads\/2026\/01\/bestelling-febrewaris-202215.jpg\" \/>\n\t<meta property=\"og:image:width\" content=\"1240\" \/>\n\t<meta property=\"og:image:height\" content=\"1748\" \/>\n\t<meta property=\"og:image:type\" content=\"image\/jpeg\" \/>\n<meta name=\"twitter:card\" content=\"summary_large_image\" \/>\n<meta name=\"twitter:label1\" content=\"Est. reading time\" \/>\n\t<meta name=\"twitter:data1\" content=\"1 minute\" \/>\n<script type=\"application\/ld+json\" class=\"yoast-schema-graph\">{\"@context\":\"https:\\\/\\\/schema.org\",\"@graph\":[{\"@type\":\"WebPage\",\"@id\":\"https:\\\/\\\/websjop.afuk.frl\\\/frl\\\/winkel\\\/kaart-krupke\\\/\",\"url\":\"https:\\\/\\\/websjop.afuk.frl\\\/frl\\\/winkel\\\/kaart-krupke\\\/\",\"name\":\"Kaart: kr\u00fbpke? &#8211; Af\u00fbk Websjop\",\"isPartOf\":{\"@id\":\"https:\\\/\\\/websjop.afuk.frl\\\/frl\\\/#website\"},\"primaryImageOfPage\":{\"@id\":\"https:\\\/\\\/websjop.afuk.frl\\\/frl\\\/winkel\\\/kaart-krupke\\\/#primaryimage\"},\"image\":{\"@id\":\"https:\\\/\\\/websjop.afuk.frl\\\/frl\\\/winkel\\\/kaart-krupke\\\/#primaryimage\"},\"thumbnailUrl\":\"https:\\\/\\\/websjop.afuk.frl\\\/wp-content\\\/uploads\\\/2026\\\/01\\\/bestelling-febrewaris-202215.jpg\",\"datePublished\":\"2026-01-15T13:56:02+00:00\",\"dateModified\":\"2026-03-30T14:16:46+00:00\",\"description\":\"Friese kaart met de tekst: kr\u00fbpke (een knuffel ). Kijk hier voor veel meer hippe Friese ansichtkaarten in de webshop van de Af\u00fbk.\",\"breadcrumb\":{\"@id\":\"https:\\\/\\\/websjop.afuk.frl\\\/frl\\\/winkel\\\/kaart-krupke\\\/#breadcrumb\"},\"inLanguage\":\"fy-NL\",\"potentialAction\":[{\"@type\":\"ReadAction\",\"target\":[\"https:\\\/\\\/websjop.afuk.frl\\\/frl\\\/winkel\\\/kaart-krupke\\\/\"]}]},{\"@type\":\"ImageObject\",\"inLanguage\":\"fy-NL\",\"@id\":\"https:\\\/\\\/websjop.afuk.frl\\\/frl\\\/winkel\\\/kaart-krupke\\\/#primaryimage\",\"url\":\"https:\\\/\\\/websjop.afuk.frl\\\/wp-content\\\/uploads\\\/2026\\\/01\\\/bestelling-febrewaris-202215.jpg\",\"contentUrl\":\"https:\\\/\\\/websjop.afuk.frl\\\/wp-content\\\/uploads\\\/2026\\\/01\\\/bestelling-febrewaris-202215.jpg\",\"width\":1240,\"height\":1748,\"caption\":\"krupke\"},{\"@type\":\"BreadcrumbList\",\"@id\":\"https:\\\/\\\/websjop.afuk.frl\\\/frl\\\/winkel\\\/kaart-krupke\\\/#breadcrumb\",\"itemListElement\":[{\"@type\":\"ListItem\",\"position\":1,\"name\":\"Home\",\"item\":\"https:\\\/\\\/websjop.afuk.frl\\\/frl\\\/\"},{\"@type\":\"ListItem\",\"position\":2,\"name\":\"Winkel\",\"item\":\"https:\\\/\\\/websjop.afuk.frl\\\/nl\\\/winkel\\\/\"},{\"@type\":\"ListItem\",\"position\":3,\"name\":\"Kaart: kr\u00fbpke?\"}]},{\"@type\":\"WebSite\",\"@id\":\"https:\\\/\\\/websjop.afuk.frl\\\/frl\\\/#website\",\"url\":\"https:\\\/\\\/websjop.afuk.frl\\\/frl\\\/\",\"name\":\"Af\u00fbk Websjop\",\"description\":\"\",\"potentialAction\":[{\"@type\":\"SearchAction\",\"target\":{\"@type\":\"EntryPoint\",\"urlTemplate\":\"https:\\\/\\\/websjop.afuk.frl\\\/frl\\\/?s={search_term_string}\"},\"query-input\":{\"@type\":\"PropertyValueSpecification\",\"valueRequired\":true,\"valueName\":\"search_term_string\"}}],\"inLanguage\":\"fy-NL\"}]}<\/script>\n<!-- \/ Yoast SEO plugin. -->","yoast_head_json":{"title":"Kaart: kr\u00fbpke? &#8211; Af\u00fbk Websjop","description":"Friese kaart met de tekst: kr\u00fbpke (een knuffel ). Kijk hier voor veel meer hippe Friese ansichtkaarten in de webshop van de Af\u00fbk.","robots":{"index":"index","follow":"follow","max-snippet":"max-snippet:-1","max-image-preview":"max-image-preview:large","max-video-preview":"max-video-preview:-1"},"canonical":"https:\/\/websjop.afuk.frl\/frl\/winkel\/kaart-krupke\/","og_locale":"fy_NL","og_type":"article","og_title":"Kaart: kr\u00fbpke? &#8211; Af\u00fbk Websjop","og_description":"Friese kaart met de tekst: kr\u00fbpke (een knuffel ). Kijk hier voor veel meer hippe Friese ansichtkaarten in de webshop van de Af\u00fbk.","og_url":"https:\/\/websjop.afuk.frl\/frl\/winkel\/kaart-krupke\/","og_site_name":"Af\u00fbk Websjop","article_modified_time":"2026-03-30T14:16:46+00:00","og_image":[{"width":1240,"height":1748,"url":"https:\/\/websjop.afuk.frl\/wp-content\/uploads\/2026\/01\/bestelling-febrewaris-202215.jpg","type":"image\/jpeg"}],"twitter_card":"summary_large_image","twitter_misc":{"Est. reading time":"1 minute"},"schema":{"@context":"https:\/\/schema.org","@graph":[{"@type":"WebPage","@id":"https:\/\/websjop.afuk.frl\/frl\/winkel\/kaart-krupke\/","url":"https:\/\/websjop.afuk.frl\/frl\/winkel\/kaart-krupke\/","name":"Kaart: kr\u00fbpke? &#8211; Af\u00fbk Websjop","isPartOf":{"@id":"https:\/\/websjop.afuk.frl\/frl\/#website"},"primaryImageOfPage":{"@id":"https:\/\/websjop.afuk.frl\/frl\/winkel\/kaart-krupke\/#primaryimage"},"image":{"@id":"https:\/\/websjop.afuk.frl\/frl\/winkel\/kaart-krupke\/#primaryimage"},"thumbnailUrl":"https:\/\/websjop.afuk.frl\/wp-content\/uploads\/2026\/01\/bestelling-febrewaris-202215.jpg","datePublished":"2026-01-15T13:56:02+00:00","dateModified":"2026-03-30T14:16:46+00:00","description":"Friese kaart met de tekst: kr\u00fbpke (een knuffel ). Kijk hier voor veel meer hippe Friese ansichtkaarten in de webshop van de Af\u00fbk.","breadcrumb":{"@id":"https:\/\/websjop.afuk.frl\/frl\/winkel\/kaart-krupke\/#breadcrumb"},"inLanguage":"fy-NL","potentialAction":[{"@type":"ReadAction","target":["https:\/\/websjop.afuk.frl\/frl\/winkel\/kaart-krupke\/"]}]},{"@type":"ImageObject","inLanguage":"fy-NL","@id":"https:\/\/websjop.afuk.frl\/frl\/winkel\/kaart-krupke\/#primaryimage","url":"https:\/\/websjop.afuk.frl\/wp-content\/uploads\/2026\/01\/bestelling-febrewaris-202215.jpg","contentUrl":"https:\/\/websjop.afuk.frl\/wp-content\/uploads\/2026\/01\/bestelling-febrewaris-202215.jpg","width":1240,"height":1748,"caption":"krupke"},{"@type":"BreadcrumbList","@id":"https:\/\/websjop.afuk.frl\/frl\/winkel\/kaart-krupke\/#breadcrumb","itemListElement":[{"@type":"ListItem","position":1,"name":"Home","item":"https:\/\/websjop.afuk.frl\/frl\/"},{"@type":"ListItem","position":2,"name":"Winkel","item":"https:\/\/websjop.afuk.frl\/nl\/winkel\/"},{"@type":"ListItem","position":3,"name":"Kaart: kr\u00fbpke?"}]},{"@type":"WebSite","@id":"https:\/\/websjop.afuk.frl\/frl\/#website","url":"https:\/\/websjop.afuk.frl\/frl\/","name":"Af\u00fbk Websjop","description":"","potentialAction":[{"@type":"SearchAction","target":{"@type":"EntryPoint","urlTemplate":"https:\/\/websjop.afuk.frl\/frl\/?s={search_term_string}"},"query-input":{"@type":"PropertyValueSpecification","valueRequired":true,"valueName":"search_term_string"}}],"inLanguage":"fy-NL"}]}},"_links":{"self":[{"href":"https:\/\/websjop.afuk.frl\/frl\/wp-json\/wp\/v2\/product\/52599","targetHints":{"allow":["GET"]}}],"collection":[{"href":"https:\/\/websjop.afuk.frl\/frl\/wp-json\/wp\/v2\/product"}],"about":[{"href":"https:\/\/websjop.afuk.frl\/frl\/wp-json\/wp\/v2\/types\/product"}],"replies":[{"embeddable":true,"href":"https:\/\/websjop.afuk.frl\/frl\/wp-json\/wp\/v2\/comments?post=52599"}],"wp:featuredmedia":[{"embeddable":true,"href":"https:\/\/websjop.afuk.frl\/frl\/wp-json\/wp\/v2\/media\/52600"}],"wp:attachment":[{"href":"https:\/\/websjop.afuk.frl\/frl\/wp-json\/wp\/v2\/media?parent=52599"}],"wp:term":[{"taxonomy":"product_brand","embeddable":true,"href":"https:\/\/websjop.afuk.frl\/frl\/wp-json\/wp\/v2\/product_brand?post=52599"},{"taxonomy":"product_cat","embeddable":true,"href":"https:\/\/websjop.afuk.frl\/frl\/wp-json\/wp\/v2\/product_cat?post=52599"},{"taxonomy":"product_tag","embeddable":true,"href":"https:\/\/websjop.afuk.frl\/frl\/wp-json\/wp\/v2\/product_tag?post=52599"}],"curies":[{"name":"wp","href":"https:\/\/api.w.org\/{rel}","templated":true}]}}