{"id":51006,"date":"2025-11-03T14:14:34","date_gmt":"2025-11-03T13:14:34","guid":{"rendered":"https:\/\/websjop.afuk.frl\/frl\/?post_type=product&#038;p=51006"},"modified":"2025-11-03T14:31:30","modified_gmt":"2025-11-03T13:31:30","slug":"fr11slan-door-de-ogen-van-vermeer","status":"publish","type":"product","link":"https:\/\/websjop.afuk.frl\/frl\/winkel\/fr11slan-door-de-ogen-van-vermeer\/","title":{"rendered":"Fr11sl\u00e2n door de ogen van Vermeer"},"content":{"rendered":"<p>In <em>Fr11sl\u00e2n door de ogen van Vermeer<\/em> worden genomineerde buurten en bewoners uit de elf Friese steden in een innovatieve setting \u00e0 la Vermeer geschilderd door Gabri\u00eblle Westra en Randolph Algera. Ze nemen je graag mee op een kunstzinnige Elfstedentocht.<\/p>\n","protected":false},"excerpt":{"rendered":"<p>In Fr11sl\u00e2n door de ogen van Vermeer worden genomineerde buurten en bewoners uit de elf Friese steden in een innovatieve setting \u00e0 la Vermeer geschilderd door Gabri\u00eblle Westra en Randolph Algera. Ze nemen je graag mee op een kunstzinnige Elfstedentocht.<\/p>\n","protected":false},"featured_media":51007,"comment_status":"closed","ping_status":"closed","template":"","meta":{"_acf_changed":false},"product_brand":[],"product_cat":[545,535,544,539],"product_tag":[24443,24446,24445,24444,19658],"class_list":{"0":"post-51006","1":"product","2":"type-product","3":"status-publish","4":"has-post-thumbnail","6":"product_cat-fotoboeken","7":"product_cat-fryske-boeken","8":"product_cat-keunst-en-kultuer","9":"product_cat-skiednis","10":"product_tag-fr11slan-door-de-ogen-van-vermeer","11":"product_tag-friese-elf-steden","12":"product_tag-gabrielle-westra","13":"product_tag-randolph-algera","14":"product_tag-schilderkunst","15":"product_shipping_class-brievenbus-verzending","16":"pa_auteur-randolph-algera-gabrielle-westra","17":"pa_new-label-1-3","18":"pa_taal-nederlands","19":"pa_uitgever-stichting-autreve-evenementen","21":"first","22":"instock","23":"taxable","24":"shipping-taxable","25":"purchasable","26":"product-type-simple"},"acf":[],"yoast_head":"<!-- This site is optimized with the Yoast SEO plugin v27.3 - https:\/\/yoast.com\/product\/yoast-seo-wordpress\/ -->\n<title>Fr11sl\u00e2n door de ogen van Vermeer &#8211; Af\u00fbk Websjop<\/title>\n<meta name=\"description\" content=\"In FrIIsl\u00e2n door de ogen van Vermeer worden buurten en bewoners uit de elf Friese steden \u00e0 la Vermeer geschilderd door Gabri\u00eblle Westra en Randolph Algera.\" \/>\n<meta name=\"robots\" content=\"index, follow, max-snippet:-1, max-image-preview:large, max-video-preview:-1\" \/>\n<link rel=\"canonical\" href=\"https:\/\/websjop.afuk.frl\/frl\/winkel\/fr11slan-door-de-ogen-van-vermeer\/\" \/>\n<meta property=\"og:locale\" content=\"fy_NL\" \/>\n<meta property=\"og:type\" content=\"article\" \/>\n<meta property=\"og:title\" content=\"Fr11sl\u00e2n door de ogen van Vermeer &#8211; Af\u00fbk Websjop\" \/>\n<meta property=\"og:description\" content=\"In FrIIsl\u00e2n door de ogen van Vermeer worden buurten en bewoners uit de elf Friese steden \u00e0 la Vermeer geschilderd door Gabri\u00eblle Westra en Randolph Algera.\" \/>\n<meta property=\"og:url\" content=\"https:\/\/websjop.afuk.frl\/frl\/winkel\/fr11slan-door-de-ogen-van-vermeer\/\" \/>\n<meta property=\"og:site_name\" content=\"Af\u00fbk Websjop\" \/>\n<meta property=\"article:modified_time\" content=\"2025-11-03T13:31:30+00:00\" \/>\n<meta property=\"og:image\" content=\"https:\/\/websjop.afuk.frl\/wp-content\/uploads\/2025\/11\/Fr11slan-door-de-ogen-van-vermeer.jpg\" \/>\n\t<meta property=\"og:image:width\" content=\"516\" \/>\n\t<meta property=\"og:image:height\" content=\"765\" \/>\n\t<meta property=\"og:image:type\" content=\"image\/jpeg\" \/>\n<meta name=\"twitter:card\" content=\"summary_large_image\" \/>\n<meta name=\"twitter:label1\" content=\"Est. reading time\" \/>\n\t<meta name=\"twitter:data1\" content=\"1 minute\" \/>\n<script type=\"application\/ld+json\" class=\"yoast-schema-graph\">{\"@context\":\"https:\\\/\\\/schema.org\",\"@graph\":[{\"@type\":\"WebPage\",\"@id\":\"https:\\\/\\\/websjop.afuk.frl\\\/frl\\\/winkel\\\/fr11slan-door-de-ogen-van-vermeer\\\/\",\"url\":\"https:\\\/\\\/websjop.afuk.frl\\\/frl\\\/winkel\\\/fr11slan-door-de-ogen-van-vermeer\\\/\",\"name\":\"Fr11sl\u00e2n door de ogen van Vermeer &#8211; Af\u00fbk Websjop\",\"isPartOf\":{\"@id\":\"https:\\\/\\\/websjop.afuk.frl\\\/frl\\\/#website\"},\"primaryImageOfPage\":{\"@id\":\"https:\\\/\\\/websjop.afuk.frl\\\/frl\\\/winkel\\\/fr11slan-door-de-ogen-van-vermeer\\\/#primaryimage\"},\"image\":{\"@id\":\"https:\\\/\\\/websjop.afuk.frl\\\/frl\\\/winkel\\\/fr11slan-door-de-ogen-van-vermeer\\\/#primaryimage\"},\"thumbnailUrl\":\"https:\\\/\\\/websjop.afuk.frl\\\/wp-content\\\/uploads\\\/2025\\\/11\\\/Fr11slan-door-de-ogen-van-vermeer.jpg\",\"datePublished\":\"2025-11-03T13:14:34+00:00\",\"dateModified\":\"2025-11-03T13:31:30+00:00\",\"description\":\"In FrIIsl\u00e2n door de ogen van Vermeer worden buurten en bewoners uit de elf Friese steden \u00e0 la Vermeer geschilderd door Gabri\u00eblle Westra en Randolph Algera.\",\"breadcrumb\":{\"@id\":\"https:\\\/\\\/websjop.afuk.frl\\\/frl\\\/winkel\\\/fr11slan-door-de-ogen-van-vermeer\\\/#breadcrumb\"},\"inLanguage\":\"fy-NL\",\"potentialAction\":[{\"@type\":\"ReadAction\",\"target\":[\"https:\\\/\\\/websjop.afuk.frl\\\/frl\\\/winkel\\\/fr11slan-door-de-ogen-van-vermeer\\\/\"]}]},{\"@type\":\"ImageObject\",\"inLanguage\":\"fy-NL\",\"@id\":\"https:\\\/\\\/websjop.afuk.frl\\\/frl\\\/winkel\\\/fr11slan-door-de-ogen-van-vermeer\\\/#primaryimage\",\"url\":\"https:\\\/\\\/websjop.afuk.frl\\\/wp-content\\\/uploads\\\/2025\\\/11\\\/Fr11slan-door-de-ogen-van-vermeer.jpg\",\"contentUrl\":\"https:\\\/\\\/websjop.afuk.frl\\\/wp-content\\\/uploads\\\/2025\\\/11\\\/Fr11slan-door-de-ogen-van-vermeer.jpg\",\"width\":516,\"height\":765},{\"@type\":\"BreadcrumbList\",\"@id\":\"https:\\\/\\\/websjop.afuk.frl\\\/frl\\\/winkel\\\/fr11slan-door-de-ogen-van-vermeer\\\/#breadcrumb\",\"itemListElement\":[{\"@type\":\"ListItem\",\"position\":1,\"name\":\"Home\",\"item\":\"https:\\\/\\\/websjop.afuk.frl\\\/frl\\\/\"},{\"@type\":\"ListItem\",\"position\":2,\"name\":\"Winkel\",\"item\":\"https:\\\/\\\/websjop.afuk.frl\\\/nl\\\/winkel\\\/\"},{\"@type\":\"ListItem\",\"position\":3,\"name\":\"Fr11sl\u00e2n door de ogen van Vermeer\"}]},{\"@type\":\"WebSite\",\"@id\":\"https:\\\/\\\/websjop.afuk.frl\\\/frl\\\/#website\",\"url\":\"https:\\\/\\\/websjop.afuk.frl\\\/frl\\\/\",\"name\":\"Af\u00fbk Websjop\",\"description\":\"\",\"potentialAction\":[{\"@type\":\"SearchAction\",\"target\":{\"@type\":\"EntryPoint\",\"urlTemplate\":\"https:\\\/\\\/websjop.afuk.frl\\\/frl\\\/?s={search_term_string}\"},\"query-input\":{\"@type\":\"PropertyValueSpecification\",\"valueRequired\":true,\"valueName\":\"search_term_string\"}}],\"inLanguage\":\"fy-NL\"}]}<\/script>\n<!-- \/ Yoast SEO plugin. -->","yoast_head_json":{"title":"Fr11sl\u00e2n door de ogen van Vermeer &#8211; Af\u00fbk Websjop","description":"In FrIIsl\u00e2n door de ogen van Vermeer worden buurten en bewoners uit de elf Friese steden \u00e0 la Vermeer geschilderd door Gabri\u00eblle Westra en Randolph Algera.","robots":{"index":"index","follow":"follow","max-snippet":"max-snippet:-1","max-image-preview":"max-image-preview:large","max-video-preview":"max-video-preview:-1"},"canonical":"https:\/\/websjop.afuk.frl\/frl\/winkel\/fr11slan-door-de-ogen-van-vermeer\/","og_locale":"fy_NL","og_type":"article","og_title":"Fr11sl\u00e2n door de ogen van Vermeer &#8211; Af\u00fbk Websjop","og_description":"In FrIIsl\u00e2n door de ogen van Vermeer worden buurten en bewoners uit de elf Friese steden \u00e0 la Vermeer geschilderd door Gabri\u00eblle Westra en Randolph Algera.","og_url":"https:\/\/websjop.afuk.frl\/frl\/winkel\/fr11slan-door-de-ogen-van-vermeer\/","og_site_name":"Af\u00fbk Websjop","article_modified_time":"2025-11-03T13:31:30+00:00","og_image":[{"width":516,"height":765,"url":"https:\/\/websjop.afuk.frl\/wp-content\/uploads\/2025\/11\/Fr11slan-door-de-ogen-van-vermeer.jpg","type":"image\/jpeg"}],"twitter_card":"summary_large_image","twitter_misc":{"Est. reading time":"1 minute"},"schema":{"@context":"https:\/\/schema.org","@graph":[{"@type":"WebPage","@id":"https:\/\/websjop.afuk.frl\/frl\/winkel\/fr11slan-door-de-ogen-van-vermeer\/","url":"https:\/\/websjop.afuk.frl\/frl\/winkel\/fr11slan-door-de-ogen-van-vermeer\/","name":"Fr11sl\u00e2n door de ogen van Vermeer &#8211; Af\u00fbk Websjop","isPartOf":{"@id":"https:\/\/websjop.afuk.frl\/frl\/#website"},"primaryImageOfPage":{"@id":"https:\/\/websjop.afuk.frl\/frl\/winkel\/fr11slan-door-de-ogen-van-vermeer\/#primaryimage"},"image":{"@id":"https:\/\/websjop.afuk.frl\/frl\/winkel\/fr11slan-door-de-ogen-van-vermeer\/#primaryimage"},"thumbnailUrl":"https:\/\/websjop.afuk.frl\/wp-content\/uploads\/2025\/11\/Fr11slan-door-de-ogen-van-vermeer.jpg","datePublished":"2025-11-03T13:14:34+00:00","dateModified":"2025-11-03T13:31:30+00:00","description":"In FrIIsl\u00e2n door de ogen van Vermeer worden buurten en bewoners uit de elf Friese steden \u00e0 la Vermeer geschilderd door Gabri\u00eblle Westra en Randolph Algera.","breadcrumb":{"@id":"https:\/\/websjop.afuk.frl\/frl\/winkel\/fr11slan-door-de-ogen-van-vermeer\/#breadcrumb"},"inLanguage":"fy-NL","potentialAction":[{"@type":"ReadAction","target":["https:\/\/websjop.afuk.frl\/frl\/winkel\/fr11slan-door-de-ogen-van-vermeer\/"]}]},{"@type":"ImageObject","inLanguage":"fy-NL","@id":"https:\/\/websjop.afuk.frl\/frl\/winkel\/fr11slan-door-de-ogen-van-vermeer\/#primaryimage","url":"https:\/\/websjop.afuk.frl\/wp-content\/uploads\/2025\/11\/Fr11slan-door-de-ogen-van-vermeer.jpg","contentUrl":"https:\/\/websjop.afuk.frl\/wp-content\/uploads\/2025\/11\/Fr11slan-door-de-ogen-van-vermeer.jpg","width":516,"height":765},{"@type":"BreadcrumbList","@id":"https:\/\/websjop.afuk.frl\/frl\/winkel\/fr11slan-door-de-ogen-van-vermeer\/#breadcrumb","itemListElement":[{"@type":"ListItem","position":1,"name":"Home","item":"https:\/\/websjop.afuk.frl\/frl\/"},{"@type":"ListItem","position":2,"name":"Winkel","item":"https:\/\/websjop.afuk.frl\/nl\/winkel\/"},{"@type":"ListItem","position":3,"name":"Fr11sl\u00e2n door de ogen van Vermeer"}]},{"@type":"WebSite","@id":"https:\/\/websjop.afuk.frl\/frl\/#website","url":"https:\/\/websjop.afuk.frl\/frl\/","name":"Af\u00fbk Websjop","description":"","potentialAction":[{"@type":"SearchAction","target":{"@type":"EntryPoint","urlTemplate":"https:\/\/websjop.afuk.frl\/frl\/?s={search_term_string}"},"query-input":{"@type":"PropertyValueSpecification","valueRequired":true,"valueName":"search_term_string"}}],"inLanguage":"fy-NL"}]}},"_links":{"self":[{"href":"https:\/\/websjop.afuk.frl\/frl\/wp-json\/wp\/v2\/product\/51006","targetHints":{"allow":["GET"]}}],"collection":[{"href":"https:\/\/websjop.afuk.frl\/frl\/wp-json\/wp\/v2\/product"}],"about":[{"href":"https:\/\/websjop.afuk.frl\/frl\/wp-json\/wp\/v2\/types\/product"}],"replies":[{"embeddable":true,"href":"https:\/\/websjop.afuk.frl\/frl\/wp-json\/wp\/v2\/comments?post=51006"}],"wp:featuredmedia":[{"embeddable":true,"href":"https:\/\/websjop.afuk.frl\/frl\/wp-json\/wp\/v2\/media\/51007"}],"wp:attachment":[{"href":"https:\/\/websjop.afuk.frl\/frl\/wp-json\/wp\/v2\/media?parent=51006"}],"wp:term":[{"taxonomy":"product_brand","embeddable":true,"href":"https:\/\/websjop.afuk.frl\/frl\/wp-json\/wp\/v2\/product_brand?post=51006"},{"taxonomy":"product_cat","embeddable":true,"href":"https:\/\/websjop.afuk.frl\/frl\/wp-json\/wp\/v2\/product_cat?post=51006"},{"taxonomy":"product_tag","embeddable":true,"href":"https:\/\/websjop.afuk.frl\/frl\/wp-json\/wp\/v2\/product_tag?post=51006"}],"curies":[{"name":"wp","href":"https:\/\/api.w.org\/{rel}","templated":true}]}}