{"id":50940,"date":"2025-11-30T13:49:33","date_gmt":"2025-11-30T12:49:33","guid":{"rendered":"https:\/\/websjop.afuk.frl\/frl\/?post_type=product&#038;p=50940"},"modified":"2026-02-09T13:06:33","modified_gmt":"2026-02-09T12:06:33","slug":"dat-is-moai-frysk-ferskynt-1-desimber-2025","status":"publish","type":"product","link":"https:\/\/websjop.afuk.frl\/frl\/winkel\/dat-is-moai-frysk-ferskynt-1-desimber-2025\/","title":{"rendered":"Dat is moai Frysk!"},"content":{"rendered":"<p>Altijd al benieuwd geweest naar hoe het nou precies zit met het Fries? Twijfel je of iets nou Fries of Nederlands is, of ben je benieuwd naar een mooier woord?<\/p>\n<p>Het boekje\u00a0<em>Dat is moai Frysk!<\/em> laat je zien wat het Fries eigen maakt. Denk aan dingen die anders zijn dan in het Nederlands, flaters die veel gemaakt worden en natuurlijk een heleboel mooie, typisch Friese woorden en gezegden. Een verdieping voor je taal, gewoon omdat je het interessant vindt of omdat je mooier Fries wil leren. Met hier en daar een grapje, want het moet vooral leuk zijn!<\/p>\n<hr \/>\n<p><em>Fardau de Boer: &#8220;Sa\u2019t ek sein wurdt yn it boek, is dit in seleksje fan de Fryske taal, mar op dizze wize kinne wy Friezen al in ferdjipping en ferriking oan \u00fas taalomjouwing en de Fryske taal jaan. Hjirmei kinne wy it taalbewustw\u00eazen fergrutsje, wat dreech klinkt, mar sa fielt it boek beslist net, om\u2019t it op in aardige en luchtige wize delset is. It is net allinne aardich om sels te l\u00eazen, mar ek om kado te jaan oan dyn heit, mem, beppe, pake, omke of muoike \u2018dy\u2019t alles al hat\u2019, om\u2019t hja fan it Frysk nea gen\u00f4ch krije kinne!&#8221; <a href=\"https:\/\/heitenmem.frl\/boekresinsje-dat-is-moai-frysk-troch-fardau-de-boer\/\" target=\"_blank\" rel=\"noopener\">L\u00eas hjir de folsleine resinsje.<\/a><\/em><\/p>\n<p><em>Corrie Kamminga: &#8220;Dat is moai Frysk! is in alleraardichst boekje oer, fansels, it Frysk. Oan \u2019e h\u00e2n fan 8 tema\u2019s wurdst meinaam yn de wr\u00e2ld fan it Frysk. Sa fynst ferhaaltsjes mei \u00fatlis w\u00earom\u2019t krekt dy spesifike wurden br\u00fbkt wurde, l\u00east blokjes mei \u00fatlis oer wurden dy\u2019t in soad opinoar lykje of learst dat Nederl\u00e2nske wurden dy\u2019t we faak br\u00fbke dochs net Frysk binne. It wurd \u2018leuk\u2019 is bygelyks sa\u2019n wurd. Aardich om te witten, no? Tink no net dat it boekje dy mei it opstutsen fingerke terjochte stiet te wizen, just net.&#8221; <a href=\"https:\/\/heitenmem.frl\/boekresinsje-dat-is-moai-frysk-troch-corrie-kamminga\/\" target=\"_blank\" rel=\"noopener\">L\u00eas hjir de folsleine resinsje.<\/a><\/em><\/p>\n","protected":false},"excerpt":{"rendered":"<p>Altijd al benieuwd geweest naar hoe het nou precies zit met het Fries? Twijfel je of iets nou Fries of Nederlands is, of ben je benieuwd naar een mooier woord? Het boekje\u00a0Dat is moai Frysk! laat je zien wat het Fries eigen maakt. Denk aan dingen die anders zijn dan in het Nederlands, flaters die [&hellip;]<\/p>\n","protected":false},"featured_media":50942,"comment_status":"closed","ping_status":"closed","template":"","meta":{"_acf_changed":false},"product_brand":[],"product_cat":[1043,535,1255,536],"product_tag":[24420,14217,8628,6644,24421,24422],"class_list":{"0":"post-50940","1":"product","2":"type-product","3":"status-publish","4":"has-post-thumbnail","6":"product_cat-edukatyf","7":"product_cat-fryske-boeken","8":"product_cat-kado-s-foar-de-feestdagen","9":"product_cat-taal-en-studzjeboeken","10":"product_tag-dat-is-moai-frysk","11":"product_tag-gezegden","12":"product_tag-humor","13":"product_tag-siswizen","14":"product_tag-taaleigen","15":"product_tag-taalflaters","16":"product_shipping_class-brievenbus-verzending","17":"pa_auteur-welmoed-sjoerdstra","18":"pa_isbn-24418","19":"pa_new-label-1-3","20":"pa_taal-frysk","21":"pa_uitgever-afuk","23":"first","24":"instock","25":"taxable","26":"shipping-taxable","27":"purchasable","28":"product-type-simple"},"acf":[],"yoast_head":"<!-- This site is optimized with the Yoast SEO plugin v27.3 - https:\/\/yoast.com\/product\/yoast-seo-wordpress\/ -->\n<title>Dat is moai Frysk! &#8211; Af\u00fbk Websjop<\/title>\n<meta name=\"description\" content=\"Het boekje\u00a0Dat is moai Frysk! laat je zien wat het Fries eigen maakt. Met een heleboel mooie, typisch Friese woorden en gezegden.\" \/>\n<meta name=\"robots\" content=\"index, follow, max-snippet:-1, max-image-preview:large, max-video-preview:-1\" \/>\n<link rel=\"canonical\" href=\"https:\/\/websjop.afuk.frl\/frl\/winkel\/dat-is-moai-frysk-ferskynt-1-desimber-2025\/\" \/>\n<meta property=\"og:locale\" content=\"fy_NL\" \/>\n<meta property=\"og:type\" content=\"article\" \/>\n<meta property=\"og:title\" content=\"Dat is moai Frysk! &#8211; Af\u00fbk Websjop\" \/>\n<meta property=\"og:description\" content=\"Het boekje\u00a0Dat is moai Frysk! laat je zien wat het Fries eigen maakt. Met een heleboel mooie, typisch Friese woorden en gezegden.\" \/>\n<meta property=\"og:url\" content=\"https:\/\/websjop.afuk.frl\/frl\/winkel\/dat-is-moai-frysk-ferskynt-1-desimber-2025\/\" \/>\n<meta property=\"og:site_name\" content=\"Af\u00fbk Websjop\" \/>\n<meta property=\"article:modified_time\" content=\"2026-02-09T12:06:33+00:00\" \/>\n<meta property=\"og:image\" content=\"https:\/\/websjop.afuk.frl\/wp-content\/uploads\/2025\/10\/Dat-is-moai-Frysk-LR.jpg\" \/>\n\t<meta property=\"og:image:width\" content=\"1000\" \/>\n\t<meta property=\"og:image:height\" content=\"1412\" \/>\n\t<meta property=\"og:image:type\" content=\"image\/jpeg\" \/>\n<meta name=\"twitter:card\" content=\"summary_large_image\" \/>\n<meta name=\"twitter:label1\" content=\"Est. reading time\" \/>\n\t<meta name=\"twitter:data1\" content=\"4 minutes\" \/>\n<script type=\"application\/ld+json\" class=\"yoast-schema-graph\">{\"@context\":\"https:\\\/\\\/schema.org\",\"@graph\":[{\"@type\":\"WebPage\",\"@id\":\"https:\\\/\\\/websjop.afuk.frl\\\/frl\\\/winkel\\\/dat-is-moai-frysk-ferskynt-1-desimber-2025\\\/\",\"url\":\"https:\\\/\\\/websjop.afuk.frl\\\/frl\\\/winkel\\\/dat-is-moai-frysk-ferskynt-1-desimber-2025\\\/\",\"name\":\"Dat is moai Frysk! &#8211; Af\u00fbk Websjop\",\"isPartOf\":{\"@id\":\"https:\\\/\\\/websjop.afuk.frl\\\/frl\\\/#website\"},\"primaryImageOfPage\":{\"@id\":\"https:\\\/\\\/websjop.afuk.frl\\\/frl\\\/winkel\\\/dat-is-moai-frysk-ferskynt-1-desimber-2025\\\/#primaryimage\"},\"image\":{\"@id\":\"https:\\\/\\\/websjop.afuk.frl\\\/frl\\\/winkel\\\/dat-is-moai-frysk-ferskynt-1-desimber-2025\\\/#primaryimage\"},\"thumbnailUrl\":\"https:\\\/\\\/websjop.afuk.frl\\\/wp-content\\\/uploads\\\/2025\\\/10\\\/Dat-is-moai-Frysk-LR.jpg\",\"datePublished\":\"2025-11-30T12:49:33+00:00\",\"dateModified\":\"2026-02-09T12:06:33+00:00\",\"description\":\"Het boekje\u00a0Dat is moai Frysk! laat je zien wat het Fries eigen maakt. Met een heleboel mooie, typisch Friese woorden en gezegden.\",\"breadcrumb\":{\"@id\":\"https:\\\/\\\/websjop.afuk.frl\\\/frl\\\/winkel\\\/dat-is-moai-frysk-ferskynt-1-desimber-2025\\\/#breadcrumb\"},\"inLanguage\":\"fy-NL\",\"potentialAction\":[{\"@type\":\"ReadAction\",\"target\":[\"https:\\\/\\\/websjop.afuk.frl\\\/frl\\\/winkel\\\/dat-is-moai-frysk-ferskynt-1-desimber-2025\\\/\"]}]},{\"@type\":\"ImageObject\",\"inLanguage\":\"fy-NL\",\"@id\":\"https:\\\/\\\/websjop.afuk.frl\\\/frl\\\/winkel\\\/dat-is-moai-frysk-ferskynt-1-desimber-2025\\\/#primaryimage\",\"url\":\"https:\\\/\\\/websjop.afuk.frl\\\/wp-content\\\/uploads\\\/2025\\\/10\\\/Dat-is-moai-Frysk-LR.jpg\",\"contentUrl\":\"https:\\\/\\\/websjop.afuk.frl\\\/wp-content\\\/uploads\\\/2025\\\/10\\\/Dat-is-moai-Frysk-LR.jpg\",\"width\":1000,\"height\":1412},{\"@type\":\"BreadcrumbList\",\"@id\":\"https:\\\/\\\/websjop.afuk.frl\\\/frl\\\/winkel\\\/dat-is-moai-frysk-ferskynt-1-desimber-2025\\\/#breadcrumb\",\"itemListElement\":[{\"@type\":\"ListItem\",\"position\":1,\"name\":\"Home\",\"item\":\"https:\\\/\\\/websjop.afuk.frl\\\/frl\\\/\"},{\"@type\":\"ListItem\",\"position\":2,\"name\":\"Winkel\",\"item\":\"https:\\\/\\\/websjop.afuk.frl\\\/nl\\\/winkel\\\/\"},{\"@type\":\"ListItem\",\"position\":3,\"name\":\"Dat is moai Frysk!\"}]},{\"@type\":\"WebSite\",\"@id\":\"https:\\\/\\\/websjop.afuk.frl\\\/frl\\\/#website\",\"url\":\"https:\\\/\\\/websjop.afuk.frl\\\/frl\\\/\",\"name\":\"Af\u00fbk Websjop\",\"description\":\"\",\"potentialAction\":[{\"@type\":\"SearchAction\",\"target\":{\"@type\":\"EntryPoint\",\"urlTemplate\":\"https:\\\/\\\/websjop.afuk.frl\\\/frl\\\/?s={search_term_string}\"},\"query-input\":{\"@type\":\"PropertyValueSpecification\",\"valueRequired\":true,\"valueName\":\"search_term_string\"}}],\"inLanguage\":\"fy-NL\"}]}<\/script>\n<!-- \/ Yoast SEO plugin. -->","yoast_head_json":{"title":"Dat is moai Frysk! &#8211; Af\u00fbk Websjop","description":"Het boekje\u00a0Dat is moai Frysk! laat je zien wat het Fries eigen maakt. Met een heleboel mooie, typisch Friese woorden en gezegden.","robots":{"index":"index","follow":"follow","max-snippet":"max-snippet:-1","max-image-preview":"max-image-preview:large","max-video-preview":"max-video-preview:-1"},"canonical":"https:\/\/websjop.afuk.frl\/frl\/winkel\/dat-is-moai-frysk-ferskynt-1-desimber-2025\/","og_locale":"fy_NL","og_type":"article","og_title":"Dat is moai Frysk! &#8211; Af\u00fbk Websjop","og_description":"Het boekje\u00a0Dat is moai Frysk! laat je zien wat het Fries eigen maakt. Met een heleboel mooie, typisch Friese woorden en gezegden.","og_url":"https:\/\/websjop.afuk.frl\/frl\/winkel\/dat-is-moai-frysk-ferskynt-1-desimber-2025\/","og_site_name":"Af\u00fbk Websjop","article_modified_time":"2026-02-09T12:06:33+00:00","og_image":[{"width":1000,"height":1412,"url":"https:\/\/websjop.afuk.frl\/wp-content\/uploads\/2025\/10\/Dat-is-moai-Frysk-LR.jpg","type":"image\/jpeg"}],"twitter_card":"summary_large_image","twitter_misc":{"Est. reading time":"4 minutes"},"schema":{"@context":"https:\/\/schema.org","@graph":[{"@type":"WebPage","@id":"https:\/\/websjop.afuk.frl\/frl\/winkel\/dat-is-moai-frysk-ferskynt-1-desimber-2025\/","url":"https:\/\/websjop.afuk.frl\/frl\/winkel\/dat-is-moai-frysk-ferskynt-1-desimber-2025\/","name":"Dat is moai Frysk! &#8211; Af\u00fbk Websjop","isPartOf":{"@id":"https:\/\/websjop.afuk.frl\/frl\/#website"},"primaryImageOfPage":{"@id":"https:\/\/websjop.afuk.frl\/frl\/winkel\/dat-is-moai-frysk-ferskynt-1-desimber-2025\/#primaryimage"},"image":{"@id":"https:\/\/websjop.afuk.frl\/frl\/winkel\/dat-is-moai-frysk-ferskynt-1-desimber-2025\/#primaryimage"},"thumbnailUrl":"https:\/\/websjop.afuk.frl\/wp-content\/uploads\/2025\/10\/Dat-is-moai-Frysk-LR.jpg","datePublished":"2025-11-30T12:49:33+00:00","dateModified":"2026-02-09T12:06:33+00:00","description":"Het boekje\u00a0Dat is moai Frysk! laat je zien wat het Fries eigen maakt. Met een heleboel mooie, typisch Friese woorden en gezegden.","breadcrumb":{"@id":"https:\/\/websjop.afuk.frl\/frl\/winkel\/dat-is-moai-frysk-ferskynt-1-desimber-2025\/#breadcrumb"},"inLanguage":"fy-NL","potentialAction":[{"@type":"ReadAction","target":["https:\/\/websjop.afuk.frl\/frl\/winkel\/dat-is-moai-frysk-ferskynt-1-desimber-2025\/"]}]},{"@type":"ImageObject","inLanguage":"fy-NL","@id":"https:\/\/websjop.afuk.frl\/frl\/winkel\/dat-is-moai-frysk-ferskynt-1-desimber-2025\/#primaryimage","url":"https:\/\/websjop.afuk.frl\/wp-content\/uploads\/2025\/10\/Dat-is-moai-Frysk-LR.jpg","contentUrl":"https:\/\/websjop.afuk.frl\/wp-content\/uploads\/2025\/10\/Dat-is-moai-Frysk-LR.jpg","width":1000,"height":1412},{"@type":"BreadcrumbList","@id":"https:\/\/websjop.afuk.frl\/frl\/winkel\/dat-is-moai-frysk-ferskynt-1-desimber-2025\/#breadcrumb","itemListElement":[{"@type":"ListItem","position":1,"name":"Home","item":"https:\/\/websjop.afuk.frl\/frl\/"},{"@type":"ListItem","position":2,"name":"Winkel","item":"https:\/\/websjop.afuk.frl\/nl\/winkel\/"},{"@type":"ListItem","position":3,"name":"Dat is moai Frysk!"}]},{"@type":"WebSite","@id":"https:\/\/websjop.afuk.frl\/frl\/#website","url":"https:\/\/websjop.afuk.frl\/frl\/","name":"Af\u00fbk Websjop","description":"","potentialAction":[{"@type":"SearchAction","target":{"@type":"EntryPoint","urlTemplate":"https:\/\/websjop.afuk.frl\/frl\/?s={search_term_string}"},"query-input":{"@type":"PropertyValueSpecification","valueRequired":true,"valueName":"search_term_string"}}],"inLanguage":"fy-NL"}]}},"_links":{"self":[{"href":"https:\/\/websjop.afuk.frl\/frl\/wp-json\/wp\/v2\/product\/50940","targetHints":{"allow":["GET"]}}],"collection":[{"href":"https:\/\/websjop.afuk.frl\/frl\/wp-json\/wp\/v2\/product"}],"about":[{"href":"https:\/\/websjop.afuk.frl\/frl\/wp-json\/wp\/v2\/types\/product"}],"replies":[{"embeddable":true,"href":"https:\/\/websjop.afuk.frl\/frl\/wp-json\/wp\/v2\/comments?post=50940"}],"wp:featuredmedia":[{"embeddable":true,"href":"https:\/\/websjop.afuk.frl\/frl\/wp-json\/wp\/v2\/media\/50942"}],"wp:attachment":[{"href":"https:\/\/websjop.afuk.frl\/frl\/wp-json\/wp\/v2\/media?parent=50940"}],"wp:term":[{"taxonomy":"product_brand","embeddable":true,"href":"https:\/\/websjop.afuk.frl\/frl\/wp-json\/wp\/v2\/product_brand?post=50940"},{"taxonomy":"product_cat","embeddable":true,"href":"https:\/\/websjop.afuk.frl\/frl\/wp-json\/wp\/v2\/product_cat?post=50940"},{"taxonomy":"product_tag","embeddable":true,"href":"https:\/\/websjop.afuk.frl\/frl\/wp-json\/wp\/v2\/product_tag?post=50940"}],"curies":[{"name":"wp","href":"https:\/\/api.w.org\/{rel}","templated":true}]}}