{"id":50790,"date":"2021-10-20T10:36:18","date_gmt":"2021-10-20T08:36:18","guid":{"rendered":"https:\/\/websjop.afuk.frl\/frl\/?post_type=product&#038;p=50790"},"modified":"2025-12-01T09:56:00","modified_gmt":"2025-12-01T08:56:00","slug":"frysk-bakboek","status":"publish","type":"product","link":"https:\/\/websjop.afuk.frl\/frl\/winkel\/frysk-bakboek\/","title":{"rendered":"Frysk Bakboek"},"content":{"rendered":"<p>Het Fries Bakboek verzamelt de zoete recepten uit de bakkerstraditie die Frysl\u00e2n rijk is. Oranjekoek, Suikerbrood en D\u00famkes zijn uiteraard opgenomen, maar ook hooimaal, trommelkoek, vanillestaafjes, reepkoek en allerlei ander bekend en onbekend gebak komt aan bod. Op z\u2019n Fries rjucht en sljucht beschreven, zonder te veel poespas, zodat je het thuis goed kunt maken en een stukje Frysl\u00e2n uit je keuken tovert.<\/p>\n<p>De zussen Henny en Betty Feenstra werkten allebei jarenlang bij bakkers in Lemmer. Naast hun dagelijkse banen, Henny als docent en Betty als directeur, bleven ze bakken voor hun gezin, familie en vrienden.<\/p>\n<p>Ook verkrijgbaar in de Nederlandse editie:\u00a0<a href=\"https:\/\/websjop.afuk.frl\/frl\/winkel\/fries-bakboek-\">https:\/\/websjop.afuk.frl\/frl\/winkel\/fries-bakboek-<\/a><\/p>\n","protected":false},"excerpt":{"rendered":"<p>Het Fries Bakboek verzamelt de zoete recepten uit de bakkerstraditie die Frysl\u00e2n rijk is. Oranjekoek, Suikerbrood en D\u00famkes zijn uiteraard opgenomen, maar ook hooimaal, trommelkoek, vanillestaafjes, reepkoek en allerlei ander bekend en onbekend gebak komt aan bod. Op z\u2019n Fries rjucht en sljucht beschreven, zonder te veel poespas, zodat je het thuis goed kunt maken [&hellip;]<\/p>\n","protected":false},"featured_media":50791,"comment_status":"closed","ping_status":"closed","template":"","meta":{"_acf_changed":false},"product_brand":[],"product_cat":[535,555,1054],"product_tag":[19483,23955,19481,19482,24383,15974,15976,24384,19484,24385],"class_list":{"0":"post-50790","1":"product","2":"type-product","3":"status-publish","4":"has-post-thumbnail","6":"product_cat-fryske-boeken","7":"product_cat-hobby","8":"product_cat-itensiede","9":"product_tag-betty-feenstra","10":"product_tag-dumkes","11":"product_tag-frysk-bakboek","12":"product_tag-henny-feenstra","13":"product_tag-oranjekoeke","14":"product_tag-recepten","15":"product_tag-resepten","16":"product_tag-sukerbole","17":"product_tag-swiet","18":"product_tag-zoete-keuken","19":"product_shipping_class-brievenbus-verzending","20":"pa_auteur-henny-en-betty-feenstra","21":"pa_isbn-19480","22":"pa_taal-frysk","23":"pa_uitgever-bornmeer","25":"first","26":"instock","27":"taxable","28":"shipping-taxable","29":"purchasable","30":"product-type-simple"},"acf":[],"yoast_head":"<!-- This site is optimized with the Yoast SEO plugin v27.3 - https:\/\/yoast.com\/product\/yoast-seo-wordpress\/ -->\n<title>Frysk Bakboek &#8211; Af\u00fbk Websjop<\/title>\n<meta name=\"description\" content=\"Het Fries Bakboek verzamelt de zoete recepten uit de bakkerstraditie die Frysl\u00e2n rijk is. Zoals Oranjekoek, Suikerbrood en D\u00famkes.\" \/>\n<meta name=\"robots\" content=\"index, follow, max-snippet:-1, max-image-preview:large, max-video-preview:-1\" \/>\n<link rel=\"canonical\" href=\"https:\/\/websjop.afuk.frl\/frl\/winkel\/frysk-bakboek\/\" \/>\n<meta property=\"og:locale\" content=\"fy_NL\" \/>\n<meta property=\"og:type\" content=\"article\" \/>\n<meta property=\"og:title\" content=\"Frysk Bakboek &#8211; Af\u00fbk Websjop\" \/>\n<meta property=\"og:description\" content=\"Het Fries Bakboek verzamelt de zoete recepten uit de bakkerstraditie die Frysl\u00e2n rijk is. Zoals Oranjekoek, Suikerbrood en D\u00famkes.\" \/>\n<meta property=\"og:url\" content=\"https:\/\/websjop.afuk.frl\/frl\/winkel\/frysk-bakboek\/\" \/>\n<meta property=\"og:site_name\" content=\"Af\u00fbk Websjop\" \/>\n<meta property=\"article:modified_time\" content=\"2025-12-01T08:56:00+00:00\" \/>\n<meta property=\"og:image\" content=\"https:\/\/websjop.afuk.frl\/wp-content\/uploads\/2025\/10\/Frysk-bakboek.jpg\" \/>\n\t<meta property=\"og:image:width\" content=\"510\" \/>\n\t<meta property=\"og:image:height\" content=\"678\" \/>\n\t<meta property=\"og:image:type\" content=\"image\/jpeg\" \/>\n<meta name=\"twitter:card\" content=\"summary_large_image\" \/>\n<meta name=\"twitter:label1\" content=\"Est. reading time\" \/>\n\t<meta name=\"twitter:data1\" content=\"2 minutes\" \/>\n<script type=\"application\/ld+json\" class=\"yoast-schema-graph\">{\"@context\":\"https:\\\/\\\/schema.org\",\"@graph\":[{\"@type\":\"WebPage\",\"@id\":\"https:\\\/\\\/websjop.afuk.frl\\\/frl\\\/winkel\\\/frysk-bakboek\\\/\",\"url\":\"https:\\\/\\\/websjop.afuk.frl\\\/frl\\\/winkel\\\/frysk-bakboek\\\/\",\"name\":\"Frysk Bakboek &#8211; Af\u00fbk Websjop\",\"isPartOf\":{\"@id\":\"https:\\\/\\\/websjop.afuk.frl\\\/frl\\\/#website\"},\"primaryImageOfPage\":{\"@id\":\"https:\\\/\\\/websjop.afuk.frl\\\/frl\\\/winkel\\\/frysk-bakboek\\\/#primaryimage\"},\"image\":{\"@id\":\"https:\\\/\\\/websjop.afuk.frl\\\/frl\\\/winkel\\\/frysk-bakboek\\\/#primaryimage\"},\"thumbnailUrl\":\"https:\\\/\\\/websjop.afuk.frl\\\/wp-content\\\/uploads\\\/2025\\\/10\\\/Frysk-bakboek.jpg\",\"datePublished\":\"2021-10-20T08:36:18+00:00\",\"dateModified\":\"2025-12-01T08:56:00+00:00\",\"description\":\"Het Fries Bakboek verzamelt de zoete recepten uit de bakkerstraditie die Frysl\u00e2n rijk is. Zoals Oranjekoek, Suikerbrood en D\u00famkes.\",\"breadcrumb\":{\"@id\":\"https:\\\/\\\/websjop.afuk.frl\\\/frl\\\/winkel\\\/frysk-bakboek\\\/#breadcrumb\"},\"inLanguage\":\"fy-NL\",\"potentialAction\":[{\"@type\":\"ReadAction\",\"target\":[\"https:\\\/\\\/websjop.afuk.frl\\\/frl\\\/winkel\\\/frysk-bakboek\\\/\"]}]},{\"@type\":\"ImageObject\",\"inLanguage\":\"fy-NL\",\"@id\":\"https:\\\/\\\/websjop.afuk.frl\\\/frl\\\/winkel\\\/frysk-bakboek\\\/#primaryimage\",\"url\":\"https:\\\/\\\/websjop.afuk.frl\\\/wp-content\\\/uploads\\\/2025\\\/10\\\/Frysk-bakboek.jpg\",\"contentUrl\":\"https:\\\/\\\/websjop.afuk.frl\\\/wp-content\\\/uploads\\\/2025\\\/10\\\/Frysk-bakboek.jpg\",\"width\":510,\"height\":678},{\"@type\":\"BreadcrumbList\",\"@id\":\"https:\\\/\\\/websjop.afuk.frl\\\/frl\\\/winkel\\\/frysk-bakboek\\\/#breadcrumb\",\"itemListElement\":[{\"@type\":\"ListItem\",\"position\":1,\"name\":\"Home\",\"item\":\"https:\\\/\\\/websjop.afuk.frl\\\/frl\\\/\"},{\"@type\":\"ListItem\",\"position\":2,\"name\":\"Winkel\",\"item\":\"https:\\\/\\\/websjop.afuk.frl\\\/nl\\\/winkel\\\/\"},{\"@type\":\"ListItem\",\"position\":3,\"name\":\"Frysk Bakboek\"}]},{\"@type\":\"WebSite\",\"@id\":\"https:\\\/\\\/websjop.afuk.frl\\\/frl\\\/#website\",\"url\":\"https:\\\/\\\/websjop.afuk.frl\\\/frl\\\/\",\"name\":\"Af\u00fbk Websjop\",\"description\":\"\",\"potentialAction\":[{\"@type\":\"SearchAction\",\"target\":{\"@type\":\"EntryPoint\",\"urlTemplate\":\"https:\\\/\\\/websjop.afuk.frl\\\/frl\\\/?s={search_term_string}\"},\"query-input\":{\"@type\":\"PropertyValueSpecification\",\"valueRequired\":true,\"valueName\":\"search_term_string\"}}],\"inLanguage\":\"fy-NL\"}]}<\/script>\n<!-- \/ Yoast SEO plugin. -->","yoast_head_json":{"title":"Frysk Bakboek &#8211; Af\u00fbk Websjop","description":"Het Fries Bakboek verzamelt de zoete recepten uit de bakkerstraditie die Frysl\u00e2n rijk is. Zoals Oranjekoek, Suikerbrood en D\u00famkes.","robots":{"index":"index","follow":"follow","max-snippet":"max-snippet:-1","max-image-preview":"max-image-preview:large","max-video-preview":"max-video-preview:-1"},"canonical":"https:\/\/websjop.afuk.frl\/frl\/winkel\/frysk-bakboek\/","og_locale":"fy_NL","og_type":"article","og_title":"Frysk Bakboek &#8211; Af\u00fbk Websjop","og_description":"Het Fries Bakboek verzamelt de zoete recepten uit de bakkerstraditie die Frysl\u00e2n rijk is. Zoals Oranjekoek, Suikerbrood en D\u00famkes.","og_url":"https:\/\/websjop.afuk.frl\/frl\/winkel\/frysk-bakboek\/","og_site_name":"Af\u00fbk Websjop","article_modified_time":"2025-12-01T08:56:00+00:00","og_image":[{"width":510,"height":678,"url":"https:\/\/websjop.afuk.frl\/wp-content\/uploads\/2025\/10\/Frysk-bakboek.jpg","type":"image\/jpeg"}],"twitter_card":"summary_large_image","twitter_misc":{"Est. reading time":"2 minutes"},"schema":{"@context":"https:\/\/schema.org","@graph":[{"@type":"WebPage","@id":"https:\/\/websjop.afuk.frl\/frl\/winkel\/frysk-bakboek\/","url":"https:\/\/websjop.afuk.frl\/frl\/winkel\/frysk-bakboek\/","name":"Frysk Bakboek &#8211; Af\u00fbk Websjop","isPartOf":{"@id":"https:\/\/websjop.afuk.frl\/frl\/#website"},"primaryImageOfPage":{"@id":"https:\/\/websjop.afuk.frl\/frl\/winkel\/frysk-bakboek\/#primaryimage"},"image":{"@id":"https:\/\/websjop.afuk.frl\/frl\/winkel\/frysk-bakboek\/#primaryimage"},"thumbnailUrl":"https:\/\/websjop.afuk.frl\/wp-content\/uploads\/2025\/10\/Frysk-bakboek.jpg","datePublished":"2021-10-20T08:36:18+00:00","dateModified":"2025-12-01T08:56:00+00:00","description":"Het Fries Bakboek verzamelt de zoete recepten uit de bakkerstraditie die Frysl\u00e2n rijk is. Zoals Oranjekoek, Suikerbrood en D\u00famkes.","breadcrumb":{"@id":"https:\/\/websjop.afuk.frl\/frl\/winkel\/frysk-bakboek\/#breadcrumb"},"inLanguage":"fy-NL","potentialAction":[{"@type":"ReadAction","target":["https:\/\/websjop.afuk.frl\/frl\/winkel\/frysk-bakboek\/"]}]},{"@type":"ImageObject","inLanguage":"fy-NL","@id":"https:\/\/websjop.afuk.frl\/frl\/winkel\/frysk-bakboek\/#primaryimage","url":"https:\/\/websjop.afuk.frl\/wp-content\/uploads\/2025\/10\/Frysk-bakboek.jpg","contentUrl":"https:\/\/websjop.afuk.frl\/wp-content\/uploads\/2025\/10\/Frysk-bakboek.jpg","width":510,"height":678},{"@type":"BreadcrumbList","@id":"https:\/\/websjop.afuk.frl\/frl\/winkel\/frysk-bakboek\/#breadcrumb","itemListElement":[{"@type":"ListItem","position":1,"name":"Home","item":"https:\/\/websjop.afuk.frl\/frl\/"},{"@type":"ListItem","position":2,"name":"Winkel","item":"https:\/\/websjop.afuk.frl\/nl\/winkel\/"},{"@type":"ListItem","position":3,"name":"Frysk Bakboek"}]},{"@type":"WebSite","@id":"https:\/\/websjop.afuk.frl\/frl\/#website","url":"https:\/\/websjop.afuk.frl\/frl\/","name":"Af\u00fbk Websjop","description":"","potentialAction":[{"@type":"SearchAction","target":{"@type":"EntryPoint","urlTemplate":"https:\/\/websjop.afuk.frl\/frl\/?s={search_term_string}"},"query-input":{"@type":"PropertyValueSpecification","valueRequired":true,"valueName":"search_term_string"}}],"inLanguage":"fy-NL"}]}},"_links":{"self":[{"href":"https:\/\/websjop.afuk.frl\/frl\/wp-json\/wp\/v2\/product\/50790","targetHints":{"allow":["GET"]}}],"collection":[{"href":"https:\/\/websjop.afuk.frl\/frl\/wp-json\/wp\/v2\/product"}],"about":[{"href":"https:\/\/websjop.afuk.frl\/frl\/wp-json\/wp\/v2\/types\/product"}],"replies":[{"embeddable":true,"href":"https:\/\/websjop.afuk.frl\/frl\/wp-json\/wp\/v2\/comments?post=50790"}],"wp:featuredmedia":[{"embeddable":true,"href":"https:\/\/websjop.afuk.frl\/frl\/wp-json\/wp\/v2\/media\/50791"}],"wp:attachment":[{"href":"https:\/\/websjop.afuk.frl\/frl\/wp-json\/wp\/v2\/media?parent=50790"}],"wp:term":[{"taxonomy":"product_brand","embeddable":true,"href":"https:\/\/websjop.afuk.frl\/frl\/wp-json\/wp\/v2\/product_brand?post=50790"},{"taxonomy":"product_cat","embeddable":true,"href":"https:\/\/websjop.afuk.frl\/frl\/wp-json\/wp\/v2\/product_cat?post=50790"},{"taxonomy":"product_tag","embeddable":true,"href":"https:\/\/websjop.afuk.frl\/frl\/wp-json\/wp\/v2\/product_tag?post=50790"}],"curies":[{"name":"wp","href":"https:\/\/api.w.org\/{rel}","templated":true}]}}