{"id":49992,"date":"2025-09-04T16:46:24","date_gmt":"2025-09-04T14:46:24","guid":{"rendered":"https:\/\/websjop.afuk.frl\/frl\/?post_type=product&#038;p=49992"},"modified":"2026-01-26T16:14:59","modified_gmt":"2026-01-26T15:14:59","slug":"de-kening-sunder-hynder","status":"publish","type":"product","link":"https:\/\/websjop.afuk.frl\/frl\/winkel\/de-kening-sunder-hynder\/","title":{"rendered":"De kening s\u00fbnder hynder"},"content":{"rendered":"<p>Wanneer de koning met een opperbest humeur de koninklijke stallen instapt, wacht hem een akelige verrassing: zijn paard is verdwenen! Resoluut gaat hij op avontuur om zijn trouwe kameraad te vinden. Lang hoeft de koning niet te zoeken, want buiten de kasteelpoort ligt een draak te slapen &#8211; en uit zijn buik klinkt het klagelijk: &#8216;Hi-hi-hii&#8217;. Wat doe je als je beste vriend opgegeten is door een gigantische draak? Dan moet je wel even slikken natuurlijk. En daarna verzamel je alle moed bijeen om hem te redden.<\/p>\n<p><em>De kening s\u00fbnder hynder<\/em> is een grappig verhaal op rijm over heldenmoed en \u00e9chte vriendschap. Het boek verschijnt in het kader van de Berneboekewike 2025.<\/p>\n<hr \/>\n<p><em>Lisanne: &#8220;Nu we het ook in het Frysk kunnen voorlezen, kunnen we haar weer nieuwe woorden leren, en ook voor ons zaten er weer nieuwe woorden bij. Als ik een cadeautje had moeten kopen, dan zou ik dit zeker hebben gekocht! We kunnen er zo om lachen, en hoe fijn is dat net voor het slapengaan. Lekker ontspannen kunnen gaan slapen en kunnen dromen over je eigen avonturen.&#8221; <a href=\"https:\/\/heitenmem.frl\/resinsje-kening-sunder-hynder-troch-lisanne\/\" target=\"_blank\" rel=\"noopener\">L\u00eas hjir de folsleine resinsje fan Lisanne.<\/a><\/em><\/p>\n<p><em>Yvonne: &#8220;De kening s\u00fbnder hynder is \u00fbnderdiel fan de popul\u00eare searje De ridder s\u00fbnder billen. Ek mei dit boek is it Levina van Teunenbroek en Charlotte Bruijn tige slagge om in noflike kombinaasje te meitsjen tusken spanning en humor. Der sil dan ek seker lake wurde ast dit boek foarl\u00east. De tekst is op rym skreaun \u2013 sels fyn ik dat altyd fantastysk! Foarl\u00eazen wurdt in feestje: bern kinne de rymwurden sels oanfolje en yn it Frysk wurdt dat noch in bys\u00fbndere taalreis. Sa \u00fbntdekke pjutten en beukers tagelyk sawol it ferhaal as de muzyk fan de taal.&#8221; <a href=\"https:\/\/heitenmem.frl\/resinsje-kening-sunder-hynder-troch-yvonne\/\" target=\"_blank\" rel=\"noopener\">L\u00eas hjir de folsleine resinsje fan Yvonne.<\/a><\/em><\/p>\n<p>&nbsp;<\/p>\n","protected":false},"excerpt":{"rendered":"<p>Wanneer de koning met een opperbest humeur de koninklijke stallen instapt, wacht hem een akelige verrassing: zijn paard is verdwenen! Resoluut gaat hij op avontuur om zijn trouwe kameraad te vinden. Lang hoeft de koning niet te zoeken, want buiten de kasteelpoort ligt een draak te slapen &#8211; en uit zijn buik klinkt het klagelijk: [&hellip;]<\/p>\n","protected":false},"featured_media":49993,"comment_status":"closed","ping_status":"closed","template":"","meta":{"_acf_changed":false},"product_brand":[],"product_cat":[1213,549,535,23627,9448,22905],"product_tag":[24256,24254,24257,6108,17721,24255,6107,5451],"class_list":{"0":"post-49992","1":"product","2":"type-product","3":"status-publish","4":"has-post-thumbnail","6":"product_cat-berne-en-jeugdboeken","7":"product_cat-berneboeken-0-tot-4-jaar","8":"product_cat-fryske-boeken","9":"product_cat-op-aventoer","10":"product_cat-printeboeken-top-10","11":"product_cat-tema-freonskip-en-leafde","12":"product_tag-berneboekewike-2025","13":"product_tag-de-kening-sunder-hynder","14":"product_tag-draak","15":"product_tag-freonskip","16":"product_tag-held","17":"product_tag-levina-van-teunenbroek","18":"product_tag-moed","19":"product_tag-printeboek","20":"product_shipping_class-brievenbus-verzending","21":"pa_auteur-levina-van-teunenbroek","22":"pa_isbn-24251","23":"pa_new-label-1-3","24":"pa_taal-frysk","25":"pa_uitgever-uitgeverij-unieboek-het-spectrum","26":"pa_vertaler-hermien-van-der-meer","28":"first","29":"instock","30":"taxable","31":"shipping-taxable","32":"purchasable","33":"product-type-simple"},"acf":[],"yoast_head":"<!-- This site is optimized with the Yoast SEO plugin v27.2 - https:\/\/yoast.com\/product\/yoast-seo-wordpress\/ -->\n<title>De kening s\u00fbnder hynder &#8211; Af\u00fbk Websjop<\/title>\n<meta name=\"description\" content=\"De kening s\u00fbnder hynder is een grappig verhaal op rijm over heldenmoed en \u00e9chte vriendschap. Het boek verschijnt in het kader van de Berneboekewike 2025.\" \/>\n<meta name=\"robots\" content=\"index, follow, max-snippet:-1, max-image-preview:large, max-video-preview:-1\" \/>\n<link rel=\"canonical\" href=\"https:\/\/websjop.afuk.frl\/frl\/winkel\/de-kening-sunder-hynder\/\" \/>\n<meta property=\"og:locale\" content=\"fy_NL\" \/>\n<meta property=\"og:type\" content=\"article\" \/>\n<meta property=\"og:title\" content=\"De kening s\u00fbnder hynder &#8211; Af\u00fbk Websjop\" \/>\n<meta property=\"og:description\" content=\"De kening s\u00fbnder hynder is een grappig verhaal op rijm over heldenmoed en \u00e9chte vriendschap. Het boek verschijnt in het kader van de Berneboekewike 2025.\" \/>\n<meta property=\"og:url\" content=\"https:\/\/websjop.afuk.frl\/frl\/winkel\/de-kening-sunder-hynder\/\" \/>\n<meta property=\"og:site_name\" content=\"Af\u00fbk Websjop\" \/>\n<meta property=\"article:modified_time\" content=\"2026-01-26T15:14:59+00:00\" \/>\n<meta property=\"og:image\" content=\"https:\/\/websjop.afuk.frl\/wp-content\/uploads\/2025\/09\/De-kening-sunder-hynder-HR-scaled.jpg\" \/>\n\t<meta property=\"og:image:width\" content=\"1862\" \/>\n\t<meta property=\"og:image:height\" content=\"2560\" \/>\n\t<meta property=\"og:image:type\" content=\"image\/jpeg\" \/>\n<meta name=\"twitter:card\" content=\"summary_large_image\" \/>\n<meta name=\"twitter:label1\" content=\"Est. reading time\" \/>\n\t<meta name=\"twitter:data1\" content=\"4 minutes\" \/>\n<script type=\"application\/ld+json\" class=\"yoast-schema-graph\">{\"@context\":\"https:\/\/schema.org\",\"@graph\":[{\"@type\":\"WebPage\",\"@id\":\"https:\/\/websjop.afuk.frl\/frl\/winkel\/de-kening-sunder-hynder\/\",\"url\":\"https:\/\/websjop.afuk.frl\/frl\/winkel\/de-kening-sunder-hynder\/\",\"name\":\"De kening s\u00fbnder hynder &#8211; Af\u00fbk Websjop\",\"isPartOf\":{\"@id\":\"https:\/\/websjop.afuk.frl\/frl\/#website\"},\"primaryImageOfPage\":{\"@id\":\"https:\/\/websjop.afuk.frl\/frl\/winkel\/de-kening-sunder-hynder\/#primaryimage\"},\"image\":{\"@id\":\"https:\/\/websjop.afuk.frl\/frl\/winkel\/de-kening-sunder-hynder\/#primaryimage\"},\"thumbnailUrl\":\"https:\/\/websjop.afuk.frl\/wp-content\/uploads\/2025\/09\/De-kening-sunder-hynder-HR-scaled.jpg\",\"datePublished\":\"2025-09-04T14:46:24+00:00\",\"dateModified\":\"2026-01-26T15:14:59+00:00\",\"description\":\"De kening s\u00fbnder hynder is een grappig verhaal op rijm over heldenmoed en \u00e9chte vriendschap. Het boek verschijnt in het kader van de Berneboekewike 2025.\",\"breadcrumb\":{\"@id\":\"https:\/\/websjop.afuk.frl\/frl\/winkel\/de-kening-sunder-hynder\/#breadcrumb\"},\"inLanguage\":\"fy-NL\",\"potentialAction\":[{\"@type\":\"ReadAction\",\"target\":[\"https:\/\/websjop.afuk.frl\/frl\/winkel\/de-kening-sunder-hynder\/\"]}]},{\"@type\":\"ImageObject\",\"inLanguage\":\"fy-NL\",\"@id\":\"https:\/\/websjop.afuk.frl\/frl\/winkel\/de-kening-sunder-hynder\/#primaryimage\",\"url\":\"https:\/\/websjop.afuk.frl\/wp-content\/uploads\/2025\/09\/De-kening-sunder-hynder-HR-scaled.jpg\",\"contentUrl\":\"https:\/\/websjop.afuk.frl\/wp-content\/uploads\/2025\/09\/De-kening-sunder-hynder-HR-scaled.jpg\",\"width\":1862,\"height\":2560},{\"@type\":\"BreadcrumbList\",\"@id\":\"https:\/\/websjop.afuk.frl\/frl\/winkel\/de-kening-sunder-hynder\/#breadcrumb\",\"itemListElement\":[{\"@type\":\"ListItem\",\"position\":1,\"name\":\"Home\",\"item\":\"https:\/\/websjop.afuk.frl\/frl\/\"},{\"@type\":\"ListItem\",\"position\":2,\"name\":\"Winkel\",\"item\":\"https:\/\/websjop.afuk.frl\/nl\/winkel\/\"},{\"@type\":\"ListItem\",\"position\":3,\"name\":\"De kening s\u00fbnder hynder\"}]},{\"@type\":\"WebSite\",\"@id\":\"https:\/\/websjop.afuk.frl\/frl\/#website\",\"url\":\"https:\/\/websjop.afuk.frl\/frl\/\",\"name\":\"Af\u00fbk Websjop\",\"description\":\"\",\"potentialAction\":[{\"@type\":\"SearchAction\",\"target\":{\"@type\":\"EntryPoint\",\"urlTemplate\":\"https:\/\/websjop.afuk.frl\/frl\/?s={search_term_string}\"},\"query-input\":{\"@type\":\"PropertyValueSpecification\",\"valueRequired\":true,\"valueName\":\"search_term_string\"}}],\"inLanguage\":\"fy-NL\"}]}<\/script>\n<!-- \/ Yoast SEO plugin. -->","yoast_head_json":{"title":"De kening s\u00fbnder hynder &#8211; Af\u00fbk Websjop","description":"De kening s\u00fbnder hynder is een grappig verhaal op rijm over heldenmoed en \u00e9chte vriendschap. Het boek verschijnt in het kader van de Berneboekewike 2025.","robots":{"index":"index","follow":"follow","max-snippet":"max-snippet:-1","max-image-preview":"max-image-preview:large","max-video-preview":"max-video-preview:-1"},"canonical":"https:\/\/websjop.afuk.frl\/frl\/winkel\/de-kening-sunder-hynder\/","og_locale":"fy_NL","og_type":"article","og_title":"De kening s\u00fbnder hynder &#8211; Af\u00fbk Websjop","og_description":"De kening s\u00fbnder hynder is een grappig verhaal op rijm over heldenmoed en \u00e9chte vriendschap. Het boek verschijnt in het kader van de Berneboekewike 2025.","og_url":"https:\/\/websjop.afuk.frl\/frl\/winkel\/de-kening-sunder-hynder\/","og_site_name":"Af\u00fbk Websjop","article_modified_time":"2026-01-26T15:14:59+00:00","og_image":[{"width":1862,"height":2560,"url":"https:\/\/websjop.afuk.frl\/wp-content\/uploads\/2025\/09\/De-kening-sunder-hynder-HR-scaled.jpg","type":"image\/jpeg"}],"twitter_card":"summary_large_image","twitter_misc":{"Est. reading time":"4 minutes"},"schema":{"@context":"https:\/\/schema.org","@graph":[{"@type":"WebPage","@id":"https:\/\/websjop.afuk.frl\/frl\/winkel\/de-kening-sunder-hynder\/","url":"https:\/\/websjop.afuk.frl\/frl\/winkel\/de-kening-sunder-hynder\/","name":"De kening s\u00fbnder hynder &#8211; Af\u00fbk Websjop","isPartOf":{"@id":"https:\/\/websjop.afuk.frl\/frl\/#website"},"primaryImageOfPage":{"@id":"https:\/\/websjop.afuk.frl\/frl\/winkel\/de-kening-sunder-hynder\/#primaryimage"},"image":{"@id":"https:\/\/websjop.afuk.frl\/frl\/winkel\/de-kening-sunder-hynder\/#primaryimage"},"thumbnailUrl":"https:\/\/websjop.afuk.frl\/wp-content\/uploads\/2025\/09\/De-kening-sunder-hynder-HR-scaled.jpg","datePublished":"2025-09-04T14:46:24+00:00","dateModified":"2026-01-26T15:14:59+00:00","description":"De kening s\u00fbnder hynder is een grappig verhaal op rijm over heldenmoed en \u00e9chte vriendschap. Het boek verschijnt in het kader van de Berneboekewike 2025.","breadcrumb":{"@id":"https:\/\/websjop.afuk.frl\/frl\/winkel\/de-kening-sunder-hynder\/#breadcrumb"},"inLanguage":"fy-NL","potentialAction":[{"@type":"ReadAction","target":["https:\/\/websjop.afuk.frl\/frl\/winkel\/de-kening-sunder-hynder\/"]}]},{"@type":"ImageObject","inLanguage":"fy-NL","@id":"https:\/\/websjop.afuk.frl\/frl\/winkel\/de-kening-sunder-hynder\/#primaryimage","url":"https:\/\/websjop.afuk.frl\/wp-content\/uploads\/2025\/09\/De-kening-sunder-hynder-HR-scaled.jpg","contentUrl":"https:\/\/websjop.afuk.frl\/wp-content\/uploads\/2025\/09\/De-kening-sunder-hynder-HR-scaled.jpg","width":1862,"height":2560},{"@type":"BreadcrumbList","@id":"https:\/\/websjop.afuk.frl\/frl\/winkel\/de-kening-sunder-hynder\/#breadcrumb","itemListElement":[{"@type":"ListItem","position":1,"name":"Home","item":"https:\/\/websjop.afuk.frl\/frl\/"},{"@type":"ListItem","position":2,"name":"Winkel","item":"https:\/\/websjop.afuk.frl\/nl\/winkel\/"},{"@type":"ListItem","position":3,"name":"De kening s\u00fbnder hynder"}]},{"@type":"WebSite","@id":"https:\/\/websjop.afuk.frl\/frl\/#website","url":"https:\/\/websjop.afuk.frl\/frl\/","name":"Af\u00fbk Websjop","description":"","potentialAction":[{"@type":"SearchAction","target":{"@type":"EntryPoint","urlTemplate":"https:\/\/websjop.afuk.frl\/frl\/?s={search_term_string}"},"query-input":{"@type":"PropertyValueSpecification","valueRequired":true,"valueName":"search_term_string"}}],"inLanguage":"fy-NL"}]}},"_links":{"self":[{"href":"https:\/\/websjop.afuk.frl\/frl\/wp-json\/wp\/v2\/product\/49992","targetHints":{"allow":["GET"]}}],"collection":[{"href":"https:\/\/websjop.afuk.frl\/frl\/wp-json\/wp\/v2\/product"}],"about":[{"href":"https:\/\/websjop.afuk.frl\/frl\/wp-json\/wp\/v2\/types\/product"}],"replies":[{"embeddable":true,"href":"https:\/\/websjop.afuk.frl\/frl\/wp-json\/wp\/v2\/comments?post=49992"}],"wp:featuredmedia":[{"embeddable":true,"href":"https:\/\/websjop.afuk.frl\/frl\/wp-json\/wp\/v2\/media\/49993"}],"wp:attachment":[{"href":"https:\/\/websjop.afuk.frl\/frl\/wp-json\/wp\/v2\/media?parent=49992"}],"wp:term":[{"taxonomy":"product_brand","embeddable":true,"href":"https:\/\/websjop.afuk.frl\/frl\/wp-json\/wp\/v2\/product_brand?post=49992"},{"taxonomy":"product_cat","embeddable":true,"href":"https:\/\/websjop.afuk.frl\/frl\/wp-json\/wp\/v2\/product_cat?post=49992"},{"taxonomy":"product_tag","embeddable":true,"href":"https:\/\/websjop.afuk.frl\/frl\/wp-json\/wp\/v2\/product_tag?post=49992"}],"curies":[{"name":"wp","href":"https:\/\/api.w.org\/{rel}","templated":true}]}}