{"id":49365,"date":"2025-06-30T08:15:50","date_gmt":"2025-06-30T06:15:50","guid":{"rendered":"https:\/\/websjop.afuk.frl\/frl\/?post_type=product&#038;p=49365"},"modified":"2025-11-05T13:59:59","modified_gmt":"2025-11-05T12:59:59","slug":"leze-blinder-tsien-koarte-ferhalen-fan-skriuwers-fan-no","status":"publish","type":"product","link":"https:\/\/websjop.afuk.frl\/frl\/winkel\/leze-blinder-tsien-koarte-ferhalen-fan-skriuwers-fan-no\/","title":{"rendered":"L\u00eaze, blinder &#8211; Tsien koarte ferhalen fan skriuwers fan no"},"content":{"rendered":"<p>De traditie van korte verhalen is lang en kent ook in Frysl\u00e2n een rijke geschiedenis. Die loopt van Oudfries en Gysbert Japicx, via de gebroeders Halbertsma naar Simke Kloosterman tot Trinus Riemersma.<\/p>\n<p>In deze speciale uitgave staan tien verschillende korte verhalen, over mannetjes, katten en wetenschap, van schrijvers van nu. Veel leesplezier!<\/p>\n<p>Met bijdragen van Jetske Bilker, Douwe Kootstra, Janneke Spoelstra, Klaas van der Hoek, Ytsje Hettinga, Bouke Oldenhof, Wieke de Haan, Doeke Sijens, Marijke de Boer en Goffe Jensma.<\/p>\n","protected":false},"excerpt":{"rendered":"<p>De traditie van korte verhalen is lang en kent ook in Frysl\u00e2n een rijke geschiedenis. Die loopt van Oudfries en Gysbert Japicx, via de gebroeders Halbertsma naar Simke Kloosterman tot Trinus Riemersma. In deze speciale uitgave staan tien verschillende korte verhalen, over mannetjes, katten en wetenschap, van schrijvers van nu. Veel leesplezier! Met bijdragen van [&hellip;]<\/p>\n","protected":false},"featured_media":49366,"comment_status":"closed","ping_status":"closed","template":"","meta":{"_acf_changed":false},"product_brand":[],"product_cat":[1040,535,18264,1215],"product_tag":[24055,20672,24052,24054,17540,24053],"class_list":{"0":"post-49365","1":"product","2":"type-product","3":"status-publish","4":"has-post-thumbnail","6":"product_cat-ferhalebondels","7":"product_cat-fryske-boeken","8":"product_cat-fryske-boekewike","9":"product_cat-romans-en-literatuer","10":"product_tag-ferskate-auteurs","11":"product_tag-koart-ferhaal","12":"product_tag-leze-blinder","13":"product_tag-skriuwers-fan-no","14":"product_tag-tresoar","15":"product_tag-tsien-ferhalen","16":"product_shipping_class-brievenbus-verzending","17":"pa_auteur-ferskate-auteurs-2","18":"pa_isbn-24050","19":"pa_new-label-1-3","20":"pa_taal-frysk","21":"pa_uitgever-tresoar-uitgeverij-kleine-uil","23":"first","24":"instock","25":"taxable","26":"shipping-taxable","27":"purchasable","28":"product-type-simple"},"acf":[],"yoast_head":"<!-- This site is optimized with the Yoast SEO plugin v27.2 - https:\/\/yoast.com\/product\/yoast-seo-wordpress\/ -->\n<title>L\u00eaze, blinder - Tsien koarte ferhalen fan skriuwers fan no &#8211; Af\u00fbk Websjop<\/title>\n<meta name=\"description\" content=\"In deze speciale uitgave L\u00eaze blinder staan tien verschillende korte verhalen, over mannetjes, katten en wetenschap, van schrijvers van nu.\" \/>\n<meta name=\"robots\" content=\"index, follow, max-snippet:-1, max-image-preview:large, max-video-preview:-1\" \/>\n<link rel=\"canonical\" href=\"https:\/\/websjop.afuk.frl\/frl\/winkel\/leze-blinder-tsien-koarte-ferhalen-fan-skriuwers-fan-no\/\" \/>\n<meta property=\"og:locale\" content=\"fy_NL\" \/>\n<meta property=\"og:type\" content=\"article\" \/>\n<meta property=\"og:title\" content=\"L\u00eaze, blinder - Tsien koarte ferhalen fan skriuwers fan no &#8211; Af\u00fbk Websjop\" \/>\n<meta property=\"og:description\" content=\"In deze speciale uitgave L\u00eaze blinder staan tien verschillende korte verhalen, over mannetjes, katten en wetenschap, van schrijvers van nu.\" \/>\n<meta property=\"og:url\" content=\"https:\/\/websjop.afuk.frl\/frl\/winkel\/leze-blinder-tsien-koarte-ferhalen-fan-skriuwers-fan-no\/\" \/>\n<meta property=\"og:site_name\" content=\"Af\u00fbk Websjop\" \/>\n<meta property=\"article:modified_time\" content=\"2025-11-05T12:59:59+00:00\" \/>\n<meta property=\"og:image\" content=\"https:\/\/websjop.afuk.frl\/wp-content\/uploads\/2025\/06\/Leze-blinder015.jpg\" \/>\n\t<meta property=\"og:image:width\" content=\"317\" \/>\n\t<meta property=\"og:image:height\" content=\"531\" \/>\n\t<meta property=\"og:image:type\" content=\"image\/jpeg\" \/>\n<meta name=\"twitter:card\" content=\"summary_large_image\" \/>\n<meta name=\"twitter:label1\" content=\"Est. reading time\" \/>\n\t<meta name=\"twitter:data1\" content=\"1 minute\" \/>\n<script type=\"application\/ld+json\" class=\"yoast-schema-graph\">{\"@context\":\"https:\/\/schema.org\",\"@graph\":[{\"@type\":\"WebPage\",\"@id\":\"https:\/\/websjop.afuk.frl\/frl\/winkel\/leze-blinder-tsien-koarte-ferhalen-fan-skriuwers-fan-no\/\",\"url\":\"https:\/\/websjop.afuk.frl\/frl\/winkel\/leze-blinder-tsien-koarte-ferhalen-fan-skriuwers-fan-no\/\",\"name\":\"L\u00eaze, blinder - Tsien koarte ferhalen fan skriuwers fan no &#8211; Af\u00fbk Websjop\",\"isPartOf\":{\"@id\":\"https:\/\/websjop.afuk.frl\/frl\/#website\"},\"primaryImageOfPage\":{\"@id\":\"https:\/\/websjop.afuk.frl\/frl\/winkel\/leze-blinder-tsien-koarte-ferhalen-fan-skriuwers-fan-no\/#primaryimage\"},\"image\":{\"@id\":\"https:\/\/websjop.afuk.frl\/frl\/winkel\/leze-blinder-tsien-koarte-ferhalen-fan-skriuwers-fan-no\/#primaryimage\"},\"thumbnailUrl\":\"https:\/\/websjop.afuk.frl\/wp-content\/uploads\/2025\/06\/Leze-blinder015.jpg\",\"datePublished\":\"2025-06-30T06:15:50+00:00\",\"dateModified\":\"2025-11-05T12:59:59+00:00\",\"description\":\"In deze speciale uitgave L\u00eaze blinder staan tien verschillende korte verhalen, over mannetjes, katten en wetenschap, van schrijvers van nu.\",\"breadcrumb\":{\"@id\":\"https:\/\/websjop.afuk.frl\/frl\/winkel\/leze-blinder-tsien-koarte-ferhalen-fan-skriuwers-fan-no\/#breadcrumb\"},\"inLanguage\":\"fy-NL\",\"potentialAction\":[{\"@type\":\"ReadAction\",\"target\":[\"https:\/\/websjop.afuk.frl\/frl\/winkel\/leze-blinder-tsien-koarte-ferhalen-fan-skriuwers-fan-no\/\"]}]},{\"@type\":\"ImageObject\",\"inLanguage\":\"fy-NL\",\"@id\":\"https:\/\/websjop.afuk.frl\/frl\/winkel\/leze-blinder-tsien-koarte-ferhalen-fan-skriuwers-fan-no\/#primaryimage\",\"url\":\"https:\/\/websjop.afuk.frl\/wp-content\/uploads\/2025\/06\/Leze-blinder015.jpg\",\"contentUrl\":\"https:\/\/websjop.afuk.frl\/wp-content\/uploads\/2025\/06\/Leze-blinder015.jpg\",\"width\":317,\"height\":531},{\"@type\":\"BreadcrumbList\",\"@id\":\"https:\/\/websjop.afuk.frl\/frl\/winkel\/leze-blinder-tsien-koarte-ferhalen-fan-skriuwers-fan-no\/#breadcrumb\",\"itemListElement\":[{\"@type\":\"ListItem\",\"position\":1,\"name\":\"Home\",\"item\":\"https:\/\/websjop.afuk.frl\/frl\/\"},{\"@type\":\"ListItem\",\"position\":2,\"name\":\"Winkel\",\"item\":\"https:\/\/websjop.afuk.frl\/nl\/winkel\/\"},{\"@type\":\"ListItem\",\"position\":3,\"name\":\"L\u00eaze, blinder &#8211; Tsien koarte ferhalen fan skriuwers fan no\"}]},{\"@type\":\"WebSite\",\"@id\":\"https:\/\/websjop.afuk.frl\/frl\/#website\",\"url\":\"https:\/\/websjop.afuk.frl\/frl\/\",\"name\":\"Af\u00fbk Websjop\",\"description\":\"\",\"potentialAction\":[{\"@type\":\"SearchAction\",\"target\":{\"@type\":\"EntryPoint\",\"urlTemplate\":\"https:\/\/websjop.afuk.frl\/frl\/?s={search_term_string}\"},\"query-input\":{\"@type\":\"PropertyValueSpecification\",\"valueRequired\":true,\"valueName\":\"search_term_string\"}}],\"inLanguage\":\"fy-NL\"}]}<\/script>\n<!-- \/ Yoast SEO plugin. -->","yoast_head_json":{"title":"L\u00eaze, blinder - Tsien koarte ferhalen fan skriuwers fan no &#8211; Af\u00fbk Websjop","description":"In deze speciale uitgave L\u00eaze blinder staan tien verschillende korte verhalen, over mannetjes, katten en wetenschap, van schrijvers van nu.","robots":{"index":"index","follow":"follow","max-snippet":"max-snippet:-1","max-image-preview":"max-image-preview:large","max-video-preview":"max-video-preview:-1"},"canonical":"https:\/\/websjop.afuk.frl\/frl\/winkel\/leze-blinder-tsien-koarte-ferhalen-fan-skriuwers-fan-no\/","og_locale":"fy_NL","og_type":"article","og_title":"L\u00eaze, blinder - Tsien koarte ferhalen fan skriuwers fan no &#8211; Af\u00fbk Websjop","og_description":"In deze speciale uitgave L\u00eaze blinder staan tien verschillende korte verhalen, over mannetjes, katten en wetenschap, van schrijvers van nu.","og_url":"https:\/\/websjop.afuk.frl\/frl\/winkel\/leze-blinder-tsien-koarte-ferhalen-fan-skriuwers-fan-no\/","og_site_name":"Af\u00fbk Websjop","article_modified_time":"2025-11-05T12:59:59+00:00","og_image":[{"width":317,"height":531,"url":"https:\/\/websjop.afuk.frl\/wp-content\/uploads\/2025\/06\/Leze-blinder015.jpg","type":"image\/jpeg"}],"twitter_card":"summary_large_image","twitter_misc":{"Est. reading time":"1 minute"},"schema":{"@context":"https:\/\/schema.org","@graph":[{"@type":"WebPage","@id":"https:\/\/websjop.afuk.frl\/frl\/winkel\/leze-blinder-tsien-koarte-ferhalen-fan-skriuwers-fan-no\/","url":"https:\/\/websjop.afuk.frl\/frl\/winkel\/leze-blinder-tsien-koarte-ferhalen-fan-skriuwers-fan-no\/","name":"L\u00eaze, blinder - Tsien koarte ferhalen fan skriuwers fan no &#8211; Af\u00fbk Websjop","isPartOf":{"@id":"https:\/\/websjop.afuk.frl\/frl\/#website"},"primaryImageOfPage":{"@id":"https:\/\/websjop.afuk.frl\/frl\/winkel\/leze-blinder-tsien-koarte-ferhalen-fan-skriuwers-fan-no\/#primaryimage"},"image":{"@id":"https:\/\/websjop.afuk.frl\/frl\/winkel\/leze-blinder-tsien-koarte-ferhalen-fan-skriuwers-fan-no\/#primaryimage"},"thumbnailUrl":"https:\/\/websjop.afuk.frl\/wp-content\/uploads\/2025\/06\/Leze-blinder015.jpg","datePublished":"2025-06-30T06:15:50+00:00","dateModified":"2025-11-05T12:59:59+00:00","description":"In deze speciale uitgave L\u00eaze blinder staan tien verschillende korte verhalen, over mannetjes, katten en wetenschap, van schrijvers van nu.","breadcrumb":{"@id":"https:\/\/websjop.afuk.frl\/frl\/winkel\/leze-blinder-tsien-koarte-ferhalen-fan-skriuwers-fan-no\/#breadcrumb"},"inLanguage":"fy-NL","potentialAction":[{"@type":"ReadAction","target":["https:\/\/websjop.afuk.frl\/frl\/winkel\/leze-blinder-tsien-koarte-ferhalen-fan-skriuwers-fan-no\/"]}]},{"@type":"ImageObject","inLanguage":"fy-NL","@id":"https:\/\/websjop.afuk.frl\/frl\/winkel\/leze-blinder-tsien-koarte-ferhalen-fan-skriuwers-fan-no\/#primaryimage","url":"https:\/\/websjop.afuk.frl\/wp-content\/uploads\/2025\/06\/Leze-blinder015.jpg","contentUrl":"https:\/\/websjop.afuk.frl\/wp-content\/uploads\/2025\/06\/Leze-blinder015.jpg","width":317,"height":531},{"@type":"BreadcrumbList","@id":"https:\/\/websjop.afuk.frl\/frl\/winkel\/leze-blinder-tsien-koarte-ferhalen-fan-skriuwers-fan-no\/#breadcrumb","itemListElement":[{"@type":"ListItem","position":1,"name":"Home","item":"https:\/\/websjop.afuk.frl\/frl\/"},{"@type":"ListItem","position":2,"name":"Winkel","item":"https:\/\/websjop.afuk.frl\/nl\/winkel\/"},{"@type":"ListItem","position":3,"name":"L\u00eaze, blinder &#8211; Tsien koarte ferhalen fan skriuwers fan no"}]},{"@type":"WebSite","@id":"https:\/\/websjop.afuk.frl\/frl\/#website","url":"https:\/\/websjop.afuk.frl\/frl\/","name":"Af\u00fbk Websjop","description":"","potentialAction":[{"@type":"SearchAction","target":{"@type":"EntryPoint","urlTemplate":"https:\/\/websjop.afuk.frl\/frl\/?s={search_term_string}"},"query-input":{"@type":"PropertyValueSpecification","valueRequired":true,"valueName":"search_term_string"}}],"inLanguage":"fy-NL"}]}},"_links":{"self":[{"href":"https:\/\/websjop.afuk.frl\/frl\/wp-json\/wp\/v2\/product\/49365","targetHints":{"allow":["GET"]}}],"collection":[{"href":"https:\/\/websjop.afuk.frl\/frl\/wp-json\/wp\/v2\/product"}],"about":[{"href":"https:\/\/websjop.afuk.frl\/frl\/wp-json\/wp\/v2\/types\/product"}],"replies":[{"embeddable":true,"href":"https:\/\/websjop.afuk.frl\/frl\/wp-json\/wp\/v2\/comments?post=49365"}],"wp:featuredmedia":[{"embeddable":true,"href":"https:\/\/websjop.afuk.frl\/frl\/wp-json\/wp\/v2\/media\/49366"}],"wp:attachment":[{"href":"https:\/\/websjop.afuk.frl\/frl\/wp-json\/wp\/v2\/media?parent=49365"}],"wp:term":[{"taxonomy":"product_brand","embeddable":true,"href":"https:\/\/websjop.afuk.frl\/frl\/wp-json\/wp\/v2\/product_brand?post=49365"},{"taxonomy":"product_cat","embeddable":true,"href":"https:\/\/websjop.afuk.frl\/frl\/wp-json\/wp\/v2\/product_cat?post=49365"},{"taxonomy":"product_tag","embeddable":true,"href":"https:\/\/websjop.afuk.frl\/frl\/wp-json\/wp\/v2\/product_tag?post=49365"}],"curies":[{"name":"wp","href":"https:\/\/api.w.org\/{rel}","templated":true}]}}