{"id":49256,"date":"2025-06-18T13:18:48","date_gmt":"2025-06-18T11:18:48","guid":{"rendered":"https:\/\/websjop.afuk.frl\/frl\/?post_type=product&#038;p=49256"},"modified":"2025-08-03T14:48:02","modified_gmt":"2025-08-03T12:48:02","slug":"kolonien-van-weldaad","status":"publish","type":"product","link":"https:\/\/websjop.afuk.frl\/frl\/winkel\/kolonien-van-weldaad\/","title":{"rendered":"Koloni\u00ebn van weldaad &#8211; Over paupers en het erfgoed van een generaal"},"content":{"rendered":"<p>Onder leiding van de idealistische generaal Johannes van den Bosch werden twee eeuwen geleden vijf zogenaamde koloni\u00ebn gesticht. Zijn weldadige doel was de minst bedeelden in de maatschappij te huisvesten, hen te onderwijzen of van werk te voorzien, arbeidsethos bij te brengen en een maatschappelijk toekomstperspectief te bieden.<\/p>\n<p>Dit boek vertelt chronologisch de geschiedenis van de Koloni\u00ebn van Weldadigheid; de idealen, de structuur en de redenen voor hun uiteindelijke verval. De auteur beschrijft de blijvende impact, de sociaalmaatschappelijke gevolgen en de betekenis van de circa 170 rijksmonumenten die vandaag de dag nog steeds hun erfenis uitdragen. Hun unieke betekenis werd internationaal erkend toen Veenhuizen, Frederiksoord en Wilhelminaoord in 2021 de status van UNESCO Werelderfgoed kregen.<\/p>\n<p>Dick Hoekstra is emeritus-hoogleraar Celbiologie aan het UMCG en de Rijksuniversiteit Groningen. Na zijn emeritaat verlegde hij zijn aandacht naar cultuurhistorische thema\u2019s in het hele Waddengebied en meer recent de Koloni\u00ebn van Weldadigheid. Van hem verscheen eerder <em>Glans op het Wad.<\/em><\/p>\n","protected":false},"excerpt":{"rendered":"<p>Onder leiding van de idealistische generaal Johannes van den Bosch werden twee eeuwen geleden vijf zogenaamde koloni\u00ebn gesticht. Zijn weldadige doel was de minst bedeelden in de maatschappij te huisvesten, hen te onderwijzen of van werk te voorzien, arbeidsethos bij te brengen en een maatschappelijk toekomstperspectief te bieden. Dit boek vertelt chronologisch de geschiedenis van [&hellip;]<\/p>\n","protected":false},"featured_media":49257,"comment_status":"closed","ping_status":"closed","template":"","meta":{"_acf_changed":false},"product_brand":[],"product_cat":[535,539],"product_tag":[22014,12693,24003,23998,24000,24002,23999,24001,24004],"class_list":{"0":"post-49256","1":"product","2":"type-product","3":"status-publish","4":"has-post-thumbnail","6":"product_cat-fryske-boeken","7":"product_cat-skiednis","8":"product_tag-armoede","9":"product_tag-dick-hoekstra","10":"product_tag-frederiksoord","11":"product_tag-kolonien-van-weldaad","12":"product_tag-paupers","13":"product_tag-veenhuizen","14":"product_tag-weldadigheid","15":"product_tag-weldoener","16":"product_tag-wilheminaoord","17":"product_shipping_class-brievenbus-verzending","18":"pa_auteur-dick-hoekstra","19":"pa_isbn-23996","20":"pa_new-label-1-3","21":"pa_taal-nederlands","22":"pa_uitgever-noordboek-van-gorcum","24":"first","25":"instock","26":"taxable","27":"shipping-taxable","28":"purchasable","29":"product-type-simple"},"acf":[],"yoast_head":"<!-- This site is optimized with the Yoast SEO plugin v27.3 - https:\/\/yoast.com\/product\/yoast-seo-wordpress\/ -->\n<title>Koloni\u00ebn van weldaad - Over paupers en het erfgoed van een generaal &#8211; Af\u00fbk Websjop<\/title>\n<meta name=\"description\" content=\"Koloni\u00ebn van weldaad vertelt de geschiedenis van de Koloni\u00ebn van Weldadigheid; de idealen, de structuur en de redenen voor hun uiteindelijke verval.\" \/>\n<meta name=\"robots\" content=\"index, follow, max-snippet:-1, max-image-preview:large, max-video-preview:-1\" \/>\n<link rel=\"canonical\" href=\"https:\/\/websjop.afuk.frl\/frl\/winkel\/kolonien-van-weldaad\/\" \/>\n<meta property=\"og:locale\" content=\"fy_NL\" \/>\n<meta property=\"og:type\" content=\"article\" \/>\n<meta property=\"og:title\" content=\"Koloni\u00ebn van weldaad - Over paupers en het erfgoed van een generaal &#8211; Af\u00fbk Websjop\" \/>\n<meta property=\"og:description\" content=\"Koloni\u00ebn van weldaad vertelt de geschiedenis van de Koloni\u00ebn van Weldadigheid; de idealen, de structuur en de redenen voor hun uiteindelijke verval.\" \/>\n<meta property=\"og:url\" content=\"https:\/\/websjop.afuk.frl\/frl\/winkel\/kolonien-van-weldaad\/\" \/>\n<meta property=\"og:site_name\" content=\"Af\u00fbk Websjop\" \/>\n<meta property=\"article:modified_time\" content=\"2025-08-03T12:48:02+00:00\" \/>\n<meta property=\"og:image\" content=\"https:\/\/websjop.afuk.frl\/wp-content\/uploads\/2025\/06\/Kolonien-van-weldaad.jpg\" \/>\n\t<meta property=\"og:image:width\" content=\"500\" \/>\n\t<meta property=\"og:image:height\" content=\"605\" \/>\n\t<meta property=\"og:image:type\" content=\"image\/jpeg\" \/>\n<meta name=\"twitter:card\" content=\"summary_large_image\" \/>\n<meta name=\"twitter:label1\" content=\"Est. reading time\" \/>\n\t<meta name=\"twitter:data1\" content=\"1 minute\" \/>\n<script type=\"application\/ld+json\" class=\"yoast-schema-graph\">{\"@context\":\"https:\\\/\\\/schema.org\",\"@graph\":[{\"@type\":\"WebPage\",\"@id\":\"https:\\\/\\\/websjop.afuk.frl\\\/frl\\\/winkel\\\/kolonien-van-weldaad\\\/\",\"url\":\"https:\\\/\\\/websjop.afuk.frl\\\/frl\\\/winkel\\\/kolonien-van-weldaad\\\/\",\"name\":\"Koloni\u00ebn van weldaad - Over paupers en het erfgoed van een generaal &#8211; Af\u00fbk Websjop\",\"isPartOf\":{\"@id\":\"https:\\\/\\\/websjop.afuk.frl\\\/frl\\\/#website\"},\"primaryImageOfPage\":{\"@id\":\"https:\\\/\\\/websjop.afuk.frl\\\/frl\\\/winkel\\\/kolonien-van-weldaad\\\/#primaryimage\"},\"image\":{\"@id\":\"https:\\\/\\\/websjop.afuk.frl\\\/frl\\\/winkel\\\/kolonien-van-weldaad\\\/#primaryimage\"},\"thumbnailUrl\":\"https:\\\/\\\/websjop.afuk.frl\\\/wp-content\\\/uploads\\\/2025\\\/06\\\/Kolonien-van-weldaad.jpg\",\"datePublished\":\"2025-06-18T11:18:48+00:00\",\"dateModified\":\"2025-08-03T12:48:02+00:00\",\"description\":\"Koloni\u00ebn van weldaad vertelt de geschiedenis van de Koloni\u00ebn van Weldadigheid; de idealen, de structuur en de redenen voor hun uiteindelijke verval.\",\"breadcrumb\":{\"@id\":\"https:\\\/\\\/websjop.afuk.frl\\\/frl\\\/winkel\\\/kolonien-van-weldaad\\\/#breadcrumb\"},\"inLanguage\":\"fy-NL\",\"potentialAction\":[{\"@type\":\"ReadAction\",\"target\":[\"https:\\\/\\\/websjop.afuk.frl\\\/frl\\\/winkel\\\/kolonien-van-weldaad\\\/\"]}]},{\"@type\":\"ImageObject\",\"inLanguage\":\"fy-NL\",\"@id\":\"https:\\\/\\\/websjop.afuk.frl\\\/frl\\\/winkel\\\/kolonien-van-weldaad\\\/#primaryimage\",\"url\":\"https:\\\/\\\/websjop.afuk.frl\\\/wp-content\\\/uploads\\\/2025\\\/06\\\/Kolonien-van-weldaad.jpg\",\"contentUrl\":\"https:\\\/\\\/websjop.afuk.frl\\\/wp-content\\\/uploads\\\/2025\\\/06\\\/Kolonien-van-weldaad.jpg\",\"width\":500,\"height\":605},{\"@type\":\"BreadcrumbList\",\"@id\":\"https:\\\/\\\/websjop.afuk.frl\\\/frl\\\/winkel\\\/kolonien-van-weldaad\\\/#breadcrumb\",\"itemListElement\":[{\"@type\":\"ListItem\",\"position\":1,\"name\":\"Home\",\"item\":\"https:\\\/\\\/websjop.afuk.frl\\\/frl\\\/\"},{\"@type\":\"ListItem\",\"position\":2,\"name\":\"Winkel\",\"item\":\"https:\\\/\\\/websjop.afuk.frl\\\/nl\\\/winkel\\\/\"},{\"@type\":\"ListItem\",\"position\":3,\"name\":\"Koloni\u00ebn van weldaad &#8211; Over paupers en het erfgoed van een generaal\"}]},{\"@type\":\"WebSite\",\"@id\":\"https:\\\/\\\/websjop.afuk.frl\\\/frl\\\/#website\",\"url\":\"https:\\\/\\\/websjop.afuk.frl\\\/frl\\\/\",\"name\":\"Af\u00fbk Websjop\",\"description\":\"\",\"potentialAction\":[{\"@type\":\"SearchAction\",\"target\":{\"@type\":\"EntryPoint\",\"urlTemplate\":\"https:\\\/\\\/websjop.afuk.frl\\\/frl\\\/?s={search_term_string}\"},\"query-input\":{\"@type\":\"PropertyValueSpecification\",\"valueRequired\":true,\"valueName\":\"search_term_string\"}}],\"inLanguage\":\"fy-NL\"}]}<\/script>\n<!-- \/ Yoast SEO plugin. -->","yoast_head_json":{"title":"Koloni\u00ebn van weldaad - Over paupers en het erfgoed van een generaal &#8211; Af\u00fbk Websjop","description":"Koloni\u00ebn van weldaad vertelt de geschiedenis van de Koloni\u00ebn van Weldadigheid; de idealen, de structuur en de redenen voor hun uiteindelijke verval.","robots":{"index":"index","follow":"follow","max-snippet":"max-snippet:-1","max-image-preview":"max-image-preview:large","max-video-preview":"max-video-preview:-1"},"canonical":"https:\/\/websjop.afuk.frl\/frl\/winkel\/kolonien-van-weldaad\/","og_locale":"fy_NL","og_type":"article","og_title":"Koloni\u00ebn van weldaad - Over paupers en het erfgoed van een generaal &#8211; Af\u00fbk Websjop","og_description":"Koloni\u00ebn van weldaad vertelt de geschiedenis van de Koloni\u00ebn van Weldadigheid; de idealen, de structuur en de redenen voor hun uiteindelijke verval.","og_url":"https:\/\/websjop.afuk.frl\/frl\/winkel\/kolonien-van-weldaad\/","og_site_name":"Af\u00fbk Websjop","article_modified_time":"2025-08-03T12:48:02+00:00","og_image":[{"width":500,"height":605,"url":"https:\/\/websjop.afuk.frl\/wp-content\/uploads\/2025\/06\/Kolonien-van-weldaad.jpg","type":"image\/jpeg"}],"twitter_card":"summary_large_image","twitter_misc":{"Est. reading time":"1 minute"},"schema":{"@context":"https:\/\/schema.org","@graph":[{"@type":"WebPage","@id":"https:\/\/websjop.afuk.frl\/frl\/winkel\/kolonien-van-weldaad\/","url":"https:\/\/websjop.afuk.frl\/frl\/winkel\/kolonien-van-weldaad\/","name":"Koloni\u00ebn van weldaad - Over paupers en het erfgoed van een generaal &#8211; Af\u00fbk Websjop","isPartOf":{"@id":"https:\/\/websjop.afuk.frl\/frl\/#website"},"primaryImageOfPage":{"@id":"https:\/\/websjop.afuk.frl\/frl\/winkel\/kolonien-van-weldaad\/#primaryimage"},"image":{"@id":"https:\/\/websjop.afuk.frl\/frl\/winkel\/kolonien-van-weldaad\/#primaryimage"},"thumbnailUrl":"https:\/\/websjop.afuk.frl\/wp-content\/uploads\/2025\/06\/Kolonien-van-weldaad.jpg","datePublished":"2025-06-18T11:18:48+00:00","dateModified":"2025-08-03T12:48:02+00:00","description":"Koloni\u00ebn van weldaad vertelt de geschiedenis van de Koloni\u00ebn van Weldadigheid; de idealen, de structuur en de redenen voor hun uiteindelijke verval.","breadcrumb":{"@id":"https:\/\/websjop.afuk.frl\/frl\/winkel\/kolonien-van-weldaad\/#breadcrumb"},"inLanguage":"fy-NL","potentialAction":[{"@type":"ReadAction","target":["https:\/\/websjop.afuk.frl\/frl\/winkel\/kolonien-van-weldaad\/"]}]},{"@type":"ImageObject","inLanguage":"fy-NL","@id":"https:\/\/websjop.afuk.frl\/frl\/winkel\/kolonien-van-weldaad\/#primaryimage","url":"https:\/\/websjop.afuk.frl\/wp-content\/uploads\/2025\/06\/Kolonien-van-weldaad.jpg","contentUrl":"https:\/\/websjop.afuk.frl\/wp-content\/uploads\/2025\/06\/Kolonien-van-weldaad.jpg","width":500,"height":605},{"@type":"BreadcrumbList","@id":"https:\/\/websjop.afuk.frl\/frl\/winkel\/kolonien-van-weldaad\/#breadcrumb","itemListElement":[{"@type":"ListItem","position":1,"name":"Home","item":"https:\/\/websjop.afuk.frl\/frl\/"},{"@type":"ListItem","position":2,"name":"Winkel","item":"https:\/\/websjop.afuk.frl\/nl\/winkel\/"},{"@type":"ListItem","position":3,"name":"Koloni\u00ebn van weldaad &#8211; Over paupers en het erfgoed van een generaal"}]},{"@type":"WebSite","@id":"https:\/\/websjop.afuk.frl\/frl\/#website","url":"https:\/\/websjop.afuk.frl\/frl\/","name":"Af\u00fbk Websjop","description":"","potentialAction":[{"@type":"SearchAction","target":{"@type":"EntryPoint","urlTemplate":"https:\/\/websjop.afuk.frl\/frl\/?s={search_term_string}"},"query-input":{"@type":"PropertyValueSpecification","valueRequired":true,"valueName":"search_term_string"}}],"inLanguage":"fy-NL"}]}},"_links":{"self":[{"href":"https:\/\/websjop.afuk.frl\/frl\/wp-json\/wp\/v2\/product\/49256","targetHints":{"allow":["GET"]}}],"collection":[{"href":"https:\/\/websjop.afuk.frl\/frl\/wp-json\/wp\/v2\/product"}],"about":[{"href":"https:\/\/websjop.afuk.frl\/frl\/wp-json\/wp\/v2\/types\/product"}],"replies":[{"embeddable":true,"href":"https:\/\/websjop.afuk.frl\/frl\/wp-json\/wp\/v2\/comments?post=49256"}],"wp:featuredmedia":[{"embeddable":true,"href":"https:\/\/websjop.afuk.frl\/frl\/wp-json\/wp\/v2\/media\/49257"}],"wp:attachment":[{"href":"https:\/\/websjop.afuk.frl\/frl\/wp-json\/wp\/v2\/media?parent=49256"}],"wp:term":[{"taxonomy":"product_brand","embeddable":true,"href":"https:\/\/websjop.afuk.frl\/frl\/wp-json\/wp\/v2\/product_brand?post=49256"},{"taxonomy":"product_cat","embeddable":true,"href":"https:\/\/websjop.afuk.frl\/frl\/wp-json\/wp\/v2\/product_cat?post=49256"},{"taxonomy":"product_tag","embeddable":true,"href":"https:\/\/websjop.afuk.frl\/frl\/wp-json\/wp\/v2\/product_tag?post=49256"}],"curies":[{"name":"wp","href":"https:\/\/api.w.org\/{rel}","templated":true}]}}