{"id":49059,"date":"2025-06-05T12:06:20","date_gmt":"2025-06-05T10:06:20","guid":{"rendered":"https:\/\/websjop.afuk.frl\/frl\/?post_type=product&#038;p=49059"},"modified":"2025-06-05T12:19:11","modified_gmt":"2025-06-05T10:19:11","slug":"heit-en-mem-nr-1-2025-2","status":"publish","type":"product","link":"https:\/\/websjop.afuk.frl\/frl\/winkel\/heit-en-mem-nr-1-2025-2\/","title":{"rendered":"heit en mem nr. 1 &#8211; 2025"},"content":{"rendered":"<p>It nije n\u00fbmer fan Heit&amp;mem is der wer \u2013 fol mei ynspiraasje, ferhalen en fleurige bernepraatsjes foar alle heiten, memmen, pakes, beppes en oppassers fan bern fan 0 oant 12 jier. En it moaiste fan alles: it bl\u00ead is hielendal fergees!<\/p>\n<p>Yn dit n\u00fbmer:<br \/>\n&#x1f5e3;&#xfe0f; Ynterviews mei bern \u00fat Reah\u00fbs \u2013 oprjocht, grappich en ferrassend<br \/>\n&#x1f389; Oer traktearjen \u2013 is traktearjen noch fan dizze tiid? Elke skoalle in oar belied?<br \/>\n&#x23f0; Klokl\u00eaze \u2013 hoe kin it dat in protte bern gjin analoge klok mear l\u00eaze kinne?<br \/>\n&#x1f308; In bys\u00fbnder ferhaal oer in reinb\u00f4gefamylje \u00fat de Rottefalle \u2013 gjin mem, gjin heit, mar in mapa<br \/>\n&#x1f476; Hiel wat bernepraatsjes dy\u2019t dyn dei better meitsje.<br \/>\n&#x1f4d6; In prachtich foarl\u00easferhaal fan Sjoukje de Boer<br \/>\n&#x1f3a8; Nifelje mei tissuedoazen \u2013 kreative knutselwurkjes fan Cheryl<\/p>\n<p>En der is noch folle mear te \u00fbntdekken!<\/p>\n<p>&#x1f4ec; Bestel it bl\u00ead hjir fergees* of helje it by dyn biblioteek, konsultaasjeburo of pjutteboartersplak.<\/p>\n<p>Mei Heit&amp;mem h\u00e2lde wy de Fryske taal libben \u00e9n leuk \u2013 foar jong \u00e9n \u00e2ld.<\/p>\n<p>*Do kinst it bl\u00ead hjir online bestelle, do betellest dan allinne de fersjoerskosten.\u00a0GRAACH NET MEAR DAN 2 EKSIMPLAREN BESTELLE. Wolst der mear ha? Dan kinst se it b\u00easte sels efkes helje \u00fat de Af\u00fbkwinkel wei.<\/p>\n<p>De heit&amp;mem is hjir online yn te sjen. In protte l\u00easwille tawinske!<\/p>\n","protected":false},"excerpt":{"rendered":"<p>It nije n\u00fbmer fan Heit&amp;mem is der wer \u2013 fol mei ynspiraasje, ferhalen en fleurige bernepraatsjes foar alle heiten, memmen, pakes, beppes en oppassers fan bern fan 0 oant 12 jier. En it moaiste fan alles: it bl\u00ead is hielendal fergees! Yn dit n\u00fbmer: &#x1f5e3;&#xfe0f; Ynterviews mei bern \u00fat Reah\u00fbs \u2013 oprjocht, grappich en ferrassend [&hellip;]<\/p>\n","protected":false},"featured_media":49054,"comment_status":"closed","ping_status":"closed","template":"","meta":{"_acf_changed":false},"product_brand":[],"product_cat":[9573,1227,1313],"product_tag":[8617,8616,17507,5285,8620,5347],"class_list":{"0":"post-49059","1":"product","2":"type-product","3":"status-publish","4":"has-post-thumbnail","6":"product_cat-heitenmem","7":"product_cat-heitedeikadootsjes","8":"product_cat-simmer-yn-fryslan","9":"product_tag-heit","10":"product_tag-heit-en-mem","11":"product_tag-magazine","12":"product_tag-mem","13":"product_tag-tijdschrift","14":"product_tag-tydskrift","15":"product_shipping_class-brievenbus-verzending","17":"first","18":"instock","19":"taxable","20":"shipping-taxable","21":"purchasable","22":"product-type-simple"},"acf":[],"yoast_head":"<!-- This site is optimized with the Yoast SEO plugin v27.3 - https:\/\/yoast.com\/product\/yoast-seo-wordpress\/ -->\n<title>heit en mem nr. 1 - 2025 &#8211; Af\u00fbk Websjop<\/title>\n<meta name=\"robots\" content=\"index, follow, max-snippet:-1, max-image-preview:large, max-video-preview:-1\" \/>\n<link rel=\"canonical\" href=\"https:\/\/websjop.afuk.frl\/frl\/winkel\/heit-en-mem-nr-1-2025-2\/\" \/>\n<meta property=\"og:locale\" content=\"fy_NL\" \/>\n<meta property=\"og:type\" content=\"article\" \/>\n<meta property=\"og:title\" content=\"heit en mem nr. 1 - 2025 &#8211; Af\u00fbk Websjop\" \/>\n<meta property=\"og:description\" content=\"It nije n\u00fbmer fan Heit&amp;mem is der wer \u2013 fol mei ynspiraasje, ferhalen en fleurige bernepraatsjes foar alle heiten, memmen, pakes, beppes en oppassers fan bern fan 0 oant 12 jier. En it moaiste fan alles: it bl\u00ead is hielendal fergees! Yn dit n\u00fbmer: &#x1f5e3;&#xfe0f; Ynterviews mei bern \u00fat Reah\u00fbs \u2013 oprjocht, grappich en ferrassend [&hellip;]\" \/>\n<meta property=\"og:url\" content=\"https:\/\/websjop.afuk.frl\/frl\/winkel\/heit-en-mem-nr-1-2025-2\/\" \/>\n<meta property=\"og:site_name\" content=\"Af\u00fbk Websjop\" \/>\n<meta property=\"article:modified_time\" content=\"2025-06-05T10:19:11+00:00\" \/>\n<meta property=\"og:image\" content=\"https:\/\/websjop.afuk.frl\/wp-content\/uploads\/2025\/06\/cover-nr-1-2025-scaled.jpg\" \/>\n\t<meta property=\"og:image:width\" content=\"1991\" \/>\n\t<meta property=\"og:image:height\" content=\"2560\" \/>\n\t<meta property=\"og:image:type\" content=\"image\/jpeg\" \/>\n<meta name=\"twitter:card\" content=\"summary_large_image\" \/>\n<meta name=\"twitter:label1\" content=\"Est. reading time\" \/>\n\t<meta name=\"twitter:data1\" content=\"2 minutes\" \/>\n<script type=\"application\/ld+json\" class=\"yoast-schema-graph\">{\"@context\":\"https:\\\/\\\/schema.org\",\"@graph\":[{\"@type\":\"WebPage\",\"@id\":\"https:\\\/\\\/websjop.afuk.frl\\\/frl\\\/winkel\\\/heit-en-mem-nr-1-2025-2\\\/\",\"url\":\"https:\\\/\\\/websjop.afuk.frl\\\/frl\\\/winkel\\\/heit-en-mem-nr-1-2025-2\\\/\",\"name\":\"heit en mem nr. 1 - 2025 &#8211; Af\u00fbk Websjop\",\"isPartOf\":{\"@id\":\"https:\\\/\\\/websjop.afuk.frl\\\/frl\\\/#website\"},\"primaryImageOfPage\":{\"@id\":\"https:\\\/\\\/websjop.afuk.frl\\\/frl\\\/winkel\\\/heit-en-mem-nr-1-2025-2\\\/#primaryimage\"},\"image\":{\"@id\":\"https:\\\/\\\/websjop.afuk.frl\\\/frl\\\/winkel\\\/heit-en-mem-nr-1-2025-2\\\/#primaryimage\"},\"thumbnailUrl\":\"https:\\\/\\\/websjop.afuk.frl\\\/wp-content\\\/uploads\\\/2025\\\/06\\\/cover-nr-1-2025-scaled.jpg\",\"datePublished\":\"2025-06-05T10:06:20+00:00\",\"dateModified\":\"2025-06-05T10:19:11+00:00\",\"breadcrumb\":{\"@id\":\"https:\\\/\\\/websjop.afuk.frl\\\/frl\\\/winkel\\\/heit-en-mem-nr-1-2025-2\\\/#breadcrumb\"},\"inLanguage\":\"fy-NL\",\"potentialAction\":[{\"@type\":\"ReadAction\",\"target\":[\"https:\\\/\\\/websjop.afuk.frl\\\/frl\\\/winkel\\\/heit-en-mem-nr-1-2025-2\\\/\"]}]},{\"@type\":\"ImageObject\",\"inLanguage\":\"fy-NL\",\"@id\":\"https:\\\/\\\/websjop.afuk.frl\\\/frl\\\/winkel\\\/heit-en-mem-nr-1-2025-2\\\/#primaryimage\",\"url\":\"https:\\\/\\\/websjop.afuk.frl\\\/wp-content\\\/uploads\\\/2025\\\/06\\\/cover-nr-1-2025-scaled.jpg\",\"contentUrl\":\"https:\\\/\\\/websjop.afuk.frl\\\/wp-content\\\/uploads\\\/2025\\\/06\\\/cover-nr-1-2025-scaled.jpg\",\"width\":1991,\"height\":2560},{\"@type\":\"BreadcrumbList\",\"@id\":\"https:\\\/\\\/websjop.afuk.frl\\\/frl\\\/winkel\\\/heit-en-mem-nr-1-2025-2\\\/#breadcrumb\",\"itemListElement\":[{\"@type\":\"ListItem\",\"position\":1,\"name\":\"Home\",\"item\":\"https:\\\/\\\/websjop.afuk.frl\\\/frl\\\/\"},{\"@type\":\"ListItem\",\"position\":2,\"name\":\"Winkel\",\"item\":\"https:\\\/\\\/websjop.afuk.frl\\\/nl\\\/winkel\\\/\"},{\"@type\":\"ListItem\",\"position\":3,\"name\":\"heit en mem nr. 1 &#8211; 2025\"}]},{\"@type\":\"WebSite\",\"@id\":\"https:\\\/\\\/websjop.afuk.frl\\\/frl\\\/#website\",\"url\":\"https:\\\/\\\/websjop.afuk.frl\\\/frl\\\/\",\"name\":\"Af\u00fbk Websjop\",\"description\":\"\",\"potentialAction\":[{\"@type\":\"SearchAction\",\"target\":{\"@type\":\"EntryPoint\",\"urlTemplate\":\"https:\\\/\\\/websjop.afuk.frl\\\/frl\\\/?s={search_term_string}\"},\"query-input\":{\"@type\":\"PropertyValueSpecification\",\"valueRequired\":true,\"valueName\":\"search_term_string\"}}],\"inLanguage\":\"fy-NL\"}]}<\/script>\n<!-- \/ Yoast SEO plugin. -->","yoast_head_json":{"title":"heit en mem nr. 1 - 2025 &#8211; Af\u00fbk Websjop","robots":{"index":"index","follow":"follow","max-snippet":"max-snippet:-1","max-image-preview":"max-image-preview:large","max-video-preview":"max-video-preview:-1"},"canonical":"https:\/\/websjop.afuk.frl\/frl\/winkel\/heit-en-mem-nr-1-2025-2\/","og_locale":"fy_NL","og_type":"article","og_title":"heit en mem nr. 1 - 2025 &#8211; Af\u00fbk Websjop","og_description":"It nije n\u00fbmer fan Heit&amp;mem is der wer \u2013 fol mei ynspiraasje, ferhalen en fleurige bernepraatsjes foar alle heiten, memmen, pakes, beppes en oppassers fan bern fan 0 oant 12 jier. En it moaiste fan alles: it bl\u00ead is hielendal fergees! Yn dit n\u00fbmer: &#x1f5e3;&#xfe0f; Ynterviews mei bern \u00fat Reah\u00fbs \u2013 oprjocht, grappich en ferrassend [&hellip;]","og_url":"https:\/\/websjop.afuk.frl\/frl\/winkel\/heit-en-mem-nr-1-2025-2\/","og_site_name":"Af\u00fbk Websjop","article_modified_time":"2025-06-05T10:19:11+00:00","og_image":[{"width":1991,"height":2560,"url":"https:\/\/websjop.afuk.frl\/wp-content\/uploads\/2025\/06\/cover-nr-1-2025-scaled.jpg","type":"image\/jpeg"}],"twitter_card":"summary_large_image","twitter_misc":{"Est. reading time":"2 minutes"},"schema":{"@context":"https:\/\/schema.org","@graph":[{"@type":"WebPage","@id":"https:\/\/websjop.afuk.frl\/frl\/winkel\/heit-en-mem-nr-1-2025-2\/","url":"https:\/\/websjop.afuk.frl\/frl\/winkel\/heit-en-mem-nr-1-2025-2\/","name":"heit en mem nr. 1 - 2025 &#8211; Af\u00fbk Websjop","isPartOf":{"@id":"https:\/\/websjop.afuk.frl\/frl\/#website"},"primaryImageOfPage":{"@id":"https:\/\/websjop.afuk.frl\/frl\/winkel\/heit-en-mem-nr-1-2025-2\/#primaryimage"},"image":{"@id":"https:\/\/websjop.afuk.frl\/frl\/winkel\/heit-en-mem-nr-1-2025-2\/#primaryimage"},"thumbnailUrl":"https:\/\/websjop.afuk.frl\/wp-content\/uploads\/2025\/06\/cover-nr-1-2025-scaled.jpg","datePublished":"2025-06-05T10:06:20+00:00","dateModified":"2025-06-05T10:19:11+00:00","breadcrumb":{"@id":"https:\/\/websjop.afuk.frl\/frl\/winkel\/heit-en-mem-nr-1-2025-2\/#breadcrumb"},"inLanguage":"fy-NL","potentialAction":[{"@type":"ReadAction","target":["https:\/\/websjop.afuk.frl\/frl\/winkel\/heit-en-mem-nr-1-2025-2\/"]}]},{"@type":"ImageObject","inLanguage":"fy-NL","@id":"https:\/\/websjop.afuk.frl\/frl\/winkel\/heit-en-mem-nr-1-2025-2\/#primaryimage","url":"https:\/\/websjop.afuk.frl\/wp-content\/uploads\/2025\/06\/cover-nr-1-2025-scaled.jpg","contentUrl":"https:\/\/websjop.afuk.frl\/wp-content\/uploads\/2025\/06\/cover-nr-1-2025-scaled.jpg","width":1991,"height":2560},{"@type":"BreadcrumbList","@id":"https:\/\/websjop.afuk.frl\/frl\/winkel\/heit-en-mem-nr-1-2025-2\/#breadcrumb","itemListElement":[{"@type":"ListItem","position":1,"name":"Home","item":"https:\/\/websjop.afuk.frl\/frl\/"},{"@type":"ListItem","position":2,"name":"Winkel","item":"https:\/\/websjop.afuk.frl\/nl\/winkel\/"},{"@type":"ListItem","position":3,"name":"heit en mem nr. 1 &#8211; 2025"}]},{"@type":"WebSite","@id":"https:\/\/websjop.afuk.frl\/frl\/#website","url":"https:\/\/websjop.afuk.frl\/frl\/","name":"Af\u00fbk Websjop","description":"","potentialAction":[{"@type":"SearchAction","target":{"@type":"EntryPoint","urlTemplate":"https:\/\/websjop.afuk.frl\/frl\/?s={search_term_string}"},"query-input":{"@type":"PropertyValueSpecification","valueRequired":true,"valueName":"search_term_string"}}],"inLanguage":"fy-NL"}]}},"_links":{"self":[{"href":"https:\/\/websjop.afuk.frl\/frl\/wp-json\/wp\/v2\/product\/49059","targetHints":{"allow":["GET"]}}],"collection":[{"href":"https:\/\/websjop.afuk.frl\/frl\/wp-json\/wp\/v2\/product"}],"about":[{"href":"https:\/\/websjop.afuk.frl\/frl\/wp-json\/wp\/v2\/types\/product"}],"replies":[{"embeddable":true,"href":"https:\/\/websjop.afuk.frl\/frl\/wp-json\/wp\/v2\/comments?post=49059"}],"wp:featuredmedia":[{"embeddable":true,"href":"https:\/\/websjop.afuk.frl\/frl\/wp-json\/wp\/v2\/media\/49054"}],"wp:attachment":[{"href":"https:\/\/websjop.afuk.frl\/frl\/wp-json\/wp\/v2\/media?parent=49059"}],"wp:term":[{"taxonomy":"product_brand","embeddable":true,"href":"https:\/\/websjop.afuk.frl\/frl\/wp-json\/wp\/v2\/product_brand?post=49059"},{"taxonomy":"product_cat","embeddable":true,"href":"https:\/\/websjop.afuk.frl\/frl\/wp-json\/wp\/v2\/product_cat?post=49059"},{"taxonomy":"product_tag","embeddable":true,"href":"https:\/\/websjop.afuk.frl\/frl\/wp-json\/wp\/v2\/product_tag?post=49059"}],"curies":[{"name":"wp","href":"https:\/\/api.w.org\/{rel}","templated":true}]}}