{"id":48910,"date":"2025-06-04T14:02:00","date_gmt":"2025-06-04T12:02:00","guid":{"rendered":"https:\/\/websjop.afuk.frl\/frl\/?post_type=product&#038;p=48910"},"modified":"2026-04-02T14:40:24","modified_gmt":"2026-04-02T12:40:24","slug":"de-buseskatten-fan-poike","status":"publish","type":"product","link":"https:\/\/websjop.afuk.frl\/frl\/winkel\/de-buseskatten-fan-poike\/","title":{"rendered":"De b\u00fbseskatten fan Poike"},"content":{"rendered":"<p>Van een snoeppapiertje tot de allermooiste steen, van een kikker tot een wolk in een zakje, van een kleurig plastic dop tot een worm, allemaal kunnen het &#8216;b\u00fbseskatten&#8217; zijn. Jas- en broekzakken zijn de beste schatkamers van de hele wereld. Wat is er mooier om buiten te speuren en schatten te ontdekken en te verzamelen?<\/p>\n<p><em>De b\u00fbseskatten fan Poike<\/em> is een boek vol met gedichten, verhalen en knutselwerkjes ge\u00efnspireerd op verzamelde &#8216;b\u00fbseskatten&#8217;, voor kinderen vanaf 4 jaar.<\/p>\n<hr \/>\n<p><em>Thominde: &#8220;Het boek heeft een aantrekkelijk voorkant met b\u00fbseskatten, wat meteen de aandacht van de lezer trekt, het lijkt zelfs een beetje op een agenda\/notitieboek. Het boek wordt door middel van verhalen over een meisje genaamd Poike verteld. Bij elke b\u00fbseskat, beleeft Poike iets en zo wordt het een heel kunstig verhaal. De verhalen zijn kort, wat voor kinderen ook weer aantrekkelijk is. Wat wij heel erg leuk vonden aan het boek, was dat de kinderen ook konden zien wat zij zelf al eens hebben verzameld, en het bracht ze tevens op idee\u00ebn weer om andere dingen te zoeken dan stenen. Daarnaast staan er vrije bladzijden in waar je je eigen schat kunt tekenen\/beschrijven\/plakken. Wat je maar wilt.&#8221; <a href=\"https:\/\/heitenmem.frl\/boekresinsje-buseskatten-troch-thominde\/\" target=\"_blank\" rel=\"noopener\">Lees hier de volledige recensie van Thominde.<\/a><\/em><\/p>\n<p>&nbsp;<\/p>\n","protected":false},"excerpt":{"rendered":"<p>Van een snoeppapiertje tot de allermooiste steen, van een kikker tot een wolk in een zakje, van een kleurig plastic dop tot een worm, allemaal kunnen het &#8216;b\u00fbseskatten&#8217; zijn. Jas- en broekzakken zijn de beste schatkamers van de hele wereld. Wat is er mooier om buiten te speuren en schatten te ontdekken en te verzamelen? [&hellip;]<\/p>\n","protected":false},"featured_media":48911,"comment_status":"closed","ping_status":"closed","template":"","meta":{"_acf_changed":false},"product_brand":[],"product_cat":[1213,550,535,555,22897],"product_tag":[23920,6665,15168,21179,15167,23921],"class_list":{"0":"post-48910","1":"product","2":"type-product","3":"status-publish","4":"has-post-thumbnail","6":"product_cat-berne-en-jeugdboeken","7":"product_cat-berneboeken-4-8","8":"product_cat-fryske-boeken","9":"product_cat-hobby","10":"product_cat-tema-natoer","11":"product_tag-de-buseskatten-fan-poike","12":"product_tag-ferhaaltsjes","13":"product_tag-knutselen","14":"product_tag-knutselje","15":"product_tag-nifelje","16":"product_tag-reina-greetje","17":"product_shipping_class-brievenbus-verzending","18":"pa_auteur-reinagreetje-barbara-de-ruiter","19":"pa_isbn-23918","20":"pa_new-label-1-3","21":"pa_taal-frysk","22":"pa_uitgever-afuk","24":"first","25":"instock","26":"taxable","27":"shipping-taxable","28":"purchasable","29":"product-type-simple"},"acf":[],"yoast_head":"<!-- This site is optimized with the Yoast SEO plugin v27.3 - https:\/\/yoast.com\/product\/yoast-seo-wordpress\/ -->\n<title>De b\u00fbseskatten fan Poike &#8211; Af\u00fbk Websjop<\/title>\n<meta name=\"description\" content=\"De b\u00fbseskatten fan Poike is een boek vol met gedichten, verhalen en knutselwerkjes ge\u00efnspireerd op verzamelde &#039;b\u00fbseskatten&#039;, voor kinderen vanaf 4 jaar.\" \/>\n<meta name=\"robots\" content=\"index, follow, max-snippet:-1, max-image-preview:large, max-video-preview:-1\" \/>\n<link rel=\"canonical\" href=\"https:\/\/websjop.afuk.frl\/frl\/winkel\/de-buseskatten-fan-poike\/\" \/>\n<meta property=\"og:locale\" content=\"fy_NL\" \/>\n<meta property=\"og:type\" content=\"article\" \/>\n<meta property=\"og:title\" content=\"De b\u00fbseskatten fan Poike &#8211; Af\u00fbk Websjop\" \/>\n<meta property=\"og:description\" content=\"De b\u00fbseskatten fan Poike is een boek vol met gedichten, verhalen en knutselwerkjes ge\u00efnspireerd op verzamelde &#039;b\u00fbseskatten&#039;, voor kinderen vanaf 4 jaar.\" \/>\n<meta property=\"og:url\" content=\"https:\/\/websjop.afuk.frl\/frl\/winkel\/de-buseskatten-fan-poike\/\" \/>\n<meta property=\"og:site_name\" content=\"Af\u00fbk Websjop\" \/>\n<meta property=\"article:modified_time\" content=\"2026-04-02T12:40:24+00:00\" \/>\n<meta property=\"og:image\" content=\"https:\/\/websjop.afuk.frl\/wp-content\/uploads\/2025\/05\/buseskatten-hr.jpg\" \/>\n\t<meta property=\"og:image:width\" content=\"1000\" \/>\n\t<meta property=\"og:image:height\" content=\"1332\" \/>\n\t<meta property=\"og:image:type\" content=\"image\/jpeg\" \/>\n<meta name=\"twitter:card\" content=\"summary_large_image\" \/>\n<meta name=\"twitter:label1\" content=\"Est. reading time\" \/>\n\t<meta name=\"twitter:data1\" content=\"3 minutes\" \/>\n<script type=\"application\/ld+json\" class=\"yoast-schema-graph\">{\"@context\":\"https:\\\/\\\/schema.org\",\"@graph\":[{\"@type\":\"WebPage\",\"@id\":\"https:\\\/\\\/websjop.afuk.frl\\\/frl\\\/winkel\\\/de-buseskatten-fan-poike\\\/\",\"url\":\"https:\\\/\\\/websjop.afuk.frl\\\/frl\\\/winkel\\\/de-buseskatten-fan-poike\\\/\",\"name\":\"De b\u00fbseskatten fan Poike &#8211; Af\u00fbk Websjop\",\"isPartOf\":{\"@id\":\"https:\\\/\\\/websjop.afuk.frl\\\/frl\\\/#website\"},\"primaryImageOfPage\":{\"@id\":\"https:\\\/\\\/websjop.afuk.frl\\\/frl\\\/winkel\\\/de-buseskatten-fan-poike\\\/#primaryimage\"},\"image\":{\"@id\":\"https:\\\/\\\/websjop.afuk.frl\\\/frl\\\/winkel\\\/de-buseskatten-fan-poike\\\/#primaryimage\"},\"thumbnailUrl\":\"https:\\\/\\\/websjop.afuk.frl\\\/wp-content\\\/uploads\\\/2025\\\/05\\\/buseskatten-hr.jpg\",\"datePublished\":\"2025-06-04T12:02:00+00:00\",\"dateModified\":\"2026-04-02T12:40:24+00:00\",\"description\":\"De b\u00fbseskatten fan Poike is een boek vol met gedichten, verhalen en knutselwerkjes ge\u00efnspireerd op verzamelde 'b\u00fbseskatten', voor kinderen vanaf 4 jaar.\",\"breadcrumb\":{\"@id\":\"https:\\\/\\\/websjop.afuk.frl\\\/frl\\\/winkel\\\/de-buseskatten-fan-poike\\\/#breadcrumb\"},\"inLanguage\":\"fy-NL\",\"potentialAction\":[{\"@type\":\"ReadAction\",\"target\":[\"https:\\\/\\\/websjop.afuk.frl\\\/frl\\\/winkel\\\/de-buseskatten-fan-poike\\\/\"]}]},{\"@type\":\"ImageObject\",\"inLanguage\":\"fy-NL\",\"@id\":\"https:\\\/\\\/websjop.afuk.frl\\\/frl\\\/winkel\\\/de-buseskatten-fan-poike\\\/#primaryimage\",\"url\":\"https:\\\/\\\/websjop.afuk.frl\\\/wp-content\\\/uploads\\\/2025\\\/05\\\/buseskatten-hr.jpg\",\"contentUrl\":\"https:\\\/\\\/websjop.afuk.frl\\\/wp-content\\\/uploads\\\/2025\\\/05\\\/buseskatten-hr.jpg\",\"width\":1000,\"height\":1332},{\"@type\":\"BreadcrumbList\",\"@id\":\"https:\\\/\\\/websjop.afuk.frl\\\/frl\\\/winkel\\\/de-buseskatten-fan-poike\\\/#breadcrumb\",\"itemListElement\":[{\"@type\":\"ListItem\",\"position\":1,\"name\":\"Home\",\"item\":\"https:\\\/\\\/websjop.afuk.frl\\\/frl\\\/\"},{\"@type\":\"ListItem\",\"position\":2,\"name\":\"Winkel\",\"item\":\"https:\\\/\\\/websjop.afuk.frl\\\/nl\\\/winkel\\\/\"},{\"@type\":\"ListItem\",\"position\":3,\"name\":\"De b\u00fbseskatten fan Poike\"}]},{\"@type\":\"WebSite\",\"@id\":\"https:\\\/\\\/websjop.afuk.frl\\\/frl\\\/#website\",\"url\":\"https:\\\/\\\/websjop.afuk.frl\\\/frl\\\/\",\"name\":\"Af\u00fbk Websjop\",\"description\":\"\",\"potentialAction\":[{\"@type\":\"SearchAction\",\"target\":{\"@type\":\"EntryPoint\",\"urlTemplate\":\"https:\\\/\\\/websjop.afuk.frl\\\/frl\\\/?s={search_term_string}\"},\"query-input\":{\"@type\":\"PropertyValueSpecification\",\"valueRequired\":true,\"valueName\":\"search_term_string\"}}],\"inLanguage\":\"fy-NL\"}]}<\/script>\n<!-- \/ Yoast SEO plugin. -->","yoast_head_json":{"title":"De b\u00fbseskatten fan Poike &#8211; Af\u00fbk Websjop","description":"De b\u00fbseskatten fan Poike is een boek vol met gedichten, verhalen en knutselwerkjes ge\u00efnspireerd op verzamelde 'b\u00fbseskatten', voor kinderen vanaf 4 jaar.","robots":{"index":"index","follow":"follow","max-snippet":"max-snippet:-1","max-image-preview":"max-image-preview:large","max-video-preview":"max-video-preview:-1"},"canonical":"https:\/\/websjop.afuk.frl\/frl\/winkel\/de-buseskatten-fan-poike\/","og_locale":"fy_NL","og_type":"article","og_title":"De b\u00fbseskatten fan Poike &#8211; Af\u00fbk Websjop","og_description":"De b\u00fbseskatten fan Poike is een boek vol met gedichten, verhalen en knutselwerkjes ge\u00efnspireerd op verzamelde 'b\u00fbseskatten', voor kinderen vanaf 4 jaar.","og_url":"https:\/\/websjop.afuk.frl\/frl\/winkel\/de-buseskatten-fan-poike\/","og_site_name":"Af\u00fbk Websjop","article_modified_time":"2026-04-02T12:40:24+00:00","og_image":[{"width":1000,"height":1332,"url":"https:\/\/websjop.afuk.frl\/wp-content\/uploads\/2025\/05\/buseskatten-hr.jpg","type":"image\/jpeg"}],"twitter_card":"summary_large_image","twitter_misc":{"Est. reading time":"3 minutes"},"schema":{"@context":"https:\/\/schema.org","@graph":[{"@type":"WebPage","@id":"https:\/\/websjop.afuk.frl\/frl\/winkel\/de-buseskatten-fan-poike\/","url":"https:\/\/websjop.afuk.frl\/frl\/winkel\/de-buseskatten-fan-poike\/","name":"De b\u00fbseskatten fan Poike &#8211; Af\u00fbk Websjop","isPartOf":{"@id":"https:\/\/websjop.afuk.frl\/frl\/#website"},"primaryImageOfPage":{"@id":"https:\/\/websjop.afuk.frl\/frl\/winkel\/de-buseskatten-fan-poike\/#primaryimage"},"image":{"@id":"https:\/\/websjop.afuk.frl\/frl\/winkel\/de-buseskatten-fan-poike\/#primaryimage"},"thumbnailUrl":"https:\/\/websjop.afuk.frl\/wp-content\/uploads\/2025\/05\/buseskatten-hr.jpg","datePublished":"2025-06-04T12:02:00+00:00","dateModified":"2026-04-02T12:40:24+00:00","description":"De b\u00fbseskatten fan Poike is een boek vol met gedichten, verhalen en knutselwerkjes ge\u00efnspireerd op verzamelde 'b\u00fbseskatten', voor kinderen vanaf 4 jaar.","breadcrumb":{"@id":"https:\/\/websjop.afuk.frl\/frl\/winkel\/de-buseskatten-fan-poike\/#breadcrumb"},"inLanguage":"fy-NL","potentialAction":[{"@type":"ReadAction","target":["https:\/\/websjop.afuk.frl\/frl\/winkel\/de-buseskatten-fan-poike\/"]}]},{"@type":"ImageObject","inLanguage":"fy-NL","@id":"https:\/\/websjop.afuk.frl\/frl\/winkel\/de-buseskatten-fan-poike\/#primaryimage","url":"https:\/\/websjop.afuk.frl\/wp-content\/uploads\/2025\/05\/buseskatten-hr.jpg","contentUrl":"https:\/\/websjop.afuk.frl\/wp-content\/uploads\/2025\/05\/buseskatten-hr.jpg","width":1000,"height":1332},{"@type":"BreadcrumbList","@id":"https:\/\/websjop.afuk.frl\/frl\/winkel\/de-buseskatten-fan-poike\/#breadcrumb","itemListElement":[{"@type":"ListItem","position":1,"name":"Home","item":"https:\/\/websjop.afuk.frl\/frl\/"},{"@type":"ListItem","position":2,"name":"Winkel","item":"https:\/\/websjop.afuk.frl\/nl\/winkel\/"},{"@type":"ListItem","position":3,"name":"De b\u00fbseskatten fan Poike"}]},{"@type":"WebSite","@id":"https:\/\/websjop.afuk.frl\/frl\/#website","url":"https:\/\/websjop.afuk.frl\/frl\/","name":"Af\u00fbk Websjop","description":"","potentialAction":[{"@type":"SearchAction","target":{"@type":"EntryPoint","urlTemplate":"https:\/\/websjop.afuk.frl\/frl\/?s={search_term_string}"},"query-input":{"@type":"PropertyValueSpecification","valueRequired":true,"valueName":"search_term_string"}}],"inLanguage":"fy-NL"}]}},"_links":{"self":[{"href":"https:\/\/websjop.afuk.frl\/frl\/wp-json\/wp\/v2\/product\/48910","targetHints":{"allow":["GET"]}}],"collection":[{"href":"https:\/\/websjop.afuk.frl\/frl\/wp-json\/wp\/v2\/product"}],"about":[{"href":"https:\/\/websjop.afuk.frl\/frl\/wp-json\/wp\/v2\/types\/product"}],"replies":[{"embeddable":true,"href":"https:\/\/websjop.afuk.frl\/frl\/wp-json\/wp\/v2\/comments?post=48910"}],"wp:featuredmedia":[{"embeddable":true,"href":"https:\/\/websjop.afuk.frl\/frl\/wp-json\/wp\/v2\/media\/48911"}],"wp:attachment":[{"href":"https:\/\/websjop.afuk.frl\/frl\/wp-json\/wp\/v2\/media?parent=48910"}],"wp:term":[{"taxonomy":"product_brand","embeddable":true,"href":"https:\/\/websjop.afuk.frl\/frl\/wp-json\/wp\/v2\/product_brand?post=48910"},{"taxonomy":"product_cat","embeddable":true,"href":"https:\/\/websjop.afuk.frl\/frl\/wp-json\/wp\/v2\/product_cat?post=48910"},{"taxonomy":"product_tag","embeddable":true,"href":"https:\/\/websjop.afuk.frl\/frl\/wp-json\/wp\/v2\/product_tag?post=48910"}],"curies":[{"name":"wp","href":"https:\/\/api.w.org\/{rel}","templated":true}]}}