{"id":48812,"date":"2025-07-29T11:31:42","date_gmt":"2025-07-29T09:31:42","guid":{"rendered":"https:\/\/websjop.afuk.frl\/frl\/?post_type=product&#038;p=48812"},"modified":"2025-10-27T13:26:03","modified_gmt":"2025-10-27T12:26:03","slug":"it-is-bedtiid-stip","status":"publish","type":"product","link":"https:\/\/websjop.afuk.frl\/frl\/winkel\/it-is-bedtiid-stip\/","title":{"rendered":"It is b\u00eadtiid, Stip!"},"content":{"rendered":"<p>Stip kampeert in de tuin. Hij moet bijna naar bed, maar is nog helemaal niet slaperig! Maak voor het slapen gaan nog een rondje met Stip door de tuin en ontdek onderweg allemaal leuke verrassingen. Steek de zaklamp van Stip tussen de bladzijden om de plaatjes te verlichten en vind zo de verborgen beesten.<\/p>\n<hr \/>\n<p><em>Nathalie: &#8220;Kinderen mogen met Stip meekijken en ontdekken wat er allemaal in de tuin te vinden is. Bij elk avontuur hoort een zoekopdracht: kun jij vinden wat er gevraagd wordt? Op de vrolijke illustraties is nog veel meer te zien, zodat je samen ook andere dingen kunt benoemen. Zo leert je kind spelenderwijs nieuwe woorden in het Fries.&#8221;<\/em> <a href=\"https:\/\/heitenmem.frl\/boekresinsje-it-is-bedtiid-stip-troch-nathalie\/\" target=\"_blank\" rel=\"noopener\"><em><strong>L\u00eas hjir de folsleine resinsje \u00e9n besjoch it filmke fan Nathalie.<\/strong><\/em><\/a><\/p>\n<p><em>Jeltje: &#8220;De b\u00fbslampe is krekt as it boek fan karton. Troch de kleurtinten dy\u2019t de striel fan \u2019e b\u00fbslampe foarstelle is it, ast him yn it boek skoost, krekt in echte b\u00fbslampe. Janneke hat dan ek al in pear kear frege at it in echte b\u00fbslampe is en hoe\u2019t er dan ljocht jout.&#8221; <a href=\"https:\/\/heitenmem.frl\/boekresinsje-stip-syn-moaiste-ferhalen-troch-jeltje\/\" target=\"_blank\" rel=\"noopener\">L\u00eas hjir de folsleine resinsje fan Jeltje.<\/a><\/em><\/p>\n<p>&nbsp;<\/p>\n<p>&nbsp;<\/p>\n","protected":false},"excerpt":{"rendered":"<p>Stip kampeert in de tuin. Hij moet bijna naar bed, maar is nog helemaal niet slaperig! Maak voor het slapen gaan nog een rondje met Stip door de tuin en ontdek onderweg allemaal leuke verrassingen. Steek de zaklamp van Stip tussen de bladzijden om de plaatjes te verlichten en vind zo de verborgen beesten. Nathalie: [&hellip;]<\/p>\n","protected":false},"featured_media":48813,"comment_status":"closed","ping_status":"closed","template":"","meta":{"_acf_changed":false},"product_brand":[],"product_cat":[1213,549,535,9568,22906],"product_tag":[23850,6057,23851,13759,23849,5451],"class_list":{"0":"post-48812","1":"product","2":"type-product","3":"status-publish","4":"has-post-thumbnail","6":"product_cat-berne-en-jeugdboeken","7":"product_cat-berneboeken-0-tot-4-jaar","8":"product_cat-fryske-boeken","9":"product_cat-stip","10":"product_cat-tema-sliepe","11":"product_tag-buslampe","12":"product_tag-eric-hill","13":"product_tag-it-is-bedtiid-stip","14":"product_tag-kampeare","15":"product_tag-magysk-ljochtboek","16":"product_tag-printeboek","17":"product_shipping_class-brievenbus-verzending","18":"pa_auteur-eric-hill-2","19":"pa_isbn-23848","20":"pa_new-label-1-3","21":"pa_taal-frysk","22":"pa_uitgever-afuk","23":"pa_vertaler-afuk","25":"first","26":"instock","27":"featured","28":"taxable","29":"shipping-taxable","30":"purchasable","31":"product-type-simple"},"acf":[],"yoast_head":"<!-- This site is optimized with the Yoast SEO plugin v27.3 - https:\/\/yoast.com\/product\/yoast-seo-wordpress\/ -->\n<title>It is b\u00eadtiid, Stip! &#8211; Af\u00fbk Websjop<\/title>\n<meta name=\"description\" content=\"Stip kampeert in de tuin. Hij moet bijna naar bed, maar is nog helemaal niet slaperig! Maak nog een rondje met Stip door de tuin en ontdek de beesten.\" \/>\n<meta name=\"robots\" content=\"index, follow, max-snippet:-1, max-image-preview:large, max-video-preview:-1\" \/>\n<link rel=\"canonical\" href=\"https:\/\/websjop.afuk.frl\/frl\/winkel\/it-is-bedtiid-stip\/\" \/>\n<meta property=\"og:locale\" content=\"fy_NL\" \/>\n<meta property=\"og:type\" content=\"article\" \/>\n<meta property=\"og:title\" content=\"It is b\u00eadtiid, Stip! &#8211; Af\u00fbk Websjop\" \/>\n<meta property=\"og:description\" content=\"Stip kampeert in de tuin. Hij moet bijna naar bed, maar is nog helemaal niet slaperig! Maak nog een rondje met Stip door de tuin en ontdek de beesten.\" \/>\n<meta property=\"og:url\" content=\"https:\/\/websjop.afuk.frl\/frl\/winkel\/it-is-bedtiid-stip\/\" \/>\n<meta property=\"og:site_name\" content=\"Af\u00fbk Websjop\" \/>\n<meta property=\"article:modified_time\" content=\"2025-10-27T12:26:03+00:00\" \/>\n<meta property=\"og:image\" content=\"https:\/\/websjop.afuk.frl\/wp-content\/uploads\/2025\/05\/It-is-bedtiid-Stip-LR.jpg\" \/>\n\t<meta property=\"og:image:width\" content=\"1000\" \/>\n\t<meta property=\"og:image:height\" content=\"1083\" \/>\n\t<meta property=\"og:image:type\" content=\"image\/jpeg\" \/>\n<meta name=\"twitter:card\" content=\"summary_large_image\" \/>\n<meta name=\"twitter:label1\" content=\"Est. reading time\" \/>\n\t<meta name=\"twitter:data1\" content=\"3 minutes\" \/>\n<script type=\"application\/ld+json\" class=\"yoast-schema-graph\">{\"@context\":\"https:\\\/\\\/schema.org\",\"@graph\":[{\"@type\":\"WebPage\",\"@id\":\"https:\\\/\\\/websjop.afuk.frl\\\/frl\\\/winkel\\\/it-is-bedtiid-stip\\\/\",\"url\":\"https:\\\/\\\/websjop.afuk.frl\\\/frl\\\/winkel\\\/it-is-bedtiid-stip\\\/\",\"name\":\"It is b\u00eadtiid, Stip! &#8211; Af\u00fbk Websjop\",\"isPartOf\":{\"@id\":\"https:\\\/\\\/websjop.afuk.frl\\\/frl\\\/#website\"},\"primaryImageOfPage\":{\"@id\":\"https:\\\/\\\/websjop.afuk.frl\\\/frl\\\/winkel\\\/it-is-bedtiid-stip\\\/#primaryimage\"},\"image\":{\"@id\":\"https:\\\/\\\/websjop.afuk.frl\\\/frl\\\/winkel\\\/it-is-bedtiid-stip\\\/#primaryimage\"},\"thumbnailUrl\":\"https:\\\/\\\/websjop.afuk.frl\\\/wp-content\\\/uploads\\\/2025\\\/05\\\/It-is-bedtiid-Stip-LR.jpg\",\"datePublished\":\"2025-07-29T09:31:42+00:00\",\"dateModified\":\"2025-10-27T12:26:03+00:00\",\"description\":\"Stip kampeert in de tuin. Hij moet bijna naar bed, maar is nog helemaal niet slaperig! Maak nog een rondje met Stip door de tuin en ontdek de beesten.\",\"breadcrumb\":{\"@id\":\"https:\\\/\\\/websjop.afuk.frl\\\/frl\\\/winkel\\\/it-is-bedtiid-stip\\\/#breadcrumb\"},\"inLanguage\":\"fy-NL\",\"potentialAction\":[{\"@type\":\"ReadAction\",\"target\":[\"https:\\\/\\\/websjop.afuk.frl\\\/frl\\\/winkel\\\/it-is-bedtiid-stip\\\/\"]}]},{\"@type\":\"ImageObject\",\"inLanguage\":\"fy-NL\",\"@id\":\"https:\\\/\\\/websjop.afuk.frl\\\/frl\\\/winkel\\\/it-is-bedtiid-stip\\\/#primaryimage\",\"url\":\"https:\\\/\\\/websjop.afuk.frl\\\/wp-content\\\/uploads\\\/2025\\\/05\\\/It-is-bedtiid-Stip-LR.jpg\",\"contentUrl\":\"https:\\\/\\\/websjop.afuk.frl\\\/wp-content\\\/uploads\\\/2025\\\/05\\\/It-is-bedtiid-Stip-LR.jpg\",\"width\":1000,\"height\":1083},{\"@type\":\"BreadcrumbList\",\"@id\":\"https:\\\/\\\/websjop.afuk.frl\\\/frl\\\/winkel\\\/it-is-bedtiid-stip\\\/#breadcrumb\",\"itemListElement\":[{\"@type\":\"ListItem\",\"position\":1,\"name\":\"Home\",\"item\":\"https:\\\/\\\/websjop.afuk.frl\\\/frl\\\/\"},{\"@type\":\"ListItem\",\"position\":2,\"name\":\"Winkel\",\"item\":\"https:\\\/\\\/websjop.afuk.frl\\\/nl\\\/winkel\\\/\"},{\"@type\":\"ListItem\",\"position\":3,\"name\":\"It is b\u00eadtiid, Stip!\"}]},{\"@type\":\"WebSite\",\"@id\":\"https:\\\/\\\/websjop.afuk.frl\\\/frl\\\/#website\",\"url\":\"https:\\\/\\\/websjop.afuk.frl\\\/frl\\\/\",\"name\":\"Af\u00fbk Websjop\",\"description\":\"\",\"potentialAction\":[{\"@type\":\"SearchAction\",\"target\":{\"@type\":\"EntryPoint\",\"urlTemplate\":\"https:\\\/\\\/websjop.afuk.frl\\\/frl\\\/?s={search_term_string}\"},\"query-input\":{\"@type\":\"PropertyValueSpecification\",\"valueRequired\":true,\"valueName\":\"search_term_string\"}}],\"inLanguage\":\"fy-NL\"}]}<\/script>\n<!-- \/ Yoast SEO plugin. -->","yoast_head_json":{"title":"It is b\u00eadtiid, Stip! &#8211; Af\u00fbk Websjop","description":"Stip kampeert in de tuin. Hij moet bijna naar bed, maar is nog helemaal niet slaperig! Maak nog een rondje met Stip door de tuin en ontdek de beesten.","robots":{"index":"index","follow":"follow","max-snippet":"max-snippet:-1","max-image-preview":"max-image-preview:large","max-video-preview":"max-video-preview:-1"},"canonical":"https:\/\/websjop.afuk.frl\/frl\/winkel\/it-is-bedtiid-stip\/","og_locale":"fy_NL","og_type":"article","og_title":"It is b\u00eadtiid, Stip! &#8211; Af\u00fbk Websjop","og_description":"Stip kampeert in de tuin. Hij moet bijna naar bed, maar is nog helemaal niet slaperig! Maak nog een rondje met Stip door de tuin en ontdek de beesten.","og_url":"https:\/\/websjop.afuk.frl\/frl\/winkel\/it-is-bedtiid-stip\/","og_site_name":"Af\u00fbk Websjop","article_modified_time":"2025-10-27T12:26:03+00:00","og_image":[{"width":1000,"height":1083,"url":"https:\/\/websjop.afuk.frl\/wp-content\/uploads\/2025\/05\/It-is-bedtiid-Stip-LR.jpg","type":"image\/jpeg"}],"twitter_card":"summary_large_image","twitter_misc":{"Est. reading time":"3 minutes"},"schema":{"@context":"https:\/\/schema.org","@graph":[{"@type":"WebPage","@id":"https:\/\/websjop.afuk.frl\/frl\/winkel\/it-is-bedtiid-stip\/","url":"https:\/\/websjop.afuk.frl\/frl\/winkel\/it-is-bedtiid-stip\/","name":"It is b\u00eadtiid, Stip! &#8211; Af\u00fbk Websjop","isPartOf":{"@id":"https:\/\/websjop.afuk.frl\/frl\/#website"},"primaryImageOfPage":{"@id":"https:\/\/websjop.afuk.frl\/frl\/winkel\/it-is-bedtiid-stip\/#primaryimage"},"image":{"@id":"https:\/\/websjop.afuk.frl\/frl\/winkel\/it-is-bedtiid-stip\/#primaryimage"},"thumbnailUrl":"https:\/\/websjop.afuk.frl\/wp-content\/uploads\/2025\/05\/It-is-bedtiid-Stip-LR.jpg","datePublished":"2025-07-29T09:31:42+00:00","dateModified":"2025-10-27T12:26:03+00:00","description":"Stip kampeert in de tuin. Hij moet bijna naar bed, maar is nog helemaal niet slaperig! Maak nog een rondje met Stip door de tuin en ontdek de beesten.","breadcrumb":{"@id":"https:\/\/websjop.afuk.frl\/frl\/winkel\/it-is-bedtiid-stip\/#breadcrumb"},"inLanguage":"fy-NL","potentialAction":[{"@type":"ReadAction","target":["https:\/\/websjop.afuk.frl\/frl\/winkel\/it-is-bedtiid-stip\/"]}]},{"@type":"ImageObject","inLanguage":"fy-NL","@id":"https:\/\/websjop.afuk.frl\/frl\/winkel\/it-is-bedtiid-stip\/#primaryimage","url":"https:\/\/websjop.afuk.frl\/wp-content\/uploads\/2025\/05\/It-is-bedtiid-Stip-LR.jpg","contentUrl":"https:\/\/websjop.afuk.frl\/wp-content\/uploads\/2025\/05\/It-is-bedtiid-Stip-LR.jpg","width":1000,"height":1083},{"@type":"BreadcrumbList","@id":"https:\/\/websjop.afuk.frl\/frl\/winkel\/it-is-bedtiid-stip\/#breadcrumb","itemListElement":[{"@type":"ListItem","position":1,"name":"Home","item":"https:\/\/websjop.afuk.frl\/frl\/"},{"@type":"ListItem","position":2,"name":"Winkel","item":"https:\/\/websjop.afuk.frl\/nl\/winkel\/"},{"@type":"ListItem","position":3,"name":"It is b\u00eadtiid, Stip!"}]},{"@type":"WebSite","@id":"https:\/\/websjop.afuk.frl\/frl\/#website","url":"https:\/\/websjop.afuk.frl\/frl\/","name":"Af\u00fbk Websjop","description":"","potentialAction":[{"@type":"SearchAction","target":{"@type":"EntryPoint","urlTemplate":"https:\/\/websjop.afuk.frl\/frl\/?s={search_term_string}"},"query-input":{"@type":"PropertyValueSpecification","valueRequired":true,"valueName":"search_term_string"}}],"inLanguage":"fy-NL"}]}},"_links":{"self":[{"href":"https:\/\/websjop.afuk.frl\/frl\/wp-json\/wp\/v2\/product\/48812","targetHints":{"allow":["GET"]}}],"collection":[{"href":"https:\/\/websjop.afuk.frl\/frl\/wp-json\/wp\/v2\/product"}],"about":[{"href":"https:\/\/websjop.afuk.frl\/frl\/wp-json\/wp\/v2\/types\/product"}],"replies":[{"embeddable":true,"href":"https:\/\/websjop.afuk.frl\/frl\/wp-json\/wp\/v2\/comments?post=48812"}],"wp:featuredmedia":[{"embeddable":true,"href":"https:\/\/websjop.afuk.frl\/frl\/wp-json\/wp\/v2\/media\/48813"}],"wp:attachment":[{"href":"https:\/\/websjop.afuk.frl\/frl\/wp-json\/wp\/v2\/media?parent=48812"}],"wp:term":[{"taxonomy":"product_brand","embeddable":true,"href":"https:\/\/websjop.afuk.frl\/frl\/wp-json\/wp\/v2\/product_brand?post=48812"},{"taxonomy":"product_cat","embeddable":true,"href":"https:\/\/websjop.afuk.frl\/frl\/wp-json\/wp\/v2\/product_cat?post=48812"},{"taxonomy":"product_tag","embeddable":true,"href":"https:\/\/websjop.afuk.frl\/frl\/wp-json\/wp\/v2\/product_tag?post=48812"}],"curies":[{"name":"wp","href":"https:\/\/api.w.org\/{rel}","templated":true}]}}